{"id":9864,"date":"2020-05-18T12:12:36","date_gmt":"2020-05-18T18:12:36","guid":{"rendered":"http:\/\/difpuertovallarta.gob.mx\/cms\/?page_id=9864"},"modified":"2020-05-19T11:44:03","modified_gmt":"2020-05-19T17:44:03","slug":"declaracion-patrimonial","status":"publish","type":"page","link":"https:\/\/difpuertovallarta.gob.mx\/cms\/declaracion-patrimonial\/","title":{"rendered":"Declaraci\u00f3n Patrimonial"},"content":{"rendered":"<p><strong>No olvides hacer tu Declaraci\u00f3n Patrimonial y de Intereses<\/strong><\/p>\n<p>Lo que deber\u00e1s hacer es lo siguiente:<\/p>\n<p>Paso 1: Descarga los archivos necesarios <a href=\"https:\/\/difpuertovallarta.gob.mx\/cms\/wp-content\/uploads\/2020\/05\/declaracion-patrimonial-modificacion.7z\">aqu\u00ed<\/a>.<br \/>\ntambi\u00e9n necesitaremos el programa 7-Zip para descomprimir los archivos antes descargados haciendo clic <a href=\"https:\/\/www.7-zip.org\/a\/7z1900.exe\">aqu\u00ed<\/a>.<\/p>\n<p>Una vez descargado el programa, s\u00f3lo dale doble clic al archivo, despu\u00e9s clic en la opci\u00f3n instalar y listo.<\/p>\n<p>Paso 2: Descomprimir el archivo que descargaste dando clic derecho, opci\u00f3n 7-Zip y a continuaci\u00f3n clic en la opci\u00f3n &#8220;Descomprimir aqu\u00ed&#8221;.<br \/>\nNotar\u00e1s que aparecen dos archivos, &#8220;declaracion conclusion.pdf&#8221; y el programa para abrirlo &#8220;PDFXVwer.exe&#8221;.<\/p>\n<p>Paso 3: Haremos doble clic en el programa, elegimos el idioma, seleccionamos Aceptar, despu\u00e9s en Siguiente, Aceptamos los T\u00e9rminos y damos clic en Siguiente, nuevamente damos clic en Siguiente, una vez mas clic en Siguiente, Siguiente de nuevo, Siguiente una vez m\u00e1s, Seleccionamos la opci\u00f3n &#8220;Free Version&#8221; y clic en Siguiente y finalmente clic en Instalar, Nuestro programa proceder\u00e1 a instalarse y una vez finalizada la instalaci\u00f3n, haremos clic en el bot\u00f3n &#8220;Terminar&#8221; lo cual har\u00e1 que nuestro programa se ejecute.<\/p>\n<p>Paso 4: Una vez ejecutado, empezaremos por rellenar con los datos que se requieren los siguientes dos archivos:<\/p>\n<p>&#8211; declaracion conclusion.pdf<br \/>\nPaso 5: Posteriormente abriremos el siguiente archivo:<br \/>\n&#8211; Si-Declaracion-Fiscal.pdf<\/p>\n<p>Nota: La primera hoja aplica para los residentes en el municipio de Puerto Vallarta y la segunda hoja aplica para todos los residentes del municipio de Bah\u00eda de Banderas.<\/p>\n<p>Paso 6: Posteriormente abriremos el siguiente archivo:<br \/>\n&#8211; No-Declaracion-Fiscal.pdf<\/p>\n<p>Nota: La primera hoja aplica para los residentes en el municipio de Puerto Vallarta, la segunda hoja aplica para todos los residentes del municipio de Bah\u00eda de Banderas y la tercer hoja aplica para los residentes del municipio de Cabo Corrientes.<\/p>\n<p>Paso 7: Una vez rellenados los archivos en cuesti\u00f3n ser\u00e1 necesario imprimirlos para posteriormente presentarlos debidamente ordenados en departamento de Contralor\u00eda ubicado las oficinas generales del Sistema DIF Municipal en Av. Las Palmas #105, Colonia Barrio Santa Mar\u00eda. C.P. 48325 Puerto Vallarta Jalisco, M\u00e9xico.<\/p>\n","protected":false},"excerpt":{"rendered":"<p>No olvides hacer tu Declaraci\u00f3n Patrimonial y de Intereses Lo que deber\u00e1s hacer es lo siguiente: Paso 1: Descarga los archivos necesarios aqu\u00ed. tambi\u00e9n necesitaremos el programa 7-Zip para descomprimir los archivos antes descargados haciendo clic aqu\u00ed. Una vez descargado el programa, s\u00f3lo dale doble clic al archivo, despu\u00e9s clic en la opci\u00f3n instalar y [&hellip;]<\/p>\n","protected":false},"author":1,"featured_media":0,"parent":0,"menu_order":0,"comment_status":"closed","ping_status":"closed","template":"","meta":{"footnotes":""},"class_list":["post-9864","page","type-page","status-publish","czr-hentry"],"yoast_head":"<!-- This site is optimized with the Yoast SEO plugin v27.2 - https:\/\/yoast.com\/product\/yoast-seo-wordpress\/ -->\n<title>Declaraci\u00f3n Patrimonial &#8226; DIF Puerto Vallarta<\/title>\n<meta name=\"description\" content=\"DIF Puerto Vallarta &#8226; No olvides hacer tu Declaraci\u00f3n Patrimonial y de Intereses Lo que deber\u00e1s hacer es lo siguiente: Paso 1: Descarga los archivos necesarios aqu\u00ed. tambi\u00e9n\" \/>\n<meta name=\"robots\" content=\"index, follow, max-snippet:-1, max-image-preview:large, max-video-preview:-1\" \/>\n<link rel=\"canonical\" href=\"https:\/\/difpuertovallarta.gob.mx\/cms\/declaracion-patrimonial\/\" \/>\n<meta property=\"og:locale\" content=\"es_MX\" \/>\n<meta property=\"og:type\" content=\"article\" \/>\n<meta property=\"og:title\" content=\"Declaraci\u00f3n Patrimonial &#8226; DIF Puerto Vallarta\" \/>\n<meta property=\"og:description\" content=\"DIF Puerto Vallarta &#8226; No olvides hacer tu Declaraci\u00f3n Patrimonial y de Intereses Lo que deber\u00e1s hacer es lo siguiente: Paso 1: Descarga los archivos necesarios aqu\u00ed. tambi\u00e9n\" \/>\n<meta property=\"og:url\" content=\"https:\/\/difpuertovallarta.gob.mx\/cms\/declaracion-patrimonial\/\" \/>\n<meta property=\"og:site_name\" content=\"DIF Puerto Vallarta\" \/>\n<meta property=\"article:publisher\" content=\"https:\/\/www.facebook.com\/sistemadifvallarta\" \/>\n<meta property=\"article:modified_time\" content=\"2020-05-19T17:44:03+00:00\" \/>\n<meta name=\"twitter:card\" content=\"summary_large_image\" \/>\n<meta name=\"twitter:site\" content=\"@difvallarta\" \/>\n<meta name=\"twitter:label1\" content=\"Tiempo de lectura\" \/>\n\t<meta name=\"twitter:data1\" content=\"2 minutos\" \/>\n<script type=\"application\/ld+json\" class=\"yoast-schema-graph\">{\"@context\":\"https:\/\/schema.org\",\"@graph\":[{\"@type\":\"WebPage\",\"@id\":\"https:\/\/difpuertovallarta.gob.mx\/cms\/declaracion-patrimonial\/\",\"url\":\"https:\/\/difpuertovallarta.gob.mx\/cms\/declaracion-patrimonial\/\",\"name\":\"Declaraci\u00f3n Patrimonial &#8226; DIF Puerto Vallarta\",\"isPartOf\":{\"@id\":\"https:\/\/difpuertovallarta.gob.mx\/cms\/#website\"},\"datePublished\":\"2020-05-18T18:12:36+00:00\",\"dateModified\":\"2020-05-19T17:44:03+00:00\",\"description\":\"DIF Puerto Vallarta &#8226; No olvides hacer tu Declaraci\u00f3n Patrimonial y de Intereses Lo que deber\u00e1s hacer es lo siguiente: Paso 1: Descarga los archivos necesarios aqu\u00ed. tambi\u00e9n\",\"breadcrumb\":{\"@id\":\"https:\/\/difpuertovallarta.gob.mx\/cms\/declaracion-patrimonial\/#breadcrumb\"},\"inLanguage\":\"es\",\"potentialAction\":[{\"@type\":\"ReadAction\",\"target\":[\"https:\/\/difpuertovallarta.gob.mx\/cms\/declaracion-patrimonial\/\"]}]},{\"@type\":\"BreadcrumbList\",\"@id\":\"https:\/\/difpuertovallarta.gob.mx\/cms\/declaracion-patrimonial\/#breadcrumb\",\"itemListElement\":[{\"@type\":\"ListItem\",\"position\":1,\"name\":\"Inicio\",\"item\":\"https:\/\/difpuertovallarta.gob.mx\/cms\/\"},{\"@type\":\"ListItem\",\"position\":2,\"name\":\"Declaraci\u00f3n Patrimonial\"}]},{\"@type\":\"WebSite\",\"@id\":\"https:\/\/difpuertovallarta.gob.mx\/cms\/#website\",\"url\":\"https:\/\/difpuertovallarta.gob.mx\/cms\/\",\"name\":\"DIF Puerto Vallarta\",\"description\":\"Sistema para el Desarrollo Integral de la Familia para el Municipio de Puerto Vallarta, Jalisco.\",\"publisher\":{\"@id\":\"https:\/\/difpuertovallarta.gob.mx\/cms\/#organization\"},\"potentialAction\":[{\"@type\":\"SearchAction\",\"target\":{\"@type\":\"EntryPoint\",\"urlTemplate\":\"https:\/\/difpuertovallarta.gob.mx\/cms\/?s={search_term_string}\"},\"query-input\":{\"@type\":\"PropertyValueSpecification\",\"valueRequired\":true,\"valueName\":\"search_term_string\"}}],\"inLanguage\":\"es\"},{\"@type\":\"Organization\",\"@id\":\"https:\/\/difpuertovallarta.gob.mx\/cms\/#organization\",\"name\":\"Sistema DIF Puerto Vallarta\",\"url\":\"https:\/\/difpuertovallarta.gob.mx\/cms\/\",\"logo\":{\"@type\":\"ImageObject\",\"inLanguage\":\"es\",\"@id\":\"https:\/\/difpuertovallarta.gob.mx\/cms\/#\/schema\/logo\/image\/\",\"url\":\"http:\/\/difpuertovallarta.gob.mx\/cms\/wp-content\/uploads\/2018\/12\/LOGO-DIF-2021-NAVIDAD.jpg\",\"contentUrl\":\"http:\/\/difpuertovallarta.gob.mx\/cms\/wp-content\/uploads\/2018\/12\/LOGO-DIF-2021-NAVIDAD.jpg\",\"width\":834,\"height\":834,\"caption\":\"Sistema DIF Puerto Vallarta\"},\"image\":{\"@id\":\"https:\/\/difpuertovallarta.gob.mx\/cms\/#\/schema\/logo\/image\/\"},\"sameAs\":[\"https:\/\/www.facebook.com\/sistemadifvallarta\",\"https:\/\/x.com\/difvallarta\"]}]}<\/script>\n<!-- \/ Yoast SEO plugin. -->","yoast_head_json":{"title":"Declaraci\u00f3n Patrimonial &#8226; DIF Puerto Vallarta","description":"DIF Puerto Vallarta &#8226; No olvides hacer tu Declaraci\u00f3n Patrimonial y de Intereses Lo que deber\u00e1s hacer es lo siguiente: Paso 1: Descarga los archivos necesarios aqu\u00ed. tambi\u00e9n","robots":{"index":"index","follow":"follow","max-snippet":"max-snippet:-1","max-image-preview":"max-image-preview:large","max-video-preview":"max-video-preview:-1"},"canonical":"https:\/\/difpuertovallarta.gob.mx\/cms\/declaracion-patrimonial\/","og_locale":"es_MX","og_type":"article","og_title":"Declaraci\u00f3n Patrimonial &#8226; DIF Puerto Vallarta","og_description":"DIF Puerto Vallarta &#8226; No olvides hacer tu Declaraci\u00f3n Patrimonial y de Intereses Lo que deber\u00e1s hacer es lo siguiente: Paso 1: Descarga los archivos necesarios aqu\u00ed. tambi\u00e9n","og_url":"https:\/\/difpuertovallarta.gob.mx\/cms\/declaracion-patrimonial\/","og_site_name":"DIF Puerto Vallarta","article_publisher":"https:\/\/www.facebook.com\/sistemadifvallarta","article_modified_time":"2020-05-19T17:44:03+00:00","twitter_card":"summary_large_image","twitter_site":"@difvallarta","twitter_misc":{"Tiempo de lectura":"2 minutos"},"schema":{"@context":"https:\/\/schema.org","@graph":[{"@type":"WebPage","@id":"https:\/\/difpuertovallarta.gob.mx\/cms\/declaracion-patrimonial\/","url":"https:\/\/difpuertovallarta.gob.mx\/cms\/declaracion-patrimonial\/","name":"Declaraci\u00f3n Patrimonial &#8226; DIF Puerto Vallarta","isPartOf":{"@id":"https:\/\/difpuertovallarta.gob.mx\/cms\/#website"},"datePublished":"2020-05-18T18:12:36+00:00","dateModified":"2020-05-19T17:44:03+00:00","description":"DIF Puerto Vallarta &#8226; No olvides hacer tu Declaraci\u00f3n Patrimonial y de Intereses Lo que deber\u00e1s hacer es lo siguiente: Paso 1: Descarga los archivos necesarios aqu\u00ed. tambi\u00e9n","breadcrumb":{"@id":"https:\/\/difpuertovallarta.gob.mx\/cms\/declaracion-patrimonial\/#breadcrumb"},"inLanguage":"es","potentialAction":[{"@type":"ReadAction","target":["https:\/\/difpuertovallarta.gob.mx\/cms\/declaracion-patrimonial\/"]}]},{"@type":"BreadcrumbList","@id":"https:\/\/difpuertovallarta.gob.mx\/cms\/declaracion-patrimonial\/#breadcrumb","itemListElement":[{"@type":"ListItem","position":1,"name":"Inicio","item":"https:\/\/difpuertovallarta.gob.mx\/cms\/"},{"@type":"ListItem","position":2,"name":"Declaraci\u00f3n Patrimonial"}]},{"@type":"WebSite","@id":"https:\/\/difpuertovallarta.gob.mx\/cms\/#website","url":"https:\/\/difpuertovallarta.gob.mx\/cms\/","name":"DIF Puerto Vallarta","description":"Sistema para el Desarrollo Integral de la Familia para el Municipio de Puerto Vallarta, Jalisco.","publisher":{"@id":"https:\/\/difpuertovallarta.gob.mx\/cms\/#organization"},"potentialAction":[{"@type":"SearchAction","target":{"@type":"EntryPoint","urlTemplate":"https:\/\/difpuertovallarta.gob.mx\/cms\/?s={search_term_string}"},"query-input":{"@type":"PropertyValueSpecification","valueRequired":true,"valueName":"search_term_string"}}],"inLanguage":"es"},{"@type":"Organization","@id":"https:\/\/difpuertovallarta.gob.mx\/cms\/#organization","name":"Sistema DIF Puerto Vallarta","url":"https:\/\/difpuertovallarta.gob.mx\/cms\/","logo":{"@type":"ImageObject","inLanguage":"es","@id":"https:\/\/difpuertovallarta.gob.mx\/cms\/#\/schema\/logo\/image\/","url":"http:\/\/difpuertovallarta.gob.mx\/cms\/wp-content\/uploads\/2018\/12\/LOGO-DIF-2021-NAVIDAD.jpg","contentUrl":"http:\/\/difpuertovallarta.gob.mx\/cms\/wp-content\/uploads\/2018\/12\/LOGO-DIF-2021-NAVIDAD.jpg","width":834,"height":834,"caption":"Sistema DIF Puerto Vallarta"},"image":{"@id":"https:\/\/difpuertovallarta.gob.mx\/cms\/#\/schema\/logo\/image\/"},"sameAs":["https:\/\/www.facebook.com\/sistemadifvallarta","https:\/\/x.com\/difvallarta"]}]}},"_links":{"self":[{"href":"https:\/\/difpuertovallarta.gob.mx\/cms\/wp-json\/wp\/v2\/pages\/9864","targetHints":{"allow":["GET"]}}],"collection":[{"href":"https:\/\/difpuertovallarta.gob.mx\/cms\/wp-json\/wp\/v2\/pages"}],"about":[{"href":"https:\/\/difpuertovallarta.gob.mx\/cms\/wp-json\/wp\/v2\/types\/page"}],"author":[{"embeddable":true,"href":"https:\/\/difpuertovallarta.gob.mx\/cms\/wp-json\/wp\/v2\/users\/1"}],"replies":[{"embeddable":true,"href":"https:\/\/difpuertovallarta.gob.mx\/cms\/wp-json\/wp\/v2\/comments?post=9864"}],"version-history":[{"count":1,"href":"https:\/\/difpuertovallarta.gob.mx\/cms\/wp-json\/wp\/v2\/pages\/9864\/revisions"}],"predecessor-version":[{"id":9866,"href":"https:\/\/difpuertovallarta.gob.mx\/cms\/wp-json\/wp\/v2\/pages\/9864\/revisions\/9866"}],"wp:attachment":[{"href":"https:\/\/difpuertovallarta.gob.mx\/cms\/wp-json\/wp\/v2\/media?parent=9864"}],"curies":[{"name":"wp","href":"https:\/\/api.w.org\/{rel}","templated":true}]}}