{"id":6941,"date":"2018-12-11T20:08:37","date_gmt":"2018-12-12T02:08:37","guid":{"rendered":"http:\/\/difpuertovallarta.gob.mx\/cms\/?page_id=6941"},"modified":"2024-11-12T13:34:00","modified_gmt":"2024-11-12T19:34:00","slug":"dpi","status":"publish","type":"page","link":"https:\/\/difpuertovallarta.gob.mx\/cms\/dpi\/","title":{"rendered":"Coordinaci\u00f3n de Prevenci\u00f3n a la Infancia"},"content":{"rendered":"<div id=\"pl-6941\"  class=\"panel-layout\" >\n<div id=\"pg-6941-0\"  class=\"panel-grid panel-no-style\" >\n<div id=\"pgc-6941-0-0\"  class=\"panel-grid-cell\"  data-weight=\"1\" >\n<div id=\"panel-6941-0-0-0\" class=\"so-panel widget widget_sow-editor panel-first-child\" data-index=\"0\" data-style=\"{&quot;background_image_attachment&quot;:false,&quot;background_display&quot;:&quot;tile&quot;,&quot;background_image_size&quot;:&quot;full&quot;,&quot;background_image_opacity&quot;:&quot;100&quot;,&quot;border_thickness&quot;:&quot;1px&quot;,&quot;iw-visible-screen&quot;:&quot;iw-all&quot;,&quot;iw-visible-layout&quot;:&quot;iw-all&quot;}\" >\n<div\n\t\t\t\n\t\t\tclass=\"so-widget-sow-editor so-widget-sow-editor-base\"\n\t\t\t\n\t\t><\/p>\n<div class=\"siteorigin-widget-tinymce textwidget\">\n<p><strong>COORDINADOR:<\/strong> .<\/p>\n<p><strong>Correo:<\/strong> <a href=\"mailto:cpi@difpuertovallarta.gob.mx\">cpi@difpuertovallarta.gob.mx<\/a><\/p>\n<p><strong>Tel\u00e9fono:<\/strong> (322) 225 9936 Ext. 182,190<\/p>\n<p>Horarios de oficina de lunes a viernes: 08:00 a 16:00 horas.<\/p>\n<p>&nbsp;<\/p>\n<p><strong>Promueve acciones de prevenci\u00f3n de riesgos psicosociales a ni\u00f1as, ni\u00f1os y adolescentes, con charlas preventivas de:<\/strong><\/p>\n<p>&#8211; Participaci\u00f3n Infantil,<\/p>\n<p>&#8211; Trabajo Infantil,<\/p>\n<p><strong>PREVERP Embarazo Infantil y Adolescente<\/strong><\/p>\n<p>&#8211; Programa de Prevenci\u00f3n de Abuso Sexual Infantil ASI.<\/p>\n<p>&nbsp;<\/p>\n<p><strong>Acciones:<\/strong><\/p>\n<ul>\n<li>Impartici\u00f3n de pl\u00e1ticas a ni\u00f1os, ni\u00f1as y adolescentes sobre el contenido de la Convenci\u00f3n de los Derechos de la Ni\u00f1ez.<\/li>\n<li>Promueve la cultura del sano esparcimiento, as\u00ed como la prevenci\u00f3n del trabajo infantil por medio de redes comunitarias y, la permanencia de los ni\u00f1os, ni\u00f1as y adolescentes en las estancias escolares como medio para garantizar el desarrollo de habilidades y capacidades.<\/li>\n<li>Platicas personales y familiares que reduzcan la vulnerabilidad a las adicciones en ni\u00f1os, ni\u00f1as y adolescentes.<\/li>\n<\/ul>\n<p><strong>\u00a0Pl\u00e1ticas y talleres en centros educativos.<\/strong><\/p>\n<ul>\n<li>Platicas de prevenci\u00f3n y autocuidado ante el embarazo adolescente.<\/li>\n<li>Platicas de prevenci\u00f3n al abuso sexual infantil en espacios escolares y comunitarios.<\/li>\n<li>Canalizaciones a programas interinstitucionales correspondientes ante la detecci\u00f3n de situaciones de violencia y agresiones sexuales.<\/li>\n<\/ul>\n<\/div>\n<\/div>\n<\/div>\n<div id=\"panel-6941-0-0-1\" class=\"so-panel widget widget_media_gallery\" data-index=\"1\" data-style=\"{&quot;background_image_attachment&quot;:false,&quot;background_display&quot;:&quot;tile&quot;,&quot;background_image_size&quot;:&quot;full&quot;,&quot;border_thickness&quot;:&quot;1px&quot;,&quot;iw-visible-screen&quot;:&quot;iw-all&quot;,&quot;iw-visible-layout&quot;:&quot;iw-all&quot;}\" >[siteorigin_widget class=&#8221;WP_Widget_Media_Gallery&#8221;]<input type=\"hidden\" value=\"{&quot;instance&quot;:{&quot;title&quot;:&quot;&quot;,&quot;ids&quot;:[4396,3624,14943,14944,14945,14946,14947,14948,14949],&quot;columns&quot;:4,&quot;size&quot;:&quot;thumbnail&quot;,&quot;link_type&quot;:&quot;file&quot;,&quot;orderby_random&quot;:true,&quot;id&quot;:&quot;media_gallery-694110001&quot;,&quot;option_name&quot;:&quot;widget_media_gallery&quot;,&quot;so_sidebar_emulator_id&quot;:&quot;media_gallery-694110001&quot;},&quot;args&quot;:{&quot;before_widget&quot;:&quot;&lt;div id=\\&quot;panel-6941-0-0-1\\&quot; class=\\&quot;so-panel widget widget_media_gallery\\&quot; data-index=\\&quot;1\\&quot; data-style=\\&quot;{&amp;quot;background_image_attachment&amp;quot;:false,&amp;quot;background_display&amp;quot;:&amp;quot;tile&amp;quot;,&amp;quot;background_image_size&amp;quot;:&amp;quot;full&amp;quot;,&amp;quot;border_thickness&amp;quot;:&amp;quot;1px&amp;quot;,&amp;quot;iw-visible-screen&amp;quot;:&amp;quot;iw-all&amp;quot;,&amp;quot;iw-visible-layout&amp;quot;:&amp;quot;iw-all&amp;quot;}\\&quot; &gt;&quot;,&quot;after_widget&quot;:&quot;&lt;\\\/div&gt;&quot;,&quot;before_title&quot;:&quot;&lt;h3 class=\\&quot;widget-title\\&quot;&gt;&quot;,&quot;after_title&quot;:&quot;&lt;\\\/h3&gt;&quot;,&quot;widget_id&quot;:&quot;widget-0-0-1&quot;}}\" \/>[\/siteorigin_widget]<\/div>\n<div id=\"panel-6941-0-0-2\" class=\"so-panel widget widget_black-studio-tinymce widget_black_studio_tinymce\" data-index=\"2\" data-style=\"{&quot;background_image_attachment&quot;:false,&quot;background_display&quot;:&quot;tile&quot;,&quot;iw-visible-screen&quot;:&quot;iw-all&quot;,&quot;iw-visible-layout&quot;:&quot;iw-all&quot;}\" >\n<div class=\"textwidget\">\n<table id=\"tablepress-5\" class=\"tablepress tablepress-id-5\">\n<caption style=\"caption-side:bottom;text-align:left;border:none;background:none;margin:0;padding:0;\"><a href=\"https:\/\/difpuertovallarta.gob.mx\/cms\/wp-admin\/admin.php?page=tablepress&#038;action=edit&#038;table_id=5\" rel=\"nofollow\">Editar<\/a><\/caption>\n<thead>\n<tr class=\"row-1 odd\">\n<th class=\"column-1\">Subprograma<\/th>\n<th class=\"column-2\">Actividades<\/th>\n<\/tr>\n<\/thead>\n<tbody class=\"row-hover\">\n<tr class=\"row-2 even\">\n<td class=\"column-1\"><strong>Participaci\u00f3n Infantil<\/strong><\/td>\n<td class=\"column-2\">Promueve  y capacita a los menores sobre el contenido de la Convenci\u00f3n de los Derechos de la Ni\u00f1ez.<\/td>\n<\/tr>\n<tr class=\"row-3 odd\">\n<td class=\"column-1\"><strong>Deportes<\/strong><\/td>\n<td class=\"column-2\">Fomenta en los ni\u00f1os, ni\u00f1as y adolescentes la cultura del sano esparcimiento incluyendo actividades deportivas en su vida cotidiana.<\/td>\n<\/tr>\n<tr class=\"row-4 even\">\n<td class=\"column-1\"><strong>Trabajo Infantil<\/strong><\/td>\n<td class=\"column-2\">Previene y atiende el trabajo infantil por medio de redes comunitarias y promueve la permanencia de los ni\u00f1os y ni\u00f1as en la escuela como medio para garantizar el desarrollo de habilidades y capacidades.<\/td>\n<\/tr>\n<tr class=\"row-5 odd\">\n<td class=\"column-1\"><strong>PREVERP Adicciones<\/strong><\/td>\n<td class=\"column-2\">Realiza acciones de prevenci\u00f3n y capacitaci\u00f3n personales y familiares que reduzcan la vulnerabilidad a las adicciones en menores.<\/td>\n<\/tr>\n<tr class=\"row-6 even\">\n<td class=\"column-1\"><strong>PREVERP Embarazo Infantil y Adolescente<\/strong><\/td>\n<td class=\"column-2\">Realiza acciones de prevenci\u00f3n, atenci\u00f3n e intervenci\u00f3n en  ni\u00f1os, ni\u00f1as y adolescentes con respecto al embarazo temprano.<\/td>\n<\/tr>\n<tr class=\"row-7 odd\">\n<td class=\"column-1\"><strong>Programa de Prevenci\u00f3n de Abuso Sexual Infantil ASI<\/strong><\/td>\n<td class=\"column-2\">Brinda atenci\u00f3n y prevenci\u00f3n a menores que se encuentran en riesgo o han sido v\u00edctimas de abuso sexual.<\/td>\n<\/tr>\n<\/tbody>\n<\/table>\n<\/div>\n<\/div>\n<div id=\"panel-6941-0-0-3\" class=\"so-panel widget panel-last-child\" data-index=\"3\" data-style=\"{&quot;background_image_attachment&quot;:false,&quot;background_display&quot;:&quot;tile&quot;,&quot;iw-visible-screen&quot;:&quot;iw-all&quot;,&quot;iw-visible-layout&quot;:&quot;iw-all&quot;}\" ><\/div>\n<\/div>\n<\/div>\n<\/div>\n","protected":false},"excerpt":{"rendered":"<p>COORDINADOR: . Correo: cpi@difpuertovallarta.gob.mx Tel\u00e9fono: (322) 225 9936 Ext. 182,190 Horarios de oficina de lunes a viernes: 08:00 a 16:00 horas. &nbsp; Promueve acciones de prevenci\u00f3n de riesgos psicosociales a ni\u00f1as, ni\u00f1os y adolescentes, con charlas preventivas de: &#8211; Participaci\u00f3n Infantil, &#8211; Trabajo Infantil, PREVERP Embarazo Infantil y Adolescente &#8211; Programa de Prevenci\u00f3n de Abuso [&hellip;]<\/p>\n","protected":false},"author":1,"featured_media":0,"parent":0,"menu_order":0,"comment_status":"closed","ping_status":"closed","template":"","meta":{"footnotes":""},"class_list":["post-6941","page","type-page","status-publish","czr-hentry"],"yoast_head":"<!-- This site is optimized with the Yoast SEO plugin v27.6 - https:\/\/yoast.com\/product\/yoast-seo-wordpress\/ -->\n<title>Coordinaci\u00f3n de Prevenci\u00f3n a la Infancia &#8226; DIF Puerto Vallarta<\/title>\n<meta name=\"description\" content=\"DIF Puerto Vallarta &#8226; COORDINADOR: . Correo: cpi@difpuertovallarta.gob.mx Tel\u00e9fono: (322) 225 9936 Ext. 182,190 Horarios de oficina de lunes a viernes: 08:00 a 16:00\" \/>\n<meta name=\"robots\" content=\"index, follow, max-snippet:-1, max-image-preview:large, max-video-preview:-1\" \/>\n<link rel=\"canonical\" href=\"https:\/\/difpuertovallarta.gob.mx\/cms\/dpi\/\" \/>\n<meta property=\"og:locale\" content=\"es_MX\" \/>\n<meta property=\"og:type\" content=\"article\" \/>\n<meta property=\"og:title\" content=\"Coordinaci\u00f3n de Prevenci\u00f3n a la Infancia &#8226; DIF Puerto Vallarta\" \/>\n<meta property=\"og:description\" content=\"DIF Puerto Vallarta &#8226; COORDINADOR: . Correo: cpi@difpuertovallarta.gob.mx Tel\u00e9fono: (322) 225 9936 Ext. 182,190 Horarios de oficina de lunes a viernes: 08:00 a 16:00\" \/>\n<meta property=\"og:url\" content=\"https:\/\/difpuertovallarta.gob.mx\/cms\/dpi\/\" \/>\n<meta property=\"og:site_name\" content=\"DIF Puerto Vallarta\" \/>\n<meta property=\"article:publisher\" content=\"https:\/\/www.facebook.com\/sistemadifvallarta\" \/>\n<meta property=\"article:modified_time\" content=\"2024-11-12T19:34:00+00:00\" \/>\n<meta name=\"twitter:card\" content=\"summary_large_image\" \/>\n<meta name=\"twitter:site\" content=\"@difvallarta\" \/>\n<meta name=\"twitter:label1\" content=\"Tiempo de lectura\" \/>\n\t<meta name=\"twitter:data1\" content=\"2 minutos\" \/>\n<script type=\"application\/ld+json\" class=\"yoast-schema-graph\">{\"@context\":\"https:\\\/\\\/schema.org\",\"@graph\":[{\"@type\":\"WebPage\",\"@id\":\"https:\\\/\\\/difpuertovallarta.gob.mx\\\/cms\\\/dpi\\\/\",\"url\":\"https:\\\/\\\/difpuertovallarta.gob.mx\\\/cms\\\/dpi\\\/\",\"name\":\"Coordinaci\u00f3n de Prevenci\u00f3n a la Infancia &#8226; DIF Puerto Vallarta\",\"isPartOf\":{\"@id\":\"https:\\\/\\\/difpuertovallarta.gob.mx\\\/cms\\\/#website\"},\"datePublished\":\"2018-12-12T02:08:37+00:00\",\"dateModified\":\"2024-11-12T19:34:00+00:00\",\"description\":\"DIF Puerto Vallarta &#8226; COORDINADOR: . Correo: cpi@difpuertovallarta.gob.mx Tel\u00e9fono: (322) 225 9936 Ext. 182,190 Horarios de oficina de lunes a viernes: 08:00 a 16:00\",\"breadcrumb\":{\"@id\":\"https:\\\/\\\/difpuertovallarta.gob.mx\\\/cms\\\/dpi\\\/#breadcrumb\"},\"inLanguage\":\"es\",\"potentialAction\":[{\"@type\":\"ReadAction\",\"target\":[\"https:\\\/\\\/difpuertovallarta.gob.mx\\\/cms\\\/dpi\\\/\"]}]},{\"@type\":\"BreadcrumbList\",\"@id\":\"https:\\\/\\\/difpuertovallarta.gob.mx\\\/cms\\\/dpi\\\/#breadcrumb\",\"itemListElement\":[{\"@type\":\"ListItem\",\"position\":1,\"name\":\"Inicio\",\"item\":\"https:\\\/\\\/difpuertovallarta.gob.mx\\\/cms\\\/\"},{\"@type\":\"ListItem\",\"position\":2,\"name\":\"Coordinaci\u00f3n de Prevenci\u00f3n a la Infancia\"}]},{\"@type\":\"WebSite\",\"@id\":\"https:\\\/\\\/difpuertovallarta.gob.mx\\\/cms\\\/#website\",\"url\":\"https:\\\/\\\/difpuertovallarta.gob.mx\\\/cms\\\/\",\"name\":\"DIF Puerto Vallarta\",\"description\":\"Sistema para el Desarrollo Integral de la Familia para el Municipio de Puerto Vallarta, Jalisco.\",\"publisher\":{\"@id\":\"https:\\\/\\\/difpuertovallarta.gob.mx\\\/cms\\\/#organization\"},\"potentialAction\":[{\"@type\":\"SearchAction\",\"target\":{\"@type\":\"EntryPoint\",\"urlTemplate\":\"https:\\\/\\\/difpuertovallarta.gob.mx\\\/cms\\\/?s={search_term_string}\"},\"query-input\":{\"@type\":\"PropertyValueSpecification\",\"valueRequired\":true,\"valueName\":\"search_term_string\"}}],\"inLanguage\":\"es\"},{\"@type\":\"Organization\",\"@id\":\"https:\\\/\\\/difpuertovallarta.gob.mx\\\/cms\\\/#organization\",\"name\":\"Sistema DIF Puerto Vallarta\",\"url\":\"https:\\\/\\\/difpuertovallarta.gob.mx\\\/cms\\\/\",\"logo\":{\"@type\":\"ImageObject\",\"inLanguage\":\"es\",\"@id\":\"https:\\\/\\\/difpuertovallarta.gob.mx\\\/cms\\\/#\\\/schema\\\/logo\\\/image\\\/\",\"url\":\"http:\\\/\\\/difpuertovallarta.gob.mx\\\/cms\\\/wp-content\\\/uploads\\\/2018\\\/12\\\/LOGO-DIF-2021-NAVIDAD.jpg\",\"contentUrl\":\"http:\\\/\\\/difpuertovallarta.gob.mx\\\/cms\\\/wp-content\\\/uploads\\\/2018\\\/12\\\/LOGO-DIF-2021-NAVIDAD.jpg\",\"width\":834,\"height\":834,\"caption\":\"Sistema DIF Puerto Vallarta\"},\"image\":{\"@id\":\"https:\\\/\\\/difpuertovallarta.gob.mx\\\/cms\\\/#\\\/schema\\\/logo\\\/image\\\/\"},\"sameAs\":[\"https:\\\/\\\/www.facebook.com\\\/sistemadifvallarta\",\"https:\\\/\\\/x.com\\\/difvallarta\"]}]}<\/script>\n<!-- \/ Yoast SEO plugin. -->","yoast_head_json":{"title":"Coordinaci\u00f3n de Prevenci\u00f3n a la Infancia &#8226; DIF Puerto Vallarta","description":"DIF Puerto Vallarta &#8226; COORDINADOR: . Correo: cpi@difpuertovallarta.gob.mx Tel\u00e9fono: (322) 225 9936 Ext. 182,190 Horarios de oficina de lunes a viernes: 08:00 a 16:00","robots":{"index":"index","follow":"follow","max-snippet":"max-snippet:-1","max-image-preview":"max-image-preview:large","max-video-preview":"max-video-preview:-1"},"canonical":"https:\/\/difpuertovallarta.gob.mx\/cms\/dpi\/","og_locale":"es_MX","og_type":"article","og_title":"Coordinaci\u00f3n de Prevenci\u00f3n a la Infancia &#8226; DIF Puerto Vallarta","og_description":"DIF Puerto Vallarta &#8226; COORDINADOR: . Correo: cpi@difpuertovallarta.gob.mx Tel\u00e9fono: (322) 225 9936 Ext. 182,190 Horarios de oficina de lunes a viernes: 08:00 a 16:00","og_url":"https:\/\/difpuertovallarta.gob.mx\/cms\/dpi\/","og_site_name":"DIF Puerto Vallarta","article_publisher":"https:\/\/www.facebook.com\/sistemadifvallarta","article_modified_time":"2024-11-12T19:34:00+00:00","twitter_card":"summary_large_image","twitter_site":"@difvallarta","twitter_misc":{"Tiempo de lectura":"2 minutos"},"schema":{"@context":"https:\/\/schema.org","@graph":[{"@type":"WebPage","@id":"https:\/\/difpuertovallarta.gob.mx\/cms\/dpi\/","url":"https:\/\/difpuertovallarta.gob.mx\/cms\/dpi\/","name":"Coordinaci\u00f3n de Prevenci\u00f3n a la Infancia &#8226; DIF Puerto Vallarta","isPartOf":{"@id":"https:\/\/difpuertovallarta.gob.mx\/cms\/#website"},"datePublished":"2018-12-12T02:08:37+00:00","dateModified":"2024-11-12T19:34:00+00:00","description":"DIF Puerto Vallarta &#8226; COORDINADOR: . Correo: cpi@difpuertovallarta.gob.mx Tel\u00e9fono: (322) 225 9936 Ext. 182,190 Horarios de oficina de lunes a viernes: 08:00 a 16:00","breadcrumb":{"@id":"https:\/\/difpuertovallarta.gob.mx\/cms\/dpi\/#breadcrumb"},"inLanguage":"es","potentialAction":[{"@type":"ReadAction","target":["https:\/\/difpuertovallarta.gob.mx\/cms\/dpi\/"]}]},{"@type":"BreadcrumbList","@id":"https:\/\/difpuertovallarta.gob.mx\/cms\/dpi\/#breadcrumb","itemListElement":[{"@type":"ListItem","position":1,"name":"Inicio","item":"https:\/\/difpuertovallarta.gob.mx\/cms\/"},{"@type":"ListItem","position":2,"name":"Coordinaci\u00f3n de Prevenci\u00f3n a la Infancia"}]},{"@type":"WebSite","@id":"https:\/\/difpuertovallarta.gob.mx\/cms\/#website","url":"https:\/\/difpuertovallarta.gob.mx\/cms\/","name":"DIF Puerto Vallarta","description":"Sistema para el Desarrollo Integral de la Familia para el Municipio de Puerto Vallarta, Jalisco.","publisher":{"@id":"https:\/\/difpuertovallarta.gob.mx\/cms\/#organization"},"potentialAction":[{"@type":"SearchAction","target":{"@type":"EntryPoint","urlTemplate":"https:\/\/difpuertovallarta.gob.mx\/cms\/?s={search_term_string}"},"query-input":{"@type":"PropertyValueSpecification","valueRequired":true,"valueName":"search_term_string"}}],"inLanguage":"es"},{"@type":"Organization","@id":"https:\/\/difpuertovallarta.gob.mx\/cms\/#organization","name":"Sistema DIF Puerto Vallarta","url":"https:\/\/difpuertovallarta.gob.mx\/cms\/","logo":{"@type":"ImageObject","inLanguage":"es","@id":"https:\/\/difpuertovallarta.gob.mx\/cms\/#\/schema\/logo\/image\/","url":"http:\/\/difpuertovallarta.gob.mx\/cms\/wp-content\/uploads\/2018\/12\/LOGO-DIF-2021-NAVIDAD.jpg","contentUrl":"http:\/\/difpuertovallarta.gob.mx\/cms\/wp-content\/uploads\/2018\/12\/LOGO-DIF-2021-NAVIDAD.jpg","width":834,"height":834,"caption":"Sistema DIF Puerto Vallarta"},"image":{"@id":"https:\/\/difpuertovallarta.gob.mx\/cms\/#\/schema\/logo\/image\/"},"sameAs":["https:\/\/www.facebook.com\/sistemadifvallarta","https:\/\/x.com\/difvallarta"]}]}},"_links":{"self":[{"href":"https:\/\/difpuertovallarta.gob.mx\/cms\/wp-json\/wp\/v2\/pages\/6941","targetHints":{"allow":["GET"]}}],"collection":[{"href":"https:\/\/difpuertovallarta.gob.mx\/cms\/wp-json\/wp\/v2\/pages"}],"about":[{"href":"https:\/\/difpuertovallarta.gob.mx\/cms\/wp-json\/wp\/v2\/types\/page"}],"author":[{"embeddable":true,"href":"https:\/\/difpuertovallarta.gob.mx\/cms\/wp-json\/wp\/v2\/users\/1"}],"replies":[{"embeddable":true,"href":"https:\/\/difpuertovallarta.gob.mx\/cms\/wp-json\/wp\/v2\/comments?post=6941"}],"version-history":[{"count":4,"href":"https:\/\/difpuertovallarta.gob.mx\/cms\/wp-json\/wp\/v2\/pages\/6941\/revisions"}],"predecessor-version":[{"id":16258,"href":"https:\/\/difpuertovallarta.gob.mx\/cms\/wp-json\/wp\/v2\/pages\/6941\/revisions\/16258"}],"wp:attachment":[{"href":"https:\/\/difpuertovallarta.gob.mx\/cms\/wp-json\/wp\/v2\/media?parent=6941"}],"curies":[{"name":"wp","href":"https:\/\/api.w.org\/{rel}","templated":true}]}}