{"id":6935,"date":"2018-12-11T19:40:18","date_gmt":"2018-12-12T01:40:18","guid":{"rendered":"http:\/\/difpuertovallarta.gob.mx\/cms\/?page_id=6935"},"modified":"2026-04-14T15:41:26","modified_gmt":"2026-04-14T21:41:26","slug":"uavifam","status":"publish","type":"page","link":"https:\/\/difpuertovallarta.gob.mx\/cms\/uavifam\/","title":{"rendered":"Unidad de Atenci\u00f3n a la Violencia Familiar UAVIFAM"},"content":{"rendered":"\t\t<div data-elementor-type=\"wp-page\" data-elementor-id=\"6935\" class=\"elementor elementor-6935\" data-elementor-post-type=\"page\">\n\t\t\t\t<div class=\"elementor-element elementor-element-43249e85 e-con-full e-flex e-con e-parent\" data-id=\"43249e85\" data-element_type=\"container\">\n\t\t\t\t<div class=\"elementor-element elementor-element-47ea4375 elementor-widget elementor-widget-text-editor\" data-id=\"47ea4375\" data-element_type=\"widget\" data-widget_type=\"text-editor.default\">\n\t\t\t\t\t\t\t\t\t<p><b>Coordinaci\u00f3n<\/b><strong>:<\/strong><\/p><p><strong>\u00a0Correo:<\/strong> <a href=\"mailto:uavifam@difpuertovallarta.gob.mx\">uavifam@difpuertovallarta.gob.mx<\/a><\/p><p><strong>\u00a0Tel\u00e9fono:<\/strong> (322) 225 9936 Ext. 191,194,195<\/p><p>Horarios de oficina: 08:00 a 16:00 horas. De Lunes a Viernes.<\/p><p><strong>Objetivos: <\/strong><\/p><p>Contribuir en la generaci\u00f3n de ambientes familiares libres de violencia para las ni\u00f1as, ni\u00f1os y adolescentes del municipio, abordar la problem\u00e1tica de la violencia familiar, que, analizando sus causas, promueva su prevenci\u00f3n y facilite la atenci\u00f3n integral a las v\u00edctimas, evitando la victimizaci\u00f3n secundaria mediante una actuaci\u00f3n coordinada de las y los diferentes profesionales que intervienen en su atenci\u00f3n.<\/p><p><strong>Acciones:<\/strong><\/p><ul><li>Asesor\u00eda legal,<\/li><li>Terapia psicol\u00f3gica,<\/li><li>Gesti\u00f3n asistencial,<\/li><li>Pl\u00e1ticas y talleres en centros educativos, comunidad y empresas para promover la prevenci\u00f3n de la violencia familiar.<\/li><li>Trabajo multidisciplinario en la generaci\u00f3n de Nuevas Masculinidades y entornos familiares no violentos. Se aplican otras especificidades de los programas nombrados a la solicitud realizada; documentaci\u00f3n base: copia simple de identificaci\u00f3n oficial de solicitante\/s, CURP, comprobante de domicilio.<\/li><\/ul><p><strong>Galer\u00eda<\/strong>:<\/p>\t\t\t\t\t\t\t\t<\/div>\n\t\t\t\t<\/div>\n\t\t<div class=\"elementor-element elementor-element-a500040 e-con-full e-flex e-con e-parent\" data-id=\"a500040\" data-element_type=\"container\">\n\t\t\t\t<div class=\"elementor-element elementor-element-f09f6c2 elementor-widget elementor-widget-text-editor\" data-id=\"f09f6c2\" data-element_type=\"widget\" data-widget_type=\"text-editor.default\">\n\t\t\t\t\t\t\t\t\t<b>Coordinaci\u00f3n<\/b><strong>:<\/strong>\n\n<strong>\u00a0Correo:<\/strong> <a href=\"mailto:uavifam@difpuertovallarta.gob.mx\">uavifam@difpuertovallarta.gob.mx<\/a>\n\n<strong>\u00a0Tel\u00e9fono:<\/strong> (322) 225 9936 Ext. 191,194,195\n\nHorarios de oficina: 08:00 a 16:00 horas. De Lunes a Viernes.\n\n<strong>Objetivos: <\/strong>\n\nContribuir en la generaci\u00f3n de ambientes familiares libres de violencia para las ni\u00f1as, ni\u00f1os y adolescentes del municipio, abordar la problem\u00e1tica de la violencia familiar, que, analizando sus causas, promueva su prevenci\u00f3n y facilite la atenci\u00f3n integral a las v\u00edctimas, evitando la victimizaci\u00f3n secundaria mediante una actuaci\u00f3n coordinada de las y los diferentes profesionales que intervienen en su atenci\u00f3n.\n\n<strong>Acciones:<\/strong>\n<ul>\n \t<li>Asesor\u00eda legal,<\/li>\n \t<li>Terapia psicol\u00f3gica,<\/li>\n \t<li>Gesti\u00f3n asistencial,<\/li>\n \t<li>Pl\u00e1ticas y talleres en centros educativos, comunidad y empresas para promover la prevenci\u00f3n de la violencia familiar.<\/li>\n \t<li>Trabajo multidisciplinario en la generaci\u00f3n de Nuevas Masculinidades y entornos familiares no violentos. Se aplican otras especificidades de los programas nombrados a la solicitud realizada; documentaci\u00f3n base: copia simple de identificaci\u00f3n oficial de solicitante\/s, CURP, comprobante de domicilio.<\/li>\n<\/ul>\n<strong>Galer\u00eda<\/strong>:\n\n\t\t\t\t\t\t\t\t<\/div>\n\t\t\t\t<\/div>\n\t\t\t\t<\/div>\n\t\t","protected":false},"excerpt":{"rendered":"<p>Coordinaci\u00f3n: \u00a0Correo: uavifam@difpuertovallarta.gob.mx \u00a0Tel\u00e9fono: (322) 225 9936 Ext. 191,194,195 Horarios de oficina: 08:00 a 16:00 horas. De Lunes a Viernes. Objetivos: Contribuir en la generaci\u00f3n de ambientes familiares libres de violencia para las ni\u00f1as, ni\u00f1os y adolescentes del municipio, abordar la problem\u00e1tica de la violencia familiar, que, analizando sus causas, promueva su prevenci\u00f3n y facilite [&hellip;]<\/p>\n","protected":false},"author":1,"featured_media":0,"parent":0,"menu_order":0,"comment_status":"closed","ping_status":"closed","template":"","meta":{"footnotes":""},"class_list":["post-6935","page","type-page","status-publish","czr-hentry"],"yoast_head":"<!-- This site is optimized with the Yoast SEO plugin v27.6 - https:\/\/yoast.com\/product\/yoast-seo-wordpress\/ -->\n<title>Unidad de Atenci\u00f3n a la Violencia Familiar UAVIFAM &#8226; DIF Puerto Vallarta<\/title>\n<meta name=\"description\" content=\"DIF Puerto Vallarta &#8226; Coordinaci\u00f3n:\u00a0Correo: uavifam@difpuertovallarta.gob.mx\u00a0Tel\u00e9fono: (322) 225 9936 Ext. 191,194,195Horarios de oficina: 08:00 a 16:00 horas. De Lunes a\" \/>\n<meta name=\"robots\" content=\"index, follow, max-snippet:-1, max-image-preview:large, max-video-preview:-1\" \/>\n<link rel=\"canonical\" href=\"https:\/\/difpuertovallarta.gob.mx\/cms\/uavifam\/\" \/>\n<meta property=\"og:locale\" content=\"es_MX\" \/>\n<meta property=\"og:type\" content=\"article\" \/>\n<meta property=\"og:title\" content=\"Unidad de Atenci\u00f3n a la Violencia Familiar UAVIFAM &#8226; DIF Puerto Vallarta\" \/>\n<meta property=\"og:description\" content=\"DIF Puerto Vallarta &#8226; Coordinaci\u00f3n:\u00a0Correo: uavifam@difpuertovallarta.gob.mx\u00a0Tel\u00e9fono: (322) 225 9936 Ext. 191,194,195Horarios de oficina: 08:00 a 16:00 horas. De Lunes a\" \/>\n<meta property=\"og:url\" content=\"https:\/\/difpuertovallarta.gob.mx\/cms\/uavifam\/\" \/>\n<meta property=\"og:site_name\" content=\"DIF Puerto Vallarta\" \/>\n<meta property=\"article:publisher\" content=\"https:\/\/www.facebook.com\/sistemadifvallarta\" \/>\n<meta property=\"article:modified_time\" content=\"2026-04-14T21:41:26+00:00\" \/>\n<meta name=\"twitter:card\" content=\"summary_large_image\" \/>\n<meta name=\"twitter:site\" content=\"@difvallarta\" \/>\n<meta name=\"twitter:label1\" content=\"Tiempo de lectura\" \/>\n\t<meta name=\"twitter:data1\" content=\"2 minutos\" \/>\n<script type=\"application\/ld+json\" class=\"yoast-schema-graph\">{\"@context\":\"https:\\\/\\\/schema.org\",\"@graph\":[{\"@type\":\"WebPage\",\"@id\":\"https:\\\/\\\/difpuertovallarta.gob.mx\\\/cms\\\/uavifam\\\/\",\"url\":\"https:\\\/\\\/difpuertovallarta.gob.mx\\\/cms\\\/uavifam\\\/\",\"name\":\"Unidad de Atenci\u00f3n a la Violencia Familiar UAVIFAM &#8226; DIF Puerto Vallarta\",\"isPartOf\":{\"@id\":\"https:\\\/\\\/difpuertovallarta.gob.mx\\\/cms\\\/#website\"},\"datePublished\":\"2018-12-12T01:40:18+00:00\",\"dateModified\":\"2026-04-14T21:41:26+00:00\",\"description\":\"DIF Puerto Vallarta &#8226; Coordinaci\u00f3n:\u00a0Correo: uavifam@difpuertovallarta.gob.mx\u00a0Tel\u00e9fono: (322) 225 9936 Ext. 191,194,195Horarios de oficina: 08:00 a 16:00 horas. De Lunes a\",\"breadcrumb\":{\"@id\":\"https:\\\/\\\/difpuertovallarta.gob.mx\\\/cms\\\/uavifam\\\/#breadcrumb\"},\"inLanguage\":\"es\",\"potentialAction\":[{\"@type\":\"ReadAction\",\"target\":[\"https:\\\/\\\/difpuertovallarta.gob.mx\\\/cms\\\/uavifam\\\/\"]}]},{\"@type\":\"BreadcrumbList\",\"@id\":\"https:\\\/\\\/difpuertovallarta.gob.mx\\\/cms\\\/uavifam\\\/#breadcrumb\",\"itemListElement\":[{\"@type\":\"ListItem\",\"position\":1,\"name\":\"Inicio\",\"item\":\"https:\\\/\\\/difpuertovallarta.gob.mx\\\/cms\\\/\"},{\"@type\":\"ListItem\",\"position\":2,\"name\":\"Unidad de Atenci\u00f3n a la Violencia Familiar UAVIFAM\"}]},{\"@type\":\"WebSite\",\"@id\":\"https:\\\/\\\/difpuertovallarta.gob.mx\\\/cms\\\/#website\",\"url\":\"https:\\\/\\\/difpuertovallarta.gob.mx\\\/cms\\\/\",\"name\":\"DIF Puerto Vallarta\",\"description\":\"Sistema para el Desarrollo Integral de la Familia para el Municipio de Puerto Vallarta, Jalisco.\",\"publisher\":{\"@id\":\"https:\\\/\\\/difpuertovallarta.gob.mx\\\/cms\\\/#organization\"},\"potentialAction\":[{\"@type\":\"SearchAction\",\"target\":{\"@type\":\"EntryPoint\",\"urlTemplate\":\"https:\\\/\\\/difpuertovallarta.gob.mx\\\/cms\\\/?s={search_term_string}\"},\"query-input\":{\"@type\":\"PropertyValueSpecification\",\"valueRequired\":true,\"valueName\":\"search_term_string\"}}],\"inLanguage\":\"es\"},{\"@type\":\"Organization\",\"@id\":\"https:\\\/\\\/difpuertovallarta.gob.mx\\\/cms\\\/#organization\",\"name\":\"Sistema DIF Puerto Vallarta\",\"url\":\"https:\\\/\\\/difpuertovallarta.gob.mx\\\/cms\\\/\",\"logo\":{\"@type\":\"ImageObject\",\"inLanguage\":\"es\",\"@id\":\"https:\\\/\\\/difpuertovallarta.gob.mx\\\/cms\\\/#\\\/schema\\\/logo\\\/image\\\/\",\"url\":\"http:\\\/\\\/difpuertovallarta.gob.mx\\\/cms\\\/wp-content\\\/uploads\\\/2018\\\/12\\\/LOGO-DIF-2021-NAVIDAD.jpg\",\"contentUrl\":\"http:\\\/\\\/difpuertovallarta.gob.mx\\\/cms\\\/wp-content\\\/uploads\\\/2018\\\/12\\\/LOGO-DIF-2021-NAVIDAD.jpg\",\"width\":834,\"height\":834,\"caption\":\"Sistema DIF Puerto Vallarta\"},\"image\":{\"@id\":\"https:\\\/\\\/difpuertovallarta.gob.mx\\\/cms\\\/#\\\/schema\\\/logo\\\/image\\\/\"},\"sameAs\":[\"https:\\\/\\\/www.facebook.com\\\/sistemadifvallarta\",\"https:\\\/\\\/x.com\\\/difvallarta\"]}]}<\/script>\n<!-- \/ Yoast SEO plugin. -->","yoast_head_json":{"title":"Unidad de Atenci\u00f3n a la Violencia Familiar UAVIFAM &#8226; DIF Puerto Vallarta","description":"DIF Puerto Vallarta &#8226; Coordinaci\u00f3n:\u00a0Correo: uavifam@difpuertovallarta.gob.mx\u00a0Tel\u00e9fono: (322) 225 9936 Ext. 191,194,195Horarios de oficina: 08:00 a 16:00 horas. De Lunes a","robots":{"index":"index","follow":"follow","max-snippet":"max-snippet:-1","max-image-preview":"max-image-preview:large","max-video-preview":"max-video-preview:-1"},"canonical":"https:\/\/difpuertovallarta.gob.mx\/cms\/uavifam\/","og_locale":"es_MX","og_type":"article","og_title":"Unidad de Atenci\u00f3n a la Violencia Familiar UAVIFAM &#8226; DIF Puerto Vallarta","og_description":"DIF Puerto Vallarta &#8226; Coordinaci\u00f3n:\u00a0Correo: uavifam@difpuertovallarta.gob.mx\u00a0Tel\u00e9fono: (322) 225 9936 Ext. 191,194,195Horarios de oficina: 08:00 a 16:00 horas. De Lunes a","og_url":"https:\/\/difpuertovallarta.gob.mx\/cms\/uavifam\/","og_site_name":"DIF Puerto Vallarta","article_publisher":"https:\/\/www.facebook.com\/sistemadifvallarta","article_modified_time":"2026-04-14T21:41:26+00:00","twitter_card":"summary_large_image","twitter_site":"@difvallarta","twitter_misc":{"Tiempo de lectura":"2 minutos"},"schema":{"@context":"https:\/\/schema.org","@graph":[{"@type":"WebPage","@id":"https:\/\/difpuertovallarta.gob.mx\/cms\/uavifam\/","url":"https:\/\/difpuertovallarta.gob.mx\/cms\/uavifam\/","name":"Unidad de Atenci\u00f3n a la Violencia Familiar UAVIFAM &#8226; DIF Puerto Vallarta","isPartOf":{"@id":"https:\/\/difpuertovallarta.gob.mx\/cms\/#website"},"datePublished":"2018-12-12T01:40:18+00:00","dateModified":"2026-04-14T21:41:26+00:00","description":"DIF Puerto Vallarta &#8226; Coordinaci\u00f3n:\u00a0Correo: uavifam@difpuertovallarta.gob.mx\u00a0Tel\u00e9fono: (322) 225 9936 Ext. 191,194,195Horarios de oficina: 08:00 a 16:00 horas. De Lunes a","breadcrumb":{"@id":"https:\/\/difpuertovallarta.gob.mx\/cms\/uavifam\/#breadcrumb"},"inLanguage":"es","potentialAction":[{"@type":"ReadAction","target":["https:\/\/difpuertovallarta.gob.mx\/cms\/uavifam\/"]}]},{"@type":"BreadcrumbList","@id":"https:\/\/difpuertovallarta.gob.mx\/cms\/uavifam\/#breadcrumb","itemListElement":[{"@type":"ListItem","position":1,"name":"Inicio","item":"https:\/\/difpuertovallarta.gob.mx\/cms\/"},{"@type":"ListItem","position":2,"name":"Unidad de Atenci\u00f3n a la Violencia Familiar UAVIFAM"}]},{"@type":"WebSite","@id":"https:\/\/difpuertovallarta.gob.mx\/cms\/#website","url":"https:\/\/difpuertovallarta.gob.mx\/cms\/","name":"DIF Puerto Vallarta","description":"Sistema para el Desarrollo Integral de la Familia para el Municipio de Puerto Vallarta, Jalisco.","publisher":{"@id":"https:\/\/difpuertovallarta.gob.mx\/cms\/#organization"},"potentialAction":[{"@type":"SearchAction","target":{"@type":"EntryPoint","urlTemplate":"https:\/\/difpuertovallarta.gob.mx\/cms\/?s={search_term_string}"},"query-input":{"@type":"PropertyValueSpecification","valueRequired":true,"valueName":"search_term_string"}}],"inLanguage":"es"},{"@type":"Organization","@id":"https:\/\/difpuertovallarta.gob.mx\/cms\/#organization","name":"Sistema DIF Puerto Vallarta","url":"https:\/\/difpuertovallarta.gob.mx\/cms\/","logo":{"@type":"ImageObject","inLanguage":"es","@id":"https:\/\/difpuertovallarta.gob.mx\/cms\/#\/schema\/logo\/image\/","url":"http:\/\/difpuertovallarta.gob.mx\/cms\/wp-content\/uploads\/2018\/12\/LOGO-DIF-2021-NAVIDAD.jpg","contentUrl":"http:\/\/difpuertovallarta.gob.mx\/cms\/wp-content\/uploads\/2018\/12\/LOGO-DIF-2021-NAVIDAD.jpg","width":834,"height":834,"caption":"Sistema DIF Puerto Vallarta"},"image":{"@id":"https:\/\/difpuertovallarta.gob.mx\/cms\/#\/schema\/logo\/image\/"},"sameAs":["https:\/\/www.facebook.com\/sistemadifvallarta","https:\/\/x.com\/difvallarta"]}]}},"_links":{"self":[{"href":"https:\/\/difpuertovallarta.gob.mx\/cms\/wp-json\/wp\/v2\/pages\/6935","targetHints":{"allow":["GET"]}}],"collection":[{"href":"https:\/\/difpuertovallarta.gob.mx\/cms\/wp-json\/wp\/v2\/pages"}],"about":[{"href":"https:\/\/difpuertovallarta.gob.mx\/cms\/wp-json\/wp\/v2\/types\/page"}],"author":[{"embeddable":true,"href":"https:\/\/difpuertovallarta.gob.mx\/cms\/wp-json\/wp\/v2\/users\/1"}],"replies":[{"embeddable":true,"href":"https:\/\/difpuertovallarta.gob.mx\/cms\/wp-json\/wp\/v2\/comments?post=6935"}],"version-history":[{"count":8,"href":"https:\/\/difpuertovallarta.gob.mx\/cms\/wp-json\/wp\/v2\/pages\/6935\/revisions"}],"predecessor-version":[{"id":17343,"href":"https:\/\/difpuertovallarta.gob.mx\/cms\/wp-json\/wp\/v2\/pages\/6935\/revisions\/17343"}],"wp:attachment":[{"href":"https:\/\/difpuertovallarta.gob.mx\/cms\/wp-json\/wp\/v2\/media?parent=6935"}],"curies":[{"name":"wp","href":"https:\/\/api.w.org\/{rel}","templated":true}]}}