{"id":6924,"date":"2018-12-11T19:08:34","date_gmt":"2018-12-12T01:08:34","guid":{"rendered":"http:\/\/difpuertovallarta.gob.mx\/cms\/?page_id=6924"},"modified":"2023-07-10T14:26:08","modified_gmt":"2023-07-10T19:26:08","slug":"trabajo-social","status":"publish","type":"page","link":"https:\/\/difpuertovallarta.gob.mx\/cms\/trabajo-social\/","title":{"rendered":"SUBSIDIO Y APOYO A PERSONAS EN SITUACI\u00d3N DE VULNERABILIDAD TRANSITORIA (Trabajo social)"},"content":{"rendered":"<p>Este programa coadyuva a que las personas pertenecientes a grupos prioritarios con vulnerabilidad transitoria y que se encuentran en desigualdad de oportunidades puedan ser atendidos a la brevedad, reciban apoyos asistenciales y atenci\u00f3n integral, para su inclusi\u00f3n social y\/o mejora de sus condiciones de vida, a trav\u00e9s de cuatro modalidades:<\/p>\n<ol>\n<li><strong>Fortalecimiento Sociofamiliar<\/strong>, el primero ofrece una atenci\u00f3n integral a las familias que viven en condiciones de vulnerabilidad a causa de la insuficiencia de recurso econ\u00f3mico y redes sociales para que puedan cubrir sus necesidades b\u00e1sicas, a fin de fortalecer su bienestar social;<\/li>\n<li><strong>Casos Urgentes<\/strong>, que brinda atenci\u00f3n expedita y oportuna a las familias que presentan una contingencia personal, familiar o natural, otorgando apoyos y servicios asistenciales para que logren superar su necesidad apremiante, a fin de coadyuvar en su bienestar familiar;<\/li>\n<li><strong>Atenci\u00f3n a personas pertenecientes a grupos ind\u00edgenas<\/strong>, que brinda apoyo especial para las personas que pertenecen a una comunidad o pueblo ind\u00edgena y que se encuentran en desigualdad de oportunidades por ese hecho; y<\/li>\n<li><strong>Apoyo a personas en situaci\u00f3n de calle<\/strong>, coadyuvando en la instrumentaci\u00f3n, actualizaci\u00f3n, operaci\u00f3n, coordinaci\u00f3n y vigilancia del debido cumplimiento e intervenci\u00f3n del Organismo en las acciones, tareas y responsabilidades de atenci\u00f3n a personas en condiciones de vulnerabilidad por de calle en cualquiera de sus modalidades e impulsando programas y proyectos que permitan su reinserci\u00f3n familiar, el fortalecimiento del tejido social y fomentar la cultura de paz.<\/li>\n<\/ol>\n<p><strong>Requisitos y documentaci\u00f3n:<\/strong><\/p>\n<ul>\n<li>Valoraci\u00f3n socioecon\u00f3mica.<\/li>\n<li>Identificaci\u00f3n oficial.<\/li>\n<li>CURP.<\/li>\n<li>Comprobante de domicilio (actual).<\/li>\n<li>Tarjeta INAPAM o de discapacidad en caso de tenerla.<\/li>\n<li>Constancia m\u00e9dica (resumen o diagn\u00f3stico cl\u00ednico de IMSS o Secretar\u00eda de Salud).*<\/li>\n<\/ul>\n<p>*En caso de ser necesario por su situaci\u00f3n particular.<\/p>\n<p><strong>\u00a0<\/strong><\/p>\n<p><strong>Horario de atenci\u00f3n:<\/strong><\/p>\n<p>8:00 a.m. &#8211; 4:00 p.m. de lunes a\u00a0 viernes.<\/p>\n<p><strong>\u00a0<\/strong><strong>Datos de contacto y domicilio<\/strong>:<\/p>\n<p>Sistema DIF de Puerto Vallarta<\/p>\n<p>Av. paseo de las palmas s\/n Col. Barrio Santa Maria.<\/p>\n<p>Tel\u00e9fono: 3222259936 al 40 Ext. 157<\/p>\n<p><strong>Galer\u00eda<\/strong>:<\/p>\n\n","protected":false},"excerpt":{"rendered":"<p>Este programa coadyuva a que las personas pertenecientes a grupos prioritarios con vulnerabilidad transitoria y que se encuentran en desigualdad de oportunidades puedan ser atendidos a la brevedad, reciban apoyos asistenciales y atenci\u00f3n integral, para su inclusi\u00f3n social y\/o mejora de sus condiciones de vida, a trav\u00e9s de cuatro modalidades: Fortalecimiento Sociofamiliar, el primero ofrece [&hellip;]<\/p>\n","protected":false},"author":1,"featured_media":0,"parent":0,"menu_order":0,"comment_status":"closed","ping_status":"closed","template":"","meta":{"footnotes":""},"class_list":["post-6924","page","type-page","status-publish","czr-hentry"],"yoast_head":"<!-- This site is optimized with the Yoast SEO plugin v27.2 - https:\/\/yoast.com\/product\/yoast-seo-wordpress\/ -->\n<title>SUBSIDIO Y APOYO A PERSONAS EN SITUACI\u00d3N DE VULNERABILIDAD TRANSITORIA (Trabajo social) &#8226; DIF Puerto Vallarta<\/title>\n<meta name=\"description\" content=\"DIF Puerto Vallarta &#8226; Este programa coadyuva a que las personas pertenecientes a grupos prioritarios con vulnerabilidad transitoria y que se encuentran en desigualdad de\" \/>\n<meta name=\"robots\" content=\"index, follow, max-snippet:-1, max-image-preview:large, max-video-preview:-1\" \/>\n<link rel=\"canonical\" href=\"https:\/\/difpuertovallarta.gob.mx\/cms\/trabajo-social\/\" \/>\n<meta property=\"og:locale\" content=\"es_MX\" \/>\n<meta property=\"og:type\" content=\"article\" \/>\n<meta property=\"og:title\" content=\"SUBSIDIO Y APOYO A PERSONAS EN SITUACI\u00d3N DE VULNERABILIDAD TRANSITORIA (Trabajo social) &#8226; DIF Puerto Vallarta\" \/>\n<meta property=\"og:description\" content=\"DIF Puerto Vallarta &#8226; Este programa coadyuva a que las personas pertenecientes a grupos prioritarios con vulnerabilidad transitoria y que se encuentran en desigualdad de\" \/>\n<meta property=\"og:url\" content=\"https:\/\/difpuertovallarta.gob.mx\/cms\/trabajo-social\/\" \/>\n<meta property=\"og:site_name\" content=\"DIF Puerto Vallarta\" \/>\n<meta property=\"article:publisher\" content=\"https:\/\/www.facebook.com\/sistemadifvallarta\" \/>\n<meta property=\"article:modified_time\" content=\"2023-07-10T19:26:08+00:00\" \/>\n<meta name=\"twitter:card\" content=\"summary_large_image\" \/>\n<meta name=\"twitter:site\" content=\"@difvallarta\" \/>\n<meta name=\"twitter:label1\" content=\"Tiempo de lectura\" \/>\n\t<meta name=\"twitter:data1\" content=\"2 minutos\" \/>\n<script type=\"application\/ld+json\" class=\"yoast-schema-graph\">{\"@context\":\"https:\/\/schema.org\",\"@graph\":[{\"@type\":\"WebPage\",\"@id\":\"https:\/\/difpuertovallarta.gob.mx\/cms\/trabajo-social\/\",\"url\":\"https:\/\/difpuertovallarta.gob.mx\/cms\/trabajo-social\/\",\"name\":\"SUBSIDIO Y APOYO A PERSONAS EN SITUACI\u00d3N DE VULNERABILIDAD TRANSITORIA (Trabajo social) &#8226; DIF Puerto Vallarta\",\"isPartOf\":{\"@id\":\"https:\/\/difpuertovallarta.gob.mx\/cms\/#website\"},\"datePublished\":\"2018-12-12T01:08:34+00:00\",\"dateModified\":\"2023-07-10T19:26:08+00:00\",\"description\":\"DIF Puerto Vallarta &#8226; Este programa coadyuva a que las personas pertenecientes a grupos prioritarios con vulnerabilidad transitoria y que se encuentran en desigualdad de\",\"breadcrumb\":{\"@id\":\"https:\/\/difpuertovallarta.gob.mx\/cms\/trabajo-social\/#breadcrumb\"},\"inLanguage\":\"es\",\"potentialAction\":[{\"@type\":\"ReadAction\",\"target\":[\"https:\/\/difpuertovallarta.gob.mx\/cms\/trabajo-social\/\"]}]},{\"@type\":\"BreadcrumbList\",\"@id\":\"https:\/\/difpuertovallarta.gob.mx\/cms\/trabajo-social\/#breadcrumb\",\"itemListElement\":[{\"@type\":\"ListItem\",\"position\":1,\"name\":\"Inicio\",\"item\":\"https:\/\/difpuertovallarta.gob.mx\/cms\/\"},{\"@type\":\"ListItem\",\"position\":2,\"name\":\"SUBSIDIO Y APOYO A PERSONAS EN SITUACI\u00d3N DE VULNERABILIDAD TRANSITORIA (Trabajo social)\"}]},{\"@type\":\"WebSite\",\"@id\":\"https:\/\/difpuertovallarta.gob.mx\/cms\/#website\",\"url\":\"https:\/\/difpuertovallarta.gob.mx\/cms\/\",\"name\":\"DIF Puerto Vallarta\",\"description\":\"Sistema para el Desarrollo Integral de la Familia para el Municipio de Puerto Vallarta, Jalisco.\",\"publisher\":{\"@id\":\"https:\/\/difpuertovallarta.gob.mx\/cms\/#organization\"},\"potentialAction\":[{\"@type\":\"SearchAction\",\"target\":{\"@type\":\"EntryPoint\",\"urlTemplate\":\"https:\/\/difpuertovallarta.gob.mx\/cms\/?s={search_term_string}\"},\"query-input\":{\"@type\":\"PropertyValueSpecification\",\"valueRequired\":true,\"valueName\":\"search_term_string\"}}],\"inLanguage\":\"es\"},{\"@type\":\"Organization\",\"@id\":\"https:\/\/difpuertovallarta.gob.mx\/cms\/#organization\",\"name\":\"Sistema DIF Puerto Vallarta\",\"url\":\"https:\/\/difpuertovallarta.gob.mx\/cms\/\",\"logo\":{\"@type\":\"ImageObject\",\"inLanguage\":\"es\",\"@id\":\"https:\/\/difpuertovallarta.gob.mx\/cms\/#\/schema\/logo\/image\/\",\"url\":\"http:\/\/difpuertovallarta.gob.mx\/cms\/wp-content\/uploads\/2018\/12\/LOGO-DIF-2021-NAVIDAD.jpg\",\"contentUrl\":\"http:\/\/difpuertovallarta.gob.mx\/cms\/wp-content\/uploads\/2018\/12\/LOGO-DIF-2021-NAVIDAD.jpg\",\"width\":834,\"height\":834,\"caption\":\"Sistema DIF Puerto Vallarta\"},\"image\":{\"@id\":\"https:\/\/difpuertovallarta.gob.mx\/cms\/#\/schema\/logo\/image\/\"},\"sameAs\":[\"https:\/\/www.facebook.com\/sistemadifvallarta\",\"https:\/\/x.com\/difvallarta\"]}]}<\/script>\n<!-- \/ Yoast SEO plugin. -->","yoast_head_json":{"title":"SUBSIDIO Y APOYO A PERSONAS EN SITUACI\u00d3N DE VULNERABILIDAD TRANSITORIA (Trabajo social) &#8226; DIF Puerto Vallarta","description":"DIF Puerto Vallarta &#8226; Este programa coadyuva a que las personas pertenecientes a grupos prioritarios con vulnerabilidad transitoria y que se encuentran en desigualdad de","robots":{"index":"index","follow":"follow","max-snippet":"max-snippet:-1","max-image-preview":"max-image-preview:large","max-video-preview":"max-video-preview:-1"},"canonical":"https:\/\/difpuertovallarta.gob.mx\/cms\/trabajo-social\/","og_locale":"es_MX","og_type":"article","og_title":"SUBSIDIO Y APOYO A PERSONAS EN SITUACI\u00d3N DE VULNERABILIDAD TRANSITORIA (Trabajo social) &#8226; DIF Puerto Vallarta","og_description":"DIF Puerto Vallarta &#8226; Este programa coadyuva a que las personas pertenecientes a grupos prioritarios con vulnerabilidad transitoria y que se encuentran en desigualdad de","og_url":"https:\/\/difpuertovallarta.gob.mx\/cms\/trabajo-social\/","og_site_name":"DIF Puerto Vallarta","article_publisher":"https:\/\/www.facebook.com\/sistemadifvallarta","article_modified_time":"2023-07-10T19:26:08+00:00","twitter_card":"summary_large_image","twitter_site":"@difvallarta","twitter_misc":{"Tiempo de lectura":"2 minutos"},"schema":{"@context":"https:\/\/schema.org","@graph":[{"@type":"WebPage","@id":"https:\/\/difpuertovallarta.gob.mx\/cms\/trabajo-social\/","url":"https:\/\/difpuertovallarta.gob.mx\/cms\/trabajo-social\/","name":"SUBSIDIO Y APOYO A PERSONAS EN SITUACI\u00d3N DE VULNERABILIDAD TRANSITORIA (Trabajo social) &#8226; DIF Puerto Vallarta","isPartOf":{"@id":"https:\/\/difpuertovallarta.gob.mx\/cms\/#website"},"datePublished":"2018-12-12T01:08:34+00:00","dateModified":"2023-07-10T19:26:08+00:00","description":"DIF Puerto Vallarta &#8226; Este programa coadyuva a que las personas pertenecientes a grupos prioritarios con vulnerabilidad transitoria y que se encuentran en desigualdad de","breadcrumb":{"@id":"https:\/\/difpuertovallarta.gob.mx\/cms\/trabajo-social\/#breadcrumb"},"inLanguage":"es","potentialAction":[{"@type":"ReadAction","target":["https:\/\/difpuertovallarta.gob.mx\/cms\/trabajo-social\/"]}]},{"@type":"BreadcrumbList","@id":"https:\/\/difpuertovallarta.gob.mx\/cms\/trabajo-social\/#breadcrumb","itemListElement":[{"@type":"ListItem","position":1,"name":"Inicio","item":"https:\/\/difpuertovallarta.gob.mx\/cms\/"},{"@type":"ListItem","position":2,"name":"SUBSIDIO Y APOYO A PERSONAS EN SITUACI\u00d3N DE VULNERABILIDAD TRANSITORIA (Trabajo social)"}]},{"@type":"WebSite","@id":"https:\/\/difpuertovallarta.gob.mx\/cms\/#website","url":"https:\/\/difpuertovallarta.gob.mx\/cms\/","name":"DIF Puerto Vallarta","description":"Sistema para el Desarrollo Integral de la Familia para el Municipio de Puerto Vallarta, Jalisco.","publisher":{"@id":"https:\/\/difpuertovallarta.gob.mx\/cms\/#organization"},"potentialAction":[{"@type":"SearchAction","target":{"@type":"EntryPoint","urlTemplate":"https:\/\/difpuertovallarta.gob.mx\/cms\/?s={search_term_string}"},"query-input":{"@type":"PropertyValueSpecification","valueRequired":true,"valueName":"search_term_string"}}],"inLanguage":"es"},{"@type":"Organization","@id":"https:\/\/difpuertovallarta.gob.mx\/cms\/#organization","name":"Sistema DIF Puerto Vallarta","url":"https:\/\/difpuertovallarta.gob.mx\/cms\/","logo":{"@type":"ImageObject","inLanguage":"es","@id":"https:\/\/difpuertovallarta.gob.mx\/cms\/#\/schema\/logo\/image\/","url":"http:\/\/difpuertovallarta.gob.mx\/cms\/wp-content\/uploads\/2018\/12\/LOGO-DIF-2021-NAVIDAD.jpg","contentUrl":"http:\/\/difpuertovallarta.gob.mx\/cms\/wp-content\/uploads\/2018\/12\/LOGO-DIF-2021-NAVIDAD.jpg","width":834,"height":834,"caption":"Sistema DIF Puerto Vallarta"},"image":{"@id":"https:\/\/difpuertovallarta.gob.mx\/cms\/#\/schema\/logo\/image\/"},"sameAs":["https:\/\/www.facebook.com\/sistemadifvallarta","https:\/\/x.com\/difvallarta"]}]}},"_links":{"self":[{"href":"https:\/\/difpuertovallarta.gob.mx\/cms\/wp-json\/wp\/v2\/pages\/6924","targetHints":{"allow":["GET"]}}],"collection":[{"href":"https:\/\/difpuertovallarta.gob.mx\/cms\/wp-json\/wp\/v2\/pages"}],"about":[{"href":"https:\/\/difpuertovallarta.gob.mx\/cms\/wp-json\/wp\/v2\/types\/page"}],"author":[{"embeddable":true,"href":"https:\/\/difpuertovallarta.gob.mx\/cms\/wp-json\/wp\/v2\/users\/1"}],"replies":[{"embeddable":true,"href":"https:\/\/difpuertovallarta.gob.mx\/cms\/wp-json\/wp\/v2\/comments?post=6924"}],"version-history":[{"count":1,"href":"https:\/\/difpuertovallarta.gob.mx\/cms\/wp-json\/wp\/v2\/pages\/6924\/revisions"}],"predecessor-version":[{"id":6925,"href":"https:\/\/difpuertovallarta.gob.mx\/cms\/wp-json\/wp\/v2\/pages\/6924\/revisions\/6925"}],"wp:attachment":[{"href":"https:\/\/difpuertovallarta.gob.mx\/cms\/wp-json\/wp\/v2\/media?parent=6924"}],"curies":[{"name":"wp","href":"https:\/\/api.w.org\/{rel}","templated":true}]}}