{"id":6915,"date":"2018-12-11T18:57:56","date_gmt":"2018-12-12T00:57:56","guid":{"rendered":"http:\/\/difpuertovallarta.gob.mx\/cms\/?page_id=6915"},"modified":"2018-12-11T19:01:23","modified_gmt":"2018-12-12T01:01:23","slug":"ugs","status":"publish","type":"page","link":"https:\/\/difpuertovallarta.gob.mx\/cms\/ugs\/","title":{"rendered":"Programa de Vinculaci\u00f3n Universidad, Gobierno y Sociedad UGS"},"content":{"rendered":"<div id=\"pl-6915\"  class=\"panel-layout\" >\n<div id=\"pg-6915-0\"  class=\"panel-grid panel-no-style\" >\n<div id=\"pgc-6915-0-0\"  class=\"panel-grid-cell\"  data-weight=\"1\" >\n<div id=\"panel-6915-0-0-0\" class=\"so-panel widget widget_sow-editor panel-first-child\" data-index=\"0\" >\n<div class=\"so-widget-sow-editor so-widget-sow-editor-base\">\n<div class=\"siteorigin-widget-tinymce textwidget\">\n<p>Programa de atenci\u00f3n para el desarrollo de la poblaci\u00f3n que habita la colonia Mojoneras y aleda\u00f1as, conformado por el Sistema DIF Municipal, las universidades CUC y UNIVA y el gobierno municipal.<\/p>\n<p>\u00a0<\/p>\n<\/div>\n<\/div>\n<\/div>\n<div id=\"panel-6915-0-0-1\" class=\"so-panel widget widget_black-studio-tinymce widget_black_studio_tinymce panel-last-child\" data-index=\"1\" data-style=\"{&quot;background_image_attachment&quot;:false,&quot;background_display&quot;:&quot;tile&quot;,&quot;iw-visible-screen&quot;:&quot;iw-all&quot;,&quot;iw-visible-layout&quot;:&quot;iw-all&quot;}\" >\n<h3 class=\"widget-title\">Actividades<\/h3>\n<div class=\"textwidget\">\n<ul>\n<li>Asesor\u00eda Nutricional<\/li>\n<li>Asesor\u00eda Psicol\u00f3gica<\/li>\n<\/ul>\n<p><strong>Talleres<\/strong>:<\/div>\n<\/div>\n<\/div>\n<\/div>\n<div id=\"pg-6915-1\"  class=\"panel-grid panel-no-style\"  data-style=\"{&quot;background_image_attachment&quot;:false,&quot;background_display&quot;:&quot;tile&quot;,&quot;cell_alignment&quot;:&quot;flex-start&quot;,&quot;iw-visible-screen&quot;:&quot;iw-all&quot;,&quot;iw-visible-layout&quot;:&quot;iw-all&quot;}\" >\n<div id=\"pgc-6915-1-0\"  class=\"panel-grid-cell\"  data-weight=\"0.5\" >\n<div id=\"panel-6915-1-0-0\" class=\"so-panel widget widget_black-studio-tinymce widget_black_studio_tinymce panel-first-child panel-last-child\" data-index=\"2\" data-style=\"{&quot;background_image_attachment&quot;:false,&quot;background_display&quot;:&quot;tile&quot;,&quot;iw-visible-screen&quot;:&quot;iw-all&quot;,&quot;iw-visible-layout&quot;:&quot;iw-all&quot;}\" >\n<div class=\"textwidget\">\n<ul>\n<li>Deporte (ni\u00f1os)<\/li>\n<li>Cursos de Computaci\u00f3n (ni\u00f1os)<\/li>\n<li>Taller de Manualidades (ni\u00f1os)<\/li>\n<li>Taller de Lectura (ni\u00f1os)<\/li>\n<\/ul>\n<\/div>\n<\/div>\n<\/div>\n<div id=\"pgc-6915-1-1\"  class=\"panel-grid-cell\"  data-weight=\"0.5\" >\n<div id=\"panel-6915-1-1-0\" class=\"so-panel widget widget_black-studio-tinymce widget_black_studio_tinymce panel-first-child panel-last-child\" data-index=\"3\" data-style=\"{&quot;background_image_attachment&quot;:false,&quot;background_display&quot;:&quot;tile&quot;,&quot;iw-visible-screen&quot;:&quot;iw-all&quot;,&quot;iw-visible-layout&quot;:&quot;iw-all&quot;}\" >\n<div class=\"textwidget\">\n<ul>\n<li>Clases Velas, Jabones y mu\u00f1ecos de tela \u00a0(adultos)<\/li>\n<li>Cursos de Masaje (adultos)<\/li>\n<li>Clases de Reposter\u00eda (ni\u00f1os y adultos)<\/li>\n<li>Clases de Computaci\u00f3n (ni\u00f1os y adultos)<\/li>\n<\/ul>\n<\/div>\n<\/div>\n<\/div>\n<\/div>\n<div id=\"pg-6915-2\"  class=\"panel-grid panel-no-style\"  data-style=\"{&quot;background_image_attachment&quot;:false,&quot;background_display&quot;:&quot;tile&quot;,&quot;cell_alignment&quot;:&quot;flex-start&quot;,&quot;iw-visible-screen&quot;:&quot;iw-all&quot;,&quot;iw-visible-layout&quot;:&quot;iw-all&quot;}\"  data-ratio=\"1\"  data-ratio-direction=\"right\" >\n<div id=\"pgc-6915-2-0\"  class=\"panel-grid-cell\"  data-weight=\"1\" >\n<div id=\"panel-6915-2-0-0\" class=\"so-panel widget widget_media_gallery panel-first-child\" data-index=\"4\" data-style=\"{&quot;background_image_attachment&quot;:false,&quot;background_display&quot;:&quot;tile&quot;,&quot;iw-visible-screen&quot;:&quot;iw-all&quot;,&quot;iw-visible-layout&quot;:&quot;iw-all&quot;}\" >[siteorigin_widget class=&#8221;WP_Widget_Media_Gallery&#8221;]<input type=\"hidden\" value=\"{&quot;instance&quot;:{&quot;title&quot;:&quot;Galer\\u00eda&quot;,&quot;ids&quot;:[6790,6787,6786,6179,6176,5621,5617,5391,5392,5395,4093,4095,4196,3649,3651,2949],&quot;columns&quot;:4,&quot;size&quot;:&quot;thumbnail&quot;,&quot;link_type&quot;:&quot;file&quot;,&quot;orderby_random&quot;:false,&quot;id&quot;:&quot;media_gallery-691510004&quot;,&quot;option_name&quot;:&quot;widget_media_gallery&quot;},&quot;args&quot;:{&quot;before_widget&quot;:&quot;&lt;div id=\\&quot;panel-6915-2-0-0\\&quot; class=\\&quot;so-panel widget widget_media_gallery panel-first-child\\&quot; data-index=\\&quot;4\\&quot; data-style=\\&quot;{&amp;quot;background_image_attachment&amp;quot;:false,&amp;quot;background_display&amp;quot;:&amp;quot;tile&amp;quot;,&amp;quot;iw-visible-screen&amp;quot;:&amp;quot;iw-all&amp;quot;,&amp;quot;iw-visible-layout&amp;quot;:&amp;quot;iw-all&amp;quot;}\\&quot; &gt;&quot;,&quot;after_widget&quot;:&quot;&lt;\\\/div&gt;&quot;,&quot;before_title&quot;:&quot;&lt;h3 class=\\&quot;widget-title\\&quot;&gt;&quot;,&quot;after_title&quot;:&quot;&lt;\\\/h3&gt;&quot;,&quot;widget_id&quot;:&quot;widget-2-0-0&quot;}}\" \/>[\/siteorigin_widget]<\/div>\n<div id=\"panel-6915-2-0-1\" class=\"so-panel widget widget_wpgmp_google_map_widget_class panel-last-child\" data-index=\"5\" data-style=\"{&quot;background_image_attachment&quot;:false,&quot;background_display&quot;:&quot;tile&quot;,&quot;iw-visible-screen&quot;:&quot;iw-all&quot;,&quot;iw-visible-layout&quot;:&quot;iw-all&quot;}\" >[siteorigin_widget class=&#8221;WPGMP_Google_Map_Widget_Class&#8221;]<input type=\"hidden\" value=\"{&quot;instance&quot;:{&quot;map_title&quot;:&quot;Ubicaci\\u00f3n&quot;,&quot;map_id&quot;:&quot;14&quot;,&quot;id&quot;:&quot;wpgmp_google_map_widget_class-691510005&quot;,&quot;option_name&quot;:&quot;widget_wpgmp_google_map_widget_class&quot;},&quot;args&quot;:{&quot;before_widget&quot;:&quot;&lt;div id=\\&quot;panel-6915-2-0-1\\&quot; class=\\&quot;so-panel widget widget_wpgmp_google_map_widget_class panel-last-child\\&quot; data-index=\\&quot;5\\&quot; data-style=\\&quot;{&amp;quot;background_image_attachment&amp;quot;:false,&amp;quot;background_display&amp;quot;:&amp;quot;tile&amp;quot;,&amp;quot;iw-visible-screen&amp;quot;:&amp;quot;iw-all&amp;quot;,&amp;quot;iw-visible-layout&amp;quot;:&amp;quot;iw-all&amp;quot;}\\&quot; &gt;&quot;,&quot;after_widget&quot;:&quot;&lt;\\\/div&gt;&quot;,&quot;before_title&quot;:&quot;&lt;h3 class=\\&quot;widget-title\\&quot;&gt;&quot;,&quot;after_title&quot;:&quot;&lt;\\\/h3&gt;&quot;,&quot;widget_id&quot;:&quot;widget-2-0-1&quot;}}\" \/>[\/siteorigin_widget]<\/div>\n<\/div>\n<\/div>\n<\/div>\n","protected":false},"excerpt":{"rendered":"<p>Programa de atenci\u00f3n para el desarrollo de la poblaci\u00f3n que habita la colonia Mojoneras y aleda\u00f1as, conformado por el Sistema DIF Municipal, las universidades CUC y UNIVA y el gobierno municipal. \u00a0 Actividades Asesor\u00eda Nutricional Asesor\u00eda Psicol\u00f3gica Talleres: Deporte (ni\u00f1os) Cursos de Computaci\u00f3n (ni\u00f1os) Taller de Manualidades (ni\u00f1os) Taller de Lectura (ni\u00f1os) Clases Velas, Jabones [&hellip;]<\/p>\n","protected":false},"author":1,"featured_media":0,"parent":0,"menu_order":0,"comment_status":"closed","ping_status":"closed","template":"","meta":{"footnotes":""},"class_list":["post-6915","page","type-page","status-publish","czr-hentry"],"yoast_head":"<!-- This site is optimized with the Yoast SEO plugin v27.5 - https:\/\/yoast.com\/product\/yoast-seo-wordpress\/ -->\n<title>Programa de Vinculaci\u00f3n Universidad, Gobierno y Sociedad UGS &#8226; DIF Puerto Vallarta<\/title>\n<meta name=\"description\" content=\"DIF Puerto Vallarta &#8226; Programa de atenci\u00f3n para el desarrollo de la poblaci\u00f3n que habita la colonia Mojoneras y aleda\u00f1as, conformado por el Sistema DIF Municipal, las\" \/>\n<meta name=\"robots\" content=\"index, follow, max-snippet:-1, max-image-preview:large, max-video-preview:-1\" \/>\n<link rel=\"canonical\" href=\"https:\/\/difpuertovallarta.gob.mx\/cms\/ugs\/\" \/>\n<meta property=\"og:locale\" content=\"es_MX\" \/>\n<meta property=\"og:type\" content=\"article\" \/>\n<meta property=\"og:title\" content=\"Programa de Vinculaci\u00f3n Universidad, Gobierno y Sociedad UGS &#8226; DIF Puerto Vallarta\" \/>\n<meta property=\"og:description\" content=\"DIF Puerto Vallarta &#8226; Programa de atenci\u00f3n para el desarrollo de la poblaci\u00f3n que habita la colonia Mojoneras y aleda\u00f1as, conformado por el Sistema DIF Municipal, las\" \/>\n<meta property=\"og:url\" content=\"https:\/\/difpuertovallarta.gob.mx\/cms\/ugs\/\" \/>\n<meta property=\"og:site_name\" content=\"DIF Puerto Vallarta\" \/>\n<meta property=\"article:publisher\" content=\"https:\/\/www.facebook.com\/sistemadifvallarta\" \/>\n<meta property=\"article:modified_time\" content=\"2018-12-12T01:01:23+00:00\" \/>\n<meta name=\"twitter:card\" content=\"summary_large_image\" \/>\n<meta name=\"twitter:site\" content=\"@difvallarta\" \/>\n<meta name=\"twitter:label1\" content=\"Tiempo de lectura\" \/>\n\t<meta name=\"twitter:data1\" content=\"1 minuto\" \/>\n<script type=\"application\/ld+json\" class=\"yoast-schema-graph\">{\"@context\":\"https:\\\/\\\/schema.org\",\"@graph\":[{\"@type\":\"WebPage\",\"@id\":\"https:\\\/\\\/difpuertovallarta.gob.mx\\\/cms\\\/ugs\\\/\",\"url\":\"https:\\\/\\\/difpuertovallarta.gob.mx\\\/cms\\\/ugs\\\/\",\"name\":\"Programa de Vinculaci\u00f3n Universidad, Gobierno y Sociedad UGS &#8226; DIF Puerto Vallarta\",\"isPartOf\":{\"@id\":\"https:\\\/\\\/difpuertovallarta.gob.mx\\\/cms\\\/#website\"},\"datePublished\":\"2018-12-12T00:57:56+00:00\",\"dateModified\":\"2018-12-12T01:01:23+00:00\",\"description\":\"DIF Puerto Vallarta &#8226; Programa de atenci\u00f3n para el desarrollo de la poblaci\u00f3n que habita la colonia Mojoneras y aleda\u00f1as, conformado por el Sistema DIF Municipal, las\",\"breadcrumb\":{\"@id\":\"https:\\\/\\\/difpuertovallarta.gob.mx\\\/cms\\\/ugs\\\/#breadcrumb\"},\"inLanguage\":\"es\",\"potentialAction\":[{\"@type\":\"ReadAction\",\"target\":[\"https:\\\/\\\/difpuertovallarta.gob.mx\\\/cms\\\/ugs\\\/\"]}]},{\"@type\":\"BreadcrumbList\",\"@id\":\"https:\\\/\\\/difpuertovallarta.gob.mx\\\/cms\\\/ugs\\\/#breadcrumb\",\"itemListElement\":[{\"@type\":\"ListItem\",\"position\":1,\"name\":\"Inicio\",\"item\":\"https:\\\/\\\/difpuertovallarta.gob.mx\\\/cms\\\/\"},{\"@type\":\"ListItem\",\"position\":2,\"name\":\"Programa de Vinculaci\u00f3n Universidad, Gobierno y Sociedad UGS\"}]},{\"@type\":\"WebSite\",\"@id\":\"https:\\\/\\\/difpuertovallarta.gob.mx\\\/cms\\\/#website\",\"url\":\"https:\\\/\\\/difpuertovallarta.gob.mx\\\/cms\\\/\",\"name\":\"DIF Puerto Vallarta\",\"description\":\"Sistema para el Desarrollo Integral de la Familia para el Municipio de Puerto Vallarta, Jalisco.\",\"publisher\":{\"@id\":\"https:\\\/\\\/difpuertovallarta.gob.mx\\\/cms\\\/#organization\"},\"potentialAction\":[{\"@type\":\"SearchAction\",\"target\":{\"@type\":\"EntryPoint\",\"urlTemplate\":\"https:\\\/\\\/difpuertovallarta.gob.mx\\\/cms\\\/?s={search_term_string}\"},\"query-input\":{\"@type\":\"PropertyValueSpecification\",\"valueRequired\":true,\"valueName\":\"search_term_string\"}}],\"inLanguage\":\"es\"},{\"@type\":\"Organization\",\"@id\":\"https:\\\/\\\/difpuertovallarta.gob.mx\\\/cms\\\/#organization\",\"name\":\"Sistema DIF Puerto Vallarta\",\"url\":\"https:\\\/\\\/difpuertovallarta.gob.mx\\\/cms\\\/\",\"logo\":{\"@type\":\"ImageObject\",\"inLanguage\":\"es\",\"@id\":\"https:\\\/\\\/difpuertovallarta.gob.mx\\\/cms\\\/#\\\/schema\\\/logo\\\/image\\\/\",\"url\":\"http:\\\/\\\/difpuertovallarta.gob.mx\\\/cms\\\/wp-content\\\/uploads\\\/2018\\\/12\\\/LOGO-DIF-2021-NAVIDAD.jpg\",\"contentUrl\":\"http:\\\/\\\/difpuertovallarta.gob.mx\\\/cms\\\/wp-content\\\/uploads\\\/2018\\\/12\\\/LOGO-DIF-2021-NAVIDAD.jpg\",\"width\":834,\"height\":834,\"caption\":\"Sistema DIF Puerto Vallarta\"},\"image\":{\"@id\":\"https:\\\/\\\/difpuertovallarta.gob.mx\\\/cms\\\/#\\\/schema\\\/logo\\\/image\\\/\"},\"sameAs\":[\"https:\\\/\\\/www.facebook.com\\\/sistemadifvallarta\",\"https:\\\/\\\/x.com\\\/difvallarta\"]}]}<\/script>\n<!-- \/ Yoast SEO plugin. -->","yoast_head_json":{"title":"Programa de Vinculaci\u00f3n Universidad, Gobierno y Sociedad UGS &#8226; DIF Puerto Vallarta","description":"DIF Puerto Vallarta &#8226; Programa de atenci\u00f3n para el desarrollo de la poblaci\u00f3n que habita la colonia Mojoneras y aleda\u00f1as, conformado por el Sistema DIF Municipal, las","robots":{"index":"index","follow":"follow","max-snippet":"max-snippet:-1","max-image-preview":"max-image-preview:large","max-video-preview":"max-video-preview:-1"},"canonical":"https:\/\/difpuertovallarta.gob.mx\/cms\/ugs\/","og_locale":"es_MX","og_type":"article","og_title":"Programa de Vinculaci\u00f3n Universidad, Gobierno y Sociedad UGS &#8226; DIF Puerto Vallarta","og_description":"DIF Puerto Vallarta &#8226; Programa de atenci\u00f3n para el desarrollo de la poblaci\u00f3n que habita la colonia Mojoneras y aleda\u00f1as, conformado por el Sistema DIF Municipal, las","og_url":"https:\/\/difpuertovallarta.gob.mx\/cms\/ugs\/","og_site_name":"DIF Puerto Vallarta","article_publisher":"https:\/\/www.facebook.com\/sistemadifvallarta","article_modified_time":"2018-12-12T01:01:23+00:00","twitter_card":"summary_large_image","twitter_site":"@difvallarta","twitter_misc":{"Tiempo de lectura":"1 minuto"},"schema":{"@context":"https:\/\/schema.org","@graph":[{"@type":"WebPage","@id":"https:\/\/difpuertovallarta.gob.mx\/cms\/ugs\/","url":"https:\/\/difpuertovallarta.gob.mx\/cms\/ugs\/","name":"Programa de Vinculaci\u00f3n Universidad, Gobierno y Sociedad UGS &#8226; DIF Puerto Vallarta","isPartOf":{"@id":"https:\/\/difpuertovallarta.gob.mx\/cms\/#website"},"datePublished":"2018-12-12T00:57:56+00:00","dateModified":"2018-12-12T01:01:23+00:00","description":"DIF Puerto Vallarta &#8226; Programa de atenci\u00f3n para el desarrollo de la poblaci\u00f3n que habita la colonia Mojoneras y aleda\u00f1as, conformado por el Sistema DIF Municipal, las","breadcrumb":{"@id":"https:\/\/difpuertovallarta.gob.mx\/cms\/ugs\/#breadcrumb"},"inLanguage":"es","potentialAction":[{"@type":"ReadAction","target":["https:\/\/difpuertovallarta.gob.mx\/cms\/ugs\/"]}]},{"@type":"BreadcrumbList","@id":"https:\/\/difpuertovallarta.gob.mx\/cms\/ugs\/#breadcrumb","itemListElement":[{"@type":"ListItem","position":1,"name":"Inicio","item":"https:\/\/difpuertovallarta.gob.mx\/cms\/"},{"@type":"ListItem","position":2,"name":"Programa de Vinculaci\u00f3n Universidad, Gobierno y Sociedad UGS"}]},{"@type":"WebSite","@id":"https:\/\/difpuertovallarta.gob.mx\/cms\/#website","url":"https:\/\/difpuertovallarta.gob.mx\/cms\/","name":"DIF Puerto Vallarta","description":"Sistema para el Desarrollo Integral de la Familia para el Municipio de Puerto Vallarta, Jalisco.","publisher":{"@id":"https:\/\/difpuertovallarta.gob.mx\/cms\/#organization"},"potentialAction":[{"@type":"SearchAction","target":{"@type":"EntryPoint","urlTemplate":"https:\/\/difpuertovallarta.gob.mx\/cms\/?s={search_term_string}"},"query-input":{"@type":"PropertyValueSpecification","valueRequired":true,"valueName":"search_term_string"}}],"inLanguage":"es"},{"@type":"Organization","@id":"https:\/\/difpuertovallarta.gob.mx\/cms\/#organization","name":"Sistema DIF Puerto Vallarta","url":"https:\/\/difpuertovallarta.gob.mx\/cms\/","logo":{"@type":"ImageObject","inLanguage":"es","@id":"https:\/\/difpuertovallarta.gob.mx\/cms\/#\/schema\/logo\/image\/","url":"http:\/\/difpuertovallarta.gob.mx\/cms\/wp-content\/uploads\/2018\/12\/LOGO-DIF-2021-NAVIDAD.jpg","contentUrl":"http:\/\/difpuertovallarta.gob.mx\/cms\/wp-content\/uploads\/2018\/12\/LOGO-DIF-2021-NAVIDAD.jpg","width":834,"height":834,"caption":"Sistema DIF Puerto Vallarta"},"image":{"@id":"https:\/\/difpuertovallarta.gob.mx\/cms\/#\/schema\/logo\/image\/"},"sameAs":["https:\/\/www.facebook.com\/sistemadifvallarta","https:\/\/x.com\/difvallarta"]}]}},"_links":{"self":[{"href":"https:\/\/difpuertovallarta.gob.mx\/cms\/wp-json\/wp\/v2\/pages\/6915","targetHints":{"allow":["GET"]}}],"collection":[{"href":"https:\/\/difpuertovallarta.gob.mx\/cms\/wp-json\/wp\/v2\/pages"}],"about":[{"href":"https:\/\/difpuertovallarta.gob.mx\/cms\/wp-json\/wp\/v2\/types\/page"}],"author":[{"embeddable":true,"href":"https:\/\/difpuertovallarta.gob.mx\/cms\/wp-json\/wp\/v2\/users\/1"}],"replies":[{"embeddable":true,"href":"https:\/\/difpuertovallarta.gob.mx\/cms\/wp-json\/wp\/v2\/comments?post=6915"}],"version-history":[{"count":7,"href":"https:\/\/difpuertovallarta.gob.mx\/cms\/wp-json\/wp\/v2\/pages\/6915\/revisions"}],"predecessor-version":[{"id":6922,"href":"https:\/\/difpuertovallarta.gob.mx\/cms\/wp-json\/wp\/v2\/pages\/6915\/revisions\/6922"}],"wp:attachment":[{"href":"https:\/\/difpuertovallarta.gob.mx\/cms\/wp-json\/wp\/v2\/media?parent=6915"}],"curies":[{"name":"wp","href":"https:\/\/api.w.org\/{rel}","templated":true}]}}