{"id":6912,"date":"2018-12-11T18:38:42","date_gmt":"2018-12-12T00:38:42","guid":{"rendered":"http:\/\/difpuertovallarta.gob.mx\/cms\/?page_id=6912"},"modified":"2024-11-12T13:05:28","modified_gmt":"2024-11-12T19:05:28","slug":"paid","status":"publish","type":"page","link":"https:\/\/difpuertovallarta.gob.mx\/cms\/paid\/","title":{"rendered":"PROGRAMA DE ATENCI\u00d3N INTEGRAL A PERSONAS CON DISCAPACIDAD (PAID)"},"content":{"rendered":"<p>Este programa fomenta la integraci\u00f3n social plena de las personas con discapacidad o en riesgo de padecerla, fortaleciendo y ampliando la promoci\u00f3n de oportunidades, servicios, recursos y estrategias para el desarrollo, educaci\u00f3n, inter\u00e9s y bienestar personal que favorecen el funcionamiento individual para su inclusi\u00f3n social y bienestar familiar, con Acciones Afirmativas, Ayudas T\u00e9cnicas, sociales, culturales y recreativas que permitan prevenir y atender a personas con discapacidad, lo anterior en el marco de las atribuciones que le confieran la Ley de la materia.<\/p>\n<p><strong>Servicios:<\/strong><\/p>\n<ul>\n<li>Curso de Braille.<\/li>\n<li>Curso de Orientaci\u00f3n y movilidad (Personas con discapacidad visual).<\/li>\n<li>Curso de Tecnolog\u00eda Adaptada (Personas con discapacidad visual).<\/li>\n<li>Donaci\u00f3n de Bast\u00f3n Blanco.<\/li>\n<li>Reparaci\u00f3n de sillas de ruedas y mantenimiento de aparatos ortop\u00e9dicos.<\/li>\n<li>Donaci\u00f3n de aparatos ortop\u00e9dicos.<\/li>\n<li>Curso de Lengua de Se\u00f1as Mexicana<\/li>\n<li>Asesor\u00edas escolares en Lengua de Se\u00f1as Mexicanas.<\/li>\n<li>Actividades l\u00fadicas-culturales.<\/li>\n<li>Actividades deportivas recreativas, encuentro con delfines, surf adaptado para personas con discapacidad.<\/li>\n<li>Derivaciones a la Unidad Regional de Rehabilitaci\u00f3n.<\/li>\n<\/ul>\n<p><strong>Documentaci\u00f3n requerida para solicitar aparatos ortop\u00e9dicos:<\/strong><\/p>\n<ul>\n<li>Identificaci\u00f3n oficial.<\/li>\n<li>CURP.<\/li>\n<li>Acta de nacimiento.<\/li>\n<li>Comprobante de domicilio (actual).<\/li>\n<li>Constancia m\u00e9dica (resumen cl\u00ednico de IMSS o Secretar\u00eda de Salud).<\/li>\n<li>Fotograf\u00eda de cuerpo completo.<\/li>\n<\/ul>\n<p><strong>Datos de contacto y domicilio:<\/strong><\/p>\n<p>Calle Av. Paseo de las Palmas s\/n Colonia Barrio Santa Mar\u00eda<\/p>\n<p>Tel\u00e9fono 322 22 5 9936<\/p>\n<p>Correo electr\u00f3nico: paid@difpuertovallarta.gob.mx<\/p>\n<div id='gallery-1' class='czr-gallery row flex-row czr-gallery-style gallery galleryid-6912 gallery-columns-4 gallery-size-thumbnail'><figure class='gallery-item col col-auto'>\r\n                        <div class='gallery-icon landscape czr-gallery-icon'>\r\n                              <a data-lb-type=\"grouped-gallery\" href=https:\/\/difpuertovallarta.gob.mx\/cms\/wp-content\/uploads\/2018\/04\/COMUNICADO-2644-DIF-World-Acceso-Proyect-entrega-sillas-de-ruedas-6-1.jpg class=\"bg-link\"><\/a><img decoding=\"async\" width=\"150\" height=\"150\" src=\"https:\/\/difpuertovallarta.gob.mx\/cms\/wp-content\/uploads\/2018\/04\/COMUNICADO-2644-DIF-World-Acceso-Proyect-entrega-sillas-de-ruedas-6-1-150x150.jpg\" class=\"attachment-thumbnail size-thumbnail no-lazy\" alt=\"\" sizes=\"(min-width: 1200px) 255px, (min-width: 992px) 210px, (min-width: 768px) 150px, (min-width: 576px) 105px, calc( 50vw - 30px )\" srcset=\"https:\/\/difpuertovallarta.gob.mx\/cms\/wp-content\/uploads\/2018\/04\/COMUNICADO-2644-DIF-World-Acceso-Proyect-entrega-sillas-de-ruedas-6-1-150x150.jpg 150w, https:\/\/difpuertovallarta.gob.mx\/cms\/wp-content\/uploads\/2018\/04\/COMUNICADO-2644-DIF-World-Acceso-Proyect-entrega-sillas-de-ruedas-6-1-2x1.jpg 2w\" \/>\r\n                        <\/div><\/figure><figure class='gallery-item col col-auto'>\r\n                        <div class='gallery-icon landscape czr-gallery-icon'>\r\n                              <a data-lb-type=\"grouped-gallery\" href=https:\/\/difpuertovallarta.gob.mx\/cms\/wp-content\/uploads\/2018\/04\/COMUNICADO-2644-DIF-World-Acceso-Proyect-entrega-sillas-de-ruedas-1-e1524846505317.jpg class=\"bg-link\"><\/a><img decoding=\"async\" width=\"150\" height=\"150\" src=\"https:\/\/difpuertovallarta.gob.mx\/cms\/wp-content\/uploads\/2018\/04\/COMUNICADO-2644-DIF-World-Acceso-Proyect-entrega-sillas-de-ruedas-1-e1524846505317-150x150.jpg\" class=\"attachment-thumbnail size-thumbnail no-lazy\" alt=\"\" sizes=\"(min-width: 1200px) 255px, (min-width: 992px) 210px, (min-width: 768px) 150px, (min-width: 576px) 105px, calc( 50vw - 30px )\" srcset=\"https:\/\/difpuertovallarta.gob.mx\/cms\/wp-content\/uploads\/2018\/04\/COMUNICADO-2644-DIF-World-Acceso-Proyect-entrega-sillas-de-ruedas-1-e1524846505317-150x150.jpg 150w, https:\/\/difpuertovallarta.gob.mx\/cms\/wp-content\/uploads\/2018\/04\/COMUNICADO-2644-DIF-World-Acceso-Proyect-entrega-sillas-de-ruedas-1-e1524846505317-2x1.jpg 2w\" \/>\r\n                        <\/div><\/figure>\r\n                  <\/div>\n\n","protected":false},"excerpt":{"rendered":"<p>Este programa fomenta la integraci\u00f3n social plena de las personas con discapacidad o en riesgo de padecerla, fortaleciendo y ampliando la promoci\u00f3n de oportunidades, servicios, recursos y estrategias para el desarrollo, educaci\u00f3n, inter\u00e9s y bienestar personal que favorecen el funcionamiento individual para su inclusi\u00f3n social y bienestar familiar, con Acciones Afirmativas, Ayudas T\u00e9cnicas, sociales, culturales [&hellip;]<\/p>\n","protected":false},"author":1,"featured_media":0,"parent":0,"menu_order":0,"comment_status":"closed","ping_status":"closed","template":"","meta":{"footnotes":""},"class_list":["post-6912","page","type-page","status-publish","czr-hentry"],"yoast_head":"<!-- This site is optimized with the Yoast SEO plugin v27.2 - https:\/\/yoast.com\/product\/yoast-seo-wordpress\/ -->\n<title>PROGRAMA DE ATENCI\u00d3N INTEGRAL A PERSONAS CON DISCAPACIDAD (PAID) &#8226; DIF Puerto Vallarta<\/title>\n<meta name=\"description\" content=\"DIF Puerto Vallarta &#8226; Este programa fomenta la integraci\u00f3n social plena de las personas con discapacidad o en riesgo de padecerla, fortaleciendo y ampliando la promoci\u00f3n de\" \/>\n<meta name=\"robots\" content=\"index, follow, max-snippet:-1, max-image-preview:large, max-video-preview:-1\" \/>\n<link rel=\"canonical\" href=\"https:\/\/difpuertovallarta.gob.mx\/cms\/paid\/\" \/>\n<meta property=\"og:locale\" content=\"es_MX\" \/>\n<meta property=\"og:type\" content=\"article\" \/>\n<meta property=\"og:title\" content=\"PROGRAMA DE ATENCI\u00d3N INTEGRAL A PERSONAS CON DISCAPACIDAD (PAID) &#8226; DIF Puerto Vallarta\" \/>\n<meta property=\"og:description\" content=\"DIF Puerto Vallarta &#8226; Este programa fomenta la integraci\u00f3n social plena de las personas con discapacidad o en riesgo de padecerla, fortaleciendo y ampliando la promoci\u00f3n de\" \/>\n<meta property=\"og:url\" content=\"https:\/\/difpuertovallarta.gob.mx\/cms\/paid\/\" \/>\n<meta property=\"og:site_name\" content=\"DIF Puerto Vallarta\" \/>\n<meta property=\"article:publisher\" content=\"https:\/\/www.facebook.com\/sistemadifvallarta\" \/>\n<meta property=\"article:modified_time\" content=\"2024-11-12T19:05:28+00:00\" \/>\n<meta property=\"og:image\" content=\"https:\/\/difpuertovallarta.gob.mx\/cms\/wp-content\/uploads\/2018\/04\/COMUNICADO-2644-DIF-World-Acceso-Proyect-entrega-sillas-de-ruedas-1-e1524846505317-150x150.jpg\" \/>\n<meta name=\"twitter:card\" content=\"summary_large_image\" \/>\n<meta name=\"twitter:site\" content=\"@difvallarta\" \/>\n<meta name=\"twitter:label1\" content=\"Tiempo de lectura\" \/>\n\t<meta name=\"twitter:data1\" content=\"1 minuto\" \/>\n<script type=\"application\/ld+json\" class=\"yoast-schema-graph\">{\"@context\":\"https:\/\/schema.org\",\"@graph\":[{\"@type\":\"WebPage\",\"@id\":\"https:\/\/difpuertovallarta.gob.mx\/cms\/paid\/\",\"url\":\"https:\/\/difpuertovallarta.gob.mx\/cms\/paid\/\",\"name\":\"PROGRAMA DE ATENCI\u00d3N INTEGRAL A PERSONAS CON DISCAPACIDAD (PAID) &#8226; DIF Puerto Vallarta\",\"isPartOf\":{\"@id\":\"https:\/\/difpuertovallarta.gob.mx\/cms\/#website\"},\"datePublished\":\"2018-12-12T00:38:42+00:00\",\"dateModified\":\"2024-11-12T19:05:28+00:00\",\"description\":\"DIF Puerto Vallarta &#8226; Este programa fomenta la integraci\u00f3n social plena de las personas con discapacidad o en riesgo de padecerla, fortaleciendo y ampliando la promoci\u00f3n de\",\"breadcrumb\":{\"@id\":\"https:\/\/difpuertovallarta.gob.mx\/cms\/paid\/#breadcrumb\"},\"inLanguage\":\"es\",\"potentialAction\":[{\"@type\":\"ReadAction\",\"target\":[\"https:\/\/difpuertovallarta.gob.mx\/cms\/paid\/\"]}]},{\"@type\":\"BreadcrumbList\",\"@id\":\"https:\/\/difpuertovallarta.gob.mx\/cms\/paid\/#breadcrumb\",\"itemListElement\":[{\"@type\":\"ListItem\",\"position\":1,\"name\":\"Inicio\",\"item\":\"https:\/\/difpuertovallarta.gob.mx\/cms\/\"},{\"@type\":\"ListItem\",\"position\":2,\"name\":\"PROGRAMA DE ATENCI\u00d3N INTEGRAL A PERSONAS CON DISCAPACIDAD (PAID)\"}]},{\"@type\":\"WebSite\",\"@id\":\"https:\/\/difpuertovallarta.gob.mx\/cms\/#website\",\"url\":\"https:\/\/difpuertovallarta.gob.mx\/cms\/\",\"name\":\"DIF Puerto Vallarta\",\"description\":\"Sistema para el Desarrollo Integral de la Familia para el Municipio de Puerto Vallarta, Jalisco.\",\"publisher\":{\"@id\":\"https:\/\/difpuertovallarta.gob.mx\/cms\/#organization\"},\"potentialAction\":[{\"@type\":\"SearchAction\",\"target\":{\"@type\":\"EntryPoint\",\"urlTemplate\":\"https:\/\/difpuertovallarta.gob.mx\/cms\/?s={search_term_string}\"},\"query-input\":{\"@type\":\"PropertyValueSpecification\",\"valueRequired\":true,\"valueName\":\"search_term_string\"}}],\"inLanguage\":\"es\"},{\"@type\":\"Organization\",\"@id\":\"https:\/\/difpuertovallarta.gob.mx\/cms\/#organization\",\"name\":\"Sistema DIF Puerto Vallarta\",\"url\":\"https:\/\/difpuertovallarta.gob.mx\/cms\/\",\"logo\":{\"@type\":\"ImageObject\",\"inLanguage\":\"es\",\"@id\":\"https:\/\/difpuertovallarta.gob.mx\/cms\/#\/schema\/logo\/image\/\",\"url\":\"http:\/\/difpuertovallarta.gob.mx\/cms\/wp-content\/uploads\/2018\/12\/LOGO-DIF-2021-NAVIDAD.jpg\",\"contentUrl\":\"http:\/\/difpuertovallarta.gob.mx\/cms\/wp-content\/uploads\/2018\/12\/LOGO-DIF-2021-NAVIDAD.jpg\",\"width\":834,\"height\":834,\"caption\":\"Sistema DIF Puerto Vallarta\"},\"image\":{\"@id\":\"https:\/\/difpuertovallarta.gob.mx\/cms\/#\/schema\/logo\/image\/\"},\"sameAs\":[\"https:\/\/www.facebook.com\/sistemadifvallarta\",\"https:\/\/x.com\/difvallarta\"]}]}<\/script>\n<!-- \/ Yoast SEO plugin. -->","yoast_head_json":{"title":"PROGRAMA DE ATENCI\u00d3N INTEGRAL A PERSONAS CON DISCAPACIDAD (PAID) &#8226; DIF Puerto Vallarta","description":"DIF Puerto Vallarta &#8226; Este programa fomenta la integraci\u00f3n social plena de las personas con discapacidad o en riesgo de padecerla, fortaleciendo y ampliando la promoci\u00f3n de","robots":{"index":"index","follow":"follow","max-snippet":"max-snippet:-1","max-image-preview":"max-image-preview:large","max-video-preview":"max-video-preview:-1"},"canonical":"https:\/\/difpuertovallarta.gob.mx\/cms\/paid\/","og_locale":"es_MX","og_type":"article","og_title":"PROGRAMA DE ATENCI\u00d3N INTEGRAL A PERSONAS CON DISCAPACIDAD (PAID) &#8226; DIF Puerto Vallarta","og_description":"DIF Puerto Vallarta &#8226; Este programa fomenta la integraci\u00f3n social plena de las personas con discapacidad o en riesgo de padecerla, fortaleciendo y ampliando la promoci\u00f3n de","og_url":"https:\/\/difpuertovallarta.gob.mx\/cms\/paid\/","og_site_name":"DIF Puerto Vallarta","article_publisher":"https:\/\/www.facebook.com\/sistemadifvallarta","article_modified_time":"2024-11-12T19:05:28+00:00","og_image":[{"url":"https:\/\/difpuertovallarta.gob.mx\/cms\/wp-content\/uploads\/2018\/04\/COMUNICADO-2644-DIF-World-Acceso-Proyect-entrega-sillas-de-ruedas-1-e1524846505317-150x150.jpg","type":"","width":"","height":""}],"twitter_card":"summary_large_image","twitter_site":"@difvallarta","twitter_misc":{"Tiempo de lectura":"1 minuto"},"schema":{"@context":"https:\/\/schema.org","@graph":[{"@type":"WebPage","@id":"https:\/\/difpuertovallarta.gob.mx\/cms\/paid\/","url":"https:\/\/difpuertovallarta.gob.mx\/cms\/paid\/","name":"PROGRAMA DE ATENCI\u00d3N INTEGRAL A PERSONAS CON DISCAPACIDAD (PAID) &#8226; DIF Puerto Vallarta","isPartOf":{"@id":"https:\/\/difpuertovallarta.gob.mx\/cms\/#website"},"datePublished":"2018-12-12T00:38:42+00:00","dateModified":"2024-11-12T19:05:28+00:00","description":"DIF Puerto Vallarta &#8226; Este programa fomenta la integraci\u00f3n social plena de las personas con discapacidad o en riesgo de padecerla, fortaleciendo y ampliando la promoci\u00f3n de","breadcrumb":{"@id":"https:\/\/difpuertovallarta.gob.mx\/cms\/paid\/#breadcrumb"},"inLanguage":"es","potentialAction":[{"@type":"ReadAction","target":["https:\/\/difpuertovallarta.gob.mx\/cms\/paid\/"]}]},{"@type":"BreadcrumbList","@id":"https:\/\/difpuertovallarta.gob.mx\/cms\/paid\/#breadcrumb","itemListElement":[{"@type":"ListItem","position":1,"name":"Inicio","item":"https:\/\/difpuertovallarta.gob.mx\/cms\/"},{"@type":"ListItem","position":2,"name":"PROGRAMA DE ATENCI\u00d3N INTEGRAL A PERSONAS CON DISCAPACIDAD (PAID)"}]},{"@type":"WebSite","@id":"https:\/\/difpuertovallarta.gob.mx\/cms\/#website","url":"https:\/\/difpuertovallarta.gob.mx\/cms\/","name":"DIF Puerto Vallarta","description":"Sistema para el Desarrollo Integral de la Familia para el Municipio de Puerto Vallarta, Jalisco.","publisher":{"@id":"https:\/\/difpuertovallarta.gob.mx\/cms\/#organization"},"potentialAction":[{"@type":"SearchAction","target":{"@type":"EntryPoint","urlTemplate":"https:\/\/difpuertovallarta.gob.mx\/cms\/?s={search_term_string}"},"query-input":{"@type":"PropertyValueSpecification","valueRequired":true,"valueName":"search_term_string"}}],"inLanguage":"es"},{"@type":"Organization","@id":"https:\/\/difpuertovallarta.gob.mx\/cms\/#organization","name":"Sistema DIF Puerto Vallarta","url":"https:\/\/difpuertovallarta.gob.mx\/cms\/","logo":{"@type":"ImageObject","inLanguage":"es","@id":"https:\/\/difpuertovallarta.gob.mx\/cms\/#\/schema\/logo\/image\/","url":"http:\/\/difpuertovallarta.gob.mx\/cms\/wp-content\/uploads\/2018\/12\/LOGO-DIF-2021-NAVIDAD.jpg","contentUrl":"http:\/\/difpuertovallarta.gob.mx\/cms\/wp-content\/uploads\/2018\/12\/LOGO-DIF-2021-NAVIDAD.jpg","width":834,"height":834,"caption":"Sistema DIF Puerto Vallarta"},"image":{"@id":"https:\/\/difpuertovallarta.gob.mx\/cms\/#\/schema\/logo\/image\/"},"sameAs":["https:\/\/www.facebook.com\/sistemadifvallarta","https:\/\/x.com\/difvallarta"]}]}},"_links":{"self":[{"href":"https:\/\/difpuertovallarta.gob.mx\/cms\/wp-json\/wp\/v2\/pages\/6912","targetHints":{"allow":["GET"]}}],"collection":[{"href":"https:\/\/difpuertovallarta.gob.mx\/cms\/wp-json\/wp\/v2\/pages"}],"about":[{"href":"https:\/\/difpuertovallarta.gob.mx\/cms\/wp-json\/wp\/v2\/types\/page"}],"author":[{"embeddable":true,"href":"https:\/\/difpuertovallarta.gob.mx\/cms\/wp-json\/wp\/v2\/users\/1"}],"replies":[{"embeddable":true,"href":"https:\/\/difpuertovallarta.gob.mx\/cms\/wp-json\/wp\/v2\/comments?post=6912"}],"version-history":[{"count":2,"href":"https:\/\/difpuertovallarta.gob.mx\/cms\/wp-json\/wp\/v2\/pages\/6912\/revisions"}],"predecessor-version":[{"id":16249,"href":"https:\/\/difpuertovallarta.gob.mx\/cms\/wp-json\/wp\/v2\/pages\/6912\/revisions\/16249"}],"wp:attachment":[{"href":"https:\/\/difpuertovallarta.gob.mx\/cms\/wp-json\/wp\/v2\/media?parent=6912"}],"curies":[{"name":"wp","href":"https:\/\/api.w.org\/{rel}","templated":true}]}}