{"id":6908,"date":"2018-12-11T18:08:25","date_gmt":"2018-12-12T00:08:25","guid":{"rendered":"http:\/\/difpuertovallarta.gob.mx\/cms\/?page_id=6908"},"modified":"2018-12-11T18:10:53","modified_gmt":"2018-12-12T00:10:53","slug":"nutricion","status":"publish","type":"page","link":"https:\/\/difpuertovallarta.gob.mx\/cms\/nutricion\/","title":{"rendered":"Nutrici\u00f3n"},"content":{"rendered":"<p>Realiza acciones de atenci\u00f3n y prevenci\u00f3n de padecimientos derivados de malos h\u00e1bitos alimenticios y desnutrici\u00f3n.<\/p>\n<p><strong>Actividades<\/strong>:<\/p>\n<ul>\n<li>Realiza diagn\u00f3sticos nutricionales personalizados.<\/li>\n<li>Imparte talleres y pl\u00e1ticas para promover la alimentaci\u00f3n balanceada.<\/li>\n<li>Acude a escuelas para la atenci\u00f3n de la obesidad infantil.<\/li>\n<li>Elabora planes alimenticios y da seguimiento personalizado de cada uno.<\/li>\n<li>Acude a instituciones p\u00fablicas y privadas para la atenci\u00f3n de personas<\/li>\n<\/ul>\n<div id='gallery-1' class='czr-gallery row flex-row czr-gallery-style gallery galleryid-6908 gallery-columns-4 gallery-size-thumbnail'><figure class='gallery-item col col-auto'>\r\n                        <div class='gallery-icon landscape czr-gallery-icon'>\r\n                              <a data-lb-type=\"grouped-gallery\" href=https:\/\/difpuertovallarta.gob.mx\/cms\/wp-content\/uploads\/2018\/05\/COMUNICADO-2671-DIF-Orientaci\u00f3n-nutricional-3.jpg class=\"bg-link\"><\/a><img decoding=\"async\" width=\"150\" height=\"150\" src=\"https:\/\/difpuertovallarta.gob.mx\/cms\/wp-content\/uploads\/2018\/05\/COMUNICADO-2671-DIF-Orientaci\u00f3n-nutricional-3-150x150.jpg\" class=\"attachment-thumbnail size-thumbnail no-lazy\" alt=\"\" sizes=\"(min-width: 1200px) 255px, (min-width: 992px) 210px, (min-width: 768px) 150px, (min-width: 576px) 105px, calc( 50vw - 30px )\" srcset=\"https:\/\/difpuertovallarta.gob.mx\/cms\/wp-content\/uploads\/2018\/05\/COMUNICADO-2671-DIF-Orientaci\u00f3n-nutricional-3-150x150.jpg 150w, https:\/\/difpuertovallarta.gob.mx\/cms\/wp-content\/uploads\/2018\/05\/COMUNICADO-2671-DIF-Orientaci\u00f3n-nutricional-3-1x1.jpg 1w\" \/>\r\n                        <\/div><\/figure><figure class='gallery-item col col-auto'>\r\n                        <div class='gallery-icon landscape czr-gallery-icon'>\r\n                              <a data-lb-type=\"grouped-gallery\" href=https:\/\/difpuertovallarta.gob.mx\/cms\/wp-content\/uploads\/2018\/05\/COMUNICADO-2671-DIF-Orientaci\u00f3n-nutricional-2.jpg class=\"bg-link\"><\/a><img decoding=\"async\" width=\"150\" height=\"150\" src=\"https:\/\/difpuertovallarta.gob.mx\/cms\/wp-content\/uploads\/2018\/05\/COMUNICADO-2671-DIF-Orientaci\u00f3n-nutricional-2-150x150.jpg\" class=\"attachment-thumbnail size-thumbnail no-lazy\" alt=\"\" sizes=\"(min-width: 1200px) 255px, (min-width: 992px) 210px, (min-width: 768px) 150px, (min-width: 576px) 105px, calc( 50vw - 30px )\" srcset=\"https:\/\/difpuertovallarta.gob.mx\/cms\/wp-content\/uploads\/2018\/05\/COMUNICADO-2671-DIF-Orientaci\u00f3n-nutricional-2-150x150.jpg 150w, https:\/\/difpuertovallarta.gob.mx\/cms\/wp-content\/uploads\/2018\/05\/COMUNICADO-2671-DIF-Orientaci\u00f3n-nutricional-2-1x1.jpg 1w\" \/>\r\n                        <\/div><\/figure><figure class='gallery-item col col-auto'>\r\n                        <div class='gallery-icon landscape czr-gallery-icon'>\r\n                              <a data-lb-type=\"grouped-gallery\" href=https:\/\/difpuertovallarta.gob.mx\/cms\/wp-content\/uploads\/2018\/05\/COMUNICADO-2671-DIF-Orientaci\u00f3n-nutricional-4-e1525801466644.jpg class=\"bg-link\"><\/a><img decoding=\"async\" width=\"150\" height=\"150\" src=\"https:\/\/difpuertovallarta.gob.mx\/cms\/wp-content\/uploads\/2018\/05\/COMUNICADO-2671-DIF-Orientaci\u00f3n-nutricional-4-e1525801466644-150x150.jpg\" class=\"attachment-thumbnail size-thumbnail no-lazy\" alt=\"\" sizes=\"(min-width: 1200px) 255px, (min-width: 992px) 210px, (min-width: 768px) 150px, (min-width: 576px) 105px, calc( 50vw - 30px )\" srcset=\"https:\/\/difpuertovallarta.gob.mx\/cms\/wp-content\/uploads\/2018\/05\/COMUNICADO-2671-DIF-Orientaci\u00f3n-nutricional-4-e1525801466644-150x150.jpg 150w, https:\/\/difpuertovallarta.gob.mx\/cms\/wp-content\/uploads\/2018\/05\/COMUNICADO-2671-DIF-Orientaci\u00f3n-nutricional-4-e1525801466644-2x1.jpg 2w\" \/>\r\n                        <\/div><\/figure>\r\n                  <\/div>\n\n","protected":false},"excerpt":{"rendered":"<p>Realiza acciones de atenci\u00f3n y prevenci\u00f3n de padecimientos derivados de malos h\u00e1bitos alimenticios y desnutrici\u00f3n. Actividades: Realiza diagn\u00f3sticos nutricionales personalizados. Imparte talleres y pl\u00e1ticas para promover la alimentaci\u00f3n balanceada. Acude a escuelas para la atenci\u00f3n de la obesidad infantil. Elabora planes alimenticios y da seguimiento personalizado de cada uno. Acude a instituciones p\u00fablicas y privadas [&hellip;]<\/p>\n","protected":false},"author":1,"featured_media":0,"parent":0,"menu_order":0,"comment_status":"closed","ping_status":"closed","template":"","meta":{"footnotes":""},"class_list":["post-6908","page","type-page","status-publish","czr-hentry"],"yoast_head":"<!-- This site is optimized with the Yoast SEO plugin v27.2 - https:\/\/yoast.com\/product\/yoast-seo-wordpress\/ -->\n<title>Nutrici\u00f3n &#8226; DIF Puerto Vallarta<\/title>\n<meta name=\"description\" content=\"DIF Puerto Vallarta &#8226; Realiza acciones de atenci\u00f3n y prevenci\u00f3n de padecimientos derivados de malos h\u00e1bitos alimenticios y desnutrici\u00f3n. Actividades: Realiza diagn\u00f3sticos\" \/>\n<meta name=\"robots\" content=\"index, follow, max-snippet:-1, max-image-preview:large, max-video-preview:-1\" \/>\n<link rel=\"canonical\" href=\"https:\/\/difpuertovallarta.gob.mx\/cms\/nutricion\/\" \/>\n<meta property=\"og:locale\" content=\"es_MX\" \/>\n<meta property=\"og:type\" content=\"article\" \/>\n<meta property=\"og:title\" content=\"Nutrici\u00f3n &#8226; DIF Puerto Vallarta\" \/>\n<meta property=\"og:description\" content=\"DIF Puerto Vallarta &#8226; Realiza acciones de atenci\u00f3n y prevenci\u00f3n de padecimientos derivados de malos h\u00e1bitos alimenticios y desnutrici\u00f3n. Actividades: Realiza diagn\u00f3sticos\" \/>\n<meta property=\"og:url\" content=\"https:\/\/difpuertovallarta.gob.mx\/cms\/nutricion\/\" \/>\n<meta property=\"og:site_name\" content=\"DIF Puerto Vallarta\" \/>\n<meta property=\"article:publisher\" content=\"https:\/\/www.facebook.com\/sistemadifvallarta\" \/>\n<meta property=\"article:modified_time\" content=\"2018-12-12T00:10:53+00:00\" \/>\n<meta property=\"og:image\" content=\"https:\/\/difpuertovallarta.gob.mx\/cms\/wp-content\/uploads\/2018\/05\/COMUNICADO-2671-DIF-Orientaci\u00f3n-nutricional-4-e1525801466644-150x150.jpg\" \/>\n<meta name=\"twitter:card\" content=\"summary_large_image\" \/>\n<meta name=\"twitter:site\" content=\"@difvallarta\" \/>\n<script type=\"application\/ld+json\" class=\"yoast-schema-graph\">{\"@context\":\"https:\/\/schema.org\",\"@graph\":[{\"@type\":\"WebPage\",\"@id\":\"https:\/\/difpuertovallarta.gob.mx\/cms\/nutricion\/\",\"url\":\"https:\/\/difpuertovallarta.gob.mx\/cms\/nutricion\/\",\"name\":\"Nutrici\u00f3n &#8226; DIF Puerto Vallarta\",\"isPartOf\":{\"@id\":\"https:\/\/difpuertovallarta.gob.mx\/cms\/#website\"},\"datePublished\":\"2018-12-12T00:08:25+00:00\",\"dateModified\":\"2018-12-12T00:10:53+00:00\",\"description\":\"DIF Puerto Vallarta &#8226; Realiza acciones de atenci\u00f3n y prevenci\u00f3n de padecimientos derivados de malos h\u00e1bitos alimenticios y desnutrici\u00f3n. Actividades: Realiza diagn\u00f3sticos\",\"breadcrumb\":{\"@id\":\"https:\/\/difpuertovallarta.gob.mx\/cms\/nutricion\/#breadcrumb\"},\"inLanguage\":\"es\",\"potentialAction\":[{\"@type\":\"ReadAction\",\"target\":[\"https:\/\/difpuertovallarta.gob.mx\/cms\/nutricion\/\"]}]},{\"@type\":\"BreadcrumbList\",\"@id\":\"https:\/\/difpuertovallarta.gob.mx\/cms\/nutricion\/#breadcrumb\",\"itemListElement\":[{\"@type\":\"ListItem\",\"position\":1,\"name\":\"Inicio\",\"item\":\"https:\/\/difpuertovallarta.gob.mx\/cms\/\"},{\"@type\":\"ListItem\",\"position\":2,\"name\":\"Nutrici\u00f3n\"}]},{\"@type\":\"WebSite\",\"@id\":\"https:\/\/difpuertovallarta.gob.mx\/cms\/#website\",\"url\":\"https:\/\/difpuertovallarta.gob.mx\/cms\/\",\"name\":\"DIF Puerto Vallarta\",\"description\":\"Sistema para el Desarrollo Integral de la Familia para el Municipio de Puerto Vallarta, Jalisco.\",\"publisher\":{\"@id\":\"https:\/\/difpuertovallarta.gob.mx\/cms\/#organization\"},\"potentialAction\":[{\"@type\":\"SearchAction\",\"target\":{\"@type\":\"EntryPoint\",\"urlTemplate\":\"https:\/\/difpuertovallarta.gob.mx\/cms\/?s={search_term_string}\"},\"query-input\":{\"@type\":\"PropertyValueSpecification\",\"valueRequired\":true,\"valueName\":\"search_term_string\"}}],\"inLanguage\":\"es\"},{\"@type\":\"Organization\",\"@id\":\"https:\/\/difpuertovallarta.gob.mx\/cms\/#organization\",\"name\":\"Sistema DIF Puerto Vallarta\",\"url\":\"https:\/\/difpuertovallarta.gob.mx\/cms\/\",\"logo\":{\"@type\":\"ImageObject\",\"inLanguage\":\"es\",\"@id\":\"https:\/\/difpuertovallarta.gob.mx\/cms\/#\/schema\/logo\/image\/\",\"url\":\"http:\/\/difpuertovallarta.gob.mx\/cms\/wp-content\/uploads\/2018\/12\/LOGO-DIF-2021-NAVIDAD.jpg\",\"contentUrl\":\"http:\/\/difpuertovallarta.gob.mx\/cms\/wp-content\/uploads\/2018\/12\/LOGO-DIF-2021-NAVIDAD.jpg\",\"width\":834,\"height\":834,\"caption\":\"Sistema DIF Puerto Vallarta\"},\"image\":{\"@id\":\"https:\/\/difpuertovallarta.gob.mx\/cms\/#\/schema\/logo\/image\/\"},\"sameAs\":[\"https:\/\/www.facebook.com\/sistemadifvallarta\",\"https:\/\/x.com\/difvallarta\"]}]}<\/script>\n<!-- \/ Yoast SEO plugin. -->","yoast_head_json":{"title":"Nutrici\u00f3n &#8226; DIF Puerto Vallarta","description":"DIF Puerto Vallarta &#8226; Realiza acciones de atenci\u00f3n y prevenci\u00f3n de padecimientos derivados de malos h\u00e1bitos alimenticios y desnutrici\u00f3n. Actividades: Realiza diagn\u00f3sticos","robots":{"index":"index","follow":"follow","max-snippet":"max-snippet:-1","max-image-preview":"max-image-preview:large","max-video-preview":"max-video-preview:-1"},"canonical":"https:\/\/difpuertovallarta.gob.mx\/cms\/nutricion\/","og_locale":"es_MX","og_type":"article","og_title":"Nutrici\u00f3n &#8226; DIF Puerto Vallarta","og_description":"DIF Puerto Vallarta &#8226; Realiza acciones de atenci\u00f3n y prevenci\u00f3n de padecimientos derivados de malos h\u00e1bitos alimenticios y desnutrici\u00f3n. Actividades: Realiza diagn\u00f3sticos","og_url":"https:\/\/difpuertovallarta.gob.mx\/cms\/nutricion\/","og_site_name":"DIF Puerto Vallarta","article_publisher":"https:\/\/www.facebook.com\/sistemadifvallarta","article_modified_time":"2018-12-12T00:10:53+00:00","og_image":[{"url":"https:\/\/difpuertovallarta.gob.mx\/cms\/wp-content\/uploads\/2018\/05\/COMUNICADO-2671-DIF-Orientaci\u00f3n-nutricional-4-e1525801466644-150x150.jpg","type":"","width":"","height":""}],"twitter_card":"summary_large_image","twitter_site":"@difvallarta","schema":{"@context":"https:\/\/schema.org","@graph":[{"@type":"WebPage","@id":"https:\/\/difpuertovallarta.gob.mx\/cms\/nutricion\/","url":"https:\/\/difpuertovallarta.gob.mx\/cms\/nutricion\/","name":"Nutrici\u00f3n &#8226; DIF Puerto Vallarta","isPartOf":{"@id":"https:\/\/difpuertovallarta.gob.mx\/cms\/#website"},"datePublished":"2018-12-12T00:08:25+00:00","dateModified":"2018-12-12T00:10:53+00:00","description":"DIF Puerto Vallarta &#8226; Realiza acciones de atenci\u00f3n y prevenci\u00f3n de padecimientos derivados de malos h\u00e1bitos alimenticios y desnutrici\u00f3n. Actividades: Realiza diagn\u00f3sticos","breadcrumb":{"@id":"https:\/\/difpuertovallarta.gob.mx\/cms\/nutricion\/#breadcrumb"},"inLanguage":"es","potentialAction":[{"@type":"ReadAction","target":["https:\/\/difpuertovallarta.gob.mx\/cms\/nutricion\/"]}]},{"@type":"BreadcrumbList","@id":"https:\/\/difpuertovallarta.gob.mx\/cms\/nutricion\/#breadcrumb","itemListElement":[{"@type":"ListItem","position":1,"name":"Inicio","item":"https:\/\/difpuertovallarta.gob.mx\/cms\/"},{"@type":"ListItem","position":2,"name":"Nutrici\u00f3n"}]},{"@type":"WebSite","@id":"https:\/\/difpuertovallarta.gob.mx\/cms\/#website","url":"https:\/\/difpuertovallarta.gob.mx\/cms\/","name":"DIF Puerto Vallarta","description":"Sistema para el Desarrollo Integral de la Familia para el Municipio de Puerto Vallarta, Jalisco.","publisher":{"@id":"https:\/\/difpuertovallarta.gob.mx\/cms\/#organization"},"potentialAction":[{"@type":"SearchAction","target":{"@type":"EntryPoint","urlTemplate":"https:\/\/difpuertovallarta.gob.mx\/cms\/?s={search_term_string}"},"query-input":{"@type":"PropertyValueSpecification","valueRequired":true,"valueName":"search_term_string"}}],"inLanguage":"es"},{"@type":"Organization","@id":"https:\/\/difpuertovallarta.gob.mx\/cms\/#organization","name":"Sistema DIF Puerto Vallarta","url":"https:\/\/difpuertovallarta.gob.mx\/cms\/","logo":{"@type":"ImageObject","inLanguage":"es","@id":"https:\/\/difpuertovallarta.gob.mx\/cms\/#\/schema\/logo\/image\/","url":"http:\/\/difpuertovallarta.gob.mx\/cms\/wp-content\/uploads\/2018\/12\/LOGO-DIF-2021-NAVIDAD.jpg","contentUrl":"http:\/\/difpuertovallarta.gob.mx\/cms\/wp-content\/uploads\/2018\/12\/LOGO-DIF-2021-NAVIDAD.jpg","width":834,"height":834,"caption":"Sistema DIF Puerto Vallarta"},"image":{"@id":"https:\/\/difpuertovallarta.gob.mx\/cms\/#\/schema\/logo\/image\/"},"sameAs":["https:\/\/www.facebook.com\/sistemadifvallarta","https:\/\/x.com\/difvallarta"]}]}},"_links":{"self":[{"href":"https:\/\/difpuertovallarta.gob.mx\/cms\/wp-json\/wp\/v2\/pages\/6908","targetHints":{"allow":["GET"]}}],"collection":[{"href":"https:\/\/difpuertovallarta.gob.mx\/cms\/wp-json\/wp\/v2\/pages"}],"about":[{"href":"https:\/\/difpuertovallarta.gob.mx\/cms\/wp-json\/wp\/v2\/types\/page"}],"author":[{"embeddable":true,"href":"https:\/\/difpuertovallarta.gob.mx\/cms\/wp-json\/wp\/v2\/users\/1"}],"replies":[{"embeddable":true,"href":"https:\/\/difpuertovallarta.gob.mx\/cms\/wp-json\/wp\/v2\/comments?post=6908"}],"version-history":[{"count":2,"href":"https:\/\/difpuertovallarta.gob.mx\/cms\/wp-json\/wp\/v2\/pages\/6908\/revisions"}],"predecessor-version":[{"id":6910,"href":"https:\/\/difpuertovallarta.gob.mx\/cms\/wp-json\/wp\/v2\/pages\/6908\/revisions\/6910"}],"wp:attachment":[{"href":"https:\/\/difpuertovallarta.gob.mx\/cms\/wp-json\/wp\/v2\/media?parent=6908"}],"curies":[{"name":"wp","href":"https:\/\/api.w.org\/{rel}","templated":true}]}}