{"id":6901,"date":"2018-12-11T17:39:37","date_gmt":"2018-12-11T23:39:37","guid":{"rendered":"http:\/\/difpuertovallarta.gob.mx\/cms\/?page_id=6901"},"modified":"2024-11-12T13:26:07","modified_gmt":"2024-11-12T19:26:07","slug":"coordinacion-de-los-grupos-indigenas","status":"publish","type":"page","link":"https:\/\/difpuertovallarta.gob.mx\/cms\/coordinacion-de-los-grupos-indigenas\/","title":{"rendered":"Coordinaci\u00f3n de los Grupos Ind\u00edgenas"},"content":{"rendered":"<p>Brinda atenci\u00f3n especial para las personas que pertenecen a una comunidad o pueblo ind\u00edgena y que se encuentran en desigualdad de oportunidades<\/p>\n<p><strong>Actividades<\/strong>:<\/p>\n<ul>\n<li>Brinda orientaci\u00f3n y asesor\u00eda legal<\/li>\n<li>Gesti\u00f3n de apoyos y servicios<\/li>\n<li>Realiza exposiciones artesanales y gastron\u00f3micas en plazas p\u00fablicas y se promueven en el sector hotelero.<\/li>\n<li>Pl\u00e1ticas y talleres en centros educativos, para promover la diversidad y\u00a0 riqueza pluricultural de nuestro municipio.<\/li>\n<\/ul>\n\n","protected":false},"excerpt":{"rendered":"<p>Brinda atenci\u00f3n especial para las personas que pertenecen a una comunidad o pueblo ind\u00edgena y que se encuentran en desigualdad de oportunidades Actividades: Brinda orientaci\u00f3n y asesor\u00eda legal Gesti\u00f3n de apoyos y servicios Realiza exposiciones artesanales y gastron\u00f3micas en plazas p\u00fablicas y se promueven en el sector hotelero. Pl\u00e1ticas y talleres en centros educativos, para [&hellip;]<\/p>\n","protected":false},"author":1,"featured_media":0,"parent":0,"menu_order":0,"comment_status":"closed","ping_status":"closed","template":"","meta":{"footnotes":""},"class_list":["post-6901","page","type-page","status-publish","czr-hentry"],"yoast_head":"<!-- This site is optimized with the Yoast SEO plugin v27.6 - https:\/\/yoast.com\/product\/yoast-seo-wordpress\/ -->\n<title>Coordinaci\u00f3n de los Grupos Ind\u00edgenas &#8226; DIF Puerto Vallarta<\/title>\n<meta name=\"description\" content=\"DIF Puerto Vallarta &#8226; Brinda atenci\u00f3n especial para las personas que pertenecen a una comunidad o pueblo ind\u00edgena y que se encuentran en desigualdad de oportunidades\" \/>\n<meta name=\"robots\" content=\"index, follow, max-snippet:-1, max-image-preview:large, max-video-preview:-1\" \/>\n<link rel=\"canonical\" href=\"https:\/\/difpuertovallarta.gob.mx\/cms\/coordinacion-de-los-grupos-indigenas\/\" \/>\n<meta property=\"og:locale\" content=\"es_MX\" \/>\n<meta property=\"og:type\" content=\"article\" \/>\n<meta property=\"og:title\" content=\"Coordinaci\u00f3n de los Grupos Ind\u00edgenas &#8226; DIF Puerto Vallarta\" \/>\n<meta property=\"og:description\" content=\"DIF Puerto Vallarta &#8226; Brinda atenci\u00f3n especial para las personas que pertenecen a una comunidad o pueblo ind\u00edgena y que se encuentran en desigualdad de oportunidades\" \/>\n<meta property=\"og:url\" content=\"https:\/\/difpuertovallarta.gob.mx\/cms\/coordinacion-de-los-grupos-indigenas\/\" \/>\n<meta property=\"og:site_name\" content=\"DIF Puerto Vallarta\" \/>\n<meta property=\"article:publisher\" content=\"https:\/\/www.facebook.com\/sistemadifvallarta\" \/>\n<meta property=\"article:modified_time\" content=\"2024-11-12T19:26:07+00:00\" \/>\n<meta property=\"og:image\" content=\"https:\/\/difpuertovallarta.gob.mx\/cms\/wp-content\/uploads\/2018\/08\/COMUNICADO-2822-DIF-Actividades-d\u00eda-de-los-pueblos-ind\u00edgenas-4-e1533565673479-150x150.jpg\" \/>\n<meta name=\"twitter:card\" content=\"summary_large_image\" \/>\n<meta name=\"twitter:site\" content=\"@difvallarta\" \/>\n<meta name=\"twitter:label1\" content=\"Tiempo de lectura\" \/>\n\t<meta name=\"twitter:data1\" content=\"1 minuto\" \/>\n<script type=\"application\/ld+json\" class=\"yoast-schema-graph\">{\"@context\":\"https:\\\/\\\/schema.org\",\"@graph\":[{\"@type\":\"WebPage\",\"@id\":\"https:\\\/\\\/difpuertovallarta.gob.mx\\\/cms\\\/coordinacion-de-los-grupos-indigenas\\\/\",\"url\":\"https:\\\/\\\/difpuertovallarta.gob.mx\\\/cms\\\/coordinacion-de-los-grupos-indigenas\\\/\",\"name\":\"Coordinaci\u00f3n de los Grupos Ind\u00edgenas &#8226; DIF Puerto Vallarta\",\"isPartOf\":{\"@id\":\"https:\\\/\\\/difpuertovallarta.gob.mx\\\/cms\\\/#website\"},\"datePublished\":\"2018-12-11T23:39:37+00:00\",\"dateModified\":\"2024-11-12T19:26:07+00:00\",\"description\":\"DIF Puerto Vallarta &#8226; Brinda atenci\u00f3n especial para las personas que pertenecen a una comunidad o pueblo ind\u00edgena y que se encuentran en desigualdad de oportunidades\",\"breadcrumb\":{\"@id\":\"https:\\\/\\\/difpuertovallarta.gob.mx\\\/cms\\\/coordinacion-de-los-grupos-indigenas\\\/#breadcrumb\"},\"inLanguage\":\"es\",\"potentialAction\":[{\"@type\":\"ReadAction\",\"target\":[\"https:\\\/\\\/difpuertovallarta.gob.mx\\\/cms\\\/coordinacion-de-los-grupos-indigenas\\\/\"]}]},{\"@type\":\"BreadcrumbList\",\"@id\":\"https:\\\/\\\/difpuertovallarta.gob.mx\\\/cms\\\/coordinacion-de-los-grupos-indigenas\\\/#breadcrumb\",\"itemListElement\":[{\"@type\":\"ListItem\",\"position\":1,\"name\":\"Inicio\",\"item\":\"https:\\\/\\\/difpuertovallarta.gob.mx\\\/cms\\\/\"},{\"@type\":\"ListItem\",\"position\":2,\"name\":\"Coordinaci\u00f3n de los Grupos Ind\u00edgenas\"}]},{\"@type\":\"WebSite\",\"@id\":\"https:\\\/\\\/difpuertovallarta.gob.mx\\\/cms\\\/#website\",\"url\":\"https:\\\/\\\/difpuertovallarta.gob.mx\\\/cms\\\/\",\"name\":\"DIF Puerto Vallarta\",\"description\":\"Sistema para el Desarrollo Integral de la Familia para el Municipio de Puerto Vallarta, Jalisco.\",\"publisher\":{\"@id\":\"https:\\\/\\\/difpuertovallarta.gob.mx\\\/cms\\\/#organization\"},\"potentialAction\":[{\"@type\":\"SearchAction\",\"target\":{\"@type\":\"EntryPoint\",\"urlTemplate\":\"https:\\\/\\\/difpuertovallarta.gob.mx\\\/cms\\\/?s={search_term_string}\"},\"query-input\":{\"@type\":\"PropertyValueSpecification\",\"valueRequired\":true,\"valueName\":\"search_term_string\"}}],\"inLanguage\":\"es\"},{\"@type\":\"Organization\",\"@id\":\"https:\\\/\\\/difpuertovallarta.gob.mx\\\/cms\\\/#organization\",\"name\":\"Sistema DIF Puerto Vallarta\",\"url\":\"https:\\\/\\\/difpuertovallarta.gob.mx\\\/cms\\\/\",\"logo\":{\"@type\":\"ImageObject\",\"inLanguage\":\"es\",\"@id\":\"https:\\\/\\\/difpuertovallarta.gob.mx\\\/cms\\\/#\\\/schema\\\/logo\\\/image\\\/\",\"url\":\"http:\\\/\\\/difpuertovallarta.gob.mx\\\/cms\\\/wp-content\\\/uploads\\\/2018\\\/12\\\/LOGO-DIF-2021-NAVIDAD.jpg\",\"contentUrl\":\"http:\\\/\\\/difpuertovallarta.gob.mx\\\/cms\\\/wp-content\\\/uploads\\\/2018\\\/12\\\/LOGO-DIF-2021-NAVIDAD.jpg\",\"width\":834,\"height\":834,\"caption\":\"Sistema DIF Puerto Vallarta\"},\"image\":{\"@id\":\"https:\\\/\\\/difpuertovallarta.gob.mx\\\/cms\\\/#\\\/schema\\\/logo\\\/image\\\/\"},\"sameAs\":[\"https:\\\/\\\/www.facebook.com\\\/sistemadifvallarta\",\"https:\\\/\\\/x.com\\\/difvallarta\"]}]}<\/script>\n<!-- \/ Yoast SEO plugin. -->","yoast_head_json":{"title":"Coordinaci\u00f3n de los Grupos Ind\u00edgenas &#8226; DIF Puerto Vallarta","description":"DIF Puerto Vallarta &#8226; Brinda atenci\u00f3n especial para las personas que pertenecen a una comunidad o pueblo ind\u00edgena y que se encuentran en desigualdad de oportunidades","robots":{"index":"index","follow":"follow","max-snippet":"max-snippet:-1","max-image-preview":"max-image-preview:large","max-video-preview":"max-video-preview:-1"},"canonical":"https:\/\/difpuertovallarta.gob.mx\/cms\/coordinacion-de-los-grupos-indigenas\/","og_locale":"es_MX","og_type":"article","og_title":"Coordinaci\u00f3n de los Grupos Ind\u00edgenas &#8226; DIF Puerto Vallarta","og_description":"DIF Puerto Vallarta &#8226; Brinda atenci\u00f3n especial para las personas que pertenecen a una comunidad o pueblo ind\u00edgena y que se encuentran en desigualdad de oportunidades","og_url":"https:\/\/difpuertovallarta.gob.mx\/cms\/coordinacion-de-los-grupos-indigenas\/","og_site_name":"DIF Puerto Vallarta","article_publisher":"https:\/\/www.facebook.com\/sistemadifvallarta","article_modified_time":"2024-11-12T19:26:07+00:00","og_image":[{"url":"https:\/\/difpuertovallarta.gob.mx\/cms\/wp-content\/uploads\/2018\/08\/COMUNICADO-2822-DIF-Actividades-d\u00eda-de-los-pueblos-ind\u00edgenas-4-e1533565673479-150x150.jpg","type":"","width":"","height":""}],"twitter_card":"summary_large_image","twitter_site":"@difvallarta","twitter_misc":{"Tiempo de lectura":"1 minuto"},"schema":{"@context":"https:\/\/schema.org","@graph":[{"@type":"WebPage","@id":"https:\/\/difpuertovallarta.gob.mx\/cms\/coordinacion-de-los-grupos-indigenas\/","url":"https:\/\/difpuertovallarta.gob.mx\/cms\/coordinacion-de-los-grupos-indigenas\/","name":"Coordinaci\u00f3n de los Grupos Ind\u00edgenas &#8226; DIF Puerto Vallarta","isPartOf":{"@id":"https:\/\/difpuertovallarta.gob.mx\/cms\/#website"},"datePublished":"2018-12-11T23:39:37+00:00","dateModified":"2024-11-12T19:26:07+00:00","description":"DIF Puerto Vallarta &#8226; Brinda atenci\u00f3n especial para las personas que pertenecen a una comunidad o pueblo ind\u00edgena y que se encuentran en desigualdad de oportunidades","breadcrumb":{"@id":"https:\/\/difpuertovallarta.gob.mx\/cms\/coordinacion-de-los-grupos-indigenas\/#breadcrumb"},"inLanguage":"es","potentialAction":[{"@type":"ReadAction","target":["https:\/\/difpuertovallarta.gob.mx\/cms\/coordinacion-de-los-grupos-indigenas\/"]}]},{"@type":"BreadcrumbList","@id":"https:\/\/difpuertovallarta.gob.mx\/cms\/coordinacion-de-los-grupos-indigenas\/#breadcrumb","itemListElement":[{"@type":"ListItem","position":1,"name":"Inicio","item":"https:\/\/difpuertovallarta.gob.mx\/cms\/"},{"@type":"ListItem","position":2,"name":"Coordinaci\u00f3n de los Grupos Ind\u00edgenas"}]},{"@type":"WebSite","@id":"https:\/\/difpuertovallarta.gob.mx\/cms\/#website","url":"https:\/\/difpuertovallarta.gob.mx\/cms\/","name":"DIF Puerto Vallarta","description":"Sistema para el Desarrollo Integral de la Familia para el Municipio de Puerto Vallarta, Jalisco.","publisher":{"@id":"https:\/\/difpuertovallarta.gob.mx\/cms\/#organization"},"potentialAction":[{"@type":"SearchAction","target":{"@type":"EntryPoint","urlTemplate":"https:\/\/difpuertovallarta.gob.mx\/cms\/?s={search_term_string}"},"query-input":{"@type":"PropertyValueSpecification","valueRequired":true,"valueName":"search_term_string"}}],"inLanguage":"es"},{"@type":"Organization","@id":"https:\/\/difpuertovallarta.gob.mx\/cms\/#organization","name":"Sistema DIF Puerto Vallarta","url":"https:\/\/difpuertovallarta.gob.mx\/cms\/","logo":{"@type":"ImageObject","inLanguage":"es","@id":"https:\/\/difpuertovallarta.gob.mx\/cms\/#\/schema\/logo\/image\/","url":"http:\/\/difpuertovallarta.gob.mx\/cms\/wp-content\/uploads\/2018\/12\/LOGO-DIF-2021-NAVIDAD.jpg","contentUrl":"http:\/\/difpuertovallarta.gob.mx\/cms\/wp-content\/uploads\/2018\/12\/LOGO-DIF-2021-NAVIDAD.jpg","width":834,"height":834,"caption":"Sistema DIF Puerto Vallarta"},"image":{"@id":"https:\/\/difpuertovallarta.gob.mx\/cms\/#\/schema\/logo\/image\/"},"sameAs":["https:\/\/www.facebook.com\/sistemadifvallarta","https:\/\/x.com\/difvallarta"]}]}},"_links":{"self":[{"href":"https:\/\/difpuertovallarta.gob.mx\/cms\/wp-json\/wp\/v2\/pages\/6901","targetHints":{"allow":["GET"]}}],"collection":[{"href":"https:\/\/difpuertovallarta.gob.mx\/cms\/wp-json\/wp\/v2\/pages"}],"about":[{"href":"https:\/\/difpuertovallarta.gob.mx\/cms\/wp-json\/wp\/v2\/types\/page"}],"author":[{"embeddable":true,"href":"https:\/\/difpuertovallarta.gob.mx\/cms\/wp-json\/wp\/v2\/users\/1"}],"replies":[{"embeddable":true,"href":"https:\/\/difpuertovallarta.gob.mx\/cms\/wp-json\/wp\/v2\/comments?post=6901"}],"version-history":[{"count":3,"href":"https:\/\/difpuertovallarta.gob.mx\/cms\/wp-json\/wp\/v2\/pages\/6901\/revisions"}],"predecessor-version":[{"id":16257,"href":"https:\/\/difpuertovallarta.gob.mx\/cms\/wp-json\/wp\/v2\/pages\/6901\/revisions\/16257"}],"wp:attachment":[{"href":"https:\/\/difpuertovallarta.gob.mx\/cms\/wp-json\/wp\/v2\/media?parent=6901"}],"curies":[{"name":"wp","href":"https:\/\/api.w.org\/{rel}","templated":true}]}}