{"id":6821,"date":"2018-12-07T14:13:44","date_gmt":"2018-12-07T20:13:44","guid":{"rendered":"http:\/\/difpuertovallarta.gob.mx\/cms\/?page_id=6821"},"modified":"2023-07-10T13:20:20","modified_gmt":"2023-07-10T18:20:20","slug":"becas-padrino","status":"publish","type":"page","link":"https:\/\/difpuertovallarta.gob.mx\/cms\/becas-padrino\/","title":{"rendered":"PROMOCI\u00d3N DEL ACCESO A LA EDUCACI\u00d3N B\u00c1SICA"},"content":{"rendered":"<p>Este programa coadyuva a garantizar el acceso a la educaci\u00f3n b\u00e1sica de ni\u00f1as, ni\u00f1os y adolescentes en condiciones de vulnerabilidad social y econ\u00f3mica de zonas de alto y muy algo grado de marginaci\u00f3n que se encuentran en riesgo de deserci\u00f3n escolar, facilitando la permanencia en el sistema educativo, a trav\u00e9s de un ciudadano que financie el costo que este acceso genera.<\/p>\n<p>Programa que otorga becas a estudiantes de primaria y secundaria de bajos recursos econ\u00f3micos.<\/p>\n<p><strong>Actividades:<\/strong><\/p>\n<ul>\n<li>Buscamos padrinos.<\/li>\n<li>Recibimos las solicitudes de becas.<\/li>\n<li>Realizamos estudios socioecon\u00f3micos para designar las becas.<\/li>\n<\/ul>\n<p><strong>\u00bfC\u00f3mo funciona?<\/strong><\/p>\n<p>Los padrinos becan\u00a0 a nuestros estudiantes cada ciclo escolar, aportando un apoyo econ\u00f3mico bimestralmente, durante 10 meses, para que puedan continuar en la escuela. Los menores que son beneficiados con estas becas se comprometen a mantener un promedio escolar m\u00ednimo de 8.5.<\/p>\n\n","protected":false},"excerpt":{"rendered":"<p>Este programa coadyuva a garantizar el acceso a la educaci\u00f3n b\u00e1sica de ni\u00f1as, ni\u00f1os y adolescentes en condiciones de vulnerabilidad social y econ\u00f3mica de zonas de alto y muy algo grado de marginaci\u00f3n que se encuentran en riesgo de deserci\u00f3n escolar, facilitando la permanencia en el sistema educativo, a trav\u00e9s de un ciudadano que financie [&hellip;]<\/p>\n","protected":false},"author":1,"featured_media":0,"parent":0,"menu_order":0,"comment_status":"closed","ping_status":"closed","template":"","meta":{"footnotes":""},"class_list":["post-6821","page","type-page","status-publish","czr-hentry"],"yoast_head":"<!-- This site is optimized with the Yoast SEO plugin v27.6 - https:\/\/yoast.com\/product\/yoast-seo-wordpress\/ -->\n<title>PROMOCI\u00d3N DEL ACCESO A LA EDUCACI\u00d3N B\u00c1SICA &#8226; DIF Puerto Vallarta<\/title>\n<meta name=\"description\" content=\"DIF Puerto Vallarta &#8226; Este programa coadyuva a garantizar el acceso a la educaci\u00f3n b\u00e1sica de ni\u00f1as, ni\u00f1os y adolescentes en condiciones de vulnerabilidad social y econ\u00f3mica de\" \/>\n<meta name=\"robots\" content=\"index, follow, max-snippet:-1, max-image-preview:large, max-video-preview:-1\" \/>\n<link rel=\"canonical\" href=\"https:\/\/difpuertovallarta.gob.mx\/cms\/becas-padrino\/\" \/>\n<meta property=\"og:locale\" content=\"es_MX\" \/>\n<meta property=\"og:type\" content=\"article\" \/>\n<meta property=\"og:title\" content=\"PROMOCI\u00d3N DEL ACCESO A LA EDUCACI\u00d3N B\u00c1SICA &#8226; DIF Puerto Vallarta\" \/>\n<meta property=\"og:description\" content=\"DIF Puerto Vallarta &#8226; Este programa coadyuva a garantizar el acceso a la educaci\u00f3n b\u00e1sica de ni\u00f1as, ni\u00f1os y adolescentes en condiciones de vulnerabilidad social y econ\u00f3mica de\" \/>\n<meta property=\"og:url\" content=\"https:\/\/difpuertovallarta.gob.mx\/cms\/becas-padrino\/\" \/>\n<meta property=\"og:site_name\" content=\"DIF Puerto Vallarta\" \/>\n<meta property=\"article:publisher\" content=\"https:\/\/www.facebook.com\/sistemadifvallarta\" \/>\n<meta property=\"article:modified_time\" content=\"2023-07-10T18:20:20+00:00\" \/>\n<meta name=\"twitter:card\" content=\"summary_large_image\" \/>\n<meta name=\"twitter:site\" content=\"@difvallarta\" \/>\n<meta name=\"twitter:label1\" content=\"Tiempo de lectura\" \/>\n\t<meta name=\"twitter:data1\" content=\"1 minuto\" \/>\n<script type=\"application\/ld+json\" class=\"yoast-schema-graph\">{\"@context\":\"https:\\\/\\\/schema.org\",\"@graph\":[{\"@type\":\"WebPage\",\"@id\":\"https:\\\/\\\/difpuertovallarta.gob.mx\\\/cms\\\/becas-padrino\\\/\",\"url\":\"https:\\\/\\\/difpuertovallarta.gob.mx\\\/cms\\\/becas-padrino\\\/\",\"name\":\"PROMOCI\u00d3N DEL ACCESO A LA EDUCACI\u00d3N B\u00c1SICA &#8226; DIF Puerto Vallarta\",\"isPartOf\":{\"@id\":\"https:\\\/\\\/difpuertovallarta.gob.mx\\\/cms\\\/#website\"},\"datePublished\":\"2018-12-07T20:13:44+00:00\",\"dateModified\":\"2023-07-10T18:20:20+00:00\",\"description\":\"DIF Puerto Vallarta &#8226; Este programa coadyuva a garantizar el acceso a la educaci\u00f3n b\u00e1sica de ni\u00f1as, ni\u00f1os y adolescentes en condiciones de vulnerabilidad social y econ\u00f3mica de\",\"breadcrumb\":{\"@id\":\"https:\\\/\\\/difpuertovallarta.gob.mx\\\/cms\\\/becas-padrino\\\/#breadcrumb\"},\"inLanguage\":\"es\",\"potentialAction\":[{\"@type\":\"ReadAction\",\"target\":[\"https:\\\/\\\/difpuertovallarta.gob.mx\\\/cms\\\/becas-padrino\\\/\"]}]},{\"@type\":\"BreadcrumbList\",\"@id\":\"https:\\\/\\\/difpuertovallarta.gob.mx\\\/cms\\\/becas-padrino\\\/#breadcrumb\",\"itemListElement\":[{\"@type\":\"ListItem\",\"position\":1,\"name\":\"Inicio\",\"item\":\"https:\\\/\\\/difpuertovallarta.gob.mx\\\/cms\\\/\"},{\"@type\":\"ListItem\",\"position\":2,\"name\":\"PROMOCI\u00d3N DEL ACCESO A LA EDUCACI\u00d3N B\u00c1SICA\"}]},{\"@type\":\"WebSite\",\"@id\":\"https:\\\/\\\/difpuertovallarta.gob.mx\\\/cms\\\/#website\",\"url\":\"https:\\\/\\\/difpuertovallarta.gob.mx\\\/cms\\\/\",\"name\":\"DIF Puerto Vallarta\",\"description\":\"Sistema para el Desarrollo Integral de la Familia para el Municipio de Puerto Vallarta, Jalisco.\",\"publisher\":{\"@id\":\"https:\\\/\\\/difpuertovallarta.gob.mx\\\/cms\\\/#organization\"},\"potentialAction\":[{\"@type\":\"SearchAction\",\"target\":{\"@type\":\"EntryPoint\",\"urlTemplate\":\"https:\\\/\\\/difpuertovallarta.gob.mx\\\/cms\\\/?s={search_term_string}\"},\"query-input\":{\"@type\":\"PropertyValueSpecification\",\"valueRequired\":true,\"valueName\":\"search_term_string\"}}],\"inLanguage\":\"es\"},{\"@type\":\"Organization\",\"@id\":\"https:\\\/\\\/difpuertovallarta.gob.mx\\\/cms\\\/#organization\",\"name\":\"Sistema DIF Puerto Vallarta\",\"url\":\"https:\\\/\\\/difpuertovallarta.gob.mx\\\/cms\\\/\",\"logo\":{\"@type\":\"ImageObject\",\"inLanguage\":\"es\",\"@id\":\"https:\\\/\\\/difpuertovallarta.gob.mx\\\/cms\\\/#\\\/schema\\\/logo\\\/image\\\/\",\"url\":\"http:\\\/\\\/difpuertovallarta.gob.mx\\\/cms\\\/wp-content\\\/uploads\\\/2018\\\/12\\\/LOGO-DIF-2021-NAVIDAD.jpg\",\"contentUrl\":\"http:\\\/\\\/difpuertovallarta.gob.mx\\\/cms\\\/wp-content\\\/uploads\\\/2018\\\/12\\\/LOGO-DIF-2021-NAVIDAD.jpg\",\"width\":834,\"height\":834,\"caption\":\"Sistema DIF Puerto Vallarta\"},\"image\":{\"@id\":\"https:\\\/\\\/difpuertovallarta.gob.mx\\\/cms\\\/#\\\/schema\\\/logo\\\/image\\\/\"},\"sameAs\":[\"https:\\\/\\\/www.facebook.com\\\/sistemadifvallarta\",\"https:\\\/\\\/x.com\\\/difvallarta\"]}]}<\/script>\n<!-- \/ Yoast SEO plugin. -->","yoast_head_json":{"title":"PROMOCI\u00d3N DEL ACCESO A LA EDUCACI\u00d3N B\u00c1SICA &#8226; DIF Puerto Vallarta","description":"DIF Puerto Vallarta &#8226; Este programa coadyuva a garantizar el acceso a la educaci\u00f3n b\u00e1sica de ni\u00f1as, ni\u00f1os y adolescentes en condiciones de vulnerabilidad social y econ\u00f3mica de","robots":{"index":"index","follow":"follow","max-snippet":"max-snippet:-1","max-image-preview":"max-image-preview:large","max-video-preview":"max-video-preview:-1"},"canonical":"https:\/\/difpuertovallarta.gob.mx\/cms\/becas-padrino\/","og_locale":"es_MX","og_type":"article","og_title":"PROMOCI\u00d3N DEL ACCESO A LA EDUCACI\u00d3N B\u00c1SICA &#8226; DIF Puerto Vallarta","og_description":"DIF Puerto Vallarta &#8226; Este programa coadyuva a garantizar el acceso a la educaci\u00f3n b\u00e1sica de ni\u00f1as, ni\u00f1os y adolescentes en condiciones de vulnerabilidad social y econ\u00f3mica de","og_url":"https:\/\/difpuertovallarta.gob.mx\/cms\/becas-padrino\/","og_site_name":"DIF Puerto Vallarta","article_publisher":"https:\/\/www.facebook.com\/sistemadifvallarta","article_modified_time":"2023-07-10T18:20:20+00:00","twitter_card":"summary_large_image","twitter_site":"@difvallarta","twitter_misc":{"Tiempo de lectura":"1 minuto"},"schema":{"@context":"https:\/\/schema.org","@graph":[{"@type":"WebPage","@id":"https:\/\/difpuertovallarta.gob.mx\/cms\/becas-padrino\/","url":"https:\/\/difpuertovallarta.gob.mx\/cms\/becas-padrino\/","name":"PROMOCI\u00d3N DEL ACCESO A LA EDUCACI\u00d3N B\u00c1SICA &#8226; DIF Puerto Vallarta","isPartOf":{"@id":"https:\/\/difpuertovallarta.gob.mx\/cms\/#website"},"datePublished":"2018-12-07T20:13:44+00:00","dateModified":"2023-07-10T18:20:20+00:00","description":"DIF Puerto Vallarta &#8226; Este programa coadyuva a garantizar el acceso a la educaci\u00f3n b\u00e1sica de ni\u00f1as, ni\u00f1os y adolescentes en condiciones de vulnerabilidad social y econ\u00f3mica de","breadcrumb":{"@id":"https:\/\/difpuertovallarta.gob.mx\/cms\/becas-padrino\/#breadcrumb"},"inLanguage":"es","potentialAction":[{"@type":"ReadAction","target":["https:\/\/difpuertovallarta.gob.mx\/cms\/becas-padrino\/"]}]},{"@type":"BreadcrumbList","@id":"https:\/\/difpuertovallarta.gob.mx\/cms\/becas-padrino\/#breadcrumb","itemListElement":[{"@type":"ListItem","position":1,"name":"Inicio","item":"https:\/\/difpuertovallarta.gob.mx\/cms\/"},{"@type":"ListItem","position":2,"name":"PROMOCI\u00d3N DEL ACCESO A LA EDUCACI\u00d3N B\u00c1SICA"}]},{"@type":"WebSite","@id":"https:\/\/difpuertovallarta.gob.mx\/cms\/#website","url":"https:\/\/difpuertovallarta.gob.mx\/cms\/","name":"DIF Puerto Vallarta","description":"Sistema para el Desarrollo Integral de la Familia para el Municipio de Puerto Vallarta, Jalisco.","publisher":{"@id":"https:\/\/difpuertovallarta.gob.mx\/cms\/#organization"},"potentialAction":[{"@type":"SearchAction","target":{"@type":"EntryPoint","urlTemplate":"https:\/\/difpuertovallarta.gob.mx\/cms\/?s={search_term_string}"},"query-input":{"@type":"PropertyValueSpecification","valueRequired":true,"valueName":"search_term_string"}}],"inLanguage":"es"},{"@type":"Organization","@id":"https:\/\/difpuertovallarta.gob.mx\/cms\/#organization","name":"Sistema DIF Puerto Vallarta","url":"https:\/\/difpuertovallarta.gob.mx\/cms\/","logo":{"@type":"ImageObject","inLanguage":"es","@id":"https:\/\/difpuertovallarta.gob.mx\/cms\/#\/schema\/logo\/image\/","url":"http:\/\/difpuertovallarta.gob.mx\/cms\/wp-content\/uploads\/2018\/12\/LOGO-DIF-2021-NAVIDAD.jpg","contentUrl":"http:\/\/difpuertovallarta.gob.mx\/cms\/wp-content\/uploads\/2018\/12\/LOGO-DIF-2021-NAVIDAD.jpg","width":834,"height":834,"caption":"Sistema DIF Puerto Vallarta"},"image":{"@id":"https:\/\/difpuertovallarta.gob.mx\/cms\/#\/schema\/logo\/image\/"},"sameAs":["https:\/\/www.facebook.com\/sistemadifvallarta","https:\/\/x.com\/difvallarta"]}]}},"_links":{"self":[{"href":"https:\/\/difpuertovallarta.gob.mx\/cms\/wp-json\/wp\/v2\/pages\/6821","targetHints":{"allow":["GET"]}}],"collection":[{"href":"https:\/\/difpuertovallarta.gob.mx\/cms\/wp-json\/wp\/v2\/pages"}],"about":[{"href":"https:\/\/difpuertovallarta.gob.mx\/cms\/wp-json\/wp\/v2\/types\/page"}],"author":[{"embeddable":true,"href":"https:\/\/difpuertovallarta.gob.mx\/cms\/wp-json\/wp\/v2\/users\/1"}],"replies":[{"embeddable":true,"href":"https:\/\/difpuertovallarta.gob.mx\/cms\/wp-json\/wp\/v2\/comments?post=6821"}],"version-history":[{"count":2,"href":"https:\/\/difpuertovallarta.gob.mx\/cms\/wp-json\/wp\/v2\/pages\/6821\/revisions"}],"predecessor-version":[{"id":6874,"href":"https:\/\/difpuertovallarta.gob.mx\/cms\/wp-json\/wp\/v2\/pages\/6821\/revisions\/6874"}],"wp:attachment":[{"href":"https:\/\/difpuertovallarta.gob.mx\/cms\/wp-json\/wp\/v2\/media?parent=6821"}],"curies":[{"name":"wp","href":"https:\/\/api.w.org\/{rel}","templated":true}]}}