{"id":6812,"date":"2018-12-07T12:17:25","date_gmt":"2018-12-07T18:17:25","guid":{"rendered":"http:\/\/difpuertovallarta.gob.mx\/cms\/?page_id=6812"},"modified":"2023-07-07T11:52:55","modified_gmt":"2023-07-07T16:52:55","slug":"asistencia-alimentaria","status":"publish","type":"page","link":"https:\/\/difpuertovallarta.gob.mx\/cms\/asistencia-alimentaria\/","title":{"rendered":"Asistencia Alimentaria"},"content":{"rendered":"<div id=\"pl-6812\"  class=\"panel-layout\" ><div id=\"pg-6812-0\"  class=\"panel-grid panel-no-style\" ><div id=\"pgc-6812-0-0\"  class=\"panel-grid-cell\" ><div id=\"panel-6812-0-0-0\" class=\"so-panel widget widget_sow-editor panel-first-child panel-last-child\" data-index=\"0\" ><div\n\t\t\t\n\t\t\tclass=\"so-widget-sow-editor so-widget-sow-editor-base\"\n\t\t\t\n\t\t>\n<div class=\"siteorigin-widget-tinymce textwidget\">\n\t<p><strong>ASISTENCIA ALIMENTARIA<\/strong><\/p>\n<p>Programa que contribuye al ejercicio pleno del derecho a una alimentaci\u00f3n nutritiva, suficiente y de calidad de los sujetos en condiciones de vulnerabilidad, preferentemente de zonas de alto y muy alto grado de marginaci\u00f3n, proporcionando acceso a alimentos con criterios de calidad nutricia, acompa\u00f1\u00e1ndose de acciones de orientaci\u00f3n alimentaria, aseguramiento de la calidad alimentaria y producci\u00f3n de alimentos.<\/p>\n<p><strong>Poblaci\u00f3n objetivo:<\/strong><\/p>\n<p>Grupos de riesgo, sujetos de asistencia social alimentaria, preferentemente ni\u00f1as, ni\u00f1os y adolescentes, mujeres embarazadas, mujeres en periodo de lactancia, personas con discapacidad, adultos mayores y personas en situaci\u00f3n vulnerable por ingresos.<\/p>\n<ul>\n<li><strong>Atenci\u00f3n Alimentaria en los primeros 1000 d\u00edas:<\/strong><\/li>\n<\/ul>\n<p>El programa de Atenci\u00f3n Alimentaria en los primeros 1,000 d\u00edas tiene como finalidad apoyar a mujeres embarazadas y mujeres en periodo de lactancia como tambi\u00e9n a ni\u00f1as y ni\u00f1os de 06 a 24 meses de edad con inseguridad alimentaria.<\/p>\n<p><strong>Requisitos para mujer embarazada <\/strong><\/p>\n<ul>\n<li>INE\/IFE con domicilio de Puerto Vallarta<\/li>\n<li>Copia de CURP<\/li>\n<li>Copia de comprobante de domicilio no mayor a 3 meses<\/li>\n<li>Copia de cartilla de embarazo<\/li>\n<li>2 copias INE\/IFE de responsables con domicilio de Puerto Vallarta y que sea menor de 60 a\u00f1os.<\/li>\n<\/ul>\n<p><strong>Requisitos para beb\u00e9s lactantes de 0 a 18 meses <\/strong><\/p>\n<ul>\n<li>Copia del CURP<\/li>\n<li>Copia del comprobante de domicilio<\/li>\n<li>2 copias INE\/IFE de responsables con domicilio de Puerto Vallarta y que sea menor a 60 a\u00f1os<\/li>\n<li>Constancia de peso y talla<\/li>\n<\/ul>\n<p><strong>Datos de contacto y domicilio:<\/strong><\/p>\n<p>Horario de atenci\u00f3n de lunes a viernes de 8 a 4pm<\/p>\n<p>Tel\u00e9fono\u00a0\u00a0\u00a0 3222259936 Ext 1015<\/p>\n<p>Domicilio: Av. Paseo de las Palmas s\/n Barrio Santa Mar\u00eda<\/p>\n<p>Correo electr\u00f3nico del programa:\u00a0 <a href=\"mailto:mildias.puertovallarta@difjalisco.edu.mx\">mildias.puertovallarta@difjalisco.edu.mx<\/a><\/p>\n<p>Correo electr\u00f3nico de coordinaci\u00f3n General: <a href=\"mailto:asistencia.alimentaria@difpuertovallarta.gob.mx\">asistencia.alimentaria@difpuertovallarta.gob.mx<\/a><\/p>\n<p>&nbsp;<\/p>\n<ul>\n<li><strong>Alimentaci\u00f3n Escolar <\/strong><\/li>\n<\/ul>\n<p>El programa de Alimentaci\u00f3n Escolar tiene como objetivo contribuir a la seguridad alimentaria de la poblaci\u00f3n escolar, sujeta de asistencia social, mediante la entrega de desayunos calientes o comidas, dise\u00f1ados con base en los Criterios de Calidad Nutricia, y acompa\u00f1ados de acciones de orientaci\u00f3n alimentaria. Se busca beneficiar a alumnos que asisten a planteles oficiales del Sistema Educativo Nacional, ubicados en zonas ind\u00edgenas, rurales y urbano-marginadas, preferentemente.<\/p>\n<p><strong>Requisitos: <\/strong><\/p>\n<ul>\n<li>Solicitud para ingresar al programa realizada por el director del plantel mediante oficio dirigido al director del Sistema DIF municipal.<\/li>\n<li>Copia de CURP del ni\u00f1o<\/li>\n<li>Copia CURP del pap\u00e1, mam\u00e1 o tutor<\/li>\n<li>Copia del Comprobante de domicilio<\/li>\n<li>Un n\u00famero de tel\u00e9fono<\/li>\n<\/ul>\n<p>&nbsp;<\/p>\n<p><strong>Datos de contacto y domicilio:<\/strong><\/p>\n<p>Horario de atenci\u00f3n de lunes a viernes de 8 a 4pm<\/p>\n<p>Tel\u00e9fono\u00a0\u00a0\u00a0 3222259936 Ext 1015<\/p>\n<p>Domicilio: Av. Paseo de las Palmas s\/n Barrio Santa Mar\u00eda<\/p>\n<p>Correo electr\u00f3nico del programa: <a href=\"mailto:desayunos.escolares@difpuertovallarta.gob.mx\">desayunos.escolares@difpuertovallarta.gob.mx<\/a><\/p>\n<p>Correo electr\u00f3nico de coordinaci\u00f3n General: <a href=\"mailto:asistencia.alimentaria@difpuertovallarta.gob.mx\">asistencia.alimentaria@difpuertovallarta.gob.mx<\/a><\/p>\n<p>&nbsp;<\/p>\n<ul>\n<li><strong>Programa de Atenci\u00f3n Alimentaria a Grupos Prioritarios<\/strong><\/li>\n<\/ul>\n<p>El Programa de Atenci\u00f3n Alimentaria a Grupos Prioritarios busca contribuir a la seguridad alimentaria de las personas en condiciones de riesgo y vulnerabilidad, mediante la entrega de apoyos alimentarios dise\u00f1ados con base en los Criterios de Calidad Nutricia y acompa\u00f1ados de acciones de orientaci\u00f3n alimentaria. Orientado espec\u00edficamente a<strong>\u00a0<\/strong>grupos de riesgo, sujetos de asistencia social alimentaria, preferentemente ni\u00f1as, ni\u00f1os y adolescentes no escolarizados, personas con discapacidad, adultos mayores y personas con carencia alimentaria o desnutrici\u00f3n.<\/p>\n<p><strong>Se divide en 4 subprogramas:<\/strong><\/p>\n<p><strong>Ni\u00f1as y ni\u00f1os de 2 a 5 a\u00f1os 11 meses no escolarizados <\/strong><\/p>\n<p>Requisitos:<\/p>\n<ul>\n<li>Copia de CURP del menor<\/li>\n<li>Copia del Comprobante de domicilio no mayor a 3 meses<\/li>\n<li>Copia de INE\/IFE de responsable con domicilio en Puerto Vallarta y que sea menor de 60 a\u00f1os<\/li>\n<li>Un n\u00famero de tel\u00e9fono<\/li>\n<\/ul>\n<p>&nbsp;<\/p>\n<p><strong>Personas con discapacidad<\/strong><\/p>\n<p>Requisitos:<\/p>\n<ul>\n<li>Copia INE con domicilio de Puerto Vallarta<\/li>\n<li>Copia de CURP<\/li>\n<li>Copia Certificado m\u00e9dico donde indica el tipo discapacidad<\/li>\n<li>Copia de comprobante de domicilio no mayor a 3 meses<\/li>\n<li>Copia INE de responsable con domicilio en Puerto Vallarta y que sea menor de 60 a\u00f1os<\/li>\n<li>Un n\u00famero de tel\u00e9fono<\/li>\n<\/ul>\n<p><strong>\u00a0<\/strong><\/p>\n<p><strong>Adultos mayores<\/strong><\/p>\n<p>Requisitos:<\/p>\n<ul>\n<li>Copia INE con domicilio de Puerto Vallarta<\/li>\n<li>Copia de CURP<\/li>\n<li>Copia de comprobante de domicilio no mayor a 3 meses<\/li>\n<li>Copia INE de responsable de Puerto Vallarta y que sea menor de 60 a\u00f1os<\/li>\n<li>Un n\u00famero de tel\u00e9fono<\/li>\n<\/ul>\n<p><strong>\u00a0<\/strong><\/p>\n<p><strong>\u00a0<\/strong><\/p>\n<p><strong>Personas con carencia alimentaria y\/o desnutrici\u00f3n <\/strong><\/p>\n<p><strong>Requisitos:<\/strong><\/p>\n<ul>\n<li>Copia INE con domicilio de Puerto Vallarta<\/li>\n<li>Copia de CURP<\/li>\n<li>Copia de comprobante de domicilio no mayor a 3 meses<\/li>\n<li>Copia de INE\/IFE de responsable con domicilio de Puerto Vallarta y que sea menor de 60 a\u00f1os<\/li>\n<li>Un n\u00famero de tel\u00e9fono<\/li>\n<\/ul>\n<p><strong>\u00a0<\/strong><\/p>\n<p><strong>Datos de contacto y domicilio:<\/strong><\/p>\n<p>Horario de atenci\u00f3n de lunes a viernes de 8 a 4pm<\/p>\n<p>Tel\u00e9fono\u00a0\u00a0\u00a0 3222259936 Ext 1015<\/p>\n<p>Domicilio: Av. Paseo de las Palmas s\/n Barrio Santa Mar\u00eda<\/p>\n<p>Correo electr\u00f3nico del programa: <a href=\"mailto:paap@difpuertovallarta.gob.mx\">paap@difpuertovallarta.gob.mx<\/a><\/p>\n<p>Correo electr\u00f3nico de coordinaci\u00f3n General: <a href=\"mailto:asistencia.alimentaria@difpuertovallarta.gob.mx\">asistencia.alimentaria@difpuertovallarta.gob.mx<\/a><\/p>\n<p>&nbsp;<\/p>\n\n<\/div>\n<\/div><\/div><\/div><\/div><div id=\"pg-6812-1\"  class=\"panel-grid panel-no-style\" ><div id=\"pgc-6812-1-0\"  class=\"panel-grid-cell\" ><div id=\"panel-6812-1-0-0\" class=\"so-panel widget panel-first-child\" data-index=\"1\" ><\/div><div id=\"panel-6812-1-0-1\" class=\"so-panel widget widget_black-studio-tinymce widget_black_studio_tinymce panel-last-child\" data-index=\"2\" ><div class=\"textwidget\"><p>Av. M\u00e9xico #247, Colonia Mojoneras. Puerto Vallarta, Jalisco.<\/p>\n<\/div><\/div><\/div><\/div><\/div>","protected":false},"excerpt":{"rendered":"<p>ASISTENCIA ALIMENTARIA Programa que contribuye al ejercicio pleno del derecho a una alimentaci\u00f3n nutritiva, suficiente y de calidad de los sujetos en condiciones de vulnerabilidad, preferentemente de zonas de alto y muy alto grado de marginaci\u00f3n, proporcionando acceso a alimentos con criterios de calidad nutricia, acompa\u00f1\u00e1ndose de acciones de orientaci\u00f3n alimentaria, aseguramiento de la calidad [&hellip;]<\/p>\n","protected":false},"author":1,"featured_media":0,"parent":0,"menu_order":0,"comment_status":"closed","ping_status":"closed","template":"","meta":{"footnotes":""},"class_list":["post-6812","page","type-page","status-publish","czr-hentry"],"yoast_head":"<!-- This site is optimized with the Yoast SEO plugin v27.2 - https:\/\/yoast.com\/product\/yoast-seo-wordpress\/ -->\n<title>Asistencia Alimentaria &#8226; DIF Puerto Vallarta<\/title>\n<meta name=\"description\" content=\"DIF Puerto Vallarta &#8226; ASISTENCIA ALIMENTARIA Programa que contribuye al ejercicio pleno del derecho a una alimentaci\u00f3n nutritiva, suficiente y de calidad de los sujetos en\" \/>\n<meta name=\"robots\" content=\"index, follow, max-snippet:-1, max-image-preview:large, max-video-preview:-1\" \/>\n<link rel=\"canonical\" href=\"https:\/\/difpuertovallarta.gob.mx\/cms\/asistencia-alimentaria\/\" \/>\n<meta property=\"og:locale\" content=\"es_MX\" \/>\n<meta property=\"og:type\" content=\"article\" \/>\n<meta property=\"og:title\" content=\"Asistencia Alimentaria &#8226; DIF Puerto Vallarta\" \/>\n<meta property=\"og:description\" content=\"DIF Puerto Vallarta &#8226; ASISTENCIA ALIMENTARIA Programa que contribuye al ejercicio pleno del derecho a una alimentaci\u00f3n nutritiva, suficiente y de calidad de los sujetos en\" \/>\n<meta property=\"og:url\" content=\"https:\/\/difpuertovallarta.gob.mx\/cms\/asistencia-alimentaria\/\" \/>\n<meta property=\"og:site_name\" content=\"DIF Puerto Vallarta\" \/>\n<meta property=\"article:publisher\" content=\"https:\/\/www.facebook.com\/sistemadifvallarta\" \/>\n<meta property=\"article:modified_time\" content=\"2023-07-07T16:52:55+00:00\" \/>\n<meta name=\"twitter:card\" content=\"summary_large_image\" \/>\n<meta name=\"twitter:site\" content=\"@difvallarta\" \/>\n<meta name=\"twitter:label1\" content=\"Tiempo de lectura\" \/>\n\t<meta name=\"twitter:data1\" content=\"4 minutos\" \/>\n<script type=\"application\/ld+json\" class=\"yoast-schema-graph\">{\"@context\":\"https:\/\/schema.org\",\"@graph\":[{\"@type\":\"WebPage\",\"@id\":\"https:\/\/difpuertovallarta.gob.mx\/cms\/asistencia-alimentaria\/\",\"url\":\"https:\/\/difpuertovallarta.gob.mx\/cms\/asistencia-alimentaria\/\",\"name\":\"Asistencia Alimentaria &#8226; DIF Puerto Vallarta\",\"isPartOf\":{\"@id\":\"https:\/\/difpuertovallarta.gob.mx\/cms\/#website\"},\"datePublished\":\"2018-12-07T18:17:25+00:00\",\"dateModified\":\"2023-07-07T16:52:55+00:00\",\"description\":\"DIF Puerto Vallarta &#8226; ASISTENCIA ALIMENTARIA Programa que contribuye al ejercicio pleno del derecho a una alimentaci\u00f3n nutritiva, suficiente y de calidad de los sujetos en\",\"breadcrumb\":{\"@id\":\"https:\/\/difpuertovallarta.gob.mx\/cms\/asistencia-alimentaria\/#breadcrumb\"},\"inLanguage\":\"es\",\"potentialAction\":[{\"@type\":\"ReadAction\",\"target\":[\"https:\/\/difpuertovallarta.gob.mx\/cms\/asistencia-alimentaria\/\"]}]},{\"@type\":\"BreadcrumbList\",\"@id\":\"https:\/\/difpuertovallarta.gob.mx\/cms\/asistencia-alimentaria\/#breadcrumb\",\"itemListElement\":[{\"@type\":\"ListItem\",\"position\":1,\"name\":\"Inicio\",\"item\":\"https:\/\/difpuertovallarta.gob.mx\/cms\/\"},{\"@type\":\"ListItem\",\"position\":2,\"name\":\"Asistencia Alimentaria\"}]},{\"@type\":\"WebSite\",\"@id\":\"https:\/\/difpuertovallarta.gob.mx\/cms\/#website\",\"url\":\"https:\/\/difpuertovallarta.gob.mx\/cms\/\",\"name\":\"DIF Puerto Vallarta\",\"description\":\"Sistema para el Desarrollo Integral de la Familia para el Municipio de Puerto Vallarta, Jalisco.\",\"publisher\":{\"@id\":\"https:\/\/difpuertovallarta.gob.mx\/cms\/#organization\"},\"potentialAction\":[{\"@type\":\"SearchAction\",\"target\":{\"@type\":\"EntryPoint\",\"urlTemplate\":\"https:\/\/difpuertovallarta.gob.mx\/cms\/?s={search_term_string}\"},\"query-input\":{\"@type\":\"PropertyValueSpecification\",\"valueRequired\":true,\"valueName\":\"search_term_string\"}}],\"inLanguage\":\"es\"},{\"@type\":\"Organization\",\"@id\":\"https:\/\/difpuertovallarta.gob.mx\/cms\/#organization\",\"name\":\"Sistema DIF Puerto Vallarta\",\"url\":\"https:\/\/difpuertovallarta.gob.mx\/cms\/\",\"logo\":{\"@type\":\"ImageObject\",\"inLanguage\":\"es\",\"@id\":\"https:\/\/difpuertovallarta.gob.mx\/cms\/#\/schema\/logo\/image\/\",\"url\":\"http:\/\/difpuertovallarta.gob.mx\/cms\/wp-content\/uploads\/2018\/12\/LOGO-DIF-2021-NAVIDAD.jpg\",\"contentUrl\":\"http:\/\/difpuertovallarta.gob.mx\/cms\/wp-content\/uploads\/2018\/12\/LOGO-DIF-2021-NAVIDAD.jpg\",\"width\":834,\"height\":834,\"caption\":\"Sistema DIF Puerto Vallarta\"},\"image\":{\"@id\":\"https:\/\/difpuertovallarta.gob.mx\/cms\/#\/schema\/logo\/image\/\"},\"sameAs\":[\"https:\/\/www.facebook.com\/sistemadifvallarta\",\"https:\/\/x.com\/difvallarta\"]}]}<\/script>\n<!-- \/ Yoast SEO plugin. -->","yoast_head_json":{"title":"Asistencia Alimentaria &#8226; DIF Puerto Vallarta","description":"DIF Puerto Vallarta &#8226; ASISTENCIA ALIMENTARIA Programa que contribuye al ejercicio pleno del derecho a una alimentaci\u00f3n nutritiva, suficiente y de calidad de los sujetos en","robots":{"index":"index","follow":"follow","max-snippet":"max-snippet:-1","max-image-preview":"max-image-preview:large","max-video-preview":"max-video-preview:-1"},"canonical":"https:\/\/difpuertovallarta.gob.mx\/cms\/asistencia-alimentaria\/","og_locale":"es_MX","og_type":"article","og_title":"Asistencia Alimentaria &#8226; DIF Puerto Vallarta","og_description":"DIF Puerto Vallarta &#8226; ASISTENCIA ALIMENTARIA Programa que contribuye al ejercicio pleno del derecho a una alimentaci\u00f3n nutritiva, suficiente y de calidad de los sujetos en","og_url":"https:\/\/difpuertovallarta.gob.mx\/cms\/asistencia-alimentaria\/","og_site_name":"DIF Puerto Vallarta","article_publisher":"https:\/\/www.facebook.com\/sistemadifvallarta","article_modified_time":"2023-07-07T16:52:55+00:00","twitter_card":"summary_large_image","twitter_site":"@difvallarta","twitter_misc":{"Tiempo de lectura":"4 minutos"},"schema":{"@context":"https:\/\/schema.org","@graph":[{"@type":"WebPage","@id":"https:\/\/difpuertovallarta.gob.mx\/cms\/asistencia-alimentaria\/","url":"https:\/\/difpuertovallarta.gob.mx\/cms\/asistencia-alimentaria\/","name":"Asistencia Alimentaria &#8226; DIF Puerto Vallarta","isPartOf":{"@id":"https:\/\/difpuertovallarta.gob.mx\/cms\/#website"},"datePublished":"2018-12-07T18:17:25+00:00","dateModified":"2023-07-07T16:52:55+00:00","description":"DIF Puerto Vallarta &#8226; ASISTENCIA ALIMENTARIA Programa que contribuye al ejercicio pleno del derecho a una alimentaci\u00f3n nutritiva, suficiente y de calidad de los sujetos en","breadcrumb":{"@id":"https:\/\/difpuertovallarta.gob.mx\/cms\/asistencia-alimentaria\/#breadcrumb"},"inLanguage":"es","potentialAction":[{"@type":"ReadAction","target":["https:\/\/difpuertovallarta.gob.mx\/cms\/asistencia-alimentaria\/"]}]},{"@type":"BreadcrumbList","@id":"https:\/\/difpuertovallarta.gob.mx\/cms\/asistencia-alimentaria\/#breadcrumb","itemListElement":[{"@type":"ListItem","position":1,"name":"Inicio","item":"https:\/\/difpuertovallarta.gob.mx\/cms\/"},{"@type":"ListItem","position":2,"name":"Asistencia Alimentaria"}]},{"@type":"WebSite","@id":"https:\/\/difpuertovallarta.gob.mx\/cms\/#website","url":"https:\/\/difpuertovallarta.gob.mx\/cms\/","name":"DIF Puerto Vallarta","description":"Sistema para el Desarrollo Integral de la Familia para el Municipio de Puerto Vallarta, Jalisco.","publisher":{"@id":"https:\/\/difpuertovallarta.gob.mx\/cms\/#organization"},"potentialAction":[{"@type":"SearchAction","target":{"@type":"EntryPoint","urlTemplate":"https:\/\/difpuertovallarta.gob.mx\/cms\/?s={search_term_string}"},"query-input":{"@type":"PropertyValueSpecification","valueRequired":true,"valueName":"search_term_string"}}],"inLanguage":"es"},{"@type":"Organization","@id":"https:\/\/difpuertovallarta.gob.mx\/cms\/#organization","name":"Sistema DIF Puerto Vallarta","url":"https:\/\/difpuertovallarta.gob.mx\/cms\/","logo":{"@type":"ImageObject","inLanguage":"es","@id":"https:\/\/difpuertovallarta.gob.mx\/cms\/#\/schema\/logo\/image\/","url":"http:\/\/difpuertovallarta.gob.mx\/cms\/wp-content\/uploads\/2018\/12\/LOGO-DIF-2021-NAVIDAD.jpg","contentUrl":"http:\/\/difpuertovallarta.gob.mx\/cms\/wp-content\/uploads\/2018\/12\/LOGO-DIF-2021-NAVIDAD.jpg","width":834,"height":834,"caption":"Sistema DIF Puerto Vallarta"},"image":{"@id":"https:\/\/difpuertovallarta.gob.mx\/cms\/#\/schema\/logo\/image\/"},"sameAs":["https:\/\/www.facebook.com\/sistemadifvallarta","https:\/\/x.com\/difvallarta"]}]}},"_links":{"self":[{"href":"https:\/\/difpuertovallarta.gob.mx\/cms\/wp-json\/wp\/v2\/pages\/6812","targetHints":{"allow":["GET"]}}],"collection":[{"href":"https:\/\/difpuertovallarta.gob.mx\/cms\/wp-json\/wp\/v2\/pages"}],"about":[{"href":"https:\/\/difpuertovallarta.gob.mx\/cms\/wp-json\/wp\/v2\/types\/page"}],"author":[{"embeddable":true,"href":"https:\/\/difpuertovallarta.gob.mx\/cms\/wp-json\/wp\/v2\/users\/1"}],"replies":[{"embeddable":true,"href":"https:\/\/difpuertovallarta.gob.mx\/cms\/wp-json\/wp\/v2\/comments?post=6812"}],"version-history":[{"count":7,"href":"https:\/\/difpuertovallarta.gob.mx\/cms\/wp-json\/wp\/v2\/pages\/6812\/revisions"}],"predecessor-version":[{"id":6851,"href":"https:\/\/difpuertovallarta.gob.mx\/cms\/wp-json\/wp\/v2\/pages\/6812\/revisions\/6851"}],"wp:attachment":[{"href":"https:\/\/difpuertovallarta.gob.mx\/cms\/wp-json\/wp\/v2\/media?parent=6812"}],"curies":[{"name":"wp","href":"https:\/\/api.w.org\/{rel}","templated":true}]}}