{"id":521,"date":"2016-11-23T21:42:19","date_gmt":"2016-11-24T03:42:19","guid":{"rendered":"http:\/\/difpuertovallarta.gob.mx\/cms\/cms\/?page_id=521"},"modified":"2016-11-23T21:46:05","modified_gmt":"2016-11-24T03:46:05","slug":"importante-labor-de-trabajo-social","status":"publish","type":"page","link":"https:\/\/difpuertovallarta.gob.mx\/cms\/importante-labor-de-trabajo-social\/","title":{"rendered":"Importante Labor de Trabajo Social"},"content":{"rendered":"<p>A trav\u00e9s del \u00e1rea de Trabajo Social atendimos a\u00a043,536\u00a0personas\u00a0brind\u00e1ndoles servicios de transporte, ex\u00e1menes de laboratorio, consultas m\u00e9dicas, medicamentos y despensas.<\/p>\n<p>Se aplicaron 711 estudios socioecon\u00f3micos, se hicieron 3 mil 863 visitas de seguimiento, 2 mil 140 canalizaciones a nuestros diferentes programas as\u00ed como a otras instituciones; se otorgaron mil 875 descuentos en transporte for\u00e1neo y dos mil 680 despensas.<\/p>\n<p><strong>Apoyo alimentario<\/strong><\/p>\n<p>Este a\u00f1o en Sistema DIF otorgamos\u00a014 mil 111 despensas\u00a0a familias de comunidades de escasos recursos. El objetivo de este programa es fomentar una sana alimentaci\u00f3n en personas que se encuentran en condiciones de inseguridad alimentaria y vulnerabilidad, a trav\u00e9s de la entrega mensual de productos alimentarios con est\u00e1ndares de calidad nutricional.<\/p>\n<p>Esto va acompa\u00f1ado de pl\u00e1ticas de orientaci\u00f3n alimentaria, aseguramiento de la calidad y desarrollo comunitario que contribuyan al aprovechamiento de los alimentos, favoreciendo la seguridad alimentaria.<\/p>\n<p><strong>Atenci\u00f3n por contingencia<\/strong><\/p>\n<p>Despu\u00e9s de los estragos que dej\u00f3 el hurac\u00e1n <em>Patricia<\/em>, el Sistema DIF Puerto Vallarta acudimos\u00a0a 8 municipios\u00a0(San Sebasti\u00e1n, Mascota,\u00a0Atenguillo,\u00a0Tomatl\u00e1n, La Huerta,\u00a0Melaque, Villa Purificaci\u00f3n y Chamela), a entregar \u00a0despensas y cobijas a las personas afectadas, con lo cual apoyamos a 1100 familias.<\/p>\n<p>Fueron miles de gotas de solidaridad que se lograron en buena medida por el trabajo realizado por los sistemas hermanos de la regi\u00f3n 09, en base a comunicaci\u00f3n, respeto, confianza y armon\u00eda, adem\u00e1s del apoyo de la comunidad vallartense, empresas y asociaciones civiles.<\/p>\n<p><strong>Atenci\u00f3n Oportuna<\/strong><\/p>\n<p>\u201cLogramos que por primera vez se firmaran\u00a021 convenios\u00a0con los propietarios o responsables del mismo n\u00famero de instalaciones que fungen como refugios temporales y tienen capacidad para albergar a m\u00e1s de 4000 personas.<\/p>\n<p>De esta forma garantizamos una respuesta oportuna a la poblaci\u00f3n en riesgo. Es nuestra responsabilidad contar con sitios seguros que se puedan utilizar en caso de alguna contingencia, pero lo m\u00e1s importante es estar organizados y estas firmas permitir\u00e1n poder \u00a0tomar decisiones en el \u00a0tiempo y momento oportuno para salvaguardar la vida de los ciudadanos\u201d.<\/p>\n<p>&nbsp;<\/p>\n","protected":false},"excerpt":{"rendered":"<p>A trav\u00e9s del \u00e1rea de Trabajo Social atendimos a\u00a043,536\u00a0personas\u00a0brind\u00e1ndoles servicios de transporte, ex\u00e1menes de laboratorio, consultas m\u00e9dicas, medicamentos y despensas. Se aplicaron 711 estudios socioecon\u00f3micos, se hicieron 3 mil 863 visitas de seguimiento, 2 mil 140 canalizaciones a nuestros diferentes programas as\u00ed como a otras instituciones; se otorgaron mil 875 descuentos en transporte for\u00e1neo y [&hellip;]<\/p>\n","protected":false},"author":1,"featured_media":0,"parent":0,"menu_order":0,"comment_status":"closed","ping_status":"closed","template":"","meta":{"footnotes":""},"class_list":["post-521","page","type-page","status-publish","czr-hentry"],"yoast_head":"<!-- This site is optimized with the Yoast SEO plugin v27.6 - https:\/\/yoast.com\/product\/yoast-seo-wordpress\/ -->\n<title>Importante Labor de Trabajo Social &#8226; DIF Puerto Vallarta<\/title>\n<meta name=\"description\" content=\"DIF Puerto Vallarta &#8226; A trav\u00e9s del \u00e1rea de Trabajo Social atendimos a\u00a043,536\u00a0personas\u00a0brind\u00e1ndoles servicios de transporte, ex\u00e1menes de laboratorio, consultas m\u00e9dicas,\" \/>\n<meta name=\"robots\" content=\"index, follow, max-snippet:-1, max-image-preview:large, max-video-preview:-1\" \/>\n<link rel=\"canonical\" href=\"https:\/\/difpuertovallarta.gob.mx\/cms\/importante-labor-de-trabajo-social\/\" \/>\n<meta property=\"og:locale\" content=\"es_MX\" \/>\n<meta property=\"og:type\" content=\"article\" \/>\n<meta property=\"og:title\" content=\"Importante Labor de Trabajo Social &#8226; DIF Puerto Vallarta\" \/>\n<meta property=\"og:description\" content=\"DIF Puerto Vallarta &#8226; A trav\u00e9s del \u00e1rea de Trabajo Social atendimos a\u00a043,536\u00a0personas\u00a0brind\u00e1ndoles servicios de transporte, ex\u00e1menes de laboratorio, consultas m\u00e9dicas,\" \/>\n<meta property=\"og:url\" content=\"https:\/\/difpuertovallarta.gob.mx\/cms\/importante-labor-de-trabajo-social\/\" \/>\n<meta property=\"og:site_name\" content=\"DIF Puerto Vallarta\" \/>\n<meta property=\"article:publisher\" content=\"https:\/\/www.facebook.com\/sistemadifvallarta\" \/>\n<meta property=\"article:modified_time\" content=\"2016-11-24T03:46:05+00:00\" \/>\n<meta name=\"twitter:card\" content=\"summary_large_image\" \/>\n<meta name=\"twitter:site\" content=\"@difvallarta\" \/>\n<meta name=\"twitter:label1\" content=\"Tiempo de lectura\" \/>\n\t<meta name=\"twitter:data1\" content=\"2 minutos\" \/>\n<script type=\"application\/ld+json\" class=\"yoast-schema-graph\">{\"@context\":\"https:\\\/\\\/schema.org\",\"@graph\":[{\"@type\":\"WebPage\",\"@id\":\"https:\\\/\\\/difpuertovallarta.gob.mx\\\/cms\\\/importante-labor-de-trabajo-social\\\/\",\"url\":\"https:\\\/\\\/difpuertovallarta.gob.mx\\\/cms\\\/importante-labor-de-trabajo-social\\\/\",\"name\":\"Importante Labor de Trabajo Social &#8226; DIF Puerto Vallarta\",\"isPartOf\":{\"@id\":\"https:\\\/\\\/difpuertovallarta.gob.mx\\\/cms\\\/#website\"},\"datePublished\":\"2016-11-24T03:42:19+00:00\",\"dateModified\":\"2016-11-24T03:46:05+00:00\",\"description\":\"DIF Puerto Vallarta &#8226; A trav\u00e9s del \u00e1rea de Trabajo Social atendimos a\u00a043,536\u00a0personas\u00a0brind\u00e1ndoles servicios de transporte, ex\u00e1menes de laboratorio, consultas m\u00e9dicas,\",\"breadcrumb\":{\"@id\":\"https:\\\/\\\/difpuertovallarta.gob.mx\\\/cms\\\/importante-labor-de-trabajo-social\\\/#breadcrumb\"},\"inLanguage\":\"es\",\"potentialAction\":[{\"@type\":\"ReadAction\",\"target\":[\"https:\\\/\\\/difpuertovallarta.gob.mx\\\/cms\\\/importante-labor-de-trabajo-social\\\/\"]}]},{\"@type\":\"BreadcrumbList\",\"@id\":\"https:\\\/\\\/difpuertovallarta.gob.mx\\\/cms\\\/importante-labor-de-trabajo-social\\\/#breadcrumb\",\"itemListElement\":[{\"@type\":\"ListItem\",\"position\":1,\"name\":\"Inicio\",\"item\":\"https:\\\/\\\/difpuertovallarta.gob.mx\\\/cms\\\/\"},{\"@type\":\"ListItem\",\"position\":2,\"name\":\"Importante Labor de Trabajo Social\"}]},{\"@type\":\"WebSite\",\"@id\":\"https:\\\/\\\/difpuertovallarta.gob.mx\\\/cms\\\/#website\",\"url\":\"https:\\\/\\\/difpuertovallarta.gob.mx\\\/cms\\\/\",\"name\":\"DIF Puerto Vallarta\",\"description\":\"Sistema para el Desarrollo Integral de la Familia para el Municipio de Puerto Vallarta, Jalisco.\",\"publisher\":{\"@id\":\"https:\\\/\\\/difpuertovallarta.gob.mx\\\/cms\\\/#organization\"},\"potentialAction\":[{\"@type\":\"SearchAction\",\"target\":{\"@type\":\"EntryPoint\",\"urlTemplate\":\"https:\\\/\\\/difpuertovallarta.gob.mx\\\/cms\\\/?s={search_term_string}\"},\"query-input\":{\"@type\":\"PropertyValueSpecification\",\"valueRequired\":true,\"valueName\":\"search_term_string\"}}],\"inLanguage\":\"es\"},{\"@type\":\"Organization\",\"@id\":\"https:\\\/\\\/difpuertovallarta.gob.mx\\\/cms\\\/#organization\",\"name\":\"Sistema DIF Puerto Vallarta\",\"url\":\"https:\\\/\\\/difpuertovallarta.gob.mx\\\/cms\\\/\",\"logo\":{\"@type\":\"ImageObject\",\"inLanguage\":\"es\",\"@id\":\"https:\\\/\\\/difpuertovallarta.gob.mx\\\/cms\\\/#\\\/schema\\\/logo\\\/image\\\/\",\"url\":\"http:\\\/\\\/difpuertovallarta.gob.mx\\\/cms\\\/wp-content\\\/uploads\\\/2018\\\/12\\\/LOGO-DIF-2021-NAVIDAD.jpg\",\"contentUrl\":\"http:\\\/\\\/difpuertovallarta.gob.mx\\\/cms\\\/wp-content\\\/uploads\\\/2018\\\/12\\\/LOGO-DIF-2021-NAVIDAD.jpg\",\"width\":834,\"height\":834,\"caption\":\"Sistema DIF Puerto Vallarta\"},\"image\":{\"@id\":\"https:\\\/\\\/difpuertovallarta.gob.mx\\\/cms\\\/#\\\/schema\\\/logo\\\/image\\\/\"},\"sameAs\":[\"https:\\\/\\\/www.facebook.com\\\/sistemadifvallarta\",\"https:\\\/\\\/x.com\\\/difvallarta\"]}]}<\/script>\n<!-- \/ Yoast SEO plugin. -->","yoast_head_json":{"title":"Importante Labor de Trabajo Social &#8226; DIF Puerto Vallarta","description":"DIF Puerto Vallarta &#8226; A trav\u00e9s del \u00e1rea de Trabajo Social atendimos a\u00a043,536\u00a0personas\u00a0brind\u00e1ndoles servicios de transporte, ex\u00e1menes de laboratorio, consultas m\u00e9dicas,","robots":{"index":"index","follow":"follow","max-snippet":"max-snippet:-1","max-image-preview":"max-image-preview:large","max-video-preview":"max-video-preview:-1"},"canonical":"https:\/\/difpuertovallarta.gob.mx\/cms\/importante-labor-de-trabajo-social\/","og_locale":"es_MX","og_type":"article","og_title":"Importante Labor de Trabajo Social &#8226; DIF Puerto Vallarta","og_description":"DIF Puerto Vallarta &#8226; A trav\u00e9s del \u00e1rea de Trabajo Social atendimos a\u00a043,536\u00a0personas\u00a0brind\u00e1ndoles servicios de transporte, ex\u00e1menes de laboratorio, consultas m\u00e9dicas,","og_url":"https:\/\/difpuertovallarta.gob.mx\/cms\/importante-labor-de-trabajo-social\/","og_site_name":"DIF Puerto Vallarta","article_publisher":"https:\/\/www.facebook.com\/sistemadifvallarta","article_modified_time":"2016-11-24T03:46:05+00:00","twitter_card":"summary_large_image","twitter_site":"@difvallarta","twitter_misc":{"Tiempo de lectura":"2 minutos"},"schema":{"@context":"https:\/\/schema.org","@graph":[{"@type":"WebPage","@id":"https:\/\/difpuertovallarta.gob.mx\/cms\/importante-labor-de-trabajo-social\/","url":"https:\/\/difpuertovallarta.gob.mx\/cms\/importante-labor-de-trabajo-social\/","name":"Importante Labor de Trabajo Social &#8226; DIF Puerto Vallarta","isPartOf":{"@id":"https:\/\/difpuertovallarta.gob.mx\/cms\/#website"},"datePublished":"2016-11-24T03:42:19+00:00","dateModified":"2016-11-24T03:46:05+00:00","description":"DIF Puerto Vallarta &#8226; A trav\u00e9s del \u00e1rea de Trabajo Social atendimos a\u00a043,536\u00a0personas\u00a0brind\u00e1ndoles servicios de transporte, ex\u00e1menes de laboratorio, consultas m\u00e9dicas,","breadcrumb":{"@id":"https:\/\/difpuertovallarta.gob.mx\/cms\/importante-labor-de-trabajo-social\/#breadcrumb"},"inLanguage":"es","potentialAction":[{"@type":"ReadAction","target":["https:\/\/difpuertovallarta.gob.mx\/cms\/importante-labor-de-trabajo-social\/"]}]},{"@type":"BreadcrumbList","@id":"https:\/\/difpuertovallarta.gob.mx\/cms\/importante-labor-de-trabajo-social\/#breadcrumb","itemListElement":[{"@type":"ListItem","position":1,"name":"Inicio","item":"https:\/\/difpuertovallarta.gob.mx\/cms\/"},{"@type":"ListItem","position":2,"name":"Importante Labor de Trabajo Social"}]},{"@type":"WebSite","@id":"https:\/\/difpuertovallarta.gob.mx\/cms\/#website","url":"https:\/\/difpuertovallarta.gob.mx\/cms\/","name":"DIF Puerto Vallarta","description":"Sistema para el Desarrollo Integral de la Familia para el Municipio de Puerto Vallarta, Jalisco.","publisher":{"@id":"https:\/\/difpuertovallarta.gob.mx\/cms\/#organization"},"potentialAction":[{"@type":"SearchAction","target":{"@type":"EntryPoint","urlTemplate":"https:\/\/difpuertovallarta.gob.mx\/cms\/?s={search_term_string}"},"query-input":{"@type":"PropertyValueSpecification","valueRequired":true,"valueName":"search_term_string"}}],"inLanguage":"es"},{"@type":"Organization","@id":"https:\/\/difpuertovallarta.gob.mx\/cms\/#organization","name":"Sistema DIF Puerto Vallarta","url":"https:\/\/difpuertovallarta.gob.mx\/cms\/","logo":{"@type":"ImageObject","inLanguage":"es","@id":"https:\/\/difpuertovallarta.gob.mx\/cms\/#\/schema\/logo\/image\/","url":"http:\/\/difpuertovallarta.gob.mx\/cms\/wp-content\/uploads\/2018\/12\/LOGO-DIF-2021-NAVIDAD.jpg","contentUrl":"http:\/\/difpuertovallarta.gob.mx\/cms\/wp-content\/uploads\/2018\/12\/LOGO-DIF-2021-NAVIDAD.jpg","width":834,"height":834,"caption":"Sistema DIF Puerto Vallarta"},"image":{"@id":"https:\/\/difpuertovallarta.gob.mx\/cms\/#\/schema\/logo\/image\/"},"sameAs":["https:\/\/www.facebook.com\/sistemadifvallarta","https:\/\/x.com\/difvallarta"]}]}},"_links":{"self":[{"href":"https:\/\/difpuertovallarta.gob.mx\/cms\/wp-json\/wp\/v2\/pages\/521","targetHints":{"allow":["GET"]}}],"collection":[{"href":"https:\/\/difpuertovallarta.gob.mx\/cms\/wp-json\/wp\/v2\/pages"}],"about":[{"href":"https:\/\/difpuertovallarta.gob.mx\/cms\/wp-json\/wp\/v2\/types\/page"}],"author":[{"embeddable":true,"href":"https:\/\/difpuertovallarta.gob.mx\/cms\/wp-json\/wp\/v2\/users\/1"}],"replies":[{"embeddable":true,"href":"https:\/\/difpuertovallarta.gob.mx\/cms\/wp-json\/wp\/v2\/comments?post=521"}],"version-history":[{"count":1,"href":"https:\/\/difpuertovallarta.gob.mx\/cms\/wp-json\/wp\/v2\/pages\/521\/revisions"}],"predecessor-version":[{"id":522,"href":"https:\/\/difpuertovallarta.gob.mx\/cms\/wp-json\/wp\/v2\/pages\/521\/revisions\/522"}],"wp:attachment":[{"href":"https:\/\/difpuertovallarta.gob.mx\/cms\/wp-json\/wp\/v2\/media?parent=521"}],"curies":[{"name":"wp","href":"https:\/\/api.w.org\/{rel}","templated":true}]}}