{"id":517,"date":"2017-10-24T11:00:47","date_gmt":"2017-10-24T17:00:47","guid":{"rendered":"http:\/\/difpuertovallarta.gob.mx\/cms\/cms\/?page_id=517"},"modified":"2017-10-24T10:40:13","modified_gmt":"2017-10-24T16:40:13","slug":"grandes-apoyos-para-la-ninez-vallartense","status":"publish","type":"page","link":"https:\/\/difpuertovallarta.gob.mx\/cms\/grandes-apoyos-para-la-ninez-vallartense\/","title":{"rendered":"Atendimos a m\u00e1s de 35 mil menores en este segundo a\u00f1o de actividades"},"content":{"rendered":"<p style=\"text-align: justify;\">\u00a0 \u00a0 \u00a0 \u00a0 \u00a0 <span style=\"color: #000000;\">\u00a0 <em>\u2022 En este periodo tambi\u00e9n se entregaron 299 apoyos escolares por m\u00e1s de un mill\u00f3n 46 mil 500 pesos<\/em><\/span><\/p>\n<p style=\"text-align: justify;\"><span style=\"color: #000000;\"><img fetchpriority=\"high\" decoding=\"async\" class=\"size-medium wp-image-3147 alignleft\" src=\"https:\/\/difpuertovallarta.gob.mx\/cms\/cms\/wp-content\/uploads\/2017\/10\/COMUNICADO-2149-II-Informe-DIF-Protecci\u00f3n-a-la-Infancia-4-300x211.jpg\" alt=\"\" width=\"300\" height=\"211\" \/>A trav\u00e9s de la promoci\u00f3n y coordinaci\u00f3n de acciones preventivas en favor de las ni\u00f1as, ni\u00f1os y adolescentes, el Sistema DIF que preside Candelaria Tovar de D\u00e1valos, a trav\u00e9s de la Direcci\u00f3n de Protecci\u00f3n a la Infancia (DPI), atendi\u00f3 a 35 mil 686 peque\u00f1os en este segundo a\u00f1o de actividades, evitando as\u00ed la deserci\u00f3n escolar, riesgos psicosociales y fomentando la uni\u00f3n y convivencia familiar.<\/span><\/p>\n<p style=\"text-align: justify;\"><span style=\"color: #000000;\">Mediante los seis programas que conforman DPI, como son: Participaci\u00f3n Infantil, Deportes, Preverp Adicciones, Trabajo Infantil, Abuso Sexual Infantil y PREVERP Embarazo Infantil y Adolescente, se realizaron conferencias, actividades, ferias de la salud, para orientar e informar a adultos, j\u00f3venes y ni\u00f1os de estos temas, y puedan abordarlos de la mejor manera. Para ello, se visitaron 89 colonias del municipio, 66 planteles educativos y diferentes empresas.<\/span><\/p>\n<p style=\"text-align: justify;\"><span style=\"color: #000000;\">La DPI gestion\u00f3 ante DIF Jalisco diferentes proyectos y talleres para beneficio de los menores, como el de Iniciaci\u00f3n Musical para fortalecer los valores entre la ni\u00f1ez vallartense y dotarla de conocimientos te\u00f3rico-pr\u00e1cticos para el buen desarrollo de sus habilidades musicales, logrando obtener un recurso por 110 mil 961 pesos para adquirir los instrumentos musicales y brindar a 32 peque\u00f1os la oportunidad de participar en este taller.<\/span><\/p>\n<p style=\"text-align: justify;\"><span style=\"color: #000000;\"><img decoding=\"async\" class=\"size-medium wp-image-3143 alignright\" src=\"https:\/\/difpuertovallarta.gob.mx\/cms\/cms\/wp-content\/uploads\/2017\/10\/COMUNICADO-2149-II-Informe-DIF-Protecci\u00f3n-a-la-Infancia-6-300x169.jpg\" alt=\"\" width=\"300\" height=\"169\" \/>En este periodo tambi\u00e9n se entregaron 299 apoyos escolares con un recurso de un mill\u00f3n 46 mil 500 pesos, adem\u00e1s de paquetes con material escolar y zapato deportivo, para que los ni\u00f1os, ni\u00f1as y adolescentes de primaria, secundaria y bachillerato contin\u00faen con sus estudios.<\/span><\/p>\n<p style=\"text-align: justify;\"><span style=\"color: #000000;\">Se reactiv\u00f3 el programa de Deportes, fomentando en los peque\u00f1os la cultura del sano esparcimiento, al incluir actividades deportivas en su vida cotidiana para el beneficio de la salud f\u00edsica, psicol\u00f3gica y emocional. Entregando paquetes deportivos a ni\u00f1os, ni\u00f1as y adolescentes de diferentes colonias del municipio, quienes conformaron equipos deportivos y realizaron un torneo.<\/span><\/p>\n","protected":false},"excerpt":{"rendered":"<p>\u00a0 \u00a0 \u00a0 \u00a0 \u00a0 \u00a0 \u2022 En este periodo tambi\u00e9n se entregaron 299 apoyos escolares por m\u00e1s de un mill\u00f3n 46 mil 500 pesos A trav\u00e9s de la promoci\u00f3n y coordinaci\u00f3n de acciones preventivas en favor de las ni\u00f1as, ni\u00f1os y adolescentes, el Sistema DIF que preside Candelaria Tovar de D\u00e1valos, a trav\u00e9s de [&hellip;]<\/p>\n","protected":false},"author":1,"featured_media":0,"parent":0,"menu_order":0,"comment_status":"closed","ping_status":"closed","template":"","meta":{"footnotes":""},"class_list":["post-517","page","type-page","status-publish","czr-hentry"],"yoast_head":"<!-- This site is optimized with the Yoast SEO plugin v27.6 - https:\/\/yoast.com\/product\/yoast-seo-wordpress\/ -->\n<title>Atendimos a m\u00e1s de 35 mil menores en este segundo a\u00f1o de actividades &#8226; DIF Puerto Vallarta<\/title>\n<meta name=\"description\" content=\"DIF Puerto Vallarta &#8226; \u00a0 \u00a0 \u00a0 \u00a0 \u00a0 \u00a0 \u2022 En este periodo tambi\u00e9n se entregaron 299 apoyos escolares por m\u00e1s de un mill\u00f3n 46 mil 500 pesos A trav\u00e9s de la promoci\u00f3n y coordinaci\u00f3n de\" \/>\n<meta name=\"robots\" content=\"index, follow, max-snippet:-1, max-image-preview:large, max-video-preview:-1\" \/>\n<link rel=\"canonical\" href=\"https:\/\/difpuertovallarta.gob.mx\/cms\/grandes-apoyos-para-la-ninez-vallartense\/\" \/>\n<meta property=\"og:locale\" content=\"es_MX\" \/>\n<meta property=\"og:type\" content=\"article\" \/>\n<meta property=\"og:title\" content=\"Atendimos a m\u00e1s de 35 mil menores en este segundo a\u00f1o de actividades &#8226; DIF Puerto Vallarta\" \/>\n<meta property=\"og:description\" content=\"DIF Puerto Vallarta &#8226; \u00a0 \u00a0 \u00a0 \u00a0 \u00a0 \u00a0 \u2022 En este periodo tambi\u00e9n se entregaron 299 apoyos escolares por m\u00e1s de un mill\u00f3n 46 mil 500 pesos A trav\u00e9s de la promoci\u00f3n y coordinaci\u00f3n de\" \/>\n<meta property=\"og:url\" content=\"https:\/\/difpuertovallarta.gob.mx\/cms\/grandes-apoyos-para-la-ninez-vallartense\/\" \/>\n<meta property=\"og:site_name\" content=\"DIF Puerto Vallarta\" \/>\n<meta property=\"article:publisher\" content=\"https:\/\/www.facebook.com\/sistemadifvallarta\" \/>\n<meta property=\"og:image\" content=\"https:\/\/difpuertovallarta.gob.mx\/cms\/wp-content\/uploads\/2016\/11\/COMUNICADO-1538-DIF-Celebraci\u00f3n-D\u00eda-de-la-Familia-4-2.jpg\" \/>\n\t<meta property=\"og:image:width\" content=\"1200\" \/>\n\t<meta property=\"og:image:height\" content=\"800\" \/>\n\t<meta property=\"og:image:type\" content=\"image\/jpeg\" \/>\n<meta name=\"twitter:card\" content=\"summary_large_image\" \/>\n<meta name=\"twitter:site\" content=\"@difvallarta\" \/>\n<meta name=\"twitter:label1\" content=\"Tiempo de lectura\" \/>\n\t<meta name=\"twitter:data1\" content=\"2 minutos\" \/>\n<script type=\"application\/ld+json\" class=\"yoast-schema-graph\">{\"@context\":\"https:\\\/\\\/schema.org\",\"@graph\":[{\"@type\":\"WebPage\",\"@id\":\"https:\\\/\\\/difpuertovallarta.gob.mx\\\/cms\\\/grandes-apoyos-para-la-ninez-vallartense\\\/\",\"url\":\"https:\\\/\\\/difpuertovallarta.gob.mx\\\/cms\\\/grandes-apoyos-para-la-ninez-vallartense\\\/\",\"name\":\"Atendimos a m\u00e1s de 35 mil menores en este segundo a\u00f1o de actividades &#8226; DIF Puerto Vallarta\",\"isPartOf\":{\"@id\":\"https:\\\/\\\/difpuertovallarta.gob.mx\\\/cms\\\/#website\"},\"datePublished\":\"2017-10-24T17:00:47+00:00\",\"description\":\"DIF Puerto Vallarta &#8226; \u00a0 \u00a0 \u00a0 \u00a0 \u00a0 \u00a0 \u2022 En este periodo tambi\u00e9n se entregaron 299 apoyos escolares por m\u00e1s de un mill\u00f3n 46 mil 500 pesos A trav\u00e9s de la promoci\u00f3n y coordinaci\u00f3n de\",\"breadcrumb\":{\"@id\":\"https:\\\/\\\/difpuertovallarta.gob.mx\\\/cms\\\/grandes-apoyos-para-la-ninez-vallartense\\\/#breadcrumb\"},\"inLanguage\":\"es\",\"potentialAction\":[{\"@type\":\"ReadAction\",\"target\":[\"https:\\\/\\\/difpuertovallarta.gob.mx\\\/cms\\\/grandes-apoyos-para-la-ninez-vallartense\\\/\"]}]},{\"@type\":\"BreadcrumbList\",\"@id\":\"https:\\\/\\\/difpuertovallarta.gob.mx\\\/cms\\\/grandes-apoyos-para-la-ninez-vallartense\\\/#breadcrumb\",\"itemListElement\":[{\"@type\":\"ListItem\",\"position\":1,\"name\":\"Inicio\",\"item\":\"https:\\\/\\\/difpuertovallarta.gob.mx\\\/cms\\\/\"},{\"@type\":\"ListItem\",\"position\":2,\"name\":\"Atendimos a m\u00e1s de 35 mil menores en este segundo a\u00f1o de actividades\"}]},{\"@type\":\"WebSite\",\"@id\":\"https:\\\/\\\/difpuertovallarta.gob.mx\\\/cms\\\/#website\",\"url\":\"https:\\\/\\\/difpuertovallarta.gob.mx\\\/cms\\\/\",\"name\":\"DIF Puerto Vallarta\",\"description\":\"Sistema para el Desarrollo Integral de la Familia para el Municipio de Puerto Vallarta, Jalisco.\",\"publisher\":{\"@id\":\"https:\\\/\\\/difpuertovallarta.gob.mx\\\/cms\\\/#organization\"},\"potentialAction\":[{\"@type\":\"SearchAction\",\"target\":{\"@type\":\"EntryPoint\",\"urlTemplate\":\"https:\\\/\\\/difpuertovallarta.gob.mx\\\/cms\\\/?s={search_term_string}\"},\"query-input\":{\"@type\":\"PropertyValueSpecification\",\"valueRequired\":true,\"valueName\":\"search_term_string\"}}],\"inLanguage\":\"es\"},{\"@type\":\"Organization\",\"@id\":\"https:\\\/\\\/difpuertovallarta.gob.mx\\\/cms\\\/#organization\",\"name\":\"Sistema DIF Puerto Vallarta\",\"url\":\"https:\\\/\\\/difpuertovallarta.gob.mx\\\/cms\\\/\",\"logo\":{\"@type\":\"ImageObject\",\"inLanguage\":\"es\",\"@id\":\"https:\\\/\\\/difpuertovallarta.gob.mx\\\/cms\\\/#\\\/schema\\\/logo\\\/image\\\/\",\"url\":\"http:\\\/\\\/difpuertovallarta.gob.mx\\\/cms\\\/wp-content\\\/uploads\\\/2018\\\/12\\\/LOGO-DIF-2021-NAVIDAD.jpg\",\"contentUrl\":\"http:\\\/\\\/difpuertovallarta.gob.mx\\\/cms\\\/wp-content\\\/uploads\\\/2018\\\/12\\\/LOGO-DIF-2021-NAVIDAD.jpg\",\"width\":834,\"height\":834,\"caption\":\"Sistema DIF Puerto Vallarta\"},\"image\":{\"@id\":\"https:\\\/\\\/difpuertovallarta.gob.mx\\\/cms\\\/#\\\/schema\\\/logo\\\/image\\\/\"},\"sameAs\":[\"https:\\\/\\\/www.facebook.com\\\/sistemadifvallarta\",\"https:\\\/\\\/x.com\\\/difvallarta\"]}]}<\/script>\n<!-- \/ Yoast SEO plugin. -->","yoast_head_json":{"title":"Atendimos a m\u00e1s de 35 mil menores en este segundo a\u00f1o de actividades &#8226; DIF Puerto Vallarta","description":"DIF Puerto Vallarta &#8226; \u00a0 \u00a0 \u00a0 \u00a0 \u00a0 \u00a0 \u2022 En este periodo tambi\u00e9n se entregaron 299 apoyos escolares por m\u00e1s de un mill\u00f3n 46 mil 500 pesos A trav\u00e9s de la promoci\u00f3n y coordinaci\u00f3n de","robots":{"index":"index","follow":"follow","max-snippet":"max-snippet:-1","max-image-preview":"max-image-preview:large","max-video-preview":"max-video-preview:-1"},"canonical":"https:\/\/difpuertovallarta.gob.mx\/cms\/grandes-apoyos-para-la-ninez-vallartense\/","og_locale":"es_MX","og_type":"article","og_title":"Atendimos a m\u00e1s de 35 mil menores en este segundo a\u00f1o de actividades &#8226; DIF Puerto Vallarta","og_description":"DIF Puerto Vallarta &#8226; \u00a0 \u00a0 \u00a0 \u00a0 \u00a0 \u00a0 \u2022 En este periodo tambi\u00e9n se entregaron 299 apoyos escolares por m\u00e1s de un mill\u00f3n 46 mil 500 pesos A trav\u00e9s de la promoci\u00f3n y coordinaci\u00f3n de","og_url":"https:\/\/difpuertovallarta.gob.mx\/cms\/grandes-apoyos-para-la-ninez-vallartense\/","og_site_name":"DIF Puerto Vallarta","article_publisher":"https:\/\/www.facebook.com\/sistemadifvallarta","og_image":[{"width":1200,"height":800,"url":"https:\/\/difpuertovallarta.gob.mx\/cms\/wp-content\/uploads\/2016\/11\/COMUNICADO-1538-DIF-Celebraci\u00f3n-D\u00eda-de-la-Familia-4-2.jpg","type":"image\/jpeg"}],"twitter_card":"summary_large_image","twitter_site":"@difvallarta","twitter_misc":{"Tiempo de lectura":"2 minutos"},"schema":{"@context":"https:\/\/schema.org","@graph":[{"@type":"WebPage","@id":"https:\/\/difpuertovallarta.gob.mx\/cms\/grandes-apoyos-para-la-ninez-vallartense\/","url":"https:\/\/difpuertovallarta.gob.mx\/cms\/grandes-apoyos-para-la-ninez-vallartense\/","name":"Atendimos a m\u00e1s de 35 mil menores en este segundo a\u00f1o de actividades &#8226; DIF Puerto Vallarta","isPartOf":{"@id":"https:\/\/difpuertovallarta.gob.mx\/cms\/#website"},"datePublished":"2017-10-24T17:00:47+00:00","description":"DIF Puerto Vallarta &#8226; \u00a0 \u00a0 \u00a0 \u00a0 \u00a0 \u00a0 \u2022 En este periodo tambi\u00e9n se entregaron 299 apoyos escolares por m\u00e1s de un mill\u00f3n 46 mil 500 pesos A trav\u00e9s de la promoci\u00f3n y coordinaci\u00f3n de","breadcrumb":{"@id":"https:\/\/difpuertovallarta.gob.mx\/cms\/grandes-apoyos-para-la-ninez-vallartense\/#breadcrumb"},"inLanguage":"es","potentialAction":[{"@type":"ReadAction","target":["https:\/\/difpuertovallarta.gob.mx\/cms\/grandes-apoyos-para-la-ninez-vallartense\/"]}]},{"@type":"BreadcrumbList","@id":"https:\/\/difpuertovallarta.gob.mx\/cms\/grandes-apoyos-para-la-ninez-vallartense\/#breadcrumb","itemListElement":[{"@type":"ListItem","position":1,"name":"Inicio","item":"https:\/\/difpuertovallarta.gob.mx\/cms\/"},{"@type":"ListItem","position":2,"name":"Atendimos a m\u00e1s de 35 mil menores en este segundo a\u00f1o de actividades"}]},{"@type":"WebSite","@id":"https:\/\/difpuertovallarta.gob.mx\/cms\/#website","url":"https:\/\/difpuertovallarta.gob.mx\/cms\/","name":"DIF Puerto Vallarta","description":"Sistema para el Desarrollo Integral de la Familia para el Municipio de Puerto Vallarta, Jalisco.","publisher":{"@id":"https:\/\/difpuertovallarta.gob.mx\/cms\/#organization"},"potentialAction":[{"@type":"SearchAction","target":{"@type":"EntryPoint","urlTemplate":"https:\/\/difpuertovallarta.gob.mx\/cms\/?s={search_term_string}"},"query-input":{"@type":"PropertyValueSpecification","valueRequired":true,"valueName":"search_term_string"}}],"inLanguage":"es"},{"@type":"Organization","@id":"https:\/\/difpuertovallarta.gob.mx\/cms\/#organization","name":"Sistema DIF Puerto Vallarta","url":"https:\/\/difpuertovallarta.gob.mx\/cms\/","logo":{"@type":"ImageObject","inLanguage":"es","@id":"https:\/\/difpuertovallarta.gob.mx\/cms\/#\/schema\/logo\/image\/","url":"http:\/\/difpuertovallarta.gob.mx\/cms\/wp-content\/uploads\/2018\/12\/LOGO-DIF-2021-NAVIDAD.jpg","contentUrl":"http:\/\/difpuertovallarta.gob.mx\/cms\/wp-content\/uploads\/2018\/12\/LOGO-DIF-2021-NAVIDAD.jpg","width":834,"height":834,"caption":"Sistema DIF Puerto Vallarta"},"image":{"@id":"https:\/\/difpuertovallarta.gob.mx\/cms\/#\/schema\/logo\/image\/"},"sameAs":["https:\/\/www.facebook.com\/sistemadifvallarta","https:\/\/x.com\/difvallarta"]}]}},"_links":{"self":[{"href":"https:\/\/difpuertovallarta.gob.mx\/cms\/wp-json\/wp\/v2\/pages\/517","targetHints":{"allow":["GET"]}}],"collection":[{"href":"https:\/\/difpuertovallarta.gob.mx\/cms\/wp-json\/wp\/v2\/pages"}],"about":[{"href":"https:\/\/difpuertovallarta.gob.mx\/cms\/wp-json\/wp\/v2\/types\/page"}],"author":[{"embeddable":true,"href":"https:\/\/difpuertovallarta.gob.mx\/cms\/wp-json\/wp\/v2\/users\/1"}],"replies":[{"embeddable":true,"href":"https:\/\/difpuertovallarta.gob.mx\/cms\/wp-json\/wp\/v2\/comments?post=517"}],"version-history":[{"count":3,"href":"https:\/\/difpuertovallarta.gob.mx\/cms\/wp-json\/wp\/v2\/pages\/517\/revisions"}],"predecessor-version":[{"id":3199,"href":"https:\/\/difpuertovallarta.gob.mx\/cms\/wp-json\/wp\/v2\/pages\/517\/revisions\/3199"}],"wp:attachment":[{"href":"https:\/\/difpuertovallarta.gob.mx\/cms\/wp-json\/wp\/v2\/media?parent=517"}],"curies":[{"name":"wp","href":"https:\/\/api.w.org\/{rel}","templated":true}]}}