{"id":513,"date":"2016-11-23T21:35:09","date_gmt":"2016-11-24T03:35:09","guid":{"rendered":"http:\/\/difpuertovallarta.gob.mx\/cms\/cms\/?page_id=513"},"modified":"2017-10-24T10:37:59","modified_gmt":"2017-10-24T16:37:59","slug":"jovenes-de-corazon","status":"publish","type":"page","link":"https:\/\/difpuertovallarta.gob.mx\/cms\/jovenes-de-corazon\/","title":{"rendered":"J\u00f3venes de Coraz\u00f3n"},"content":{"rendered":"<p>Nuestros j\u00f3venes de la tercera edad son una prioridad y con las donaciones hemos recaudado\u00a0500 mil pesos\u00a0para la remodelaci\u00f3n del Centro de Atenci\u00f3n Integral del Adulto Mayor, donde atendemos a\u00a023 personas,\u00a0a quienes se les procura un adecuado\u00a0estado de salud f\u00edsica y mental, bajo un riguroso esquema de cuidados m\u00e9dicos.<\/p>\n<p>Nuestro objetivo es dignificar las condiciones de vida del sector m\u00e1s necesitado y vulnerable de la poblaci\u00f3n, por ello actualmente trabajamos en la ampliaci\u00f3n del CAIAM, que se planea est\u00e9 lista a finales del presente a\u00f1o.<\/p>\n<p>El a\u00f1o anterior atendimos a\u00a08,053 adultos\u00a0mayores a\u00a0trav\u00e9s de la Casa de D\u00eda, los 31 grupos de la Tercera Edad, en ambos casos con espacios que permiten la relaci\u00f3n y convivencia, adem\u00e1s de\u00a0programas de psicolog\u00eda, atenci\u00f3n nutricional y terapias de rehabilitaci\u00f3n.<\/p>\n<p>Tambi\u00e9n firmamos un convenio de colaboraci\u00f3n con el Instituto Nacional de las Personas Adultas Mayores (INAPAM) para que en nuestras instalaciones de Casa de D\u00eda se instalara un m\u00f3dulo de atenci\u00f3n y expedici\u00f3n de credenciales que les sirven para lograr descuentos.<\/p>\n","protected":false},"excerpt":{"rendered":"<p>Nuestros j\u00f3venes de la tercera edad son una prioridad y con las donaciones hemos recaudado\u00a0500 mil pesos\u00a0para la remodelaci\u00f3n del Centro de Atenci\u00f3n Integral del Adulto Mayor, donde atendemos a\u00a023 personas,\u00a0a quienes se les procura un adecuado\u00a0estado de salud f\u00edsica y mental, bajo un riguroso esquema de cuidados m\u00e9dicos. Nuestro objetivo es dignificar las condiciones [&hellip;]<\/p>\n","protected":false},"author":1,"featured_media":0,"parent":0,"menu_order":0,"comment_status":"closed","ping_status":"closed","template":"","meta":{"footnotes":""},"class_list":["post-513","page","type-page","status-publish","czr-hentry"],"yoast_head":"<!-- This site is optimized with the Yoast SEO plugin v27.6 - https:\/\/yoast.com\/product\/yoast-seo-wordpress\/ -->\n<title>J\u00f3venes de Coraz\u00f3n &#8226; DIF Puerto Vallarta<\/title>\n<meta name=\"description\" content=\"DIF Puerto Vallarta &#8226; Nuestros j\u00f3venes de la tercera edad son una prioridad y con las donaciones hemos recaudado\u00a0500 mil pesos\u00a0para la remodelaci\u00f3n del Centro de Atenci\u00f3n\" \/>\n<meta name=\"robots\" content=\"index, follow, max-snippet:-1, max-image-preview:large, max-video-preview:-1\" \/>\n<link rel=\"canonical\" href=\"https:\/\/difpuertovallarta.gob.mx\/cms\/jovenes-de-corazon\/\" \/>\n<meta property=\"og:locale\" content=\"es_MX\" \/>\n<meta property=\"og:type\" content=\"article\" \/>\n<meta property=\"og:title\" content=\"J\u00f3venes de Coraz\u00f3n &#8226; DIF Puerto Vallarta\" \/>\n<meta property=\"og:description\" content=\"DIF Puerto Vallarta &#8226; Nuestros j\u00f3venes de la tercera edad son una prioridad y con las donaciones hemos recaudado\u00a0500 mil pesos\u00a0para la remodelaci\u00f3n del Centro de Atenci\u00f3n\" \/>\n<meta property=\"og:url\" content=\"https:\/\/difpuertovallarta.gob.mx\/cms\/jovenes-de-corazon\/\" \/>\n<meta property=\"og:site_name\" content=\"DIF Puerto Vallarta\" \/>\n<meta property=\"article:publisher\" content=\"https:\/\/www.facebook.com\/sistemadifvallarta\" \/>\n<meta property=\"article:modified_time\" content=\"2017-10-24T16:37:59+00:00\" \/>\n<meta name=\"twitter:card\" content=\"summary_large_image\" \/>\n<meta name=\"twitter:site\" content=\"@difvallarta\" \/>\n<meta name=\"twitter:label1\" content=\"Tiempo de lectura\" \/>\n\t<meta name=\"twitter:data1\" content=\"1 minuto\" \/>\n<script type=\"application\/ld+json\" class=\"yoast-schema-graph\">{\"@context\":\"https:\\\/\\\/schema.org\",\"@graph\":[{\"@type\":\"WebPage\",\"@id\":\"https:\\\/\\\/difpuertovallarta.gob.mx\\\/cms\\\/jovenes-de-corazon\\\/\",\"url\":\"https:\\\/\\\/difpuertovallarta.gob.mx\\\/cms\\\/jovenes-de-corazon\\\/\",\"name\":\"J\u00f3venes de Coraz\u00f3n &#8226; DIF Puerto Vallarta\",\"isPartOf\":{\"@id\":\"https:\\\/\\\/difpuertovallarta.gob.mx\\\/cms\\\/#website\"},\"datePublished\":\"2016-11-24T03:35:09+00:00\",\"dateModified\":\"2017-10-24T16:37:59+00:00\",\"description\":\"DIF Puerto Vallarta &#8226; Nuestros j\u00f3venes de la tercera edad son una prioridad y con las donaciones hemos recaudado\u00a0500 mil pesos\u00a0para la remodelaci\u00f3n del Centro de Atenci\u00f3n\",\"breadcrumb\":{\"@id\":\"https:\\\/\\\/difpuertovallarta.gob.mx\\\/cms\\\/jovenes-de-corazon\\\/#breadcrumb\"},\"inLanguage\":\"es\",\"potentialAction\":[{\"@type\":\"ReadAction\",\"target\":[\"https:\\\/\\\/difpuertovallarta.gob.mx\\\/cms\\\/jovenes-de-corazon\\\/\"]}]},{\"@type\":\"BreadcrumbList\",\"@id\":\"https:\\\/\\\/difpuertovallarta.gob.mx\\\/cms\\\/jovenes-de-corazon\\\/#breadcrumb\",\"itemListElement\":[{\"@type\":\"ListItem\",\"position\":1,\"name\":\"Inicio\",\"item\":\"https:\\\/\\\/difpuertovallarta.gob.mx\\\/cms\\\/\"},{\"@type\":\"ListItem\",\"position\":2,\"name\":\"J\u00f3venes de Coraz\u00f3n\"}]},{\"@type\":\"WebSite\",\"@id\":\"https:\\\/\\\/difpuertovallarta.gob.mx\\\/cms\\\/#website\",\"url\":\"https:\\\/\\\/difpuertovallarta.gob.mx\\\/cms\\\/\",\"name\":\"DIF Puerto Vallarta\",\"description\":\"Sistema para el Desarrollo Integral de la Familia para el Municipio de Puerto Vallarta, Jalisco.\",\"publisher\":{\"@id\":\"https:\\\/\\\/difpuertovallarta.gob.mx\\\/cms\\\/#organization\"},\"potentialAction\":[{\"@type\":\"SearchAction\",\"target\":{\"@type\":\"EntryPoint\",\"urlTemplate\":\"https:\\\/\\\/difpuertovallarta.gob.mx\\\/cms\\\/?s={search_term_string}\"},\"query-input\":{\"@type\":\"PropertyValueSpecification\",\"valueRequired\":true,\"valueName\":\"search_term_string\"}}],\"inLanguage\":\"es\"},{\"@type\":\"Organization\",\"@id\":\"https:\\\/\\\/difpuertovallarta.gob.mx\\\/cms\\\/#organization\",\"name\":\"Sistema DIF Puerto Vallarta\",\"url\":\"https:\\\/\\\/difpuertovallarta.gob.mx\\\/cms\\\/\",\"logo\":{\"@type\":\"ImageObject\",\"inLanguage\":\"es\",\"@id\":\"https:\\\/\\\/difpuertovallarta.gob.mx\\\/cms\\\/#\\\/schema\\\/logo\\\/image\\\/\",\"url\":\"http:\\\/\\\/difpuertovallarta.gob.mx\\\/cms\\\/wp-content\\\/uploads\\\/2018\\\/12\\\/LOGO-DIF-2021-NAVIDAD.jpg\",\"contentUrl\":\"http:\\\/\\\/difpuertovallarta.gob.mx\\\/cms\\\/wp-content\\\/uploads\\\/2018\\\/12\\\/LOGO-DIF-2021-NAVIDAD.jpg\",\"width\":834,\"height\":834,\"caption\":\"Sistema DIF Puerto Vallarta\"},\"image\":{\"@id\":\"https:\\\/\\\/difpuertovallarta.gob.mx\\\/cms\\\/#\\\/schema\\\/logo\\\/image\\\/\"},\"sameAs\":[\"https:\\\/\\\/www.facebook.com\\\/sistemadifvallarta\",\"https:\\\/\\\/x.com\\\/difvallarta\"]}]}<\/script>\n<!-- \/ Yoast SEO plugin. -->","yoast_head_json":{"title":"J\u00f3venes de Coraz\u00f3n &#8226; DIF Puerto Vallarta","description":"DIF Puerto Vallarta &#8226; Nuestros j\u00f3venes de la tercera edad son una prioridad y con las donaciones hemos recaudado\u00a0500 mil pesos\u00a0para la remodelaci\u00f3n del Centro de Atenci\u00f3n","robots":{"index":"index","follow":"follow","max-snippet":"max-snippet:-1","max-image-preview":"max-image-preview:large","max-video-preview":"max-video-preview:-1"},"canonical":"https:\/\/difpuertovallarta.gob.mx\/cms\/jovenes-de-corazon\/","og_locale":"es_MX","og_type":"article","og_title":"J\u00f3venes de Coraz\u00f3n &#8226; DIF Puerto Vallarta","og_description":"DIF Puerto Vallarta &#8226; Nuestros j\u00f3venes de la tercera edad son una prioridad y con las donaciones hemos recaudado\u00a0500 mil pesos\u00a0para la remodelaci\u00f3n del Centro de Atenci\u00f3n","og_url":"https:\/\/difpuertovallarta.gob.mx\/cms\/jovenes-de-corazon\/","og_site_name":"DIF Puerto Vallarta","article_publisher":"https:\/\/www.facebook.com\/sistemadifvallarta","article_modified_time":"2017-10-24T16:37:59+00:00","twitter_card":"summary_large_image","twitter_site":"@difvallarta","twitter_misc":{"Tiempo de lectura":"1 minuto"},"schema":{"@context":"https:\/\/schema.org","@graph":[{"@type":"WebPage","@id":"https:\/\/difpuertovallarta.gob.mx\/cms\/jovenes-de-corazon\/","url":"https:\/\/difpuertovallarta.gob.mx\/cms\/jovenes-de-corazon\/","name":"J\u00f3venes de Coraz\u00f3n &#8226; DIF Puerto Vallarta","isPartOf":{"@id":"https:\/\/difpuertovallarta.gob.mx\/cms\/#website"},"datePublished":"2016-11-24T03:35:09+00:00","dateModified":"2017-10-24T16:37:59+00:00","description":"DIF Puerto Vallarta &#8226; Nuestros j\u00f3venes de la tercera edad son una prioridad y con las donaciones hemos recaudado\u00a0500 mil pesos\u00a0para la remodelaci\u00f3n del Centro de Atenci\u00f3n","breadcrumb":{"@id":"https:\/\/difpuertovallarta.gob.mx\/cms\/jovenes-de-corazon\/#breadcrumb"},"inLanguage":"es","potentialAction":[{"@type":"ReadAction","target":["https:\/\/difpuertovallarta.gob.mx\/cms\/jovenes-de-corazon\/"]}]},{"@type":"BreadcrumbList","@id":"https:\/\/difpuertovallarta.gob.mx\/cms\/jovenes-de-corazon\/#breadcrumb","itemListElement":[{"@type":"ListItem","position":1,"name":"Inicio","item":"https:\/\/difpuertovallarta.gob.mx\/cms\/"},{"@type":"ListItem","position":2,"name":"J\u00f3venes de Coraz\u00f3n"}]},{"@type":"WebSite","@id":"https:\/\/difpuertovallarta.gob.mx\/cms\/#website","url":"https:\/\/difpuertovallarta.gob.mx\/cms\/","name":"DIF Puerto Vallarta","description":"Sistema para el Desarrollo Integral de la Familia para el Municipio de Puerto Vallarta, Jalisco.","publisher":{"@id":"https:\/\/difpuertovallarta.gob.mx\/cms\/#organization"},"potentialAction":[{"@type":"SearchAction","target":{"@type":"EntryPoint","urlTemplate":"https:\/\/difpuertovallarta.gob.mx\/cms\/?s={search_term_string}"},"query-input":{"@type":"PropertyValueSpecification","valueRequired":true,"valueName":"search_term_string"}}],"inLanguage":"es"},{"@type":"Organization","@id":"https:\/\/difpuertovallarta.gob.mx\/cms\/#organization","name":"Sistema DIF Puerto Vallarta","url":"https:\/\/difpuertovallarta.gob.mx\/cms\/","logo":{"@type":"ImageObject","inLanguage":"es","@id":"https:\/\/difpuertovallarta.gob.mx\/cms\/#\/schema\/logo\/image\/","url":"http:\/\/difpuertovallarta.gob.mx\/cms\/wp-content\/uploads\/2018\/12\/LOGO-DIF-2021-NAVIDAD.jpg","contentUrl":"http:\/\/difpuertovallarta.gob.mx\/cms\/wp-content\/uploads\/2018\/12\/LOGO-DIF-2021-NAVIDAD.jpg","width":834,"height":834,"caption":"Sistema DIF Puerto Vallarta"},"image":{"@id":"https:\/\/difpuertovallarta.gob.mx\/cms\/#\/schema\/logo\/image\/"},"sameAs":["https:\/\/www.facebook.com\/sistemadifvallarta","https:\/\/x.com\/difvallarta"]}]}},"_links":{"self":[{"href":"https:\/\/difpuertovallarta.gob.mx\/cms\/wp-json\/wp\/v2\/pages\/513","targetHints":{"allow":["GET"]}}],"collection":[{"href":"https:\/\/difpuertovallarta.gob.mx\/cms\/wp-json\/wp\/v2\/pages"}],"about":[{"href":"https:\/\/difpuertovallarta.gob.mx\/cms\/wp-json\/wp\/v2\/types\/page"}],"author":[{"embeddable":true,"href":"https:\/\/difpuertovallarta.gob.mx\/cms\/wp-json\/wp\/v2\/users\/1"}],"replies":[{"embeddable":true,"href":"https:\/\/difpuertovallarta.gob.mx\/cms\/wp-json\/wp\/v2\/comments?post=513"}],"version-history":[{"count":1,"href":"https:\/\/difpuertovallarta.gob.mx\/cms\/wp-json\/wp\/v2\/pages\/513\/revisions"}],"predecessor-version":[{"id":516,"href":"https:\/\/difpuertovallarta.gob.mx\/cms\/wp-json\/wp\/v2\/pages\/513\/revisions\/516"}],"wp:attachment":[{"href":"https:\/\/difpuertovallarta.gob.mx\/cms\/wp-json\/wp\/v2\/media?parent=513"}],"curies":[{"name":"wp","href":"https:\/\/api.w.org\/{rel}","templated":true}]}}