{"id":468,"date":"2016-11-04T14:31:47","date_gmt":"2016-11-04T20:31:47","guid":{"rendered":"http:\/\/difpuertovallarta.gob.mx\/cms\/cms\/?page_id=468"},"modified":"2023-07-12T14:07:54","modified_gmt":"2023-07-12T19:07:54","slug":"albergue-vida-nueva2","status":"publish","type":"page","link":"https:\/\/difpuertovallarta.gob.mx\/cms\/albergue-vida-nueva2\/","title":{"rendered":"Albergue &#8220;Vida Nueva&#8221;"},"content":{"rendered":"<div id=\"pl-468\"  class=\"panel-layout\" ><div id=\"pg-468-0\"  class=\"panel-grid panel-no-style\" ><div id=\"pgc-468-0-0\"  class=\"panel-grid-cell\" ><div id=\"panel-468-0-0-0\" class=\"so-panel widget widget_black-studio-tinymce widget_black_studio_tinymce panel-first-child panel-last-child\" data-index=\"0\" ><div class=\"textwidget\"><p>Dada la creciente problem\u00e1tica en nuestro Municipio de Ni\u00f1os de o en la calle (Locales for\u00e1neos) se creo el albergue \"Vida Nueva\", un espacio seguro para ellos, en donde se atienden sus diferentes necesidades.<\/p>\n<p>Es un hogar que brinda protecci\u00f3n, cuidados y contenci\u00f3n a ni\u00f1os menores de edad sin cuidados parentales.<\/p>\n<p><strong>Servicios:<\/strong><\/p>\n<ul>\n<li>Brinda servicio de vivienda<\/li>\n<li>Alimentaci\u00f3n<\/li>\n<li>Vestido<\/li>\n<li>Atenci\u00f3n pedag\u00f3gica<\/li>\n<li>Atenci\u00f3n psicol\u00f3gica y formativa<\/li>\n<li>Cuidados m\u00e9dicos<\/li>\n<li>Actividades de recreaci\u00f3n, deportivas y culturales.<\/li>\n<\/ul>\n<\/div><\/div><\/div><\/div><div id=\"pg-468-1\"  class=\"panel-grid panel-no-style\" ><div id=\"pgc-468-1-0\"  class=\"panel-grid-cell\" ><div id=\"panel-468-1-0-0\" class=\"so-panel widget panel-first-child\" data-index=\"1\" ><\/div><div id=\"panel-468-1-0-1\" class=\"so-panel widget widget_black-studio-tinymce widget_black_studio_tinymce panel-last-child\" data-index=\"2\" ><div class=\"textwidget\"><p>Guatemala #247, Colonia Coapinole, Puerto Vallarta, Jalisco.<\/p>\n<\/div><\/div><\/div><\/div><\/div>","protected":false},"excerpt":{"rendered":"<p>Dada la creciente problem\u00e1tica en nuestro Municipio de Ni\u00f1os de o en la calle (Locales for\u00e1neos) se creo el albergue &#8220;Vida Nueva&#8221;, un espacio seguro para ellos, en donde se atienden sus diferentes necesidades. Es un hogar que brinda protecci\u00f3n, cuidados y contenci\u00f3n a ni\u00f1os menores de edad sin cuidados parentales. Servicios: Brinda servicio de [&hellip;]<\/p>\n","protected":false},"author":1,"featured_media":0,"parent":0,"menu_order":0,"comment_status":"closed","ping_status":"closed","template":"","meta":{"footnotes":""},"class_list":["post-468","page","type-page","status-publish","czr-hentry"],"yoast_head":"<!-- This site is optimized with the Yoast SEO plugin v27.2 - https:\/\/yoast.com\/product\/yoast-seo-wordpress\/ -->\n<title>Albergue &quot;Vida Nueva&quot; &#8226; DIF Puerto Vallarta<\/title>\n<meta name=\"description\" content=\"DIF Puerto Vallarta &#8226;\" \/>\n<meta name=\"robots\" content=\"index, follow, max-snippet:-1, max-image-preview:large, max-video-preview:-1\" \/>\n<link rel=\"canonical\" href=\"https:\/\/difpuertovallarta.gob.mx\/cms\/albergue-vida-nueva2\/\" \/>\n<meta property=\"og:locale\" content=\"es_MX\" \/>\n<meta property=\"og:type\" content=\"article\" \/>\n<meta property=\"og:title\" content=\"Albergue &quot;Vida Nueva&quot; &#8226; DIF Puerto Vallarta\" \/>\n<meta property=\"og:description\" content=\"DIF Puerto Vallarta &#8226;\" \/>\n<meta property=\"og:url\" content=\"https:\/\/difpuertovallarta.gob.mx\/cms\/albergue-vida-nueva2\/\" \/>\n<meta property=\"og:site_name\" content=\"DIF Puerto Vallarta\" \/>\n<meta property=\"article:publisher\" content=\"https:\/\/www.facebook.com\/sistemadifvallarta\" \/>\n<meta property=\"article:modified_time\" content=\"2023-07-12T19:07:54+00:00\" \/>\n<meta name=\"twitter:card\" content=\"summary_large_image\" \/>\n<meta name=\"twitter:site\" content=\"@difvallarta\" \/>\n<script type=\"application\/ld+json\" class=\"yoast-schema-graph\">{\"@context\":\"https:\/\/schema.org\",\"@graph\":[{\"@type\":\"WebPage\",\"@id\":\"https:\/\/difpuertovallarta.gob.mx\/cms\/albergue-vida-nueva2\/\",\"url\":\"https:\/\/difpuertovallarta.gob.mx\/cms\/albergue-vida-nueva2\/\",\"name\":\"Albergue \\\"Vida Nueva\\\" &#8226; DIF Puerto Vallarta\",\"isPartOf\":{\"@id\":\"https:\/\/difpuertovallarta.gob.mx\/cms\/#website\"},\"datePublished\":\"2016-11-04T20:31:47+00:00\",\"dateModified\":\"2023-07-12T19:07:54+00:00\",\"description\":\"DIF Puerto Vallarta &#8226;\",\"breadcrumb\":{\"@id\":\"https:\/\/difpuertovallarta.gob.mx\/cms\/albergue-vida-nueva2\/#breadcrumb\"},\"inLanguage\":\"es\",\"potentialAction\":[{\"@type\":\"ReadAction\",\"target\":[\"https:\/\/difpuertovallarta.gob.mx\/cms\/albergue-vida-nueva2\/\"]}]},{\"@type\":\"BreadcrumbList\",\"@id\":\"https:\/\/difpuertovallarta.gob.mx\/cms\/albergue-vida-nueva2\/#breadcrumb\",\"itemListElement\":[{\"@type\":\"ListItem\",\"position\":1,\"name\":\"Inicio\",\"item\":\"https:\/\/difpuertovallarta.gob.mx\/cms\/\"},{\"@type\":\"ListItem\",\"position\":2,\"name\":\"Albergue &#8220;Vida Nueva&#8221;\"}]},{\"@type\":\"WebSite\",\"@id\":\"https:\/\/difpuertovallarta.gob.mx\/cms\/#website\",\"url\":\"https:\/\/difpuertovallarta.gob.mx\/cms\/\",\"name\":\"DIF Puerto Vallarta\",\"description\":\"Sistema para el Desarrollo Integral de la Familia para el Municipio de Puerto Vallarta, Jalisco.\",\"publisher\":{\"@id\":\"https:\/\/difpuertovallarta.gob.mx\/cms\/#organization\"},\"potentialAction\":[{\"@type\":\"SearchAction\",\"target\":{\"@type\":\"EntryPoint\",\"urlTemplate\":\"https:\/\/difpuertovallarta.gob.mx\/cms\/?s={search_term_string}\"},\"query-input\":{\"@type\":\"PropertyValueSpecification\",\"valueRequired\":true,\"valueName\":\"search_term_string\"}}],\"inLanguage\":\"es\"},{\"@type\":\"Organization\",\"@id\":\"https:\/\/difpuertovallarta.gob.mx\/cms\/#organization\",\"name\":\"Sistema DIF Puerto Vallarta\",\"url\":\"https:\/\/difpuertovallarta.gob.mx\/cms\/\",\"logo\":{\"@type\":\"ImageObject\",\"inLanguage\":\"es\",\"@id\":\"https:\/\/difpuertovallarta.gob.mx\/cms\/#\/schema\/logo\/image\/\",\"url\":\"http:\/\/difpuertovallarta.gob.mx\/cms\/wp-content\/uploads\/2018\/12\/LOGO-DIF-2021-NAVIDAD.jpg\",\"contentUrl\":\"http:\/\/difpuertovallarta.gob.mx\/cms\/wp-content\/uploads\/2018\/12\/LOGO-DIF-2021-NAVIDAD.jpg\",\"width\":834,\"height\":834,\"caption\":\"Sistema DIF Puerto Vallarta\"},\"image\":{\"@id\":\"https:\/\/difpuertovallarta.gob.mx\/cms\/#\/schema\/logo\/image\/\"},\"sameAs\":[\"https:\/\/www.facebook.com\/sistemadifvallarta\",\"https:\/\/x.com\/difvallarta\"]}]}<\/script>\n<!-- \/ Yoast SEO plugin. -->","yoast_head_json":{"title":"Albergue \"Vida Nueva\" &#8226; DIF Puerto Vallarta","description":"DIF Puerto Vallarta &#8226;","robots":{"index":"index","follow":"follow","max-snippet":"max-snippet:-1","max-image-preview":"max-image-preview:large","max-video-preview":"max-video-preview:-1"},"canonical":"https:\/\/difpuertovallarta.gob.mx\/cms\/albergue-vida-nueva2\/","og_locale":"es_MX","og_type":"article","og_title":"Albergue \"Vida Nueva\" &#8226; DIF Puerto Vallarta","og_description":"DIF Puerto Vallarta &#8226;","og_url":"https:\/\/difpuertovallarta.gob.mx\/cms\/albergue-vida-nueva2\/","og_site_name":"DIF Puerto Vallarta","article_publisher":"https:\/\/www.facebook.com\/sistemadifvallarta","article_modified_time":"2023-07-12T19:07:54+00:00","twitter_card":"summary_large_image","twitter_site":"@difvallarta","schema":{"@context":"https:\/\/schema.org","@graph":[{"@type":"WebPage","@id":"https:\/\/difpuertovallarta.gob.mx\/cms\/albergue-vida-nueva2\/","url":"https:\/\/difpuertovallarta.gob.mx\/cms\/albergue-vida-nueva2\/","name":"Albergue \"Vida Nueva\" &#8226; DIF Puerto Vallarta","isPartOf":{"@id":"https:\/\/difpuertovallarta.gob.mx\/cms\/#website"},"datePublished":"2016-11-04T20:31:47+00:00","dateModified":"2023-07-12T19:07:54+00:00","description":"DIF Puerto Vallarta &#8226;","breadcrumb":{"@id":"https:\/\/difpuertovallarta.gob.mx\/cms\/albergue-vida-nueva2\/#breadcrumb"},"inLanguage":"es","potentialAction":[{"@type":"ReadAction","target":["https:\/\/difpuertovallarta.gob.mx\/cms\/albergue-vida-nueva2\/"]}]},{"@type":"BreadcrumbList","@id":"https:\/\/difpuertovallarta.gob.mx\/cms\/albergue-vida-nueva2\/#breadcrumb","itemListElement":[{"@type":"ListItem","position":1,"name":"Inicio","item":"https:\/\/difpuertovallarta.gob.mx\/cms\/"},{"@type":"ListItem","position":2,"name":"Albergue &#8220;Vida Nueva&#8221;"}]},{"@type":"WebSite","@id":"https:\/\/difpuertovallarta.gob.mx\/cms\/#website","url":"https:\/\/difpuertovallarta.gob.mx\/cms\/","name":"DIF Puerto Vallarta","description":"Sistema para el Desarrollo Integral de la Familia para el Municipio de Puerto Vallarta, Jalisco.","publisher":{"@id":"https:\/\/difpuertovallarta.gob.mx\/cms\/#organization"},"potentialAction":[{"@type":"SearchAction","target":{"@type":"EntryPoint","urlTemplate":"https:\/\/difpuertovallarta.gob.mx\/cms\/?s={search_term_string}"},"query-input":{"@type":"PropertyValueSpecification","valueRequired":true,"valueName":"search_term_string"}}],"inLanguage":"es"},{"@type":"Organization","@id":"https:\/\/difpuertovallarta.gob.mx\/cms\/#organization","name":"Sistema DIF Puerto Vallarta","url":"https:\/\/difpuertovallarta.gob.mx\/cms\/","logo":{"@type":"ImageObject","inLanguage":"es","@id":"https:\/\/difpuertovallarta.gob.mx\/cms\/#\/schema\/logo\/image\/","url":"http:\/\/difpuertovallarta.gob.mx\/cms\/wp-content\/uploads\/2018\/12\/LOGO-DIF-2021-NAVIDAD.jpg","contentUrl":"http:\/\/difpuertovallarta.gob.mx\/cms\/wp-content\/uploads\/2018\/12\/LOGO-DIF-2021-NAVIDAD.jpg","width":834,"height":834,"caption":"Sistema DIF Puerto Vallarta"},"image":{"@id":"https:\/\/difpuertovallarta.gob.mx\/cms\/#\/schema\/logo\/image\/"},"sameAs":["https:\/\/www.facebook.com\/sistemadifvallarta","https:\/\/x.com\/difvallarta"]}]}},"_links":{"self":[{"href":"https:\/\/difpuertovallarta.gob.mx\/cms\/wp-json\/wp\/v2\/pages\/468","targetHints":{"allow":["GET"]}}],"collection":[{"href":"https:\/\/difpuertovallarta.gob.mx\/cms\/wp-json\/wp\/v2\/pages"}],"about":[{"href":"https:\/\/difpuertovallarta.gob.mx\/cms\/wp-json\/wp\/v2\/types\/page"}],"author":[{"embeddable":true,"href":"https:\/\/difpuertovallarta.gob.mx\/cms\/wp-json\/wp\/v2\/users\/1"}],"replies":[{"embeddable":true,"href":"https:\/\/difpuertovallarta.gob.mx\/cms\/wp-json\/wp\/v2\/comments?post=468"}],"version-history":[{"count":23,"href":"https:\/\/difpuertovallarta.gob.mx\/cms\/wp-json\/wp\/v2\/pages\/468\/revisions"}],"predecessor-version":[{"id":6849,"href":"https:\/\/difpuertovallarta.gob.mx\/cms\/wp-json\/wp\/v2\/pages\/468\/revisions\/6849"}],"wp:attachment":[{"href":"https:\/\/difpuertovallarta.gob.mx\/cms\/wp-json\/wp\/v2\/media?parent=468"}],"curies":[{"name":"wp","href":"https:\/\/api.w.org\/{rel}","templated":true}]}}