{"id":4263,"date":"2018-03-13T14:22:47","date_gmt":"2018-03-13T20:22:47","guid":{"rendered":"http:\/\/difpuertovallarta.gob.mx\/cms\/?page_id=4263"},"modified":"2018-03-13T14:22:47","modified_gmt":"2018-03-13T20:22:47","slug":"un-hogar-para-nuestros-adultos-mayores","status":"publish","type":"page","link":"https:\/\/difpuertovallarta.gob.mx\/cms\/un-hogar-para-nuestros-adultos-mayores\/","title":{"rendered":"Un hogar para nuestros Adultos Mayores"},"content":{"rendered":"<p>Para contar con instalaciones dignas<\/p>\n<p><strong>DIF ha invertido m\u00e1s de 3 millones de pesos en el asilo<\/strong><\/p>\n<p><em>\u2022 Gracias a gente de gran coraz\u00f3n, se han rehabilitado, ba\u00f1os, dormitorios, capilla, cocina, comedor y \u00e1rea recreativa del Centro de Atenci\u00f3n Integral al Adulto Mayor.<\/em><\/p>\n<p><iframe src=\"https:\/\/www.youtube.com\/embed\/BYMo3N8Tpwo\" width=\"560\" height=\"315\" frameborder=\"0\" allowfullscreen=\"allowfullscreen\"><\/iframe><\/p>\n<p>Con el prop\u00f3sito de que los j\u00f3venes de la tercera edad que se encuentran albergados en el Centro de Atenci\u00f3n Integral para el Adulto Mayor (CAIAM), mejor conocido como el asilo DIF, cuenten con instalaciones dignas; est\u00e1 instituci\u00f3n asistencial ha logrado invertir cerca de 3 millones de pesos para acondicionar los dormitorios, ba\u00f1os, capilla, cocina, comedor y \u00e1rea recreativa.<\/p>\n<div id='gallery-1' class='czr-gallery row flex-row czr-gallery-style gallery galleryid-4263 gallery-columns-3 gallery-size-thumbnail'><figure class='gallery-item col col-auto'>\r\n                        <div class='gallery-icon landscape czr-gallery-icon'>\r\n                              <a data-lb-type=\"grouped-gallery\" href=https:\/\/difpuertovallarta.gob.mx\/cms\/wp-content\/uploads\/2018\/03\/hogar-para-adultos-mayores-02.jpg class=\"bg-link\"><\/a><img decoding=\"async\" width=\"150\" height=\"150\" src=\"https:\/\/difpuertovallarta.gob.mx\/cms\/wp-content\/uploads\/2018\/03\/hogar-para-adultos-mayores-02-150x150.jpg\" class=\"attachment-thumbnail size-thumbnail no-lazy\" alt=\"\" sizes=\"(min-width: 1200px) 350px, (min-width: 992px) 290px, (min-width: 768px) 210px, (min-width: 576px) 150px, calc( 50vw - 30px )\" srcset=\"https:\/\/difpuertovallarta.gob.mx\/cms\/wp-content\/uploads\/2018\/03\/hogar-para-adultos-mayores-02-150x150.jpg 150w, https:\/\/difpuertovallarta.gob.mx\/cms\/wp-content\/uploads\/2018\/03\/hogar-para-adultos-mayores-02-1x1.jpg 1w\" \/>\r\n                        <\/div><\/figure><figure class='gallery-item col col-auto'>\r\n                        <div class='gallery-icon landscape czr-gallery-icon'>\r\n                              <a data-lb-type=\"grouped-gallery\" href=https:\/\/difpuertovallarta.gob.mx\/cms\/wp-content\/uploads\/2018\/03\/hogar-para-adultos-mayores-03.jpg class=\"bg-link\"><\/a><img decoding=\"async\" width=\"150\" height=\"150\" src=\"https:\/\/difpuertovallarta.gob.mx\/cms\/wp-content\/uploads\/2018\/03\/hogar-para-adultos-mayores-03-150x150.jpg\" class=\"attachment-thumbnail size-thumbnail no-lazy\" alt=\"\" sizes=\"(min-width: 1200px) 350px, (min-width: 992px) 290px, (min-width: 768px) 210px, (min-width: 576px) 150px, calc( 50vw - 30px )\" srcset=\"https:\/\/difpuertovallarta.gob.mx\/cms\/wp-content\/uploads\/2018\/03\/hogar-para-adultos-mayores-03-150x150.jpg 150w, https:\/\/difpuertovallarta.gob.mx\/cms\/wp-content\/uploads\/2018\/03\/hogar-para-adultos-mayores-03-1x1.jpg 1w\" \/>\r\n                        <\/div><\/figure><figure class='gallery-item col col-auto'>\r\n                        <div class='gallery-icon landscape czr-gallery-icon'>\r\n                              <a data-lb-type=\"grouped-gallery\" href=https:\/\/difpuertovallarta.gob.mx\/cms\/wp-content\/uploads\/2018\/03\/hogar-para-adultos-mayores-01.jpg class=\"bg-link\"><\/a><img decoding=\"async\" width=\"150\" height=\"150\" src=\"https:\/\/difpuertovallarta.gob.mx\/cms\/wp-content\/uploads\/2018\/03\/hogar-para-adultos-mayores-01-150x150.jpg\" class=\"attachment-thumbnail size-thumbnail no-lazy\" alt=\"\" sizes=\"(min-width: 1200px) 350px, (min-width: 992px) 290px, (min-width: 768px) 210px, (min-width: 576px) 150px, calc( 50vw - 30px )\" srcset=\"https:\/\/difpuertovallarta.gob.mx\/cms\/wp-content\/uploads\/2018\/03\/hogar-para-adultos-mayores-01-150x150.jpg 150w, https:\/\/difpuertovallarta.gob.mx\/cms\/wp-content\/uploads\/2018\/03\/hogar-para-adultos-mayores-01-2x1.jpg 2w\" \/>\r\n                        <\/div><\/figure>\r\n                  <\/div>\n\n<p>El asilo tiene m\u00e1s de 30 a\u00f1os habilitado, al paso del tiempo se han hecho algunos detalles; sin embargo, ya era necesaria una remodelaci\u00f3n integral, y gracias a la gente de gran coraz\u00f3n es c\u00f3mo hemos podido lograr verdaderos cambios.<\/p>\n<p>Actualmente en el lugar habitan 17 adultos mayores y en estos poco m\u00e1s de dos a\u00f1os de trabajo se ha logrado concluir 3 de las 5 etapas que contempla el proyecto de remodelaci\u00f3n. En la primer etapa se cambi\u00f3 el techo del \u00e1rea recreativa, se habilit\u00f3 un dormitorio para 7 camas, se cambi\u00f3 el cableado para electrificaci\u00f3n y el techo de las \u00e1reas administrativas, adem\u00e1s se pint\u00f3 todo el lugar.<\/p>\n<p>Para la segunda etapa el proyecto de remodelaci\u00f3n de la cocina consisti\u00f3 en el cambio total del mobiliario por art\u00edculos de acero inoxidable. Con estas adecuaciones, se cumplen los lineamientos de la Norma \u201cH\u201d, dividiendo las \u00e1reas en: alimentos secos, refrigeraci\u00f3n, preparaci\u00f3n y lavado. Adem\u00e1s, se coloc\u00f3 pafl\u00f3n para disminuir el calor en las \u00e1reas de cocina y comedor, y en este \u00faltimo, se adquiri\u00f3 mobiliario nuevo y se cambiaron las instalaciones el\u00e9ctricas, entre otras acciones. Asimismo se llev\u00f3 a cabo la construcci\u00f3n de un comedor cumpliendo con las normas y medidas de seguridad que deben tener los albergues para adultos.<\/p>\n<div id='gallery-2' class='czr-gallery row flex-row czr-gallery-style gallery galleryid-4263 gallery-columns-3 gallery-size-thumbnail'><figure class='gallery-item col col-auto'>\r\n                        <div class='gallery-icon landscape czr-gallery-icon'>\r\n                              <a data-lb-type=\"grouped-gallery\" href=https:\/\/difpuertovallarta.gob.mx\/cms\/wp-content\/uploads\/2018\/03\/hogar-para-adultos-mayores-06.jpg class=\"bg-link\"><\/a><img loading=\"lazy\" decoding=\"async\" width=\"150\" height=\"150\" src=\"https:\/\/difpuertovallarta.gob.mx\/cms\/wp-content\/uploads\/2018\/03\/hogar-para-adultos-mayores-06-150x150.jpg\" class=\"attachment-thumbnail size-thumbnail no-lazy\" alt=\"\" sizes=\"(min-width: 1200px) 350px, (min-width: 992px) 290px, (min-width: 768px) 210px, (min-width: 576px) 150px, calc( 50vw - 30px )\" srcset=\"https:\/\/difpuertovallarta.gob.mx\/cms\/wp-content\/uploads\/2018\/03\/hogar-para-adultos-mayores-06-150x150.jpg 150w, https:\/\/difpuertovallarta.gob.mx\/cms\/wp-content\/uploads\/2018\/03\/hogar-para-adultos-mayores-06-2x1.jpg 2w\" \/>\r\n                        <\/div><\/figure><figure class='gallery-item col col-auto'>\r\n                        <div class='gallery-icon landscape czr-gallery-icon'>\r\n                              <a data-lb-type=\"grouped-gallery\" href=https:\/\/difpuertovallarta.gob.mx\/cms\/wp-content\/uploads\/2018\/03\/hogar-para-adultos-mayores-04.jpg class=\"bg-link\"><\/a><img loading=\"lazy\" decoding=\"async\" width=\"150\" height=\"150\" src=\"https:\/\/difpuertovallarta.gob.mx\/cms\/wp-content\/uploads\/2018\/03\/hogar-para-adultos-mayores-04-150x150.jpg\" class=\"attachment-thumbnail size-thumbnail no-lazy\" alt=\"\" sizes=\"(min-width: 1200px) 350px, (min-width: 992px) 290px, (min-width: 768px) 210px, (min-width: 576px) 150px, calc( 50vw - 30px )\" srcset=\"https:\/\/difpuertovallarta.gob.mx\/cms\/wp-content\/uploads\/2018\/03\/hogar-para-adultos-mayores-04-150x150.jpg 150w, https:\/\/difpuertovallarta.gob.mx\/cms\/wp-content\/uploads\/2018\/03\/hogar-para-adultos-mayores-04-1x1.jpg 1w\" \/>\r\n                        <\/div><\/figure><figure class='gallery-item col col-auto'>\r\n                        <div class='gallery-icon landscape czr-gallery-icon'>\r\n                              <a data-lb-type=\"grouped-gallery\" href=https:\/\/difpuertovallarta.gob.mx\/cms\/wp-content\/uploads\/2018\/03\/hogar-para-adultos-mayores-05.jpg class=\"bg-link\"><\/a><img loading=\"lazy\" decoding=\"async\" width=\"150\" height=\"150\" src=\"https:\/\/difpuertovallarta.gob.mx\/cms\/wp-content\/uploads\/2018\/03\/hogar-para-adultos-mayores-05-150x150.jpg\" class=\"attachment-thumbnail size-thumbnail no-lazy\" alt=\"\" sizes=\"(min-width: 1200px) 350px, (min-width: 992px) 290px, (min-width: 768px) 210px, (min-width: 576px) 150px, calc( 50vw - 30px )\" srcset=\"https:\/\/difpuertovallarta.gob.mx\/cms\/wp-content\/uploads\/2018\/03\/hogar-para-adultos-mayores-05-150x150.jpg 150w, https:\/\/difpuertovallarta.gob.mx\/cms\/wp-content\/uploads\/2018\/03\/hogar-para-adultos-mayores-05-2x1.jpg 2w\" \/>\r\n                        <\/div><\/figure>\r\n                  <\/div>\n\n<p>En la tercera etapa se realizaron cambios estructurales en los dormitorios de hombres y mujeres para corregir la iluminaci\u00f3n y ventilaci\u00f3n; se colocaron ventanas nuevas, luminarias, apagadores, ventiladores y puertas.<\/p>\n<p>Asimismo, los ba\u00f1os fueron reconstruidos y ampliados para facilitar la movilidad de los adultos mayores en silla de ruedas y con andadera. Los sanitarios, llaves, barandales, regaderas y lavamanos son nuevos. Mientras que la capilla tambi\u00e9n fue reconstruida; se rehabilitaron muros, iluminaci\u00f3n y ventilaci\u00f3n.<\/p>\n<p>Es con el apoyo de empresa y gente de gran coraz\u00f3n que hicieron sus donativos al Sistema DIF se ha logrado cumplir ya con estas tres etapas. Agradecemos el apoyo de Claudia Goldman, por ser nuestra gu\u00eda y permitir que el donativo que nos brind\u00f3 \u00c9mile Mimran, ciudadano franc\u00e9s que falleci\u00f3 hace un a\u00f1o, llegar\u00e1 a nuestras manos.<\/p>\n<p>Al arquitecto Ernesto del Castillo, de la Constructora DCM Arquitectos, quien don\u00f3 su trabajo de planeaci\u00f3n, dise\u00f1o, gesti\u00f3n y supervisi\u00f3n de cada detalle de la obra, dando seguimiento a la remodelaci\u00f3n; as\u00ed como del arquitecto Rub\u00e9n Cervantes Mart\u00ednez, quien estuvo al frente de la tercera etapa.<\/p>\n<p>A los hoteles Barcel\u00f3 y Tropicana que se sumaron a este proyecto, a Jos\u00e9 Luis Molina Aldana, del vivero M. Arquitectura del Paisaje y al ingeniero Ra\u00fal Pav\u00f3n de Pinturas COMEX, quienes donaron las plantas y pintura, respectivamente, para mejorar la imagen del asilo y a las damas del Voluntariado del Sistema DIF.<\/p>\n","protected":false},"excerpt":{"rendered":"<p>Para contar con instalaciones dignas DIF ha invertido m\u00e1s de 3 millones de pesos en el asilo \u2022 Gracias a gente de gran coraz\u00f3n, se han rehabilitado, ba\u00f1os, dormitorios, capilla, cocina, comedor y \u00e1rea recreativa del Centro de Atenci\u00f3n Integral al Adulto Mayor. Con el prop\u00f3sito de que los j\u00f3venes de la tercera edad que [&hellip;]<\/p>\n","protected":false},"author":1,"featured_media":4268,"parent":0,"menu_order":0,"comment_status":"closed","ping_status":"closed","template":"","meta":{"footnotes":""},"class_list":["post-4263","page","type-page","status-publish","has-post-thumbnail","czr-hentry"],"yoast_head":"<!-- This site is optimized with the Yoast SEO plugin v27.2 - https:\/\/yoast.com\/product\/yoast-seo-wordpress\/ -->\n<title>Un hogar para nuestros Adultos Mayores &#8226; DIF Puerto Vallarta<\/title>\n<meta name=\"description\" content=\"DIF Puerto Vallarta &#8226; Para contar con instalaciones dignas DIF ha invertido m\u00e1s de 3 millones de pesos en el asilo \u2022 Gracias a gente de gran coraz\u00f3n, se han rehabilitado,\" \/>\n<meta name=\"robots\" content=\"index, follow, max-snippet:-1, max-image-preview:large, max-video-preview:-1\" \/>\n<link rel=\"canonical\" href=\"https:\/\/difpuertovallarta.gob.mx\/cms\/un-hogar-para-nuestros-adultos-mayores\/\" \/>\n<meta property=\"og:locale\" content=\"es_MX\" \/>\n<meta property=\"og:type\" content=\"article\" \/>\n<meta property=\"og:title\" content=\"Un hogar para nuestros Adultos Mayores &#8226; DIF Puerto Vallarta\" \/>\n<meta property=\"og:description\" content=\"DIF Puerto Vallarta &#8226; Para contar con instalaciones dignas DIF ha invertido m\u00e1s de 3 millones de pesos en el asilo \u2022 Gracias a gente de gran coraz\u00f3n, se han rehabilitado,\" \/>\n<meta property=\"og:url\" content=\"https:\/\/difpuertovallarta.gob.mx\/cms\/un-hogar-para-nuestros-adultos-mayores\/\" \/>\n<meta property=\"og:site_name\" content=\"DIF Puerto Vallarta\" \/>\n<meta property=\"article:publisher\" content=\"https:\/\/www.facebook.com\/sistemadifvallarta\" \/>\n<meta property=\"og:image\" content=\"https:\/\/difpuertovallarta.gob.mx\/cms\/wp-content\/uploads\/2018\/03\/hogar-para-adultos-mayores-02.jpg\" \/>\n\t<meta property=\"og:image:width\" content=\"1417\" \/>\n\t<meta property=\"og:image:height\" content=\"945\" \/>\n\t<meta property=\"og:image:type\" content=\"image\/jpeg\" \/>\n<meta name=\"twitter:card\" content=\"summary_large_image\" \/>\n<meta name=\"twitter:site\" content=\"@difvallarta\" \/>\n<meta name=\"twitter:label1\" content=\"Tiempo de lectura\" \/>\n\t<meta name=\"twitter:data1\" content=\"3 minutos\" \/>\n<script type=\"application\/ld+json\" class=\"yoast-schema-graph\">{\"@context\":\"https:\/\/schema.org\",\"@graph\":[{\"@type\":\"WebPage\",\"@id\":\"https:\/\/difpuertovallarta.gob.mx\/cms\/un-hogar-para-nuestros-adultos-mayores\/\",\"url\":\"https:\/\/difpuertovallarta.gob.mx\/cms\/un-hogar-para-nuestros-adultos-mayores\/\",\"name\":\"Un hogar para nuestros Adultos Mayores &#8226; DIF Puerto Vallarta\",\"isPartOf\":{\"@id\":\"https:\/\/difpuertovallarta.gob.mx\/cms\/#website\"},\"primaryImageOfPage\":{\"@id\":\"https:\/\/difpuertovallarta.gob.mx\/cms\/un-hogar-para-nuestros-adultos-mayores\/#primaryimage\"},\"image\":{\"@id\":\"https:\/\/difpuertovallarta.gob.mx\/cms\/un-hogar-para-nuestros-adultos-mayores\/#primaryimage\"},\"thumbnailUrl\":\"https:\/\/difpuertovallarta.gob.mx\/cms\/wp-content\/uploads\/2018\/03\/hogar-para-adultos-mayores-02.jpg\",\"datePublished\":\"2018-03-13T20:22:47+00:00\",\"description\":\"DIF Puerto Vallarta &#8226; Para contar con instalaciones dignas DIF ha invertido m\u00e1s de 3 millones de pesos en el asilo \u2022 Gracias a gente de gran coraz\u00f3n, se han rehabilitado,\",\"breadcrumb\":{\"@id\":\"https:\/\/difpuertovallarta.gob.mx\/cms\/un-hogar-para-nuestros-adultos-mayores\/#breadcrumb\"},\"inLanguage\":\"es\",\"potentialAction\":[{\"@type\":\"ReadAction\",\"target\":[\"https:\/\/difpuertovallarta.gob.mx\/cms\/un-hogar-para-nuestros-adultos-mayores\/\"]}]},{\"@type\":\"ImageObject\",\"inLanguage\":\"es\",\"@id\":\"https:\/\/difpuertovallarta.gob.mx\/cms\/un-hogar-para-nuestros-adultos-mayores\/#primaryimage\",\"url\":\"https:\/\/difpuertovallarta.gob.mx\/cms\/wp-content\/uploads\/2018\/03\/hogar-para-adultos-mayores-02.jpg\",\"contentUrl\":\"https:\/\/difpuertovallarta.gob.mx\/cms\/wp-content\/uploads\/2018\/03\/hogar-para-adultos-mayores-02.jpg\",\"width\":1417,\"height\":945},{\"@type\":\"BreadcrumbList\",\"@id\":\"https:\/\/difpuertovallarta.gob.mx\/cms\/un-hogar-para-nuestros-adultos-mayores\/#breadcrumb\",\"itemListElement\":[{\"@type\":\"ListItem\",\"position\":1,\"name\":\"Inicio\",\"item\":\"https:\/\/difpuertovallarta.gob.mx\/cms\/\"},{\"@type\":\"ListItem\",\"position\":2,\"name\":\"Un hogar para nuestros Adultos Mayores\"}]},{\"@type\":\"WebSite\",\"@id\":\"https:\/\/difpuertovallarta.gob.mx\/cms\/#website\",\"url\":\"https:\/\/difpuertovallarta.gob.mx\/cms\/\",\"name\":\"DIF Puerto Vallarta\",\"description\":\"Sistema para el Desarrollo Integral de la Familia para el Municipio de Puerto Vallarta, Jalisco.\",\"publisher\":{\"@id\":\"https:\/\/difpuertovallarta.gob.mx\/cms\/#organization\"},\"potentialAction\":[{\"@type\":\"SearchAction\",\"target\":{\"@type\":\"EntryPoint\",\"urlTemplate\":\"https:\/\/difpuertovallarta.gob.mx\/cms\/?s={search_term_string}\"},\"query-input\":{\"@type\":\"PropertyValueSpecification\",\"valueRequired\":true,\"valueName\":\"search_term_string\"}}],\"inLanguage\":\"es\"},{\"@type\":\"Organization\",\"@id\":\"https:\/\/difpuertovallarta.gob.mx\/cms\/#organization\",\"name\":\"Sistema DIF Puerto Vallarta\",\"url\":\"https:\/\/difpuertovallarta.gob.mx\/cms\/\",\"logo\":{\"@type\":\"ImageObject\",\"inLanguage\":\"es\",\"@id\":\"https:\/\/difpuertovallarta.gob.mx\/cms\/#\/schema\/logo\/image\/\",\"url\":\"http:\/\/difpuertovallarta.gob.mx\/cms\/wp-content\/uploads\/2018\/12\/LOGO-DIF-2021-NAVIDAD.jpg\",\"contentUrl\":\"http:\/\/difpuertovallarta.gob.mx\/cms\/wp-content\/uploads\/2018\/12\/LOGO-DIF-2021-NAVIDAD.jpg\",\"width\":834,\"height\":834,\"caption\":\"Sistema DIF Puerto Vallarta\"},\"image\":{\"@id\":\"https:\/\/difpuertovallarta.gob.mx\/cms\/#\/schema\/logo\/image\/\"},\"sameAs\":[\"https:\/\/www.facebook.com\/sistemadifvallarta\",\"https:\/\/x.com\/difvallarta\"]}]}<\/script>\n<!-- \/ Yoast SEO plugin. -->","yoast_head_json":{"title":"Un hogar para nuestros Adultos Mayores &#8226; DIF Puerto Vallarta","description":"DIF Puerto Vallarta &#8226; Para contar con instalaciones dignas DIF ha invertido m\u00e1s de 3 millones de pesos en el asilo \u2022 Gracias a gente de gran coraz\u00f3n, se han rehabilitado,","robots":{"index":"index","follow":"follow","max-snippet":"max-snippet:-1","max-image-preview":"max-image-preview:large","max-video-preview":"max-video-preview:-1"},"canonical":"https:\/\/difpuertovallarta.gob.mx\/cms\/un-hogar-para-nuestros-adultos-mayores\/","og_locale":"es_MX","og_type":"article","og_title":"Un hogar para nuestros Adultos Mayores &#8226; DIF Puerto Vallarta","og_description":"DIF Puerto Vallarta &#8226; Para contar con instalaciones dignas DIF ha invertido m\u00e1s de 3 millones de pesos en el asilo \u2022 Gracias a gente de gran coraz\u00f3n, se han rehabilitado,","og_url":"https:\/\/difpuertovallarta.gob.mx\/cms\/un-hogar-para-nuestros-adultos-mayores\/","og_site_name":"DIF Puerto Vallarta","article_publisher":"https:\/\/www.facebook.com\/sistemadifvallarta","og_image":[{"width":1417,"height":945,"url":"https:\/\/difpuertovallarta.gob.mx\/cms\/wp-content\/uploads\/2018\/03\/hogar-para-adultos-mayores-02.jpg","type":"image\/jpeg"}],"twitter_card":"summary_large_image","twitter_site":"@difvallarta","twitter_misc":{"Tiempo de lectura":"3 minutos"},"schema":{"@context":"https:\/\/schema.org","@graph":[{"@type":"WebPage","@id":"https:\/\/difpuertovallarta.gob.mx\/cms\/un-hogar-para-nuestros-adultos-mayores\/","url":"https:\/\/difpuertovallarta.gob.mx\/cms\/un-hogar-para-nuestros-adultos-mayores\/","name":"Un hogar para nuestros Adultos Mayores &#8226; DIF Puerto Vallarta","isPartOf":{"@id":"https:\/\/difpuertovallarta.gob.mx\/cms\/#website"},"primaryImageOfPage":{"@id":"https:\/\/difpuertovallarta.gob.mx\/cms\/un-hogar-para-nuestros-adultos-mayores\/#primaryimage"},"image":{"@id":"https:\/\/difpuertovallarta.gob.mx\/cms\/un-hogar-para-nuestros-adultos-mayores\/#primaryimage"},"thumbnailUrl":"https:\/\/difpuertovallarta.gob.mx\/cms\/wp-content\/uploads\/2018\/03\/hogar-para-adultos-mayores-02.jpg","datePublished":"2018-03-13T20:22:47+00:00","description":"DIF Puerto Vallarta &#8226; Para contar con instalaciones dignas DIF ha invertido m\u00e1s de 3 millones de pesos en el asilo \u2022 Gracias a gente de gran coraz\u00f3n, se han rehabilitado,","breadcrumb":{"@id":"https:\/\/difpuertovallarta.gob.mx\/cms\/un-hogar-para-nuestros-adultos-mayores\/#breadcrumb"},"inLanguage":"es","potentialAction":[{"@type":"ReadAction","target":["https:\/\/difpuertovallarta.gob.mx\/cms\/un-hogar-para-nuestros-adultos-mayores\/"]}]},{"@type":"ImageObject","inLanguage":"es","@id":"https:\/\/difpuertovallarta.gob.mx\/cms\/un-hogar-para-nuestros-adultos-mayores\/#primaryimage","url":"https:\/\/difpuertovallarta.gob.mx\/cms\/wp-content\/uploads\/2018\/03\/hogar-para-adultos-mayores-02.jpg","contentUrl":"https:\/\/difpuertovallarta.gob.mx\/cms\/wp-content\/uploads\/2018\/03\/hogar-para-adultos-mayores-02.jpg","width":1417,"height":945},{"@type":"BreadcrumbList","@id":"https:\/\/difpuertovallarta.gob.mx\/cms\/un-hogar-para-nuestros-adultos-mayores\/#breadcrumb","itemListElement":[{"@type":"ListItem","position":1,"name":"Inicio","item":"https:\/\/difpuertovallarta.gob.mx\/cms\/"},{"@type":"ListItem","position":2,"name":"Un hogar para nuestros Adultos Mayores"}]},{"@type":"WebSite","@id":"https:\/\/difpuertovallarta.gob.mx\/cms\/#website","url":"https:\/\/difpuertovallarta.gob.mx\/cms\/","name":"DIF Puerto Vallarta","description":"Sistema para el Desarrollo Integral de la Familia para el Municipio de Puerto Vallarta, Jalisco.","publisher":{"@id":"https:\/\/difpuertovallarta.gob.mx\/cms\/#organization"},"potentialAction":[{"@type":"SearchAction","target":{"@type":"EntryPoint","urlTemplate":"https:\/\/difpuertovallarta.gob.mx\/cms\/?s={search_term_string}"},"query-input":{"@type":"PropertyValueSpecification","valueRequired":true,"valueName":"search_term_string"}}],"inLanguage":"es"},{"@type":"Organization","@id":"https:\/\/difpuertovallarta.gob.mx\/cms\/#organization","name":"Sistema DIF Puerto Vallarta","url":"https:\/\/difpuertovallarta.gob.mx\/cms\/","logo":{"@type":"ImageObject","inLanguage":"es","@id":"https:\/\/difpuertovallarta.gob.mx\/cms\/#\/schema\/logo\/image\/","url":"http:\/\/difpuertovallarta.gob.mx\/cms\/wp-content\/uploads\/2018\/12\/LOGO-DIF-2021-NAVIDAD.jpg","contentUrl":"http:\/\/difpuertovallarta.gob.mx\/cms\/wp-content\/uploads\/2018\/12\/LOGO-DIF-2021-NAVIDAD.jpg","width":834,"height":834,"caption":"Sistema DIF Puerto Vallarta"},"image":{"@id":"https:\/\/difpuertovallarta.gob.mx\/cms\/#\/schema\/logo\/image\/"},"sameAs":["https:\/\/www.facebook.com\/sistemadifvallarta","https:\/\/x.com\/difvallarta"]}]}},"_links":{"self":[{"href":"https:\/\/difpuertovallarta.gob.mx\/cms\/wp-json\/wp\/v2\/pages\/4263","targetHints":{"allow":["GET"]}}],"collection":[{"href":"https:\/\/difpuertovallarta.gob.mx\/cms\/wp-json\/wp\/v2\/pages"}],"about":[{"href":"https:\/\/difpuertovallarta.gob.mx\/cms\/wp-json\/wp\/v2\/types\/page"}],"author":[{"embeddable":true,"href":"https:\/\/difpuertovallarta.gob.mx\/cms\/wp-json\/wp\/v2\/users\/1"}],"replies":[{"embeddable":true,"href":"https:\/\/difpuertovallarta.gob.mx\/cms\/wp-json\/wp\/v2\/comments?post=4263"}],"version-history":[{"count":1,"href":"https:\/\/difpuertovallarta.gob.mx\/cms\/wp-json\/wp\/v2\/pages\/4263\/revisions"}],"predecessor-version":[{"id":4274,"href":"https:\/\/difpuertovallarta.gob.mx\/cms\/wp-json\/wp\/v2\/pages\/4263\/revisions\/4274"}],"wp:featuredmedia":[{"embeddable":true,"href":"https:\/\/difpuertovallarta.gob.mx\/cms\/wp-json\/wp\/v2\/media\/4268"}],"wp:attachment":[{"href":"https:\/\/difpuertovallarta.gob.mx\/cms\/wp-json\/wp\/v2\/media?parent=4263"}],"curies":[{"name":"wp","href":"https:\/\/api.w.org\/{rel}","templated":true}]}}