{"id":3228,"date":"2017-10-25T14:23:25","date_gmt":"2017-10-25T20:23:25","guid":{"rendered":"http:\/\/difpuertovallarta.gob.mx\/cms\/?page_id=3228"},"modified":"2025-07-23T14:57:40","modified_gmt":"2025-07-23T20:57:40","slug":"forma-parte-nuestra-gente-gran-corazon","status":"publish","type":"page","link":"https:\/\/difpuertovallarta.gob.mx\/cms\/forma-parte-nuestra-gente-gran-corazon\/","title":{"rendered":"S\u00famate llevando alegr\u00eda a quien mas lo necesita con un regalo o donativo."},"content":{"rendered":"<p>Forma parte de nuestra familia, s\u00famate para juntos mejorar la calidad de vida de nuestros vallartenses, <strong>Cada Donaci\u00f3n tiene una historia, cual Ser\u00e1 la tuya?. <\/strong><\/p>\n<p style=\"text-align: center;\">Ellos conf\u00edan en Sistema DIF<\/p>\n<form action=\"https:\/\/www.paypal.com\/donate\" method=\"post\" target=\"_top\"><\/form>\n<table width=\"515\">\n<tbody>\n<tr>\n<td colspan=\"2\" width=\"515\">\n<h2 style=\"text-align: center;\">Donadores<\/h2>\n<\/td>\n<\/tr>\n<tr>\n<td style=\"text-align: center;\" width=\"283\">American Legion<\/td>\n<td style=\"text-align: center;\" width=\"232\">Homme Deppot<\/td>\n<\/tr>\n<tr>\n<td style=\"text-align: center;\" width=\"283\">Fundaci\u00f3n Alas de Aguila<\/td>\n<td style=\"text-align: center;\" width=\"232\">Lans<\/td>\n<\/tr>\n<tr>\n<td style=\"text-align: center;\" width=\"283\">Sello Rojo<\/td>\n<td style=\"text-align: center;\" width=\"232\">Farmacias Medisim<\/td>\n<\/tr>\n<tr>\n<td style=\"text-align: center;\" width=\"283\">Ley<\/td>\n<td style=\"text-align: center;\" width=\"232\">Carls Junior<\/td>\n<\/tr>\n<tr>\n<td style=\"text-align: center;\" width=\"283\">Liverpool<\/td>\n<td style=\"text-align: center;\" width=\"232\">Mcdonalds<\/td>\n<\/tr>\n<tr>\n<td style=\"text-align: center;\" width=\"283\">Reposter\u00eda Los Chatos<\/td>\n<td style=\"text-align: center;\" width=\"232\">Costco<\/td>\n<\/tr>\n<tr>\n<td style=\"text-align: center;\" width=\"283\">River Caf\u00e9<\/td>\n<td style=\"text-align: center;\" width=\"232\">Walmart Bah\u00eda<\/td>\n<\/tr>\n<tr>\n<td style=\"text-align: center;\" width=\"283\">Splash<\/td>\n<td style=\"text-align: center;\" width=\"232\">Banamex<\/td>\n<\/tr>\n<tr>\n<td style=\"text-align: center;\" width=\"283\">Aquaventuras Park<\/td>\n<td style=\"text-align: center;\" width=\"232\">Concretos de la Bah\u00eda<\/td>\n<\/tr>\n<tr>\n<td style=\"text-align: center;\" width=\"283\">Vallarta Adventures<\/td>\n<td style=\"text-align: center;\" width=\"232\">Concretos Miracle<\/td>\n<\/tr>\n<tr>\n<td style=\"text-align: center;\" width=\"283\">Fundaci\u00f3n Dond\u00e9<\/td>\n<td style=\"text-align: center;\" width=\"232\">Teatro Vallarta<\/td>\n<\/tr>\n<tr>\n<td style=\"text-align: center;\" width=\"283\">Movie Pic Nic<\/td>\n<td style=\"text-align: center;\" width=\"232\">DCM Arquitectos<\/td>\n<\/tr>\n<tr>\n<td style=\"text-align: center;\" width=\"283\">Puerto de Luna<\/td>\n<td style=\"text-align: center;\" width=\"232\">Dra. Valeria Lizaola<\/td>\n<\/tr>\n<tr>\n<td style=\"text-align: center;\" width=\"283\">Chabelitacos<\/td>\n<td style=\"text-align: center;\" width=\"232\">Therapies Unite<\/td>\n<\/tr>\n<tr>\n<td style=\"text-align: center;\" width=\"283\">Galer\u00edas el Triunfo<\/td>\n<td style=\"text-align: center;\" width=\"232\">Primera Plus<\/td>\n<\/tr>\n<tr>\n<td style=\"text-align: center;\" width=\"283\">Hotel Sheraton<\/td>\n<td style=\"text-align: center;\" width=\"232\">Colegio Campo Verde<\/td>\n<\/tr>\n<tr>\n<td style=\"text-align: center;\" width=\"283\">Hotel Dreams Villamagna<\/td>\n<td style=\"text-align: center;\" width=\"232\">Colegio Juana de Asbaje<\/td>\n<\/tr>\n<tr>\n<td style=\"text-align: center;\" width=\"283\">Hotel Sunscape<\/td>\n<td style=\"text-align: center;\" width=\"232\">Colegio Montesori<\/td>\n<\/tr>\n<tr>\n<td style=\"text-align: center;\" width=\"283\">Hotel Secrets &amp; Now<\/td>\n<td style=\"text-align: center;\" width=\"232\">Colegio Ni\u00f1os Heroes<\/td>\n<\/tr>\n<tr>\n<td style=\"text-align: center;\" width=\"283\">Hotel Marriott<\/td>\n<td style=\"text-align: center;\" width=\"232\">Colegio ISPAC<\/td>\n<\/tr>\n<tr>\n<td style=\"text-align: center;\" width=\"283\">Hotel Barcel\u00f3<\/td>\n<td style=\"text-align: center;\" width=\"232\">Colegio Americano<\/td>\n<\/tr>\n<tr>\n<td style=\"text-align: center;\" width=\"283\">Hotel Krystal<\/td>\n<td style=\"text-align: center;\" width=\"232\">Colegio Marina<\/td>\n<\/tr>\n<tr>\n<td style=\"text-align: center;\" width=\"283\">Hotel Hard Rock<\/td>\n<td style=\"text-align: center;\" width=\"232\">Colegio British<\/td>\n<\/tr>\n<tr>\n<td style=\"text-align: center;\" width=\"283\">Hotel Friendly<\/td>\n<td style=\"text-align: center;\" width=\"232\">Colegio Tepeyac<\/td>\n<\/tr>\n<tr>\n<td style=\"text-align: center;\" width=\"283\">Hotel Tropicana<\/td>\n<td style=\"text-align: center;\" width=\"232\">Colegio Fern\u00e1ndez de Lizarde<\/td>\n<\/tr>\n<tr>\n<td style=\"text-align: center;\" width=\"283\">Hotel Crown Paradise<\/td>\n<td style=\"text-align: center;\" width=\"232\">Colegio Vancouver<\/td>\n<\/tr>\n<tr>\n<td style=\"text-align: center;\" width=\"283\">Hotel Hyatt<\/td>\n<td style=\"text-align: center;\" width=\"232\">Universidad Vizcaya<\/td>\n<\/tr>\n<tr>\n<td style=\"text-align: center;\" width=\"283\">Hotel Meli\u00e1<\/td>\n<td style=\"text-align: center;\" width=\"232\">UNE<\/td>\n<\/tr>\n<tr>\n<td style=\"text-align: center;\" width=\"283\">La Isla<\/td>\n<td style=\"text-align: center;\" width=\"232\">Instituto de las Am\u00e9ricas<\/td>\n<\/tr>\n<tr>\n<td style=\"text-align: center;\" width=\"283\">Jumpin Time<\/td>\n<td style=\"text-align: center;\" width=\"232\">Oxxo<\/td>\n<\/tr>\n<tr>\n<td style=\"text-align: center;\" width=\"283\">Cin\u00e9polis<\/td>\n<td style=\"text-align: center;\" width=\"232\">Mist and More<\/td>\n<\/tr>\n<tr>\n<td style=\"text-align: center;\" width=\"283\">Diamonds International<\/td>\n<td style=\"text-align: center;\" width=\"232\">Carnicer\u00eda San Miguel<\/td>\n<\/tr>\n<tr>\n<td style=\"text-align: center;\" width=\"283\">Aeropuerto Internacional de Puerto Vallarta<\/td>\n<td style=\"text-align: center;\" width=\"232\">Eventos Rommy<\/td>\n<\/tr>\n<tr>\n<td style=\"text-align: center;\" width=\"283\">El Gran Mueble<\/td>\n<td style=\"text-align: center;\" width=\"232\">Sonido Apocalipsis<\/td>\n<\/tr>\n<tr>\n<td style=\"text-align: center;\" width=\"283\">Sam\u00b4s<\/td>\n<td style=\"text-align: center;\" width=\"232\">Villa Verano<\/td>\n<\/tr>\n<tr>\n<td style=\"text-align: center;\" width=\"283\">Plaza Caracol<\/td>\n<td style=\"text-align: center;\" width=\"232\">Operadora Casas Mabu<\/td>\n<\/tr>\n<tr>\n<td style=\"text-align: center;\" width=\"283\">CANACO<\/td>\n<td style=\"text-align: center;\" width=\"232\">Notar\u00eda 5 Puerto Vallarta<\/td>\n<\/tr>\n<tr>\n<td style=\"text-align: center;\" width=\"283\">Opequimar<\/td>\n<td style=\"text-align: center;\" width=\"232\">Emile Mimran<\/td>\n<\/tr>\n<tr>\n<td style=\"text-align: center;\" width=\"283\">Aerotron<\/td>\n<td style=\"text-align: center;\" width=\"232\">Fruter\u00eda Montero<\/td>\n<\/tr>\n<tr>\n<td style=\"text-align: center;\" width=\"283\">Central Diagnostico California<\/td>\n<td style=\"text-align: center;\" width=\"232\">Aeromexico<\/td>\n<\/tr>\n<tr>\n<td style=\"text-align: center;\" width=\"283\">Dra. Monica Orozco<\/td>\n<td style=\"text-align: center;\" width=\"232\">Aeromar<\/td>\n<\/tr>\n<tr>\n<td style=\"text-align: center;\" width=\"283\">Claudia Goldman<\/td>\n<td style=\"text-align: center;\" width=\"232\">Adri\u00e1n M\u00e9ndez<\/td>\n<\/tr>\n<\/tbody>\n<\/table>\n<p>Para contribuir con tu donativo puedes comunicarte al departamento de Procuraci\u00f3n de Fondos a los tel\u00e9fonos 225 9936 con terminaci\u00f3n hasta el 40, extensi\u00f3n 160.<\/p>\n","protected":false},"excerpt":{"rendered":"<p>Forma parte de nuestra familia, s\u00famate para juntos mejorar la calidad de vida de nuestros vallartenses, Cada Donaci\u00f3n tiene una historia, cual Ser\u00e1 la tuya?. Ellos conf\u00edan en Sistema DIF Donadores American Legion Homme Deppot Fundaci\u00f3n Alas de Aguila Lans Sello Rojo Farmacias Medisim Ley Carls Junior Liverpool Mcdonalds Reposter\u00eda Los Chatos Costco River Caf\u00e9 [&hellip;]<\/p>\n","protected":false},"author":1,"featured_media":0,"parent":0,"menu_order":0,"comment_status":"closed","ping_status":"closed","template":"","meta":{"footnotes":""},"class_list":["post-3228","page","type-page","status-publish","czr-hentry"],"yoast_head":"<!-- This site is optimized with the Yoast SEO plugin v27.6 - https:\/\/yoast.com\/product\/yoast-seo-wordpress\/ -->\n<title>S\u00famate llevando alegr\u00eda a quien mas lo necesita con un regalo o donativo. &#8226; DIF Puerto Vallarta<\/title>\n<meta name=\"description\" content=\"DIF Puerto Vallarta &#8226; Forma parte de nuestra familia, s\u00famate para juntos mejorar la calidad de vida de nuestros vallartenses, Cada Donaci\u00f3n tiene una historia, cual Ser\u00e1 la\" \/>\n<meta name=\"robots\" content=\"index, follow, max-snippet:-1, max-image-preview:large, max-video-preview:-1\" \/>\n<link rel=\"canonical\" href=\"https:\/\/difpuertovallarta.gob.mx\/cms\/forma-parte-nuestra-gente-gran-corazon\/\" \/>\n<meta property=\"og:locale\" content=\"es_MX\" \/>\n<meta property=\"og:type\" content=\"article\" \/>\n<meta property=\"og:title\" content=\"S\u00famate llevando alegr\u00eda a quien mas lo necesita con un regalo o donativo. &#8226; DIF Puerto Vallarta\" \/>\n<meta property=\"og:description\" content=\"DIF Puerto Vallarta &#8226; Forma parte de nuestra familia, s\u00famate para juntos mejorar la calidad de vida de nuestros vallartenses, Cada Donaci\u00f3n tiene una historia, cual Ser\u00e1 la\" \/>\n<meta property=\"og:url\" content=\"https:\/\/difpuertovallarta.gob.mx\/cms\/forma-parte-nuestra-gente-gran-corazon\/\" \/>\n<meta property=\"og:site_name\" content=\"DIF Puerto Vallarta\" \/>\n<meta property=\"article:publisher\" content=\"https:\/\/www.facebook.com\/sistemadifvallarta\" \/>\n<meta property=\"article:modified_time\" content=\"2025-07-23T20:57:40+00:00\" \/>\n<meta name=\"twitter:card\" content=\"summary_large_image\" \/>\n<meta name=\"twitter:site\" content=\"@difvallarta\" \/>\n<meta name=\"twitter:label1\" content=\"Tiempo de lectura\" \/>\n\t<meta name=\"twitter:data1\" content=\"2 minutos\" \/>\n<script type=\"application\/ld+json\" class=\"yoast-schema-graph\">{\"@context\":\"https:\\\/\\\/schema.org\",\"@graph\":[{\"@type\":\"WebPage\",\"@id\":\"https:\\\/\\\/difpuertovallarta.gob.mx\\\/cms\\\/forma-parte-nuestra-gente-gran-corazon\\\/\",\"url\":\"https:\\\/\\\/difpuertovallarta.gob.mx\\\/cms\\\/forma-parte-nuestra-gente-gran-corazon\\\/\",\"name\":\"S\u00famate llevando alegr\u00eda a quien mas lo necesita con un regalo o donativo. &#8226; DIF Puerto Vallarta\",\"isPartOf\":{\"@id\":\"https:\\\/\\\/difpuertovallarta.gob.mx\\\/cms\\\/#website\"},\"datePublished\":\"2017-10-25T20:23:25+00:00\",\"dateModified\":\"2025-07-23T20:57:40+00:00\",\"description\":\"DIF Puerto Vallarta &#8226; Forma parte de nuestra familia, s\u00famate para juntos mejorar la calidad de vida de nuestros vallartenses, Cada Donaci\u00f3n tiene una historia, cual Ser\u00e1 la\",\"breadcrumb\":{\"@id\":\"https:\\\/\\\/difpuertovallarta.gob.mx\\\/cms\\\/forma-parte-nuestra-gente-gran-corazon\\\/#breadcrumb\"},\"inLanguage\":\"es\",\"potentialAction\":[{\"@type\":\"ReadAction\",\"target\":[\"https:\\\/\\\/difpuertovallarta.gob.mx\\\/cms\\\/forma-parte-nuestra-gente-gran-corazon\\\/\"]}]},{\"@type\":\"BreadcrumbList\",\"@id\":\"https:\\\/\\\/difpuertovallarta.gob.mx\\\/cms\\\/forma-parte-nuestra-gente-gran-corazon\\\/#breadcrumb\",\"itemListElement\":[{\"@type\":\"ListItem\",\"position\":1,\"name\":\"Inicio\",\"item\":\"https:\\\/\\\/difpuertovallarta.gob.mx\\\/cms\\\/\"},{\"@type\":\"ListItem\",\"position\":2,\"name\":\"S\u00famate llevando alegr\u00eda a quien mas lo necesita con un regalo o donativo.\"}]},{\"@type\":\"WebSite\",\"@id\":\"https:\\\/\\\/difpuertovallarta.gob.mx\\\/cms\\\/#website\",\"url\":\"https:\\\/\\\/difpuertovallarta.gob.mx\\\/cms\\\/\",\"name\":\"DIF Puerto Vallarta\",\"description\":\"Sistema para el Desarrollo Integral de la Familia para el Municipio de Puerto Vallarta, Jalisco.\",\"publisher\":{\"@id\":\"https:\\\/\\\/difpuertovallarta.gob.mx\\\/cms\\\/#organization\"},\"potentialAction\":[{\"@type\":\"SearchAction\",\"target\":{\"@type\":\"EntryPoint\",\"urlTemplate\":\"https:\\\/\\\/difpuertovallarta.gob.mx\\\/cms\\\/?s={search_term_string}\"},\"query-input\":{\"@type\":\"PropertyValueSpecification\",\"valueRequired\":true,\"valueName\":\"search_term_string\"}}],\"inLanguage\":\"es\"},{\"@type\":\"Organization\",\"@id\":\"https:\\\/\\\/difpuertovallarta.gob.mx\\\/cms\\\/#organization\",\"name\":\"Sistema DIF Puerto Vallarta\",\"url\":\"https:\\\/\\\/difpuertovallarta.gob.mx\\\/cms\\\/\",\"logo\":{\"@type\":\"ImageObject\",\"inLanguage\":\"es\",\"@id\":\"https:\\\/\\\/difpuertovallarta.gob.mx\\\/cms\\\/#\\\/schema\\\/logo\\\/image\\\/\",\"url\":\"http:\\\/\\\/difpuertovallarta.gob.mx\\\/cms\\\/wp-content\\\/uploads\\\/2018\\\/12\\\/LOGO-DIF-2021-NAVIDAD.jpg\",\"contentUrl\":\"http:\\\/\\\/difpuertovallarta.gob.mx\\\/cms\\\/wp-content\\\/uploads\\\/2018\\\/12\\\/LOGO-DIF-2021-NAVIDAD.jpg\",\"width\":834,\"height\":834,\"caption\":\"Sistema DIF Puerto Vallarta\"},\"image\":{\"@id\":\"https:\\\/\\\/difpuertovallarta.gob.mx\\\/cms\\\/#\\\/schema\\\/logo\\\/image\\\/\"},\"sameAs\":[\"https:\\\/\\\/www.facebook.com\\\/sistemadifvallarta\",\"https:\\\/\\\/x.com\\\/difvallarta\"]}]}<\/script>\n<!-- \/ Yoast SEO plugin. -->","yoast_head_json":{"title":"S\u00famate llevando alegr\u00eda a quien mas lo necesita con un regalo o donativo. &#8226; DIF Puerto Vallarta","description":"DIF Puerto Vallarta &#8226; Forma parte de nuestra familia, s\u00famate para juntos mejorar la calidad de vida de nuestros vallartenses, Cada Donaci\u00f3n tiene una historia, cual Ser\u00e1 la","robots":{"index":"index","follow":"follow","max-snippet":"max-snippet:-1","max-image-preview":"max-image-preview:large","max-video-preview":"max-video-preview:-1"},"canonical":"https:\/\/difpuertovallarta.gob.mx\/cms\/forma-parte-nuestra-gente-gran-corazon\/","og_locale":"es_MX","og_type":"article","og_title":"S\u00famate llevando alegr\u00eda a quien mas lo necesita con un regalo o donativo. &#8226; DIF Puerto Vallarta","og_description":"DIF Puerto Vallarta &#8226; Forma parte de nuestra familia, s\u00famate para juntos mejorar la calidad de vida de nuestros vallartenses, Cada Donaci\u00f3n tiene una historia, cual Ser\u00e1 la","og_url":"https:\/\/difpuertovallarta.gob.mx\/cms\/forma-parte-nuestra-gente-gran-corazon\/","og_site_name":"DIF Puerto Vallarta","article_publisher":"https:\/\/www.facebook.com\/sistemadifvallarta","article_modified_time":"2025-07-23T20:57:40+00:00","twitter_card":"summary_large_image","twitter_site":"@difvallarta","twitter_misc":{"Tiempo de lectura":"2 minutos"},"schema":{"@context":"https:\/\/schema.org","@graph":[{"@type":"WebPage","@id":"https:\/\/difpuertovallarta.gob.mx\/cms\/forma-parte-nuestra-gente-gran-corazon\/","url":"https:\/\/difpuertovallarta.gob.mx\/cms\/forma-parte-nuestra-gente-gran-corazon\/","name":"S\u00famate llevando alegr\u00eda a quien mas lo necesita con un regalo o donativo. &#8226; DIF Puerto Vallarta","isPartOf":{"@id":"https:\/\/difpuertovallarta.gob.mx\/cms\/#website"},"datePublished":"2017-10-25T20:23:25+00:00","dateModified":"2025-07-23T20:57:40+00:00","description":"DIF Puerto Vallarta &#8226; Forma parte de nuestra familia, s\u00famate para juntos mejorar la calidad de vida de nuestros vallartenses, Cada Donaci\u00f3n tiene una historia, cual Ser\u00e1 la","breadcrumb":{"@id":"https:\/\/difpuertovallarta.gob.mx\/cms\/forma-parte-nuestra-gente-gran-corazon\/#breadcrumb"},"inLanguage":"es","potentialAction":[{"@type":"ReadAction","target":["https:\/\/difpuertovallarta.gob.mx\/cms\/forma-parte-nuestra-gente-gran-corazon\/"]}]},{"@type":"BreadcrumbList","@id":"https:\/\/difpuertovallarta.gob.mx\/cms\/forma-parte-nuestra-gente-gran-corazon\/#breadcrumb","itemListElement":[{"@type":"ListItem","position":1,"name":"Inicio","item":"https:\/\/difpuertovallarta.gob.mx\/cms\/"},{"@type":"ListItem","position":2,"name":"S\u00famate llevando alegr\u00eda a quien mas lo necesita con un regalo o donativo."}]},{"@type":"WebSite","@id":"https:\/\/difpuertovallarta.gob.mx\/cms\/#website","url":"https:\/\/difpuertovallarta.gob.mx\/cms\/","name":"DIF Puerto Vallarta","description":"Sistema para el Desarrollo Integral de la Familia para el Municipio de Puerto Vallarta, Jalisco.","publisher":{"@id":"https:\/\/difpuertovallarta.gob.mx\/cms\/#organization"},"potentialAction":[{"@type":"SearchAction","target":{"@type":"EntryPoint","urlTemplate":"https:\/\/difpuertovallarta.gob.mx\/cms\/?s={search_term_string}"},"query-input":{"@type":"PropertyValueSpecification","valueRequired":true,"valueName":"search_term_string"}}],"inLanguage":"es"},{"@type":"Organization","@id":"https:\/\/difpuertovallarta.gob.mx\/cms\/#organization","name":"Sistema DIF Puerto Vallarta","url":"https:\/\/difpuertovallarta.gob.mx\/cms\/","logo":{"@type":"ImageObject","inLanguage":"es","@id":"https:\/\/difpuertovallarta.gob.mx\/cms\/#\/schema\/logo\/image\/","url":"http:\/\/difpuertovallarta.gob.mx\/cms\/wp-content\/uploads\/2018\/12\/LOGO-DIF-2021-NAVIDAD.jpg","contentUrl":"http:\/\/difpuertovallarta.gob.mx\/cms\/wp-content\/uploads\/2018\/12\/LOGO-DIF-2021-NAVIDAD.jpg","width":834,"height":834,"caption":"Sistema DIF Puerto Vallarta"},"image":{"@id":"https:\/\/difpuertovallarta.gob.mx\/cms\/#\/schema\/logo\/image\/"},"sameAs":["https:\/\/www.facebook.com\/sistemadifvallarta","https:\/\/x.com\/difvallarta"]}]}},"_links":{"self":[{"href":"https:\/\/difpuertovallarta.gob.mx\/cms\/wp-json\/wp\/v2\/pages\/3228","targetHints":{"allow":["GET"]}}],"collection":[{"href":"https:\/\/difpuertovallarta.gob.mx\/cms\/wp-json\/wp\/v2\/pages"}],"about":[{"href":"https:\/\/difpuertovallarta.gob.mx\/cms\/wp-json\/wp\/v2\/types\/page"}],"author":[{"embeddable":true,"href":"https:\/\/difpuertovallarta.gob.mx\/cms\/wp-json\/wp\/v2\/users\/1"}],"replies":[{"embeddable":true,"href":"https:\/\/difpuertovallarta.gob.mx\/cms\/wp-json\/wp\/v2\/comments?post=3228"}],"version-history":[{"count":2,"href":"https:\/\/difpuertovallarta.gob.mx\/cms\/wp-json\/wp\/v2\/pages\/3228\/revisions"}],"predecessor-version":[{"id":16399,"href":"https:\/\/difpuertovallarta.gob.mx\/cms\/wp-json\/wp\/v2\/pages\/3228\/revisions\/16399"}],"wp:attachment":[{"href":"https:\/\/difpuertovallarta.gob.mx\/cms\/wp-json\/wp\/v2\/media?parent=3228"}],"curies":[{"name":"wp","href":"https:\/\/api.w.org\/{rel}","templated":true}]}}