{"id":3218,"date":"2017-10-25T14:04:00","date_gmt":"2017-10-25T20:04:00","guid":{"rendered":"http:\/\/difpuertovallarta.gob.mx\/cms\/?page_id=3218"},"modified":"2021-11-01T13:42:12","modified_gmt":"2021-11-01T19:42:12","slug":"gente-gran-corazon","status":"publish","type":"page","link":"https:\/\/difpuertovallarta.gob.mx\/cms\/gente-gran-corazon\/","title":{"rendered":"Gente de Gran Coraz\u00f3n"},"content":{"rendered":"<p>Durante su segundo a\u00f1o de actividades<\/p>\n<p><strong>Recibi\u00f3 DIF donaciones por m\u00e1s de 2.5 millones de pesos<\/strong><\/p>\n<p>\u2022 Candelaria Tovar destac\u00f3 que con este recurso se rehabilitaron diversas instalaciones y se construy\u00f3 la URR, entre otras acciones<\/p>\n<p>El compromiso con las familias que m\u00e1s lo necesitan y la transparencia con la que trabaja el Sistema DIF que preside la maestra Candelaria Tovar de D\u00e1valos, ha logrado la confianza de organizaciones civiles, empresas privadas y sociedad en general, que aportan sus donativos para impulsar los diferentes programas y proyectos que generan beneficios a la poblaci\u00f3n vallartense.<\/p>\n\n<p>\u201cNuestros donantes son gente de gran coraz\u00f3n, ellos han visto reflejados sus apoyos y en este segundo a\u00f1o de actividades recibimos m\u00e1s de 43 mil donaciones en especie, y m\u00e1s de 2.5 millones en efectivo, que hemos utilizado para realizar diversos proyectos\u201d, expres\u00f3 la primera dama.<\/p>\n<p>Detall\u00f3 que con las donaciones en especie, sobre todo de alimentos, art\u00edculos de limpieza y blancos (toallas, s\u00e1banas, ponchos, fundas, almohadas y dem\u00e1s), se logaron entregar m\u00e1s de 15 mil despensas a familias de escasos recursos.<\/p>\n<p>Asimismo, con los donativos en efectivo, se logr\u00f3 la rehabilitaci\u00f3n de la cocina y comedor del Centro de Atenci\u00f3n Integral para el Adulto Mayor (CAIAM), la construcci\u00f3n de la Unidad Regional de Rehabilitaci\u00f3n (URR), el \u00e1rea habitacional para estudiantes de terapia f\u00edsica que realizan su servicio social en la URR, la rehabilitaci\u00f3n de la Sala de Convivencia Familiar, el nuevo Lactario, entre otras obras que enumer\u00f3 la presidenta del DIF en su segundo informe de actividades.<\/p>\n\n<p>\u201cMi agradecimiento y reconocimiento para American Legion, Fundaci\u00f3n Alas de \u00c1guila, Operadora Casas Mabu, Notar\u00eda 5 Puerto Vallarta, farmacias Medisim, los hoteles Barcel\u00f3, Puerto de Luna, Sheraton, Dreams Villamagna, Sunscape, Secrets &amp; Now, Marriott, Krystal, Hard Rock, Friendly, Tropicana, Crown Paradise, Hyatt y Meli\u00e1, as\u00ed como a las empresas Sello Rojo, La Isla, DCM Arquitectos, Splash, Aquaventuras Park y Vallarta Adventures\u201d, destac\u00f3 Candelaria Tovar.<\/p>\n<p>Tambi\u00e9n agradeci\u00f3 el apoyo de Opequimar, El Gran Mueble, Aerotr\u00f3n, Aerom\u00e9xico Cargo, Aeromar, Sam\u2019s, Walmart Bah\u00eda, Ley, Liverpool, Lans, Reposter\u00eda Los Chatos, River Caf\u00e9, Fundaci\u00f3n Dond\u00e9, Chabelitacos, Galer\u00edas el Triunfo, Jumpin Time, Cin\u00e9polis, Diamonds International, Aeropuerto Internacional de Puerto Vallarta, Central Diagn\u00f3stico California, Home Depot, Carl\u2019s Junior, Mcdonalds, Costco, Banamex, Concretos de la Bah\u00eda, Concretos Miracle, Teatro Vallarta, Therapies Unite, Primera Plus, Oxxo, Mist and More, Sonido Apocalipsis y Fruter\u00eda Montero, que forman parte del listado de donantes.<\/p>\n","protected":false},"excerpt":{"rendered":"<p>Durante su segundo a\u00f1o de actividades Recibi\u00f3 DIF donaciones por m\u00e1s de 2.5 millones de pesos \u2022 Candelaria Tovar destac\u00f3 que con este recurso se rehabilitaron diversas instalaciones y se construy\u00f3 la URR, entre otras acciones El compromiso con las familias que m\u00e1s lo necesitan y la transparencia con la que trabaja el Sistema DIF [&hellip;]<\/p>\n","protected":false},"author":1,"featured_media":0,"parent":0,"menu_order":0,"comment_status":"closed","ping_status":"closed","template":"","meta":{"footnotes":""},"class_list":["post-3218","page","type-page","status-publish","czr-hentry"],"yoast_head":"<!-- This site is optimized with the Yoast SEO plugin v27.6 - https:\/\/yoast.com\/product\/yoast-seo-wordpress\/ -->\n<title>Gente de Gran Coraz\u00f3n &#8226; DIF Puerto Vallarta<\/title>\n<meta name=\"description\" content=\"DIF Puerto Vallarta &#8226; Durante su segundo a\u00f1o de actividades Recibi\u00f3 DIF donaciones por m\u00e1s de 2.5 millones de pesos \u2022 Candelaria Tovar destac\u00f3 que con este recurso se\" \/>\n<meta name=\"robots\" content=\"index, follow, max-snippet:-1, max-image-preview:large, max-video-preview:-1\" \/>\n<link rel=\"canonical\" href=\"https:\/\/difpuertovallarta.gob.mx\/cms\/gente-gran-corazon\/\" \/>\n<meta property=\"og:locale\" content=\"es_MX\" \/>\n<meta property=\"og:type\" content=\"article\" \/>\n<meta property=\"og:title\" content=\"Gente de Gran Coraz\u00f3n &#8226; DIF Puerto Vallarta\" \/>\n<meta property=\"og:description\" content=\"DIF Puerto Vallarta &#8226; Durante su segundo a\u00f1o de actividades Recibi\u00f3 DIF donaciones por m\u00e1s de 2.5 millones de pesos \u2022 Candelaria Tovar destac\u00f3 que con este recurso se\" \/>\n<meta property=\"og:url\" content=\"https:\/\/difpuertovallarta.gob.mx\/cms\/gente-gran-corazon\/\" \/>\n<meta property=\"og:site_name\" content=\"DIF Puerto Vallarta\" \/>\n<meta property=\"article:publisher\" content=\"https:\/\/www.facebook.com\/sistemadifvallarta\" \/>\n<meta property=\"article:modified_time\" content=\"2021-11-01T19:42:12+00:00\" \/>\n<meta property=\"og:image\" content=\"https:\/\/difpuertovallarta.gob.mx\/cms\/wp-content\/uploads\/2017\/10\/COMUNICADO-2157-DIF-Donaciones-en-segundo-a\u00f1o-de-actividades-1-1.jpg\" \/>\n\t<meta property=\"og:image:width\" content=\"1642\" \/>\n\t<meta property=\"og:image:height\" content=\"1095\" \/>\n\t<meta property=\"og:image:type\" content=\"image\/jpeg\" \/>\n<meta name=\"twitter:card\" content=\"summary_large_image\" \/>\n<meta name=\"twitter:site\" content=\"@difvallarta\" \/>\n<meta name=\"twitter:label1\" content=\"Tiempo de lectura\" \/>\n\t<meta name=\"twitter:data1\" content=\"2 minutos\" \/>\n<script type=\"application\/ld+json\" class=\"yoast-schema-graph\">{\"@context\":\"https:\\\/\\\/schema.org\",\"@graph\":[{\"@type\":\"WebPage\",\"@id\":\"https:\\\/\\\/difpuertovallarta.gob.mx\\\/cms\\\/gente-gran-corazon\\\/\",\"url\":\"https:\\\/\\\/difpuertovallarta.gob.mx\\\/cms\\\/gente-gran-corazon\\\/\",\"name\":\"Gente de Gran Coraz\u00f3n &#8226; DIF Puerto Vallarta\",\"isPartOf\":{\"@id\":\"https:\\\/\\\/difpuertovallarta.gob.mx\\\/cms\\\/#website\"},\"datePublished\":\"2017-10-25T20:04:00+00:00\",\"dateModified\":\"2021-11-01T19:42:12+00:00\",\"description\":\"DIF Puerto Vallarta &#8226; Durante su segundo a\u00f1o de actividades Recibi\u00f3 DIF donaciones por m\u00e1s de 2.5 millones de pesos \u2022 Candelaria Tovar destac\u00f3 que con este recurso se\",\"breadcrumb\":{\"@id\":\"https:\\\/\\\/difpuertovallarta.gob.mx\\\/cms\\\/gente-gran-corazon\\\/#breadcrumb\"},\"inLanguage\":\"es\",\"potentialAction\":[{\"@type\":\"ReadAction\",\"target\":[\"https:\\\/\\\/difpuertovallarta.gob.mx\\\/cms\\\/gente-gran-corazon\\\/\"]}]},{\"@type\":\"BreadcrumbList\",\"@id\":\"https:\\\/\\\/difpuertovallarta.gob.mx\\\/cms\\\/gente-gran-corazon\\\/#breadcrumb\",\"itemListElement\":[{\"@type\":\"ListItem\",\"position\":1,\"name\":\"Inicio\",\"item\":\"https:\\\/\\\/difpuertovallarta.gob.mx\\\/cms\\\/\"},{\"@type\":\"ListItem\",\"position\":2,\"name\":\"Gente de Gran Coraz\u00f3n\"}]},{\"@type\":\"WebSite\",\"@id\":\"https:\\\/\\\/difpuertovallarta.gob.mx\\\/cms\\\/#website\",\"url\":\"https:\\\/\\\/difpuertovallarta.gob.mx\\\/cms\\\/\",\"name\":\"DIF Puerto Vallarta\",\"description\":\"Sistema para el Desarrollo Integral de la Familia para el Municipio de Puerto Vallarta, Jalisco.\",\"publisher\":{\"@id\":\"https:\\\/\\\/difpuertovallarta.gob.mx\\\/cms\\\/#organization\"},\"potentialAction\":[{\"@type\":\"SearchAction\",\"target\":{\"@type\":\"EntryPoint\",\"urlTemplate\":\"https:\\\/\\\/difpuertovallarta.gob.mx\\\/cms\\\/?s={search_term_string}\"},\"query-input\":{\"@type\":\"PropertyValueSpecification\",\"valueRequired\":true,\"valueName\":\"search_term_string\"}}],\"inLanguage\":\"es\"},{\"@type\":\"Organization\",\"@id\":\"https:\\\/\\\/difpuertovallarta.gob.mx\\\/cms\\\/#organization\",\"name\":\"Sistema DIF Puerto Vallarta\",\"url\":\"https:\\\/\\\/difpuertovallarta.gob.mx\\\/cms\\\/\",\"logo\":{\"@type\":\"ImageObject\",\"inLanguage\":\"es\",\"@id\":\"https:\\\/\\\/difpuertovallarta.gob.mx\\\/cms\\\/#\\\/schema\\\/logo\\\/image\\\/\",\"url\":\"http:\\\/\\\/difpuertovallarta.gob.mx\\\/cms\\\/wp-content\\\/uploads\\\/2018\\\/12\\\/LOGO-DIF-2021-NAVIDAD.jpg\",\"contentUrl\":\"http:\\\/\\\/difpuertovallarta.gob.mx\\\/cms\\\/wp-content\\\/uploads\\\/2018\\\/12\\\/LOGO-DIF-2021-NAVIDAD.jpg\",\"width\":834,\"height\":834,\"caption\":\"Sistema DIF Puerto Vallarta\"},\"image\":{\"@id\":\"https:\\\/\\\/difpuertovallarta.gob.mx\\\/cms\\\/#\\\/schema\\\/logo\\\/image\\\/\"},\"sameAs\":[\"https:\\\/\\\/www.facebook.com\\\/sistemadifvallarta\",\"https:\\\/\\\/x.com\\\/difvallarta\"]}]}<\/script>\n<!-- \/ Yoast SEO plugin. -->","yoast_head_json":{"title":"Gente de Gran Coraz\u00f3n &#8226; DIF Puerto Vallarta","description":"DIF Puerto Vallarta &#8226; Durante su segundo a\u00f1o de actividades Recibi\u00f3 DIF donaciones por m\u00e1s de 2.5 millones de pesos \u2022 Candelaria Tovar destac\u00f3 que con este recurso se","robots":{"index":"index","follow":"follow","max-snippet":"max-snippet:-1","max-image-preview":"max-image-preview:large","max-video-preview":"max-video-preview:-1"},"canonical":"https:\/\/difpuertovallarta.gob.mx\/cms\/gente-gran-corazon\/","og_locale":"es_MX","og_type":"article","og_title":"Gente de Gran Coraz\u00f3n &#8226; DIF Puerto Vallarta","og_description":"DIF Puerto Vallarta &#8226; Durante su segundo a\u00f1o de actividades Recibi\u00f3 DIF donaciones por m\u00e1s de 2.5 millones de pesos \u2022 Candelaria Tovar destac\u00f3 que con este recurso se","og_url":"https:\/\/difpuertovallarta.gob.mx\/cms\/gente-gran-corazon\/","og_site_name":"DIF Puerto Vallarta","article_publisher":"https:\/\/www.facebook.com\/sistemadifvallarta","article_modified_time":"2021-11-01T19:42:12+00:00","og_image":[{"width":1642,"height":1095,"url":"https:\/\/difpuertovallarta.gob.mx\/cms\/wp-content\/uploads\/2017\/10\/COMUNICADO-2157-DIF-Donaciones-en-segundo-a\u00f1o-de-actividades-1-1.jpg","type":"image\/jpeg"}],"twitter_card":"summary_large_image","twitter_site":"@difvallarta","twitter_misc":{"Tiempo de lectura":"2 minutos"},"schema":{"@context":"https:\/\/schema.org","@graph":[{"@type":"WebPage","@id":"https:\/\/difpuertovallarta.gob.mx\/cms\/gente-gran-corazon\/","url":"https:\/\/difpuertovallarta.gob.mx\/cms\/gente-gran-corazon\/","name":"Gente de Gran Coraz\u00f3n &#8226; DIF Puerto Vallarta","isPartOf":{"@id":"https:\/\/difpuertovallarta.gob.mx\/cms\/#website"},"datePublished":"2017-10-25T20:04:00+00:00","dateModified":"2021-11-01T19:42:12+00:00","description":"DIF Puerto Vallarta &#8226; Durante su segundo a\u00f1o de actividades Recibi\u00f3 DIF donaciones por m\u00e1s de 2.5 millones de pesos \u2022 Candelaria Tovar destac\u00f3 que con este recurso se","breadcrumb":{"@id":"https:\/\/difpuertovallarta.gob.mx\/cms\/gente-gran-corazon\/#breadcrumb"},"inLanguage":"es","potentialAction":[{"@type":"ReadAction","target":["https:\/\/difpuertovallarta.gob.mx\/cms\/gente-gran-corazon\/"]}]},{"@type":"BreadcrumbList","@id":"https:\/\/difpuertovallarta.gob.mx\/cms\/gente-gran-corazon\/#breadcrumb","itemListElement":[{"@type":"ListItem","position":1,"name":"Inicio","item":"https:\/\/difpuertovallarta.gob.mx\/cms\/"},{"@type":"ListItem","position":2,"name":"Gente de Gran Coraz\u00f3n"}]},{"@type":"WebSite","@id":"https:\/\/difpuertovallarta.gob.mx\/cms\/#website","url":"https:\/\/difpuertovallarta.gob.mx\/cms\/","name":"DIF Puerto Vallarta","description":"Sistema para el Desarrollo Integral de la Familia para el Municipio de Puerto Vallarta, Jalisco.","publisher":{"@id":"https:\/\/difpuertovallarta.gob.mx\/cms\/#organization"},"potentialAction":[{"@type":"SearchAction","target":{"@type":"EntryPoint","urlTemplate":"https:\/\/difpuertovallarta.gob.mx\/cms\/?s={search_term_string}"},"query-input":{"@type":"PropertyValueSpecification","valueRequired":true,"valueName":"search_term_string"}}],"inLanguage":"es"},{"@type":"Organization","@id":"https:\/\/difpuertovallarta.gob.mx\/cms\/#organization","name":"Sistema DIF Puerto Vallarta","url":"https:\/\/difpuertovallarta.gob.mx\/cms\/","logo":{"@type":"ImageObject","inLanguage":"es","@id":"https:\/\/difpuertovallarta.gob.mx\/cms\/#\/schema\/logo\/image\/","url":"http:\/\/difpuertovallarta.gob.mx\/cms\/wp-content\/uploads\/2018\/12\/LOGO-DIF-2021-NAVIDAD.jpg","contentUrl":"http:\/\/difpuertovallarta.gob.mx\/cms\/wp-content\/uploads\/2018\/12\/LOGO-DIF-2021-NAVIDAD.jpg","width":834,"height":834,"caption":"Sistema DIF Puerto Vallarta"},"image":{"@id":"https:\/\/difpuertovallarta.gob.mx\/cms\/#\/schema\/logo\/image\/"},"sameAs":["https:\/\/www.facebook.com\/sistemadifvallarta","https:\/\/x.com\/difvallarta"]}]}},"_links":{"self":[{"href":"https:\/\/difpuertovallarta.gob.mx\/cms\/wp-json\/wp\/v2\/pages\/3218","targetHints":{"allow":["GET"]}}],"collection":[{"href":"https:\/\/difpuertovallarta.gob.mx\/cms\/wp-json\/wp\/v2\/pages"}],"about":[{"href":"https:\/\/difpuertovallarta.gob.mx\/cms\/wp-json\/wp\/v2\/types\/page"}],"author":[{"embeddable":true,"href":"https:\/\/difpuertovallarta.gob.mx\/cms\/wp-json\/wp\/v2\/users\/1"}],"replies":[{"embeddable":true,"href":"https:\/\/difpuertovallarta.gob.mx\/cms\/wp-json\/wp\/v2\/comments?post=3218"}],"version-history":[{"count":1,"href":"https:\/\/difpuertovallarta.gob.mx\/cms\/wp-json\/wp\/v2\/pages\/3218\/revisions"}],"predecessor-version":[{"id":3225,"href":"https:\/\/difpuertovallarta.gob.mx\/cms\/wp-json\/wp\/v2\/pages\/3218\/revisions\/3225"}],"wp:attachment":[{"href":"https:\/\/difpuertovallarta.gob.mx\/cms\/wp-json\/wp\/v2\/media?parent=3218"}],"curies":[{"name":"wp","href":"https:\/\/api.w.org\/{rel}","templated":true}]}}