{"id":3205,"date":"2017-10-25T13:07:32","date_gmt":"2017-10-25T19:07:32","guid":{"rendered":"http:\/\/difpuertovallarta.gob.mx\/cms\/?page_id=3205"},"modified":"2024-10-28T15:29:23","modified_gmt":"2024-10-28T21:29:23","slug":"urr-nuestra-obra-magna","status":"publish","type":"page","link":"https:\/\/difpuertovallarta.gob.mx\/cms\/urr-nuestra-obra-magna\/","title":{"rendered":"URR, Nuestra Obra Magna"},"content":{"rendered":"<p>Ha brindado m\u00e1s de 13 mil servicios<\/p>\n<p><strong>A seis meses, la URR ya atiende m\u00e1s de 300 pacientes <\/strong><\/p>\n<p><a href=\"https:\/\/difpuertovallarta.gob.mx\/cms\/cms\/wp-content\/uploads\/2017\/10\/COMUNICADO-2147-DIF-Testimonio-URR-1-1.jpg\"><img decoding=\"async\" class=\"alignnone size-medium wp-image-3206\" src=\"https:\/\/difpuertovallarta.gob.mx\/cms\/cms\/wp-content\/uploads\/2017\/10\/COMUNICADO-2147-DIF-Testimonio-URR-1-1-300x152.jpg\" alt=\"\" width=\"300\" height=\"152\" \/><\/a><\/p>\n<p>\u2022 El joven Luis Javier Gordi\u00e1n, es uno de los tantos testimonios de agradecimiento al DIF, por las terapias y apoyos que recibe<\/p>\n<p>A seis meses de haber iniciado operaciones, la Unidad Regional de Rehabilitaci\u00f3n del sistema DIF, ya tiene muchos testimonios de agradecimiento de las m\u00e1s de 300 personas que son atendidas en la URR.<\/p>\n<p><a href=\"https:\/\/difpuertovallarta.gob.mx\/cms\/cms\/wp-content\/uploads\/2017\/10\/COMUNICADO-2147-DIF-Testimonio-URR-3-1.jpg\"><img fetchpriority=\"high\" decoding=\"async\" class=\"size-medium wp-image-3210 alignleft\" src=\"https:\/\/difpuertovallarta.gob.mx\/cms\/cms\/wp-content\/uploads\/2017\/10\/COMUNICADO-2147-DIF-Testimonio-URR-3-1-200x300.jpg\" alt=\"\" width=\"200\" height=\"300\" \/><\/a>Tal es el caso del joven Luis Javier Gordi\u00e1n, quien luego de sufrir un accidente, recibe terapias de rehabilitaci\u00f3n en esta unidad. \u201cEstoy muy agradecido de que se haya gestionado la URR, porque para nosotros es m\u00e1s barato y est\u00e1 muy completa, estoy feliz\u201d, afirm\u00f3.<\/p>\n<p>La se\u00f1ora Sandra Patricia Ram\u00edrez, madre de Javier, relata que su hijo fue atropellado hace poco m\u00e1s de dos a\u00f1os, lanzado a aproximadamente 10 metros, lo que le ocasion\u00f3 serias lesiones en su cerebro y por ende tuvo graves complicaciones de salud.<\/p>\n<p>\u201cLos m\u00e9dicos nos dieron muy pocas probabilidades de vida, le hicieron traqueotom\u00eda, le colocaron una sonda para alimentaci\u00f3n, estuvo mucho tiempo en coma, su cuerpo qued\u00f3 sin movimiento y cuando \u00e9l empez\u00f3 a reaccionar ten\u00eda par\u00e1lisis del lado derecho\u201d, record\u00f3.<\/p>\n<p>Agrega que cuando su hijo comenz\u00f3 a reaccionar, los m\u00e9dicos le informaron que ser\u00eda necesario comenzar con terapias de rehabilitaci\u00f3n, ya que el pron\u00f3stico que le dieron al salir de terapia intensiva era que Luis Javier iba a hacer un paciente en cama de por vida.<\/p>\n\n<p>\u201cCuando supimos que se abrir\u00eda la URR fue un gran alivio. Adem\u00e1s de ser econ\u00f3mico, hay personas muy capacitadas y eso ha ayudado a que \u00e9l ya pueda caminar con su bast\u00f3n. Las terapias le han ayudado much\u00edsimo para que se sienta m\u00e1s seguro. Gracias a que la se\u00f1ora Candelaria Tovar gestion\u00f3 esta unidad, mi hijo ha mejorado much\u00edsimo\u201d, expres\u00f3 conmovida la mujer.<\/p>\n<p><a href=\"https:\/\/difpuertovallarta.gob.mx\/cms\/cms\/wp-content\/uploads\/2017\/10\/COMUNICADO-2147-DIF-Testimonio-URR-5-1.jpg\"><img decoding=\"async\" class=\"aligncenter wp-image-3209 size-medium\" src=\"https:\/\/difpuertovallarta.gob.mx\/cms\/cms\/wp-content\/uploads\/2017\/10\/COMUNICADO-2147-DIF-Testimonio-URR-5-1-300x200.jpg\" alt=\"\" width=\"300\" height=\"200\" \/><\/a><\/p>\n<p>Al igual que Javier Gordi\u00e1n, m\u00e1s de 300 personas se han acercado a la URR para recibir terapias de rehabilitaci\u00f3n, y en seis meses se han brindado m\u00e1s de 13 mil servicios en las especialidades de mecanoterapia, estimulaci\u00f3n temprana, hidromasaje, rob\u00f3tica, terapia de lenguaje y electroterapia, adem\u00e1s de complementarlas con atenci\u00f3n m\u00e9dica y psicol\u00f3gica, acciones que destaca en su segundo informe de actividades, la presidenta del Sistema DIF, Candelaria Tovar de D\u00e1valos.<\/p>\n","protected":false},"excerpt":{"rendered":"<p>Ha brindado m\u00e1s de 13 mil servicios A seis meses, la URR ya atiende m\u00e1s de 300 pacientes \u2022 El joven Luis Javier Gordi\u00e1n, es uno de los tantos testimonios de agradecimiento al DIF, por las terapias y apoyos que recibe A seis meses de haber iniciado operaciones, la Unidad Regional de Rehabilitaci\u00f3n del sistema [&hellip;]<\/p>\n","protected":false},"author":1,"featured_media":0,"parent":0,"menu_order":0,"comment_status":"closed","ping_status":"closed","template":"","meta":{"footnotes":""},"class_list":["post-3205","page","type-page","status-publish","czr-hentry"],"yoast_head":"<!-- This site is optimized with the Yoast SEO plugin v27.6 - https:\/\/yoast.com\/product\/yoast-seo-wordpress\/ -->\n<title>URR, Nuestra Obra Magna &#8226; DIF Puerto Vallarta<\/title>\n<meta name=\"description\" content=\"DIF Puerto Vallarta &#8226; Ha brindado m\u00e1s de 13 mil servicios A seis meses, la URR ya atiende m\u00e1s de 300 pacientes \u2022 El joven Luis Javier Gordi\u00e1n, es uno de los tantos testimonios\" \/>\n<meta name=\"robots\" content=\"index, follow, max-snippet:-1, max-image-preview:large, max-video-preview:-1\" \/>\n<link rel=\"canonical\" href=\"https:\/\/difpuertovallarta.gob.mx\/cms\/urr-nuestra-obra-magna\/\" \/>\n<meta property=\"og:locale\" content=\"es_MX\" \/>\n<meta property=\"og:type\" content=\"article\" \/>\n<meta property=\"og:title\" content=\"URR, Nuestra Obra Magna &#8226; DIF Puerto Vallarta\" \/>\n<meta property=\"og:description\" content=\"DIF Puerto Vallarta &#8226; Ha brindado m\u00e1s de 13 mil servicios A seis meses, la URR ya atiende m\u00e1s de 300 pacientes \u2022 El joven Luis Javier Gordi\u00e1n, es uno de los tantos testimonios\" \/>\n<meta property=\"og:url\" content=\"https:\/\/difpuertovallarta.gob.mx\/cms\/urr-nuestra-obra-magna\/\" \/>\n<meta property=\"og:site_name\" content=\"DIF Puerto Vallarta\" \/>\n<meta property=\"article:publisher\" content=\"https:\/\/www.facebook.com\/sistemadifvallarta\" \/>\n<meta property=\"article:modified_time\" content=\"2024-10-28T21:29:23+00:00\" \/>\n<meta property=\"og:image\" content=\"https:\/\/difpuertovallarta.gob.mx\/cms\/wp-content\/uploads\/2017\/10\/COMUNICADO-2147-DIF-Testimonio-URR-5-1.jpg\" \/>\n\t<meta property=\"og:image:width\" content=\"1200\" \/>\n\t<meta property=\"og:image:height\" content=\"800\" \/>\n\t<meta property=\"og:image:type\" content=\"image\/jpeg\" \/>\n<meta name=\"twitter:card\" content=\"summary_large_image\" \/>\n<meta name=\"twitter:site\" content=\"@difvallarta\" \/>\n<meta name=\"twitter:label1\" content=\"Tiempo de lectura\" \/>\n\t<meta name=\"twitter:data1\" content=\"3 minutos\" \/>\n<script type=\"application\/ld+json\" class=\"yoast-schema-graph\">{\"@context\":\"https:\\\/\\\/schema.org\",\"@graph\":[{\"@type\":\"WebPage\",\"@id\":\"https:\\\/\\\/difpuertovallarta.gob.mx\\\/cms\\\/urr-nuestra-obra-magna\\\/\",\"url\":\"https:\\\/\\\/difpuertovallarta.gob.mx\\\/cms\\\/urr-nuestra-obra-magna\\\/\",\"name\":\"URR, Nuestra Obra Magna &#8226; DIF Puerto Vallarta\",\"isPartOf\":{\"@id\":\"https:\\\/\\\/difpuertovallarta.gob.mx\\\/cms\\\/#website\"},\"primaryImageOfPage\":{\"@id\":\"https:\\\/\\\/difpuertovallarta.gob.mx\\\/cms\\\/urr-nuestra-obra-magna\\\/#primaryimage\"},\"image\":{\"@id\":\"https:\\\/\\\/difpuertovallarta.gob.mx\\\/cms\\\/urr-nuestra-obra-magna\\\/#primaryimage\"},\"thumbnailUrl\":\"http:\\\/\\\/difpuertovallarta.gob.mx\\\/cms\\\/cms\\\/wp-content\\\/uploads\\\/2017\\\/10\\\/COMUNICADO-2147-DIF-Testimonio-URR-1-1-300x152.jpg\",\"datePublished\":\"2017-10-25T19:07:32+00:00\",\"dateModified\":\"2024-10-28T21:29:23+00:00\",\"description\":\"DIF Puerto Vallarta &#8226; Ha brindado m\u00e1s de 13 mil servicios A seis meses, la URR ya atiende m\u00e1s de 300 pacientes \u2022 El joven Luis Javier Gordi\u00e1n, es uno de los tantos testimonios\",\"breadcrumb\":{\"@id\":\"https:\\\/\\\/difpuertovallarta.gob.mx\\\/cms\\\/urr-nuestra-obra-magna\\\/#breadcrumb\"},\"inLanguage\":\"es\",\"potentialAction\":[{\"@type\":\"ReadAction\",\"target\":[\"https:\\\/\\\/difpuertovallarta.gob.mx\\\/cms\\\/urr-nuestra-obra-magna\\\/\"]}]},{\"@type\":\"ImageObject\",\"inLanguage\":\"es\",\"@id\":\"https:\\\/\\\/difpuertovallarta.gob.mx\\\/cms\\\/urr-nuestra-obra-magna\\\/#primaryimage\",\"url\":\"http:\\\/\\\/difpuertovallarta.gob.mx\\\/cms\\\/cms\\\/wp-content\\\/uploads\\\/2017\\\/10\\\/COMUNICADO-2147-DIF-Testimonio-URR-1-1-300x152.jpg\",\"contentUrl\":\"http:\\\/\\\/difpuertovallarta.gob.mx\\\/cms\\\/cms\\\/wp-content\\\/uploads\\\/2017\\\/10\\\/COMUNICADO-2147-DIF-Testimonio-URR-1-1-300x152.jpg\"},{\"@type\":\"BreadcrumbList\",\"@id\":\"https:\\\/\\\/difpuertovallarta.gob.mx\\\/cms\\\/urr-nuestra-obra-magna\\\/#breadcrumb\",\"itemListElement\":[{\"@type\":\"ListItem\",\"position\":1,\"name\":\"Inicio\",\"item\":\"https:\\\/\\\/difpuertovallarta.gob.mx\\\/cms\\\/\"},{\"@type\":\"ListItem\",\"position\":2,\"name\":\"URR, Nuestra Obra Magna\"}]},{\"@type\":\"WebSite\",\"@id\":\"https:\\\/\\\/difpuertovallarta.gob.mx\\\/cms\\\/#website\",\"url\":\"https:\\\/\\\/difpuertovallarta.gob.mx\\\/cms\\\/\",\"name\":\"DIF Puerto Vallarta\",\"description\":\"Sistema para el Desarrollo Integral de la Familia para el Municipio de Puerto Vallarta, Jalisco.\",\"publisher\":{\"@id\":\"https:\\\/\\\/difpuertovallarta.gob.mx\\\/cms\\\/#organization\"},\"potentialAction\":[{\"@type\":\"SearchAction\",\"target\":{\"@type\":\"EntryPoint\",\"urlTemplate\":\"https:\\\/\\\/difpuertovallarta.gob.mx\\\/cms\\\/?s={search_term_string}\"},\"query-input\":{\"@type\":\"PropertyValueSpecification\",\"valueRequired\":true,\"valueName\":\"search_term_string\"}}],\"inLanguage\":\"es\"},{\"@type\":\"Organization\",\"@id\":\"https:\\\/\\\/difpuertovallarta.gob.mx\\\/cms\\\/#organization\",\"name\":\"Sistema DIF Puerto Vallarta\",\"url\":\"https:\\\/\\\/difpuertovallarta.gob.mx\\\/cms\\\/\",\"logo\":{\"@type\":\"ImageObject\",\"inLanguage\":\"es\",\"@id\":\"https:\\\/\\\/difpuertovallarta.gob.mx\\\/cms\\\/#\\\/schema\\\/logo\\\/image\\\/\",\"url\":\"http:\\\/\\\/difpuertovallarta.gob.mx\\\/cms\\\/wp-content\\\/uploads\\\/2018\\\/12\\\/LOGO-DIF-2021-NAVIDAD.jpg\",\"contentUrl\":\"http:\\\/\\\/difpuertovallarta.gob.mx\\\/cms\\\/wp-content\\\/uploads\\\/2018\\\/12\\\/LOGO-DIF-2021-NAVIDAD.jpg\",\"width\":834,\"height\":834,\"caption\":\"Sistema DIF Puerto Vallarta\"},\"image\":{\"@id\":\"https:\\\/\\\/difpuertovallarta.gob.mx\\\/cms\\\/#\\\/schema\\\/logo\\\/image\\\/\"},\"sameAs\":[\"https:\\\/\\\/www.facebook.com\\\/sistemadifvallarta\",\"https:\\\/\\\/x.com\\\/difvallarta\"]}]}<\/script>\n<!-- \/ Yoast SEO plugin. -->","yoast_head_json":{"title":"URR, Nuestra Obra Magna &#8226; DIF Puerto Vallarta","description":"DIF Puerto Vallarta &#8226; Ha brindado m\u00e1s de 13 mil servicios A seis meses, la URR ya atiende m\u00e1s de 300 pacientes \u2022 El joven Luis Javier Gordi\u00e1n, es uno de los tantos testimonios","robots":{"index":"index","follow":"follow","max-snippet":"max-snippet:-1","max-image-preview":"max-image-preview:large","max-video-preview":"max-video-preview:-1"},"canonical":"https:\/\/difpuertovallarta.gob.mx\/cms\/urr-nuestra-obra-magna\/","og_locale":"es_MX","og_type":"article","og_title":"URR, Nuestra Obra Magna &#8226; DIF Puerto Vallarta","og_description":"DIF Puerto Vallarta &#8226; Ha brindado m\u00e1s de 13 mil servicios A seis meses, la URR ya atiende m\u00e1s de 300 pacientes \u2022 El joven Luis Javier Gordi\u00e1n, es uno de los tantos testimonios","og_url":"https:\/\/difpuertovallarta.gob.mx\/cms\/urr-nuestra-obra-magna\/","og_site_name":"DIF Puerto Vallarta","article_publisher":"https:\/\/www.facebook.com\/sistemadifvallarta","article_modified_time":"2024-10-28T21:29:23+00:00","og_image":[{"width":1200,"height":800,"url":"https:\/\/difpuertovallarta.gob.mx\/cms\/wp-content\/uploads\/2017\/10\/COMUNICADO-2147-DIF-Testimonio-URR-5-1.jpg","type":"image\/jpeg"}],"twitter_card":"summary_large_image","twitter_site":"@difvallarta","twitter_misc":{"Tiempo de lectura":"3 minutos"},"schema":{"@context":"https:\/\/schema.org","@graph":[{"@type":"WebPage","@id":"https:\/\/difpuertovallarta.gob.mx\/cms\/urr-nuestra-obra-magna\/","url":"https:\/\/difpuertovallarta.gob.mx\/cms\/urr-nuestra-obra-magna\/","name":"URR, Nuestra Obra Magna &#8226; DIF Puerto Vallarta","isPartOf":{"@id":"https:\/\/difpuertovallarta.gob.mx\/cms\/#website"},"primaryImageOfPage":{"@id":"https:\/\/difpuertovallarta.gob.mx\/cms\/urr-nuestra-obra-magna\/#primaryimage"},"image":{"@id":"https:\/\/difpuertovallarta.gob.mx\/cms\/urr-nuestra-obra-magna\/#primaryimage"},"thumbnailUrl":"http:\/\/difpuertovallarta.gob.mx\/cms\/cms\/wp-content\/uploads\/2017\/10\/COMUNICADO-2147-DIF-Testimonio-URR-1-1-300x152.jpg","datePublished":"2017-10-25T19:07:32+00:00","dateModified":"2024-10-28T21:29:23+00:00","description":"DIF Puerto Vallarta &#8226; Ha brindado m\u00e1s de 13 mil servicios A seis meses, la URR ya atiende m\u00e1s de 300 pacientes \u2022 El joven Luis Javier Gordi\u00e1n, es uno de los tantos testimonios","breadcrumb":{"@id":"https:\/\/difpuertovallarta.gob.mx\/cms\/urr-nuestra-obra-magna\/#breadcrumb"},"inLanguage":"es","potentialAction":[{"@type":"ReadAction","target":["https:\/\/difpuertovallarta.gob.mx\/cms\/urr-nuestra-obra-magna\/"]}]},{"@type":"ImageObject","inLanguage":"es","@id":"https:\/\/difpuertovallarta.gob.mx\/cms\/urr-nuestra-obra-magna\/#primaryimage","url":"http:\/\/difpuertovallarta.gob.mx\/cms\/cms\/wp-content\/uploads\/2017\/10\/COMUNICADO-2147-DIF-Testimonio-URR-1-1-300x152.jpg","contentUrl":"http:\/\/difpuertovallarta.gob.mx\/cms\/cms\/wp-content\/uploads\/2017\/10\/COMUNICADO-2147-DIF-Testimonio-URR-1-1-300x152.jpg"},{"@type":"BreadcrumbList","@id":"https:\/\/difpuertovallarta.gob.mx\/cms\/urr-nuestra-obra-magna\/#breadcrumb","itemListElement":[{"@type":"ListItem","position":1,"name":"Inicio","item":"https:\/\/difpuertovallarta.gob.mx\/cms\/"},{"@type":"ListItem","position":2,"name":"URR, Nuestra Obra Magna"}]},{"@type":"WebSite","@id":"https:\/\/difpuertovallarta.gob.mx\/cms\/#website","url":"https:\/\/difpuertovallarta.gob.mx\/cms\/","name":"DIF Puerto Vallarta","description":"Sistema para el Desarrollo Integral de la Familia para el Municipio de Puerto Vallarta, Jalisco.","publisher":{"@id":"https:\/\/difpuertovallarta.gob.mx\/cms\/#organization"},"potentialAction":[{"@type":"SearchAction","target":{"@type":"EntryPoint","urlTemplate":"https:\/\/difpuertovallarta.gob.mx\/cms\/?s={search_term_string}"},"query-input":{"@type":"PropertyValueSpecification","valueRequired":true,"valueName":"search_term_string"}}],"inLanguage":"es"},{"@type":"Organization","@id":"https:\/\/difpuertovallarta.gob.mx\/cms\/#organization","name":"Sistema DIF Puerto Vallarta","url":"https:\/\/difpuertovallarta.gob.mx\/cms\/","logo":{"@type":"ImageObject","inLanguage":"es","@id":"https:\/\/difpuertovallarta.gob.mx\/cms\/#\/schema\/logo\/image\/","url":"http:\/\/difpuertovallarta.gob.mx\/cms\/wp-content\/uploads\/2018\/12\/LOGO-DIF-2021-NAVIDAD.jpg","contentUrl":"http:\/\/difpuertovallarta.gob.mx\/cms\/wp-content\/uploads\/2018\/12\/LOGO-DIF-2021-NAVIDAD.jpg","width":834,"height":834,"caption":"Sistema DIF Puerto Vallarta"},"image":{"@id":"https:\/\/difpuertovallarta.gob.mx\/cms\/#\/schema\/logo\/image\/"},"sameAs":["https:\/\/www.facebook.com\/sistemadifvallarta","https:\/\/x.com\/difvallarta"]}]}},"_links":{"self":[{"href":"https:\/\/difpuertovallarta.gob.mx\/cms\/wp-json\/wp\/v2\/pages\/3205","targetHints":{"allow":["GET"]}}],"collection":[{"href":"https:\/\/difpuertovallarta.gob.mx\/cms\/wp-json\/wp\/v2\/pages"}],"about":[{"href":"https:\/\/difpuertovallarta.gob.mx\/cms\/wp-json\/wp\/v2\/types\/page"}],"author":[{"embeddable":true,"href":"https:\/\/difpuertovallarta.gob.mx\/cms\/wp-json\/wp\/v2\/users\/1"}],"replies":[{"embeddable":true,"href":"https:\/\/difpuertovallarta.gob.mx\/cms\/wp-json\/wp\/v2\/comments?post=3205"}],"version-history":[{"count":4,"href":"https:\/\/difpuertovallarta.gob.mx\/cms\/wp-json\/wp\/v2\/pages\/3205\/revisions"}],"predecessor-version":[{"id":16244,"href":"https:\/\/difpuertovallarta.gob.mx\/cms\/wp-json\/wp\/v2\/pages\/3205\/revisions\/16244"}],"wp:attachment":[{"href":"https:\/\/difpuertovallarta.gob.mx\/cms\/wp-json\/wp\/v2\/media?parent=3205"}],"curies":[{"name":"wp","href":"https:\/\/api.w.org\/{rel}","templated":true}]}}