{"id":318,"date":"2016-09-21T14:15:44","date_gmt":"2016-09-21T20:15:44","guid":{"rendered":"http:\/\/difpuertovallarta.gob.mx\/cms\/cms\/?page_id=318"},"modified":"2022-06-06T14:11:10","modified_gmt":"2022-06-06T19:11:10","slug":"transparencia","status":"publish","type":"page","link":"https:\/\/difpuertovallarta.gob.mx\/cms\/transparencia\/","title":{"rendered":"Transparencia"},"content":{"rendered":"<p>El Sistema DIF Municipal de Puerto Vallarta, Jalisco, a trav\u00e9s de la Unidad de Transparencia le da la bienvenida y pone a su disposici\u00f3n la informaci\u00f3n p\u00fablica que se genera en las distintas subdirecciones, cumpliendo as\u00ed, con las atribuciones establecidas en la Ley de Transparencia y Acceso a la Informaci\u00f3n P\u00fablica del Estado de Jalisco y sus Municipios, con el compromiso de garantizar el derecho fundamental de acceder a la informaci\u00f3n, optimizando los mecanismos para consultar y solicitar informaci\u00f3n p\u00fablica.<\/p>\n<p>La informaci\u00f3n de esta pagina esta en proceso de transferencia a un nuevo servidor por tal motivo nuestros procesos en l\u00ednea se siguen actualizando.<br \/><strong>LEPG. MARCO ANTONIO GONZ\u00c1LEZ GONZ\u00c1LEZ<\/strong><\/p>\n<p><strong>TITULAR DE LA UNIDAD DE TRANSPARENCIA.<\/strong><\/p>\n<p><em>N\u00famero telef\u00f3nico: 225 9936 al 40 extensi\u00f3n 141<\/em><\/p>\n<p><em>Email: transparencia@difpuertovallarta.gob.mx<\/em><\/p>\n<p><em>Ubicaci\u00f3n: Av. las palmas 105, colonia Barrio Santa Mar\u00eda, C.P. 48325, de la ciudad de de Puerto Vallarta, Jalisco, M\u00e9xico.<\/em><\/p>\n<p><em>Horario de atenci\u00f3n: de 8:00 a 16:00 hrs.<\/em><\/p>\n<p>La Unidad de Transparencia del Sistema DIF de Puerto Vallarta, Jalisco, le da una cordial bienvenida y pone a su disposici\u00f3n los datos que lo guiar\u00e1n, para que ejerza su Derecho a la Informaci\u00f3n P\u00fablica.<\/p>\n<h2><a href=\"https:\/\/difpuertovallarta.gob.mx\/cms\/informacion-de-entrega-recepcion-2018\/\">Entrega Recepci\u00f3n 2018<\/a><\/h2>\n<p>\u00a0<\/p>\n\n<div class=\"wp-block-image\">\n<figure class=\"alignleft size-large\"><a href=\"https:\/\/difpuertovallarta.gob.mx\/cms\/articulo-8-unidad-de-transparencia\/\" target=\"_blank\" rel=\"noopener noreferrer\"><img decoding=\"async\" width=\"100\" height=\"100\" src=\"https:\/\/difpuertovallarta.gob.mx\/cms\/wp-content\/uploads\/2020\/09\/art8.png\" alt=\"\" class=\"wp-image-10301\"\/><\/a><figcaption><a href=\"https:\/\/difpuertovallarta.gob.mx\/cms\/articulo-8-unidad-de-transparencia\/\" target=\"_blank\" rel=\"noreferrer noopener\">Art\u00edculo 8<\/a><\/figcaption><\/figure><\/div>\n\n<div class=\"wp-block-image\">\n<figure class=\"alignleft size-large\"><a href=\"https:\/\/www.plataformadetransparencia.org.mx\/web\/guest\/inicio\" target=\"_blank\" rel=\"noopener noreferrer\"><img decoding=\"async\" width=\"172\" height=\"125\" src=\"https:\/\/difpuertovallarta.gob.mx\/cms\/wp-content\/uploads\/2020\/09\/logo-pnt-172x125-1.png\" alt=\"\" class=\"wp-image-10306\"\/><\/a><\/figure><\/div>\n\n<div class=\"wp-block-image\">\n<figure class=\"alignleft size-large\"><a href=\"https:\/\/www.itei.org.mx\/v4\/\" target=\"_blank\" rel=\"noopener noreferrer\"><img decoding=\"async\" width=\"170\" height=\"102\" src=\"https:\/\/difpuertovallarta.gob.mx\/cms\/wp-content\/uploads\/2020\/09\/logoitei.png\" alt=\"\" class=\"wp-image-10307\"\/><\/a><\/figure><\/div>\n\n<div class=\"wp-block-image\">\n<figure class=\"alignleft size-large\"><a href=\"https:\/\/www.infomexjalisco.org.mx\/InfomexJalisco\/\" target=\"_blank\" rel=\"noopener noreferrer\"><img loading=\"lazy\" decoding=\"async\" width=\"93\" height=\"93\" src=\"https:\/\/difpuertovallarta.gob.mx\/cms\/wp-content\/uploads\/2020\/09\/logo_infomex.jpg\" alt=\"\" class=\"wp-image-10308\"\/><\/a><\/figure><\/div>\n\n\n<p><\/p>\n","protected":false},"excerpt":{"rendered":"<p>El Sistema DIF Municipal de Puerto Vallarta, Jalisco, a trav\u00e9s de la Unidad de Transparencia le da la bienvenida y pone a su disposici\u00f3n la informaci\u00f3n p\u00fablica que se genera en las distintas subdirecciones, cumpliendo as\u00ed, con las atribuciones establecidas en la Ley de Transparencia y Acceso a la Informaci\u00f3n P\u00fablica del Estado de Jalisco [&hellip;]<\/p>\n","protected":false},"author":1,"featured_media":0,"parent":0,"menu_order":0,"comment_status":"closed","ping_status":"closed","template":"","meta":{"footnotes":""},"class_list":["post-318","page","type-page","status-publish","czr-hentry"],"yoast_head":"<!-- This site is optimized with the Yoast SEO plugin v27.2 - https:\/\/yoast.com\/product\/yoast-seo-wordpress\/ -->\n<title>Transparencia &#8226; DIF Puerto Vallarta<\/title>\n<meta name=\"description\" content=\"DIF Puerto Vallarta &#8226; El Sistema DIF Municipal de Puerto Vallarta, Jalisco, a trav\u00e9s de la Unidad de Transparencia le da la bienvenida y pone a su disposici\u00f3n la informaci\u00f3n\" \/>\n<meta name=\"robots\" content=\"index, follow, max-snippet:-1, max-image-preview:large, max-video-preview:-1\" \/>\n<link rel=\"canonical\" href=\"https:\/\/difpuertovallarta.gob.mx\/cms\/transparencia\/\" \/>\n<meta property=\"og:locale\" content=\"es_MX\" \/>\n<meta property=\"og:type\" content=\"article\" \/>\n<meta property=\"og:title\" content=\"Transparencia &#8226; DIF Puerto Vallarta\" \/>\n<meta property=\"og:description\" content=\"DIF Puerto Vallarta &#8226; El Sistema DIF Municipal de Puerto Vallarta, Jalisco, a trav\u00e9s de la Unidad de Transparencia le da la bienvenida y pone a su disposici\u00f3n la informaci\u00f3n\" \/>\n<meta property=\"og:url\" content=\"https:\/\/difpuertovallarta.gob.mx\/cms\/transparencia\/\" \/>\n<meta property=\"og:site_name\" content=\"DIF Puerto Vallarta\" \/>\n<meta property=\"article:publisher\" content=\"https:\/\/www.facebook.com\/sistemadifvallarta\" \/>\n<meta property=\"article:modified_time\" content=\"2022-06-06T19:11:10+00:00\" \/>\n<meta property=\"og:image\" content=\"http:\/\/difpuertovallarta.gob.mx\/cms\/wp-content\/uploads\/2020\/09\/art8.png\" \/>\n<meta name=\"twitter:card\" content=\"summary_large_image\" \/>\n<meta name=\"twitter:site\" content=\"@difvallarta\" \/>\n<meta name=\"twitter:label1\" content=\"Tiempo de lectura\" \/>\n\t<meta name=\"twitter:data1\" content=\"1 minuto\" \/>\n<script type=\"application\/ld+json\" class=\"yoast-schema-graph\">{\"@context\":\"https:\/\/schema.org\",\"@graph\":[{\"@type\":\"WebPage\",\"@id\":\"https:\/\/difpuertovallarta.gob.mx\/cms\/transparencia\/\",\"url\":\"https:\/\/difpuertovallarta.gob.mx\/cms\/transparencia\/\",\"name\":\"Transparencia &#8226; DIF Puerto Vallarta\",\"isPartOf\":{\"@id\":\"https:\/\/difpuertovallarta.gob.mx\/cms\/#website\"},\"primaryImageOfPage\":{\"@id\":\"https:\/\/difpuertovallarta.gob.mx\/cms\/transparencia\/#primaryimage\"},\"image\":{\"@id\":\"https:\/\/difpuertovallarta.gob.mx\/cms\/transparencia\/#primaryimage\"},\"thumbnailUrl\":\"http:\/\/difpuertovallarta.gob.mx\/cms\/wp-content\/uploads\/2020\/09\/art8.png\",\"datePublished\":\"2016-09-21T20:15:44+00:00\",\"dateModified\":\"2022-06-06T19:11:10+00:00\",\"description\":\"DIF Puerto Vallarta &#8226; El Sistema DIF Municipal de Puerto Vallarta, Jalisco, a trav\u00e9s de la Unidad de Transparencia le da la bienvenida y pone a su disposici\u00f3n la informaci\u00f3n\",\"breadcrumb\":{\"@id\":\"https:\/\/difpuertovallarta.gob.mx\/cms\/transparencia\/#breadcrumb\"},\"inLanguage\":\"es\",\"potentialAction\":[{\"@type\":\"ReadAction\",\"target\":[\"https:\/\/difpuertovallarta.gob.mx\/cms\/transparencia\/\"]}]},{\"@type\":\"ImageObject\",\"inLanguage\":\"es\",\"@id\":\"https:\/\/difpuertovallarta.gob.mx\/cms\/transparencia\/#primaryimage\",\"url\":\"http:\/\/difpuertovallarta.gob.mx\/cms\/wp-content\/uploads\/2020\/09\/art8.png\",\"contentUrl\":\"http:\/\/difpuertovallarta.gob.mx\/cms\/wp-content\/uploads\/2020\/09\/art8.png\"},{\"@type\":\"BreadcrumbList\",\"@id\":\"https:\/\/difpuertovallarta.gob.mx\/cms\/transparencia\/#breadcrumb\",\"itemListElement\":[{\"@type\":\"ListItem\",\"position\":1,\"name\":\"Inicio\",\"item\":\"https:\/\/difpuertovallarta.gob.mx\/cms\/\"},{\"@type\":\"ListItem\",\"position\":2,\"name\":\"Transparencia\"}]},{\"@type\":\"WebSite\",\"@id\":\"https:\/\/difpuertovallarta.gob.mx\/cms\/#website\",\"url\":\"https:\/\/difpuertovallarta.gob.mx\/cms\/\",\"name\":\"DIF Puerto Vallarta\",\"description\":\"Sistema para el Desarrollo Integral de la Familia para el Municipio de Puerto Vallarta, Jalisco.\",\"publisher\":{\"@id\":\"https:\/\/difpuertovallarta.gob.mx\/cms\/#organization\"},\"potentialAction\":[{\"@type\":\"SearchAction\",\"target\":{\"@type\":\"EntryPoint\",\"urlTemplate\":\"https:\/\/difpuertovallarta.gob.mx\/cms\/?s={search_term_string}\"},\"query-input\":{\"@type\":\"PropertyValueSpecification\",\"valueRequired\":true,\"valueName\":\"search_term_string\"}}],\"inLanguage\":\"es\"},{\"@type\":\"Organization\",\"@id\":\"https:\/\/difpuertovallarta.gob.mx\/cms\/#organization\",\"name\":\"Sistema DIF Puerto Vallarta\",\"url\":\"https:\/\/difpuertovallarta.gob.mx\/cms\/\",\"logo\":{\"@type\":\"ImageObject\",\"inLanguage\":\"es\",\"@id\":\"https:\/\/difpuertovallarta.gob.mx\/cms\/#\/schema\/logo\/image\/\",\"url\":\"http:\/\/difpuertovallarta.gob.mx\/cms\/wp-content\/uploads\/2018\/12\/LOGO-DIF-2021-NAVIDAD.jpg\",\"contentUrl\":\"http:\/\/difpuertovallarta.gob.mx\/cms\/wp-content\/uploads\/2018\/12\/LOGO-DIF-2021-NAVIDAD.jpg\",\"width\":834,\"height\":834,\"caption\":\"Sistema DIF Puerto Vallarta\"},\"image\":{\"@id\":\"https:\/\/difpuertovallarta.gob.mx\/cms\/#\/schema\/logo\/image\/\"},\"sameAs\":[\"https:\/\/www.facebook.com\/sistemadifvallarta\",\"https:\/\/x.com\/difvallarta\"]}]}<\/script>\n<!-- \/ Yoast SEO plugin. -->","yoast_head_json":{"title":"Transparencia &#8226; DIF Puerto Vallarta","description":"DIF Puerto Vallarta &#8226; El Sistema DIF Municipal de Puerto Vallarta, Jalisco, a trav\u00e9s de la Unidad de Transparencia le da la bienvenida y pone a su disposici\u00f3n la informaci\u00f3n","robots":{"index":"index","follow":"follow","max-snippet":"max-snippet:-1","max-image-preview":"max-image-preview:large","max-video-preview":"max-video-preview:-1"},"canonical":"https:\/\/difpuertovallarta.gob.mx\/cms\/transparencia\/","og_locale":"es_MX","og_type":"article","og_title":"Transparencia &#8226; DIF Puerto Vallarta","og_description":"DIF Puerto Vallarta &#8226; El Sistema DIF Municipal de Puerto Vallarta, Jalisco, a trav\u00e9s de la Unidad de Transparencia le da la bienvenida y pone a su disposici\u00f3n la informaci\u00f3n","og_url":"https:\/\/difpuertovallarta.gob.mx\/cms\/transparencia\/","og_site_name":"DIF Puerto Vallarta","article_publisher":"https:\/\/www.facebook.com\/sistemadifvallarta","article_modified_time":"2022-06-06T19:11:10+00:00","og_image":[{"url":"http:\/\/difpuertovallarta.gob.mx\/cms\/wp-content\/uploads\/2020\/09\/art8.png","type":"","width":"","height":""}],"twitter_card":"summary_large_image","twitter_site":"@difvallarta","twitter_misc":{"Tiempo de lectura":"1 minuto"},"schema":{"@context":"https:\/\/schema.org","@graph":[{"@type":"WebPage","@id":"https:\/\/difpuertovallarta.gob.mx\/cms\/transparencia\/","url":"https:\/\/difpuertovallarta.gob.mx\/cms\/transparencia\/","name":"Transparencia &#8226; DIF Puerto Vallarta","isPartOf":{"@id":"https:\/\/difpuertovallarta.gob.mx\/cms\/#website"},"primaryImageOfPage":{"@id":"https:\/\/difpuertovallarta.gob.mx\/cms\/transparencia\/#primaryimage"},"image":{"@id":"https:\/\/difpuertovallarta.gob.mx\/cms\/transparencia\/#primaryimage"},"thumbnailUrl":"http:\/\/difpuertovallarta.gob.mx\/cms\/wp-content\/uploads\/2020\/09\/art8.png","datePublished":"2016-09-21T20:15:44+00:00","dateModified":"2022-06-06T19:11:10+00:00","description":"DIF Puerto Vallarta &#8226; El Sistema DIF Municipal de Puerto Vallarta, Jalisco, a trav\u00e9s de la Unidad de Transparencia le da la bienvenida y pone a su disposici\u00f3n la informaci\u00f3n","breadcrumb":{"@id":"https:\/\/difpuertovallarta.gob.mx\/cms\/transparencia\/#breadcrumb"},"inLanguage":"es","potentialAction":[{"@type":"ReadAction","target":["https:\/\/difpuertovallarta.gob.mx\/cms\/transparencia\/"]}]},{"@type":"ImageObject","inLanguage":"es","@id":"https:\/\/difpuertovallarta.gob.mx\/cms\/transparencia\/#primaryimage","url":"http:\/\/difpuertovallarta.gob.mx\/cms\/wp-content\/uploads\/2020\/09\/art8.png","contentUrl":"http:\/\/difpuertovallarta.gob.mx\/cms\/wp-content\/uploads\/2020\/09\/art8.png"},{"@type":"BreadcrumbList","@id":"https:\/\/difpuertovallarta.gob.mx\/cms\/transparencia\/#breadcrumb","itemListElement":[{"@type":"ListItem","position":1,"name":"Inicio","item":"https:\/\/difpuertovallarta.gob.mx\/cms\/"},{"@type":"ListItem","position":2,"name":"Transparencia"}]},{"@type":"WebSite","@id":"https:\/\/difpuertovallarta.gob.mx\/cms\/#website","url":"https:\/\/difpuertovallarta.gob.mx\/cms\/","name":"DIF Puerto Vallarta","description":"Sistema para el Desarrollo Integral de la Familia para el Municipio de Puerto Vallarta, Jalisco.","publisher":{"@id":"https:\/\/difpuertovallarta.gob.mx\/cms\/#organization"},"potentialAction":[{"@type":"SearchAction","target":{"@type":"EntryPoint","urlTemplate":"https:\/\/difpuertovallarta.gob.mx\/cms\/?s={search_term_string}"},"query-input":{"@type":"PropertyValueSpecification","valueRequired":true,"valueName":"search_term_string"}}],"inLanguage":"es"},{"@type":"Organization","@id":"https:\/\/difpuertovallarta.gob.mx\/cms\/#organization","name":"Sistema DIF Puerto Vallarta","url":"https:\/\/difpuertovallarta.gob.mx\/cms\/","logo":{"@type":"ImageObject","inLanguage":"es","@id":"https:\/\/difpuertovallarta.gob.mx\/cms\/#\/schema\/logo\/image\/","url":"http:\/\/difpuertovallarta.gob.mx\/cms\/wp-content\/uploads\/2018\/12\/LOGO-DIF-2021-NAVIDAD.jpg","contentUrl":"http:\/\/difpuertovallarta.gob.mx\/cms\/wp-content\/uploads\/2018\/12\/LOGO-DIF-2021-NAVIDAD.jpg","width":834,"height":834,"caption":"Sistema DIF Puerto Vallarta"},"image":{"@id":"https:\/\/difpuertovallarta.gob.mx\/cms\/#\/schema\/logo\/image\/"},"sameAs":["https:\/\/www.facebook.com\/sistemadifvallarta","https:\/\/x.com\/difvallarta"]}]}},"_links":{"self":[{"href":"https:\/\/difpuertovallarta.gob.mx\/cms\/wp-json\/wp\/v2\/pages\/318","targetHints":{"allow":["GET"]}}],"collection":[{"href":"https:\/\/difpuertovallarta.gob.mx\/cms\/wp-json\/wp\/v2\/pages"}],"about":[{"href":"https:\/\/difpuertovallarta.gob.mx\/cms\/wp-json\/wp\/v2\/types\/page"}],"author":[{"embeddable":true,"href":"https:\/\/difpuertovallarta.gob.mx\/cms\/wp-json\/wp\/v2\/users\/1"}],"replies":[{"embeddable":true,"href":"https:\/\/difpuertovallarta.gob.mx\/cms\/wp-json\/wp\/v2\/comments?post=318"}],"version-history":[{"count":9,"href":"https:\/\/difpuertovallarta.gob.mx\/cms\/wp-json\/wp\/v2\/pages\/318\/revisions"}],"predecessor-version":[{"id":16283,"href":"https:\/\/difpuertovallarta.gob.mx\/cms\/wp-json\/wp\/v2\/pages\/318\/revisions\/16283"}],"wp:attachment":[{"href":"https:\/\/difpuertovallarta.gob.mx\/cms\/wp-json\/wp\/v2\/media?parent=318"}],"curies":[{"name":"wp","href":"https:\/\/api.w.org\/{rel}","templated":true}]}}