{"id":15926,"date":"2024-08-09T13:17:49","date_gmt":"2024-08-09T19:17:49","guid":{"rendered":"https:\/\/difpuertovallarta.gob.mx\/cms\/?page_id=15926"},"modified":"2024-09-06T08:39:48","modified_gmt":"2024-09-06T14:39:48","slug":"evaluacion-sevac-trimestral-abril-junio-2024","status":"publish","type":"page","link":"https:\/\/difpuertovallarta.gob.mx\/cms\/evaluacion-sevac-trimestral-abril-junio-2024\/","title":{"rendered":"Evaluaci\u00f3n SEVAC Trimestral  Abril\u2013 Junio 2024"},"content":{"rendered":"\n\n\n<p><a href=\"https:\/\/difpuertovallarta.gob.mx\/cms\/wp-content\/uploads\/2024\/08\/D.1.11.pdf\">D.1.11 Publica la informaci\u00f3n de los montos efectivamente pagados durante el periodo por concepto de ayudas y subsidios<br><\/a><a href=\"https:\/\/difpuertovallarta.gob.mx\/cms\/wp-content\/uploads\/2024\/09\/estado-de-actividades.pdf\">D.2.1 Publica el Estado de Actividades<br><\/a><a href=\"https:\/\/difpuertovallarta.gob.mx\/cms\/wp-content\/uploads\/2024\/09\/estado-de-situacion-financiera.pdf\">D.2.2 Publica el Estado de Situaci\u00f3n Financiera<\/a><br><a href=\"https:\/\/difpuertovallarta.gob.mx\/cms\/wp-content\/uploads\/2024\/09\/estado-de-variacion-en-la-hacienda-publica_011815.pdf\">D.2.3 Publica el Estado de Variaci\u00f3n en la Hacienda P\u00fablica<\/a><br><a href=\"https:\/\/difpuertovallarta.gob.mx\/cms\/wp-content\/uploads\/2024\/09\/estados-de-cambios-en-la-situacion-financiera.pdf\">D.2.4 Publica el Estado de Cambios en la Situaci\u00f3n Financiera<\/a><br><a href=\"https:\/\/difpuertovallarta.gob.mx\/cms\/wp-content\/uploads\/2024\/09\/estados-de-flujo-de-efectivos.pdf\">D.2.5 Publica el Estado de Flujos de Efectivo<\/a><br><a href=\"https:\/\/difpuertovallarta.gob.mx\/cms\/wp-content\/uploads\/2024\/09\/informe-sobre-pasivos-contingentes.pdf\">D.2.6 Publica el Informe sobre Pasivos Contingentes<\/a><br><a href=\"https:\/\/difpuertovallarta.gob.mx\/cms\/wp-content\/uploads\/2024\/09\/estado-analitico-del-activo.pdf\">D.2.8 Publica el Estado Anal\u00edtico del Activo<\/a><br><a href=\"https:\/\/difpuertovallarta.gob.mx\/cms\/wp-content\/uploads\/2024\/09\/estado-analitico-de-la-deuda-y-otros-pasivos.pdf\">D.2.9 Publica el Estado Anal\u00edtico de la Deuda y Otros Pasivos<br><\/a><a href=\"https:\/\/difpuertovallarta.gob.mx\/cms\/wp-content\/uploads\/2024\/09\/estado-analitico-de-ingresos.pdf\">D.3.1 Publica el Estado Anal\u00edtico de Ingresos<br><\/a><a href=\"https:\/\/difpuertovallarta.gob.mx\/cms\/wp-content\/uploads\/2024\/09\/estado-analaitico-del-ejercicio-del-presupuesto-de-egresos-clasificacion-administrativa.pdf\">D.3.2 Publica el Estado Anal\u00edtico del Ejercicio del Presupuesto de Egresos con base en la Clasificaci\u00f3n Administrativa<br><\/a><a href=\"https:\/\/difpuertovallarta.gob.mx\/cms\/wp-content\/uploads\/2024\/09\/estado-analitico-del-ejercicio-del-presupuesto-de-egresos-clasificacion-economica-por-tipo-de-gasto.pdf\">D.3.3 Publica el Estado Anal\u00edtico del Ejercicio del Presupuesto de Egresos con base en la Clasificaci\u00f3n Econ\u00f3mica (por Tipo de Gasto)<br><\/a><a href=\"https:\/\/difpuertovallarta.gob.mx\/cms\/wp-content\/uploads\/2024\/09\/estado-analitico-del-ejercicio-del-presupuesto-de-egresos-clasificacion-por-objeto-del-gasto-capitulo-y-concepto.pdf\">D.3.4 Publica el Estado Anal\u00edtico del Ejercicio del Presupuesto de Egresos con base en la Clasificaci\u00f3n por Objeto del Gasto<br><\/a><a href=\"https:\/\/difpuertovallarta.gob.mx\/cms\/wp-content\/uploads\/2024\/09\/estado-analitico-del-ejercicio-del-presupuesto-de-egresos-clasificacion-funcional-finalidad-y-funcion.pdf\">D.3.5 Publica el Estado Anal\u00edtico del Ejercicio del Presupuesto de Egresos con base en la Clasificaci\u00f3n Funcional<br><\/a><a href=\"https:\/\/difpuertovallarta.gob.mx\/cms\/wp-content\/uploads\/2024\/09\/endeudamiennto-neto.pdf\">D.3.6 Publica el Endeudamiento Neto<br><\/a><a href=\"https:\/\/difpuertovallarta.gob.mx\/cms\/wp-content\/uploads\/2024\/09\/intereses-de-la-deuda.pdf\">D.3.7 Publica Intereses de la Deuda<br><\/a><a href=\"https:\/\/difpuertovallarta.gob.mx\/cms\/wp-content\/uploads\/2024\/09\/gasto-por-categoria-programatica.pdf\">D.4.1 Publica el Gasto por Categor\u00eda Program\u00e1tica<br><\/a><a href=\"https:\/\/transparencia.difpuertovallarta.gob.mx\/wp-content\/uploads\/2024\/08\/Informe-trimestral-01-abril-30-junio-2024-DIR.pdf\">D.4.2 Publica los Indicadores de Resultado<\/a><a href=\"https:\/\/difpuertovallarta.gob.mx\/cms\/wp-content\/uploads\/2024\/08\/D.4.2.pdf\">s<\/a><\/p>\n\n\n\n\n\n<p><a href=\"https:\/\/difpuertovallarta.gob.mx\/cms\/wp-content\/uploads\/2024\/08\/D.4.3.pdf\">&nbsp;<\/a><\/p>\n<p>&nbsp;<\/p>\n","protected":false},"excerpt":{"rendered":"<p>D.1.11 Publica la informaci\u00f3n de los montos efectivamente pagados durante el periodo por concepto de ayudas y subsidiosD.2.1 Publica el Estado de ActividadesD.2.2 Publica el Estado de Situaci\u00f3n FinancieraD.2.3 Publica el Estado de Variaci\u00f3n en la Hacienda P\u00fablicaD.2.4 Publica el Estado de Cambios en la Situaci\u00f3n FinancieraD.2.5 Publica el Estado de Flujos de EfectivoD.2.6 Publica [&hellip;]<\/p>\n","protected":false},"author":1,"featured_media":0,"parent":0,"menu_order":0,"comment_status":"closed","ping_status":"closed","template":"","meta":{"footnotes":""},"class_list":["post-15926","page","type-page","status-publish","czr-hentry"],"yoast_head":"<!-- This site is optimized with the Yoast SEO plugin v27.2 - https:\/\/yoast.com\/product\/yoast-seo-wordpress\/ -->\n<title>Evaluaci\u00f3n SEVAC Trimestral Abril\u2013 Junio 2024 &#8226; DIF Puerto Vallarta<\/title>\n<meta name=\"description\" content=\"DIF Puerto Vallarta &#8226; D.1.11 Publica la informaci\u00f3n de los montos efectivamente pagados durante el periodo por concepto de ayudas y subsidiosD.2.1 Publica el Estado de\" \/>\n<meta name=\"robots\" content=\"index, follow, max-snippet:-1, max-image-preview:large, max-video-preview:-1\" \/>\n<link rel=\"canonical\" href=\"https:\/\/difpuertovallarta.gob.mx\/cms\/evaluacion-sevac-trimestral-abril-junio-2024\/\" \/>\n<meta property=\"og:locale\" content=\"es_MX\" \/>\n<meta property=\"og:type\" content=\"article\" \/>\n<meta property=\"og:title\" content=\"Evaluaci\u00f3n SEVAC Trimestral Abril\u2013 Junio 2024 &#8226; DIF Puerto Vallarta\" \/>\n<meta property=\"og:description\" content=\"DIF Puerto Vallarta &#8226; D.1.11 Publica la informaci\u00f3n de los montos efectivamente pagados durante el periodo por concepto de ayudas y subsidiosD.2.1 Publica el Estado de\" \/>\n<meta property=\"og:url\" content=\"https:\/\/difpuertovallarta.gob.mx\/cms\/evaluacion-sevac-trimestral-abril-junio-2024\/\" \/>\n<meta property=\"og:site_name\" content=\"DIF Puerto Vallarta\" \/>\n<meta property=\"article:publisher\" content=\"https:\/\/www.facebook.com\/sistemadifvallarta\" \/>\n<meta property=\"article:modified_time\" content=\"2024-09-06T14:39:48+00:00\" \/>\n<meta name=\"twitter:card\" content=\"summary_large_image\" \/>\n<meta name=\"twitter:site\" content=\"@difvallarta\" \/>\n<meta name=\"twitter:label1\" content=\"Tiempo de lectura\" \/>\n\t<meta name=\"twitter:data1\" content=\"1 minuto\" \/>\n<script type=\"application\/ld+json\" class=\"yoast-schema-graph\">{\"@context\":\"https:\/\/schema.org\",\"@graph\":[{\"@type\":\"WebPage\",\"@id\":\"https:\/\/difpuertovallarta.gob.mx\/cms\/evaluacion-sevac-trimestral-abril-junio-2024\/\",\"url\":\"https:\/\/difpuertovallarta.gob.mx\/cms\/evaluacion-sevac-trimestral-abril-junio-2024\/\",\"name\":\"Evaluaci\u00f3n SEVAC Trimestral Abril\u2013 Junio 2024 &#8226; DIF Puerto Vallarta\",\"isPartOf\":{\"@id\":\"https:\/\/difpuertovallarta.gob.mx\/cms\/#website\"},\"datePublished\":\"2024-08-09T19:17:49+00:00\",\"dateModified\":\"2024-09-06T14:39:48+00:00\",\"description\":\"DIF Puerto Vallarta &#8226; D.1.11 Publica la informaci\u00f3n de los montos efectivamente pagados durante el periodo por concepto de ayudas y subsidiosD.2.1 Publica el Estado de\",\"breadcrumb\":{\"@id\":\"https:\/\/difpuertovallarta.gob.mx\/cms\/evaluacion-sevac-trimestral-abril-junio-2024\/#breadcrumb\"},\"inLanguage\":\"es\",\"potentialAction\":[{\"@type\":\"ReadAction\",\"target\":[\"https:\/\/difpuertovallarta.gob.mx\/cms\/evaluacion-sevac-trimestral-abril-junio-2024\/\"]}]},{\"@type\":\"BreadcrumbList\",\"@id\":\"https:\/\/difpuertovallarta.gob.mx\/cms\/evaluacion-sevac-trimestral-abril-junio-2024\/#breadcrumb\",\"itemListElement\":[{\"@type\":\"ListItem\",\"position\":1,\"name\":\"Inicio\",\"item\":\"https:\/\/difpuertovallarta.gob.mx\/cms\/\"},{\"@type\":\"ListItem\",\"position\":2,\"name\":\"Evaluaci\u00f3n SEVAC Trimestral Abril\u2013 Junio 2024\"}]},{\"@type\":\"WebSite\",\"@id\":\"https:\/\/difpuertovallarta.gob.mx\/cms\/#website\",\"url\":\"https:\/\/difpuertovallarta.gob.mx\/cms\/\",\"name\":\"DIF Puerto Vallarta\",\"description\":\"Sistema para el Desarrollo Integral de la Familia para el Municipio de Puerto Vallarta, Jalisco.\",\"publisher\":{\"@id\":\"https:\/\/difpuertovallarta.gob.mx\/cms\/#organization\"},\"potentialAction\":[{\"@type\":\"SearchAction\",\"target\":{\"@type\":\"EntryPoint\",\"urlTemplate\":\"https:\/\/difpuertovallarta.gob.mx\/cms\/?s={search_term_string}\"},\"query-input\":{\"@type\":\"PropertyValueSpecification\",\"valueRequired\":true,\"valueName\":\"search_term_string\"}}],\"inLanguage\":\"es\"},{\"@type\":\"Organization\",\"@id\":\"https:\/\/difpuertovallarta.gob.mx\/cms\/#organization\",\"name\":\"Sistema DIF Puerto Vallarta\",\"url\":\"https:\/\/difpuertovallarta.gob.mx\/cms\/\",\"logo\":{\"@type\":\"ImageObject\",\"inLanguage\":\"es\",\"@id\":\"https:\/\/difpuertovallarta.gob.mx\/cms\/#\/schema\/logo\/image\/\",\"url\":\"http:\/\/difpuertovallarta.gob.mx\/cms\/wp-content\/uploads\/2018\/12\/LOGO-DIF-2021-NAVIDAD.jpg\",\"contentUrl\":\"http:\/\/difpuertovallarta.gob.mx\/cms\/wp-content\/uploads\/2018\/12\/LOGO-DIF-2021-NAVIDAD.jpg\",\"width\":834,\"height\":834,\"caption\":\"Sistema DIF Puerto Vallarta\"},\"image\":{\"@id\":\"https:\/\/difpuertovallarta.gob.mx\/cms\/#\/schema\/logo\/image\/\"},\"sameAs\":[\"https:\/\/www.facebook.com\/sistemadifvallarta\",\"https:\/\/x.com\/difvallarta\"]}]}<\/script>\n<!-- \/ Yoast SEO plugin. -->","yoast_head_json":{"title":"Evaluaci\u00f3n SEVAC Trimestral Abril\u2013 Junio 2024 &#8226; DIF Puerto Vallarta","description":"DIF Puerto Vallarta &#8226; D.1.11 Publica la informaci\u00f3n de los montos efectivamente pagados durante el periodo por concepto de ayudas y subsidiosD.2.1 Publica el Estado de","robots":{"index":"index","follow":"follow","max-snippet":"max-snippet:-1","max-image-preview":"max-image-preview:large","max-video-preview":"max-video-preview:-1"},"canonical":"https:\/\/difpuertovallarta.gob.mx\/cms\/evaluacion-sevac-trimestral-abril-junio-2024\/","og_locale":"es_MX","og_type":"article","og_title":"Evaluaci\u00f3n SEVAC Trimestral Abril\u2013 Junio 2024 &#8226; DIF Puerto Vallarta","og_description":"DIF Puerto Vallarta &#8226; D.1.11 Publica la informaci\u00f3n de los montos efectivamente pagados durante el periodo por concepto de ayudas y subsidiosD.2.1 Publica el Estado de","og_url":"https:\/\/difpuertovallarta.gob.mx\/cms\/evaluacion-sevac-trimestral-abril-junio-2024\/","og_site_name":"DIF Puerto Vallarta","article_publisher":"https:\/\/www.facebook.com\/sistemadifvallarta","article_modified_time":"2024-09-06T14:39:48+00:00","twitter_card":"summary_large_image","twitter_site":"@difvallarta","twitter_misc":{"Tiempo de lectura":"1 minuto"},"schema":{"@context":"https:\/\/schema.org","@graph":[{"@type":"WebPage","@id":"https:\/\/difpuertovallarta.gob.mx\/cms\/evaluacion-sevac-trimestral-abril-junio-2024\/","url":"https:\/\/difpuertovallarta.gob.mx\/cms\/evaluacion-sevac-trimestral-abril-junio-2024\/","name":"Evaluaci\u00f3n SEVAC Trimestral Abril\u2013 Junio 2024 &#8226; DIF Puerto Vallarta","isPartOf":{"@id":"https:\/\/difpuertovallarta.gob.mx\/cms\/#website"},"datePublished":"2024-08-09T19:17:49+00:00","dateModified":"2024-09-06T14:39:48+00:00","description":"DIF Puerto Vallarta &#8226; D.1.11 Publica la informaci\u00f3n de los montos efectivamente pagados durante el periodo por concepto de ayudas y subsidiosD.2.1 Publica el Estado de","breadcrumb":{"@id":"https:\/\/difpuertovallarta.gob.mx\/cms\/evaluacion-sevac-trimestral-abril-junio-2024\/#breadcrumb"},"inLanguage":"es","potentialAction":[{"@type":"ReadAction","target":["https:\/\/difpuertovallarta.gob.mx\/cms\/evaluacion-sevac-trimestral-abril-junio-2024\/"]}]},{"@type":"BreadcrumbList","@id":"https:\/\/difpuertovallarta.gob.mx\/cms\/evaluacion-sevac-trimestral-abril-junio-2024\/#breadcrumb","itemListElement":[{"@type":"ListItem","position":1,"name":"Inicio","item":"https:\/\/difpuertovallarta.gob.mx\/cms\/"},{"@type":"ListItem","position":2,"name":"Evaluaci\u00f3n SEVAC Trimestral Abril\u2013 Junio 2024"}]},{"@type":"WebSite","@id":"https:\/\/difpuertovallarta.gob.mx\/cms\/#website","url":"https:\/\/difpuertovallarta.gob.mx\/cms\/","name":"DIF Puerto Vallarta","description":"Sistema para el Desarrollo Integral de la Familia para el Municipio de Puerto Vallarta, Jalisco.","publisher":{"@id":"https:\/\/difpuertovallarta.gob.mx\/cms\/#organization"},"potentialAction":[{"@type":"SearchAction","target":{"@type":"EntryPoint","urlTemplate":"https:\/\/difpuertovallarta.gob.mx\/cms\/?s={search_term_string}"},"query-input":{"@type":"PropertyValueSpecification","valueRequired":true,"valueName":"search_term_string"}}],"inLanguage":"es"},{"@type":"Organization","@id":"https:\/\/difpuertovallarta.gob.mx\/cms\/#organization","name":"Sistema DIF Puerto Vallarta","url":"https:\/\/difpuertovallarta.gob.mx\/cms\/","logo":{"@type":"ImageObject","inLanguage":"es","@id":"https:\/\/difpuertovallarta.gob.mx\/cms\/#\/schema\/logo\/image\/","url":"http:\/\/difpuertovallarta.gob.mx\/cms\/wp-content\/uploads\/2018\/12\/LOGO-DIF-2021-NAVIDAD.jpg","contentUrl":"http:\/\/difpuertovallarta.gob.mx\/cms\/wp-content\/uploads\/2018\/12\/LOGO-DIF-2021-NAVIDAD.jpg","width":834,"height":834,"caption":"Sistema DIF Puerto Vallarta"},"image":{"@id":"https:\/\/difpuertovallarta.gob.mx\/cms\/#\/schema\/logo\/image\/"},"sameAs":["https:\/\/www.facebook.com\/sistemadifvallarta","https:\/\/x.com\/difvallarta"]}]}},"_links":{"self":[{"href":"https:\/\/difpuertovallarta.gob.mx\/cms\/wp-json\/wp\/v2\/pages\/15926","targetHints":{"allow":["GET"]}}],"collection":[{"href":"https:\/\/difpuertovallarta.gob.mx\/cms\/wp-json\/wp\/v2\/pages"}],"about":[{"href":"https:\/\/difpuertovallarta.gob.mx\/cms\/wp-json\/wp\/v2\/types\/page"}],"author":[{"embeddable":true,"href":"https:\/\/difpuertovallarta.gob.mx\/cms\/wp-json\/wp\/v2\/users\/1"}],"replies":[{"embeddable":true,"href":"https:\/\/difpuertovallarta.gob.mx\/cms\/wp-json\/wp\/v2\/comments?post=15926"}],"version-history":[{"count":8,"href":"https:\/\/difpuertovallarta.gob.mx\/cms\/wp-json\/wp\/v2\/pages\/15926\/revisions"}],"predecessor-version":[{"id":15993,"href":"https:\/\/difpuertovallarta.gob.mx\/cms\/wp-json\/wp\/v2\/pages\/15926\/revisions\/15993"}],"wp:attachment":[{"href":"https:\/\/difpuertovallarta.gob.mx\/cms\/wp-json\/wp\/v2\/media?parent=15926"}],"curies":[{"name":"wp","href":"https:\/\/api.w.org\/{rel}","templated":true}]}}