{"id":15813,"date":"2024-05-28T13:34:05","date_gmt":"2024-05-28T19:34:05","guid":{"rendered":"https:\/\/difpuertovallarta.gob.mx\/cms\/?page_id=15813"},"modified":"2024-05-28T13:47:24","modified_gmt":"2024-05-28T19:47:24","slug":"evaluacion-sevac-trimestral-enero-marzo-2024","status":"publish","type":"page","link":"https:\/\/difpuertovallarta.gob.mx\/cms\/evaluacion-sevac-trimestral-enero-marzo-2024\/","title":{"rendered":"Evaluaci\u00f3n SEVAC Trimestral Enero &#8211; Marzo 2024"},"content":{"rendered":"\n<p><a href=\"https:\/\/difpuertovallarta.gob.mx\/cms\/wp-content\/uploads\/2024\/05\/D.1.11-Montos-efetivamente-pagados-ayudas-sociales-1.pdf\">D.1.11 Montos efetivamente pagados ayudas sociales<\/a><\/p>\n<p><a href=\"https:\/\/difpuertovallarta.gob.mx\/cms\/wp-content\/uploads\/2024\/05\/D.2.1-Estado-de-Situacion-Financiera.pdf\">D.2.1 Estado de Situaci\u00f3n Financiera<\/a><\/p>\n<p><a href=\"https:\/\/difpuertovallarta.gob.mx\/cms\/wp-content\/uploads\/2024\/05\/D.2.2-Estado-de-Actividades.pdf\">D.2.2 Estado de Actividades<\/a><\/p>\n<p><a href=\"https:\/\/difpuertovallarta.gob.mx\/cms\/wp-content\/uploads\/2024\/05\/D.2.3-Estado-de-Variacion-en-Hacienda-Publica.pdf\">D.2.3 Estado de Variaci\u00f3n en Hacienda P\u00fablica<\/a><\/p>\n<p><a href=\"https:\/\/difpuertovallarta.gob.mx\/cms\/wp-content\/uploads\/2024\/05\/D.2.4-Estado-de-Cambios-en-la-Situacion-Financiera-1.pdf\">D.2.4 Estado de Cambios en la Situaci\u00f3n Financiera<\/a><\/p>\n<p><a href=\"https:\/\/difpuertovallarta.gob.mx\/cms\/wp-content\/uploads\/2024\/05\/D.2.5-Estado-de-Flujo-de-Efectivo.pdf\">D.2.5 Estado de Flujo de Efectivo<\/a><\/p>\n<p><a href=\"https:\/\/difpuertovallarta.gob.mx\/cms\/wp-content\/uploads\/2024\/05\/D.2.6-Informe-sobre-Pasivos-Contingentes.pdf\">D.2.6 Informe sobre Pasivos Contingentes<\/a><\/p>\n<p><a href=\"https:\/\/difpuertovallarta.gob.mx\/cms\/wp-content\/uploads\/2024\/05\/D.2.7-Estado-Analitico-del-Activo.pdf\">D.2.7 Estado Anal\u00edtico del Activo<\/a><\/p>\n<p><a href=\"https:\/\/difpuertovallarta.gob.mx\/cms\/wp-content\/uploads\/2024\/05\/D.2.8-Estado-Analitico-de-la-Deuda-y-Otros-Pasivos.pdf\">D.2.8 Estado Anal\u00edtico de la Deuda y Otros Pasivos<\/a><\/p>\n<p><a href=\"https:\/\/difpuertovallarta.gob.mx\/cms\/wp-content\/uploads\/2024\/05\/D.3.1-Estado-Analitico-de-Ingresos-1.pdf\">D.3.1 Estado Anal\u00edtico de Ingresos<\/a><\/p>\n<p><a href=\"https:\/\/difpuertovallarta.gob.mx\/cms\/wp-content\/uploads\/2024\/05\/D.3.2-Estadp-Analitico-del-ejercicio-Clasificacion-por-objeto-de-Gasto-Capitulo-y-Concepto.pdf\">D.3.2 Estadp Analitico del ejercicio Clasificaci\u00f3n por objeto de Gasto (Capitulo y Concepto)<\/a><\/p>\n<p><a href=\"https:\/\/difpuertovallarta.gob.mx\/cms\/wp-content\/uploads\/2024\/05\/D.3.3-Estado-Analitico-del-ejercicio-del-presupuesto-de-Egresos-Clasificacion-Economica-Por-Tipo-de-Gasto.pdf\">D.3.3 Estado Anal\u00edtico del ejercicio del presupuesto de Egresos Clasificaci\u00f3n Econ\u00f3mica (Por Tipo de Gasto)<\/a><\/p>\n<p><a href=\"https:\/\/difpuertovallarta.gob.mx\/cms\/wp-content\/uploads\/2024\/05\/D.3.4-Estado-Analitico-del-Ejercicio-Clasificacion-Administrativa-Orden-de-Gobierno.pdf\">D.3.4 Estado Analitico del Ejercicio Clasificaci\u00f3n Administrativa Orden de Gobierno<\/a><\/p>\n<p><a href=\"https:\/\/difpuertovallarta.gob.mx\/cms\/wp-content\/uploads\/2024\/05\/D.3.5-Estado-Analitico-del-Ejercicio-Clasificacion-Administrativa-Sector-Paraestatal.pdf\">D.3.5 Estado Analitico del Ejercicio Clasificaci\u00f3n Administrativa Sector Paraestatal<\/a><\/p>\n<p><a href=\"https:\/\/difpuertovallarta.gob.mx\/cms\/wp-content\/uploads\/2024\/05\/D.3.6-Estado-Analitico-del-Ejercicio-Clasificacion-Funcional-Finalidad-y-Funcion.pdf\">D.3.6 Estado Analitico del Ejercicio Clasificaci\u00f3n Funcional (Finalidad y Funci\u00f3n)<\/a><\/p>\n<p><a href=\"https:\/\/difpuertovallarta.gob.mx\/cms\/wp-content\/uploads\/2024\/05\/D.3.7-Endeudamiento-Neto.pdf\">D.3.7 Endeudamiento Neto<\/a><\/p>\n<p><a href=\"https:\/\/difpuertovallarta.gob.mx\/cms\/wp-content\/uploads\/2024\/05\/D.3.8-Intereses-de-la-Deuda.pdf\">D.3.8 Intereses de la Deuda<\/a><\/p>\n<p><a href=\"https:\/\/difpuertovallarta.gob.mx\/cms\/wp-content\/uploads\/2024\/05\/D.4.1-Gasto-por-Categoria-Programatica-1.pdf\">D.4.1 Gasto por Categor\u00eda Program\u00e1tica<\/a><\/p>\n\n\n","protected":false},"excerpt":{"rendered":"<p>D.1.11 Montos efetivamente pagados ayudas sociales D.2.1 Estado de Situaci\u00f3n Financiera D.2.2 Estado de Actividades D.2.3 Estado de Variaci\u00f3n en Hacienda P\u00fablica D.2.4 Estado de Cambios en la Situaci\u00f3n Financiera D.2.5 Estado de Flujo de Efectivo D.2.6 Informe sobre Pasivos Contingentes D.2.7 Estado Anal\u00edtico del Activo D.2.8 Estado Anal\u00edtico de la Deuda y Otros Pasivos [&hellip;]<\/p>\n","protected":false},"author":1,"featured_media":0,"parent":0,"menu_order":0,"comment_status":"closed","ping_status":"closed","template":"","meta":{"footnotes":""},"class_list":["post-15813","page","type-page","status-publish","czr-hentry"],"yoast_head":"<!-- This site is optimized with the Yoast SEO plugin v27.2 - https:\/\/yoast.com\/product\/yoast-seo-wordpress\/ -->\n<title>Evaluaci\u00f3n SEVAC Trimestral Enero - Marzo 2024 &#8226; DIF Puerto Vallarta<\/title>\n<meta name=\"description\" content=\"DIF Puerto Vallarta &#8226; D.1.11 Montos efetivamente pagados ayudas sociales D.2.1 Estado de Situaci\u00f3n Financiera D.2.2 Estado de Actividades D.2.3 Estado de Variaci\u00f3n en Hacienda\" \/>\n<meta name=\"robots\" content=\"index, follow, max-snippet:-1, max-image-preview:large, max-video-preview:-1\" \/>\n<link rel=\"canonical\" href=\"https:\/\/difpuertovallarta.gob.mx\/cms\/evaluacion-sevac-trimestral-enero-marzo-2024\/\" \/>\n<meta property=\"og:locale\" content=\"es_MX\" \/>\n<meta property=\"og:type\" content=\"article\" \/>\n<meta property=\"og:title\" content=\"Evaluaci\u00f3n SEVAC Trimestral Enero - Marzo 2024 &#8226; DIF Puerto Vallarta\" \/>\n<meta property=\"og:description\" content=\"DIF Puerto Vallarta &#8226; D.1.11 Montos efetivamente pagados ayudas sociales D.2.1 Estado de Situaci\u00f3n Financiera D.2.2 Estado de Actividades D.2.3 Estado de Variaci\u00f3n en Hacienda\" \/>\n<meta property=\"og:url\" content=\"https:\/\/difpuertovallarta.gob.mx\/cms\/evaluacion-sevac-trimestral-enero-marzo-2024\/\" \/>\n<meta property=\"og:site_name\" content=\"DIF Puerto Vallarta\" \/>\n<meta property=\"article:publisher\" content=\"https:\/\/www.facebook.com\/sistemadifvallarta\" \/>\n<meta property=\"article:modified_time\" content=\"2024-05-28T19:47:24+00:00\" \/>\n<meta name=\"twitter:card\" content=\"summary_large_image\" \/>\n<meta name=\"twitter:site\" content=\"@difvallarta\" \/>\n<meta name=\"twitter:label1\" content=\"Tiempo de lectura\" \/>\n\t<meta name=\"twitter:data1\" content=\"1 minuto\" \/>\n<script type=\"application\/ld+json\" class=\"yoast-schema-graph\">{\"@context\":\"https:\/\/schema.org\",\"@graph\":[{\"@type\":\"WebPage\",\"@id\":\"https:\/\/difpuertovallarta.gob.mx\/cms\/evaluacion-sevac-trimestral-enero-marzo-2024\/\",\"url\":\"https:\/\/difpuertovallarta.gob.mx\/cms\/evaluacion-sevac-trimestral-enero-marzo-2024\/\",\"name\":\"Evaluaci\u00f3n SEVAC Trimestral Enero - Marzo 2024 &#8226; DIF Puerto Vallarta\",\"isPartOf\":{\"@id\":\"https:\/\/difpuertovallarta.gob.mx\/cms\/#website\"},\"datePublished\":\"2024-05-28T19:34:05+00:00\",\"dateModified\":\"2024-05-28T19:47:24+00:00\",\"description\":\"DIF Puerto Vallarta &#8226; D.1.11 Montos efetivamente pagados ayudas sociales D.2.1 Estado de Situaci\u00f3n Financiera D.2.2 Estado de Actividades D.2.3 Estado de Variaci\u00f3n en Hacienda\",\"breadcrumb\":{\"@id\":\"https:\/\/difpuertovallarta.gob.mx\/cms\/evaluacion-sevac-trimestral-enero-marzo-2024\/#breadcrumb\"},\"inLanguage\":\"es\",\"potentialAction\":[{\"@type\":\"ReadAction\",\"target\":[\"https:\/\/difpuertovallarta.gob.mx\/cms\/evaluacion-sevac-trimestral-enero-marzo-2024\/\"]}]},{\"@type\":\"BreadcrumbList\",\"@id\":\"https:\/\/difpuertovallarta.gob.mx\/cms\/evaluacion-sevac-trimestral-enero-marzo-2024\/#breadcrumb\",\"itemListElement\":[{\"@type\":\"ListItem\",\"position\":1,\"name\":\"Inicio\",\"item\":\"https:\/\/difpuertovallarta.gob.mx\/cms\/\"},{\"@type\":\"ListItem\",\"position\":2,\"name\":\"Evaluaci\u00f3n SEVAC Trimestral Enero &#8211; Marzo 2024\"}]},{\"@type\":\"WebSite\",\"@id\":\"https:\/\/difpuertovallarta.gob.mx\/cms\/#website\",\"url\":\"https:\/\/difpuertovallarta.gob.mx\/cms\/\",\"name\":\"DIF Puerto Vallarta\",\"description\":\"Sistema para el Desarrollo Integral de la Familia para el Municipio de Puerto Vallarta, Jalisco.\",\"publisher\":{\"@id\":\"https:\/\/difpuertovallarta.gob.mx\/cms\/#organization\"},\"potentialAction\":[{\"@type\":\"SearchAction\",\"target\":{\"@type\":\"EntryPoint\",\"urlTemplate\":\"https:\/\/difpuertovallarta.gob.mx\/cms\/?s={search_term_string}\"},\"query-input\":{\"@type\":\"PropertyValueSpecification\",\"valueRequired\":true,\"valueName\":\"search_term_string\"}}],\"inLanguage\":\"es\"},{\"@type\":\"Organization\",\"@id\":\"https:\/\/difpuertovallarta.gob.mx\/cms\/#organization\",\"name\":\"Sistema DIF Puerto Vallarta\",\"url\":\"https:\/\/difpuertovallarta.gob.mx\/cms\/\",\"logo\":{\"@type\":\"ImageObject\",\"inLanguage\":\"es\",\"@id\":\"https:\/\/difpuertovallarta.gob.mx\/cms\/#\/schema\/logo\/image\/\",\"url\":\"http:\/\/difpuertovallarta.gob.mx\/cms\/wp-content\/uploads\/2018\/12\/LOGO-DIF-2021-NAVIDAD.jpg\",\"contentUrl\":\"http:\/\/difpuertovallarta.gob.mx\/cms\/wp-content\/uploads\/2018\/12\/LOGO-DIF-2021-NAVIDAD.jpg\",\"width\":834,\"height\":834,\"caption\":\"Sistema DIF Puerto Vallarta\"},\"image\":{\"@id\":\"https:\/\/difpuertovallarta.gob.mx\/cms\/#\/schema\/logo\/image\/\"},\"sameAs\":[\"https:\/\/www.facebook.com\/sistemadifvallarta\",\"https:\/\/x.com\/difvallarta\"]}]}<\/script>\n<!-- \/ Yoast SEO plugin. -->","yoast_head_json":{"title":"Evaluaci\u00f3n SEVAC Trimestral Enero - Marzo 2024 &#8226; DIF Puerto Vallarta","description":"DIF Puerto Vallarta &#8226; D.1.11 Montos efetivamente pagados ayudas sociales D.2.1 Estado de Situaci\u00f3n Financiera D.2.2 Estado de Actividades D.2.3 Estado de Variaci\u00f3n en Hacienda","robots":{"index":"index","follow":"follow","max-snippet":"max-snippet:-1","max-image-preview":"max-image-preview:large","max-video-preview":"max-video-preview:-1"},"canonical":"https:\/\/difpuertovallarta.gob.mx\/cms\/evaluacion-sevac-trimestral-enero-marzo-2024\/","og_locale":"es_MX","og_type":"article","og_title":"Evaluaci\u00f3n SEVAC Trimestral Enero - Marzo 2024 &#8226; DIF Puerto Vallarta","og_description":"DIF Puerto Vallarta &#8226; D.1.11 Montos efetivamente pagados ayudas sociales D.2.1 Estado de Situaci\u00f3n Financiera D.2.2 Estado de Actividades D.2.3 Estado de Variaci\u00f3n en Hacienda","og_url":"https:\/\/difpuertovallarta.gob.mx\/cms\/evaluacion-sevac-trimestral-enero-marzo-2024\/","og_site_name":"DIF Puerto Vallarta","article_publisher":"https:\/\/www.facebook.com\/sistemadifvallarta","article_modified_time":"2024-05-28T19:47:24+00:00","twitter_card":"summary_large_image","twitter_site":"@difvallarta","twitter_misc":{"Tiempo de lectura":"1 minuto"},"schema":{"@context":"https:\/\/schema.org","@graph":[{"@type":"WebPage","@id":"https:\/\/difpuertovallarta.gob.mx\/cms\/evaluacion-sevac-trimestral-enero-marzo-2024\/","url":"https:\/\/difpuertovallarta.gob.mx\/cms\/evaluacion-sevac-trimestral-enero-marzo-2024\/","name":"Evaluaci\u00f3n SEVAC Trimestral Enero - Marzo 2024 &#8226; DIF Puerto Vallarta","isPartOf":{"@id":"https:\/\/difpuertovallarta.gob.mx\/cms\/#website"},"datePublished":"2024-05-28T19:34:05+00:00","dateModified":"2024-05-28T19:47:24+00:00","description":"DIF Puerto Vallarta &#8226; D.1.11 Montos efetivamente pagados ayudas sociales D.2.1 Estado de Situaci\u00f3n Financiera D.2.2 Estado de Actividades D.2.3 Estado de Variaci\u00f3n en Hacienda","breadcrumb":{"@id":"https:\/\/difpuertovallarta.gob.mx\/cms\/evaluacion-sevac-trimestral-enero-marzo-2024\/#breadcrumb"},"inLanguage":"es","potentialAction":[{"@type":"ReadAction","target":["https:\/\/difpuertovallarta.gob.mx\/cms\/evaluacion-sevac-trimestral-enero-marzo-2024\/"]}]},{"@type":"BreadcrumbList","@id":"https:\/\/difpuertovallarta.gob.mx\/cms\/evaluacion-sevac-trimestral-enero-marzo-2024\/#breadcrumb","itemListElement":[{"@type":"ListItem","position":1,"name":"Inicio","item":"https:\/\/difpuertovallarta.gob.mx\/cms\/"},{"@type":"ListItem","position":2,"name":"Evaluaci\u00f3n SEVAC Trimestral Enero &#8211; Marzo 2024"}]},{"@type":"WebSite","@id":"https:\/\/difpuertovallarta.gob.mx\/cms\/#website","url":"https:\/\/difpuertovallarta.gob.mx\/cms\/","name":"DIF Puerto Vallarta","description":"Sistema para el Desarrollo Integral de la Familia para el Municipio de Puerto Vallarta, Jalisco.","publisher":{"@id":"https:\/\/difpuertovallarta.gob.mx\/cms\/#organization"},"potentialAction":[{"@type":"SearchAction","target":{"@type":"EntryPoint","urlTemplate":"https:\/\/difpuertovallarta.gob.mx\/cms\/?s={search_term_string}"},"query-input":{"@type":"PropertyValueSpecification","valueRequired":true,"valueName":"search_term_string"}}],"inLanguage":"es"},{"@type":"Organization","@id":"https:\/\/difpuertovallarta.gob.mx\/cms\/#organization","name":"Sistema DIF Puerto Vallarta","url":"https:\/\/difpuertovallarta.gob.mx\/cms\/","logo":{"@type":"ImageObject","inLanguage":"es","@id":"https:\/\/difpuertovallarta.gob.mx\/cms\/#\/schema\/logo\/image\/","url":"http:\/\/difpuertovallarta.gob.mx\/cms\/wp-content\/uploads\/2018\/12\/LOGO-DIF-2021-NAVIDAD.jpg","contentUrl":"http:\/\/difpuertovallarta.gob.mx\/cms\/wp-content\/uploads\/2018\/12\/LOGO-DIF-2021-NAVIDAD.jpg","width":834,"height":834,"caption":"Sistema DIF Puerto Vallarta"},"image":{"@id":"https:\/\/difpuertovallarta.gob.mx\/cms\/#\/schema\/logo\/image\/"},"sameAs":["https:\/\/www.facebook.com\/sistemadifvallarta","https:\/\/x.com\/difvallarta"]}]}},"_links":{"self":[{"href":"https:\/\/difpuertovallarta.gob.mx\/cms\/wp-json\/wp\/v2\/pages\/15813","targetHints":{"allow":["GET"]}}],"collection":[{"href":"https:\/\/difpuertovallarta.gob.mx\/cms\/wp-json\/wp\/v2\/pages"}],"about":[{"href":"https:\/\/difpuertovallarta.gob.mx\/cms\/wp-json\/wp\/v2\/types\/page"}],"author":[{"embeddable":true,"href":"https:\/\/difpuertovallarta.gob.mx\/cms\/wp-json\/wp\/v2\/users\/1"}],"replies":[{"embeddable":true,"href":"https:\/\/difpuertovallarta.gob.mx\/cms\/wp-json\/wp\/v2\/comments?post=15813"}],"version-history":[{"count":1,"href":"https:\/\/difpuertovallarta.gob.mx\/cms\/wp-json\/wp\/v2\/pages\/15813\/revisions"}],"predecessor-version":[{"id":15832,"href":"https:\/\/difpuertovallarta.gob.mx\/cms\/wp-json\/wp\/v2\/pages\/15813\/revisions\/15832"}],"wp:attachment":[{"href":"https:\/\/difpuertovallarta.gob.mx\/cms\/wp-json\/wp\/v2\/media?parent=15813"}],"curies":[{"name":"wp","href":"https:\/\/api.w.org\/{rel}","templated":true}]}}