{"id":11516,"date":"2021-01-05T13:17:59","date_gmt":"2021-01-05T19:17:59","guid":{"rendered":"http:\/\/difpuertovallarta.gob.mx\/cms\/?page_id=11516"},"modified":"2021-07-21T10:38:51","modified_gmt":"2021-07-21T16:38:51","slug":"informacion-de-entrega-recepcion-febrero-2020","status":"publish","type":"page","link":"https:\/\/difpuertovallarta.gob.mx\/cms\/informacion-de-entrega-recepcion-febrero-2020\/","title":{"rendered":"Informaci\u00f3n de Entrega Recepci\u00f3n Febrero 2020"},"content":{"rendered":"<p><a href=\"https:\/\/difpuertovallarta.gob.mx\/cms\/wp-content\/uploads\/2021\/01\/01-acta-administrativa-entrega-recepcion-dif.pdf\" target=\"_blank\" rel=\"noopener noreferrer\">01. Acta Administrativa Entrega Recepci\u00f3n Dif<\/a><\/p>\n<p><a href=\"https:\/\/difpuertovallarta.gob.mx\/cms\/wp-content\/uploads\/2021\/01\/02-entrega-recepcion-subdireccion-juridica-_-redacted.pdf\" target=\"_blank\" rel=\"noopener noreferrer\">02. Entrega Recepci\u00f3n Subdirecci\u00f3n Jur\u00eddica<\/a><\/p>\n<p><a href=\"https:\/\/difpuertovallarta.gob.mx\/cms\/wp-content\/uploads\/2021\/01\/03-entrega-recepcion-unidad-de-transparencia_redacted.pdf\" target=\"_blank\" rel=\"noopener noreferrer\">03. Entrega Recepci\u00f3n Unidad De Transparencia<\/a><\/p>\n<p><a href=\"https:\/\/difpuertovallarta.gob.mx\/cms\/wp-content\/uploads\/2021\/01\/04-entrega-recepcion-subdireccion-de-comunicacion-social_redacted.pdf\" target=\"_blank\" rel=\"noopener noreferrer\">04. Entrega Recepci\u00f3n Subdirecci\u00f3n De Comunicaci\u00f3n Social<\/a><\/p>\n<p><a href=\"https:\/\/difpuertovallarta.gob.mx\/cms\/wp-content\/uploads\/2021\/01\/05-entrega-recepcion-bodega_redacted.pdf\" target=\"_blank\" rel=\"noopener noreferrer\">05. Entrega Recepci\u00f3n Bodega<\/a><\/p>\n<p><a href=\"https:\/\/difpuertovallarta.gob.mx\/cms\/wp-content\/uploads\/2021\/01\/06-entrega-recepcion-subdireccion-administrativa_redacted.pdf\" target=\"_blank\" rel=\"noopener noreferrer\">06. Entrega Recepci\u00f3n Subdirecci\u00f3n Administrativa<\/a><\/p>\n<p><a href=\"https:\/\/difpuertovallarta.gob.mx\/cms\/wp-content\/uploads\/2021\/01\/07-entrega-recepcion-coordinacion-de-soporte-tecnico-y-sistemas_redacted.pdf\" target=\"_blank\" rel=\"noopener noreferrer\">07. Entrega Recepci\u00f3n Coordinaci\u00f3n De Soporte T\u00e9cnico Y Sistemas<\/a><\/p>\n<p><a href=\"https:\/\/difpuertovallarta.gob.mx\/cms\/wp-content\/uploads\/2021\/01\/08-entrega-recepcion-mantenimiento-de-vehiculos_redacted.pdf\" target=\"_blank\" rel=\"noopener noreferrer\">08. Entrega Recepci\u00f3n Mantenimiento De Veh\u00edculos<\/a><\/p>\n<p><a href=\"https:\/\/difpuertovallarta.gob.mx\/cms\/wp-content\/uploads\/2021\/01\/09-entrega-recepcion-mantenimiento-de-inmuebles_redacted.pdf\" target=\"_blank\" rel=\"noopener noreferrer\">09. Entrega Recepci\u00f3n Mantenimiento De Inmuebles<\/a><\/p>\n<p><a href=\"https:\/\/difpuertovallarta.gob.mx\/cms\/wp-content\/uploads\/2021\/01\/10-entrega-recepcion-recursos-humanos_redacted.pdf\" target=\"_blank\" rel=\"noopener noreferrer\">10. Entrega Recepci\u00f3n Recursos Humanos<\/a><\/p>\n<p><a href=\"https:\/\/difpuertovallarta.gob.mx\/cms\/wp-content\/uploads\/2021\/01\/11-entrega-recepcion-purificadora-vitalpura_redacted.pdf\" target=\"_blank\" rel=\"noopener noreferrer\">11. Entrega Recepci\u00f3n Purificadora Vitalpura<\/a><\/p>\n<p><a href=\"https:\/\/difpuertovallarta.gob.mx\/cms\/wp-content\/uploads\/2021\/01\/12-entrega-recepcion-centro-de-asistencia-para-desarrollo-infantil-aurora_redacted.pdf\" target=\"_blank\" rel=\"noopener noreferrer\">12. Entrega Recepci\u00f3n Centro De Asistencia Para Desarrollo Infantil Aurora<\/a><\/p>\n<p><a href=\"https:\/\/difpuertovallarta.gob.mx\/cms\/wp-content\/uploads\/2021\/01\/13-entrega-recepcion-centro-para-el-desarrollo-infantil-zona-centro_redacted.pdf\" target=\"_blank\" rel=\"noopener noreferrer\">13. Entrega Recepci\u00f3n Centro Para El Desarrollo Infantil Zona Centro<\/a><\/p>\n<p><a href=\"https:\/\/difpuertovallarta.gob.mx\/cms\/wp-content\/uploads\/2021\/01\/14-entrega-recepcion-centro-de-asistencia-para-el-desarrollo-infantil-juntas__redacted.pdf\" target=\"_blank\" rel=\"noopener noreferrer\">14. Entrega Recepci\u00f3n Centro De Asistencia Para El Desarrollo Infantil Juntas<\/a><\/p>\n<p><a href=\"https:\/\/difpuertovallarta.gob.mx\/cms\/wp-content\/uploads\/2021\/01\/15-entrega-recepcion-centro-de-asistencia-para-el-desarrollo-infantil-ixtapa__redacted.pdf\" target=\"_blank\" rel=\"noopener noreferrer\">15. Entrega Recepci\u00f3n Centro De Asistencia Para El Desarrollo Infantil Ixtapa<\/a><\/p>\n<p><a href=\"https:\/\/difpuertovallarta.gob.mx\/cms\/wp-content\/uploads\/2021\/01\/16-entrega-recepcion-centro-de-asistencia-para-el-desarrollo-infantil-coapinole__redacted.pdf\" target=\"_blank\" rel=\"noopener noreferrer\">16. Entrega Recepci\u00f3n Centro De Asistencia Para El Desarrollo Infantil Coapinole<\/a><\/p>\n<p><a href=\"https:\/\/difpuertovallarta.gob.mx\/cms\/wp-content\/uploads\/2021\/01\/17-entrega-recepcion-centro-asistencial-para-el-desarrollo-infantil-aramara_redacted.pdf\" target=\"_blank\" rel=\"noopener noreferrer\">17. Entrega Recepci\u00f3n Centro Asistencial Para El Desarrollo Infantil Aramara<\/a><\/p>\n<p><a href=\"https:\/\/difpuertovallarta.gob.mx\/cms\/wp-content\/uploads\/2021\/07\/18-entrega-recepcion-coordinacion-de-centros-asistenciales-para-el-desarrollo-infantil-_redacted.pdf\" target=\"_blank\" rel=\"noopener noreferrer\">18. Entrega Recepci\u00f3n Coordinaci\u00f3n De Centros Asistenciales Para El Desarrollo Infantil <\/a><\/p>\n<p><a href=\"https:\/\/difpuertovallarta.gob.mx\/cms\/wp-content\/uploads\/2021\/01\/19-entrega-recepcion-subdireccion-de-programas_redacted.pdf\" target=\"_blank\" rel=\"noopener noreferrer\">19. Entrega Recepci\u00f3n Subdirecci\u00f3n De Programas<\/a><\/p>\n<p><a href=\"https:\/\/difpuertovallarta.gob.mx\/cms\/wp-content\/uploads\/2021\/01\/20-entrega-recepcion-coordinacion-de-trabajo-social__redacted.pdf\" target=\"_blank\" rel=\"noopener noreferrer\">20. Entrega Recepci\u00f3n Coordinaci\u00f3n De Trabajo Social<\/a><\/p>\n<p><a href=\"https:\/\/difpuertovallarta.gob.mx\/cms\/wp-content\/uploads\/2021\/01\/21-entrega-recepcion-coordinacion-de-la-direccion-de-proteccion-a-la-infancia_redacted.pdf\" target=\"_blank\" rel=\"noopener noreferrer\">21. Entrega Recepci\u00f3n Coordinaci\u00f3n De La Direcci\u00f3n De Protecci\u00f3n A La Infancia<\/a><\/p>\n<p><a href=\"https:\/\/difpuertovallarta.gob.mx\/cms\/wp-content\/uploads\/2021\/01\/22-entrega-recepcion-centro-de-atencion-integral-al-adulto-mayor_redacted.pdf\" target=\"_blank\" rel=\"noopener noreferrer\">22. Entrega Recepci\u00f3n Centro De Atenci\u00f3n Integral Al Adulto Mayor<\/a><\/p>\n<p><a href=\"https:\/\/difpuertovallarta.gob.mx\/cms\/wp-content\/uploads\/2021\/01\/23-entrega-recepcion-direccion-de-casa-de-dia-del-adulto-mayor_redacted.pdf\" target=\"_blank\" rel=\"noopener noreferrer\">23. Entrega Recepci\u00f3n Direcci\u00f3n De Casa De Dia Del Adulto Mayor<\/a><\/p>\n<p><a href=\"https:\/\/difpuertovallarta.gob.mx\/cms\/wp-content\/uploads\/2021\/01\/24-entrega-recepcion-coordinacion-de-asistencia-alimenticia_redacted.pdf\" target=\"_blank\" rel=\"noopener noreferrer\">24. Entrega Recepci\u00f3n Coordinaci\u00f3n De Asistencia Alimenticia<\/a><\/p>\n<p><a href=\"https:\/\/difpuertovallarta.gob.mx\/cms\/wp-content\/uploads\/2021\/01\/25-entrega-recepcion-coordinacion-de-centro-de-capacitacion_redacted.pdf\" target=\"_blank\" rel=\"noopener noreferrer\">25. Entrega Recepci\u00f3n Coordinaci\u00f3n De Centro De Capacitaci\u00f3n<\/a><\/p>\n<p><a href=\"https:\/\/difpuertovallarta.gob.mx\/cms\/wp-content\/uploads\/2021\/01\/26-entrega-recepcion-coordinacion-de-becas-padrino_redacted.pdf\" target=\"_blank\" rel=\"noopener noreferrer\">26. Entrega Recepci\u00f3n Coordinaci\u00f3n De Becas Padrino<\/a><\/p>\n<p><a href=\"https:\/\/difpuertovallarta.gob.mx\/cms\/wp-content\/uploads\/2021\/01\/27-entrega-recepcion-coordinacion-de-nutricion_redacted.pdf\" target=\"_blank\" rel=\"noopener noreferrer\">27. Entrega Recepci\u00f3n Coordinaci\u00f3n De Nutrici\u00f3n<\/a><\/p>\n<p><a href=\"https:\/\/difpuertovallarta.gob.mx\/cms\/wp-content\/uploads\/2021\/01\/28-entrega-recepcion-coordinacion-del-programa-de-vinculacion-universidad,-gobierno-y-sociedad_redacted.pdf\" target=\"_blank\" rel=\"noopener noreferrer\">28. Entrega Recepci\u00f3n Coordinaci\u00f3n Del Programa De Vinculaci\u00f3n Universidad, Gobierno Y Sociedad<\/a><\/p>\n<p><a href=\"https:\/\/difpuertovallarta.gob.mx\/cms\/wp-content\/uploads\/2021\/01\/29-entrega-recepcion-coordinacion-de-la-asociacion-mexicana-para-la-superacion-integral-de-la-familia_redacted.pdf\" target=\"_blank\" rel=\"noopener noreferrer\">29. Entrega Recepci\u00f3n Coordinaci\u00f3n De La Asociaci\u00f3n Mexicana Para La Superaci\u00f3n Integral De La Familia<\/a><\/p>\n<p><a href=\"https:\/\/difpuertovallarta.gob.mx\/cms\/wp-content\/uploads\/2021\/01\/30-entrega-recepcion-centro-de-atencion-especializada-en-terapia-familiar_redacted.pdf\" target=\"_blank\" rel=\"noopener noreferrer\">30. Entrega Recepci\u00f3n Centro De Atenci\u00f3n Especializada En Terapia Familiar<\/a><\/p>\n<p><a href=\"https:\/\/difpuertovallarta.gob.mx\/cms\/wp-content\/uploads\/2021\/01\/31-entrega-recepcion-coordinacion-de-la-escuela-comunitaria-activa-para-padres-de-familia_redacted.pdf\" target=\"_blank\" rel=\"noopener noreferrer\">31. Entrega Recepci\u00f3n Coordinaci\u00f3n De La Escuela Comunitaria Activa Para Padres De Familia<\/a><\/p>\n<p><a href=\"https:\/\/difpuertovallarta.gob.mx\/cms\/wp-content\/uploads\/2021\/01\/32-entrega-recepcion-programa-de-atencion-integral-a-personas-con-discapacidad_redacted.pdf\" target=\"_blank\" rel=\"noopener noreferrer\">32. Entrega Recepci\u00f3n Programa De Atenci\u00f3n Integral A Personas Con Discapacidad<\/a><\/p>\n<p><a href=\"https:\/\/difpuertovallarta.gob.mx\/cms\/wp-content\/uploads\/2021\/01\/33-entrega-recepcion-unidad-regional-de-rehabilitacion_redacted.pdf\" target=\"_blank\" rel=\"noopener noreferrer\">33. Entrega Recepci\u00f3n Unidad Regional De Rehabilitaci\u00f3n<\/a><\/p>\n<p><a href=\"https:\/\/difpuertovallarta.gob.mx\/cms\/wp-content\/uploads\/2021\/01\/34-entrega-recepcion-coordinacion-de-grupos-indigenas_redacted.pdf\" target=\"_blank\" rel=\"noopener noreferrer\">34. Entrega Recepci\u00f3n Coordinaci\u00f3n De Grupos Ind\u00edgenas<\/a><\/p>\n<p><a href=\"https:\/\/difpuertovallarta.gob.mx\/cms\/wp-content\/uploads\/2021\/01\/35-entrega-recepcion-coordinacion-de-desarrollo-comunitario_redacted.pdf\" target=\"_blank\" rel=\"noopener noreferrer\">35. Entrega Recepci\u00f3n Coordinaci\u00f3n De Desarrollo Comunitario<\/a><\/p>\n<p><a href=\"https:\/\/difpuertovallarta.gob.mx\/cms\/wp-content\/uploads\/2021\/01\/36-entrega-recepcion-delegacion-institucional-de-la-procuraduria-de-proteccion-de-ninas,-ninos-y-adolescentes_redacted.pdf\" target=\"_blank\" rel=\"noopener noreferrer\">36. Entrega Recepci\u00f3n Delegaci\u00f3n Institucional De La Procuradur\u00eda De Protecci\u00f3n De Ni\u00f1as, Ni\u00f1os Y Adolescentes<\/a><\/p>\n<p><a href=\"https:\/\/difpuertovallarta.gob.mx\/cms\/wp-content\/uploads\/2021\/01\/37-entrega-recepcion-unidad-de-la-atencion-a-la-violencia-familiar_redacted.pdf\" target=\"_blank\" rel=\"noopener noreferrer\">37. Entrega Recepci\u00f3n Unidad De La Atenci\u00f3n A La Violencia Familiar<\/a><\/p>\n<p><a href=\"https:\/\/difpuertovallarta.gob.mx\/cms\/wp-content\/uploads\/2021\/01\/38-entrega-recepcion-direccion-del-albergue-vida-nueva_redacted.pdf\" target=\"_blank\" rel=\"noopener noreferrer\">38. Entrega Recepci\u00f3n Direcci\u00f3n Del Albergue Vida Nueva<\/a><\/p>\n","protected":false},"excerpt":{"rendered":"<p>01. Acta Administrativa Entrega Recepci\u00f3n Dif 02. Entrega Recepci\u00f3n Subdirecci\u00f3n Jur\u00eddica 03. Entrega Recepci\u00f3n Unidad De Transparencia 04. Entrega Recepci\u00f3n Subdirecci\u00f3n De Comunicaci\u00f3n Social 05. Entrega Recepci\u00f3n Bodega 06. Entrega Recepci\u00f3n Subdirecci\u00f3n Administrativa 07. Entrega Recepci\u00f3n Coordinaci\u00f3n De Soporte T\u00e9cnico Y Sistemas 08. Entrega Recepci\u00f3n Mantenimiento De Veh\u00edculos 09. Entrega Recepci\u00f3n Mantenimiento De Inmuebles 10. [&hellip;]<\/p>\n","protected":false},"author":1,"featured_media":0,"parent":0,"menu_order":0,"comment_status":"closed","ping_status":"closed","template":"","meta":{"footnotes":""},"class_list":["post-11516","page","type-page","status-publish","czr-hentry"],"yoast_head":"<!-- This site is optimized with the Yoast SEO plugin v27.2 - https:\/\/yoast.com\/product\/yoast-seo-wordpress\/ -->\n<title>Informaci\u00f3n de Entrega Recepci\u00f3n Febrero 2020 &#8226; DIF Puerto Vallarta<\/title>\n<meta name=\"description\" content=\"DIF Puerto Vallarta &#8226; 01. Acta Administrativa Entrega Recepci\u00f3n Dif 02. Entrega Recepci\u00f3n Subdirecci\u00f3n Jur\u00eddica 03. Entrega Recepci\u00f3n Unidad De Transparencia 04. Entrega\" \/>\n<meta name=\"robots\" content=\"index, follow, max-snippet:-1, max-image-preview:large, max-video-preview:-1\" \/>\n<link rel=\"canonical\" href=\"https:\/\/difpuertovallarta.gob.mx\/cms\/informacion-de-entrega-recepcion-febrero-2020\/\" \/>\n<meta property=\"og:locale\" content=\"es_MX\" \/>\n<meta property=\"og:type\" content=\"article\" \/>\n<meta property=\"og:title\" content=\"Informaci\u00f3n de Entrega Recepci\u00f3n Febrero 2020 &#8226; DIF Puerto Vallarta\" \/>\n<meta property=\"og:description\" content=\"DIF Puerto Vallarta &#8226; 01. Acta Administrativa Entrega Recepci\u00f3n Dif 02. Entrega Recepci\u00f3n Subdirecci\u00f3n Jur\u00eddica 03. Entrega Recepci\u00f3n Unidad De Transparencia 04. Entrega\" \/>\n<meta property=\"og:url\" content=\"https:\/\/difpuertovallarta.gob.mx\/cms\/informacion-de-entrega-recepcion-febrero-2020\/\" \/>\n<meta property=\"og:site_name\" content=\"DIF Puerto Vallarta\" \/>\n<meta property=\"article:publisher\" content=\"https:\/\/www.facebook.com\/sistemadifvallarta\" \/>\n<meta property=\"article:modified_time\" content=\"2021-07-21T16:38:51+00:00\" \/>\n<meta name=\"twitter:card\" content=\"summary_large_image\" \/>\n<meta name=\"twitter:site\" content=\"@difvallarta\" \/>\n<meta name=\"twitter:label1\" content=\"Tiempo de lectura\" \/>\n\t<meta name=\"twitter:data1\" content=\"2 minutos\" \/>\n<script type=\"application\/ld+json\" class=\"yoast-schema-graph\">{\"@context\":\"https:\/\/schema.org\",\"@graph\":[{\"@type\":\"WebPage\",\"@id\":\"https:\/\/difpuertovallarta.gob.mx\/cms\/informacion-de-entrega-recepcion-febrero-2020\/\",\"url\":\"https:\/\/difpuertovallarta.gob.mx\/cms\/informacion-de-entrega-recepcion-febrero-2020\/\",\"name\":\"Informaci\u00f3n de Entrega Recepci\u00f3n Febrero 2020 &#8226; DIF Puerto Vallarta\",\"isPartOf\":{\"@id\":\"https:\/\/difpuertovallarta.gob.mx\/cms\/#website\"},\"datePublished\":\"2021-01-05T19:17:59+00:00\",\"dateModified\":\"2021-07-21T16:38:51+00:00\",\"description\":\"DIF Puerto Vallarta &#8226; 01. Acta Administrativa Entrega Recepci\u00f3n Dif 02. Entrega Recepci\u00f3n Subdirecci\u00f3n Jur\u00eddica 03. Entrega Recepci\u00f3n Unidad De Transparencia 04. Entrega\",\"breadcrumb\":{\"@id\":\"https:\/\/difpuertovallarta.gob.mx\/cms\/informacion-de-entrega-recepcion-febrero-2020\/#breadcrumb\"},\"inLanguage\":\"es\",\"potentialAction\":[{\"@type\":\"ReadAction\",\"target\":[\"https:\/\/difpuertovallarta.gob.mx\/cms\/informacion-de-entrega-recepcion-febrero-2020\/\"]}]},{\"@type\":\"BreadcrumbList\",\"@id\":\"https:\/\/difpuertovallarta.gob.mx\/cms\/informacion-de-entrega-recepcion-febrero-2020\/#breadcrumb\",\"itemListElement\":[{\"@type\":\"ListItem\",\"position\":1,\"name\":\"Inicio\",\"item\":\"https:\/\/difpuertovallarta.gob.mx\/cms\/\"},{\"@type\":\"ListItem\",\"position\":2,\"name\":\"Informaci\u00f3n de Entrega Recepci\u00f3n Febrero 2020\"}]},{\"@type\":\"WebSite\",\"@id\":\"https:\/\/difpuertovallarta.gob.mx\/cms\/#website\",\"url\":\"https:\/\/difpuertovallarta.gob.mx\/cms\/\",\"name\":\"DIF Puerto Vallarta\",\"description\":\"Sistema para el Desarrollo Integral de la Familia para el Municipio de Puerto Vallarta, Jalisco.\",\"publisher\":{\"@id\":\"https:\/\/difpuertovallarta.gob.mx\/cms\/#organization\"},\"potentialAction\":[{\"@type\":\"SearchAction\",\"target\":{\"@type\":\"EntryPoint\",\"urlTemplate\":\"https:\/\/difpuertovallarta.gob.mx\/cms\/?s={search_term_string}\"},\"query-input\":{\"@type\":\"PropertyValueSpecification\",\"valueRequired\":true,\"valueName\":\"search_term_string\"}}],\"inLanguage\":\"es\"},{\"@type\":\"Organization\",\"@id\":\"https:\/\/difpuertovallarta.gob.mx\/cms\/#organization\",\"name\":\"Sistema DIF Puerto Vallarta\",\"url\":\"https:\/\/difpuertovallarta.gob.mx\/cms\/\",\"logo\":{\"@type\":\"ImageObject\",\"inLanguage\":\"es\",\"@id\":\"https:\/\/difpuertovallarta.gob.mx\/cms\/#\/schema\/logo\/image\/\",\"url\":\"http:\/\/difpuertovallarta.gob.mx\/cms\/wp-content\/uploads\/2018\/12\/LOGO-DIF-2021-NAVIDAD.jpg\",\"contentUrl\":\"http:\/\/difpuertovallarta.gob.mx\/cms\/wp-content\/uploads\/2018\/12\/LOGO-DIF-2021-NAVIDAD.jpg\",\"width\":834,\"height\":834,\"caption\":\"Sistema DIF Puerto Vallarta\"},\"image\":{\"@id\":\"https:\/\/difpuertovallarta.gob.mx\/cms\/#\/schema\/logo\/image\/\"},\"sameAs\":[\"https:\/\/www.facebook.com\/sistemadifvallarta\",\"https:\/\/x.com\/difvallarta\"]}]}<\/script>\n<!-- \/ Yoast SEO plugin. -->","yoast_head_json":{"title":"Informaci\u00f3n de Entrega Recepci\u00f3n Febrero 2020 &#8226; DIF Puerto Vallarta","description":"DIF Puerto Vallarta &#8226; 01. Acta Administrativa Entrega Recepci\u00f3n Dif 02. Entrega Recepci\u00f3n Subdirecci\u00f3n Jur\u00eddica 03. Entrega Recepci\u00f3n Unidad De Transparencia 04. Entrega","robots":{"index":"index","follow":"follow","max-snippet":"max-snippet:-1","max-image-preview":"max-image-preview:large","max-video-preview":"max-video-preview:-1"},"canonical":"https:\/\/difpuertovallarta.gob.mx\/cms\/informacion-de-entrega-recepcion-febrero-2020\/","og_locale":"es_MX","og_type":"article","og_title":"Informaci\u00f3n de Entrega Recepci\u00f3n Febrero 2020 &#8226; DIF Puerto Vallarta","og_description":"DIF Puerto Vallarta &#8226; 01. Acta Administrativa Entrega Recepci\u00f3n Dif 02. Entrega Recepci\u00f3n Subdirecci\u00f3n Jur\u00eddica 03. Entrega Recepci\u00f3n Unidad De Transparencia 04. Entrega","og_url":"https:\/\/difpuertovallarta.gob.mx\/cms\/informacion-de-entrega-recepcion-febrero-2020\/","og_site_name":"DIF Puerto Vallarta","article_publisher":"https:\/\/www.facebook.com\/sistemadifvallarta","article_modified_time":"2021-07-21T16:38:51+00:00","twitter_card":"summary_large_image","twitter_site":"@difvallarta","twitter_misc":{"Tiempo de lectura":"2 minutos"},"schema":{"@context":"https:\/\/schema.org","@graph":[{"@type":"WebPage","@id":"https:\/\/difpuertovallarta.gob.mx\/cms\/informacion-de-entrega-recepcion-febrero-2020\/","url":"https:\/\/difpuertovallarta.gob.mx\/cms\/informacion-de-entrega-recepcion-febrero-2020\/","name":"Informaci\u00f3n de Entrega Recepci\u00f3n Febrero 2020 &#8226; DIF Puerto Vallarta","isPartOf":{"@id":"https:\/\/difpuertovallarta.gob.mx\/cms\/#website"},"datePublished":"2021-01-05T19:17:59+00:00","dateModified":"2021-07-21T16:38:51+00:00","description":"DIF Puerto Vallarta &#8226; 01. Acta Administrativa Entrega Recepci\u00f3n Dif 02. Entrega Recepci\u00f3n Subdirecci\u00f3n Jur\u00eddica 03. Entrega Recepci\u00f3n Unidad De Transparencia 04. Entrega","breadcrumb":{"@id":"https:\/\/difpuertovallarta.gob.mx\/cms\/informacion-de-entrega-recepcion-febrero-2020\/#breadcrumb"},"inLanguage":"es","potentialAction":[{"@type":"ReadAction","target":["https:\/\/difpuertovallarta.gob.mx\/cms\/informacion-de-entrega-recepcion-febrero-2020\/"]}]},{"@type":"BreadcrumbList","@id":"https:\/\/difpuertovallarta.gob.mx\/cms\/informacion-de-entrega-recepcion-febrero-2020\/#breadcrumb","itemListElement":[{"@type":"ListItem","position":1,"name":"Inicio","item":"https:\/\/difpuertovallarta.gob.mx\/cms\/"},{"@type":"ListItem","position":2,"name":"Informaci\u00f3n de Entrega Recepci\u00f3n Febrero 2020"}]},{"@type":"WebSite","@id":"https:\/\/difpuertovallarta.gob.mx\/cms\/#website","url":"https:\/\/difpuertovallarta.gob.mx\/cms\/","name":"DIF Puerto Vallarta","description":"Sistema para el Desarrollo Integral de la Familia para el Municipio de Puerto Vallarta, Jalisco.","publisher":{"@id":"https:\/\/difpuertovallarta.gob.mx\/cms\/#organization"},"potentialAction":[{"@type":"SearchAction","target":{"@type":"EntryPoint","urlTemplate":"https:\/\/difpuertovallarta.gob.mx\/cms\/?s={search_term_string}"},"query-input":{"@type":"PropertyValueSpecification","valueRequired":true,"valueName":"search_term_string"}}],"inLanguage":"es"},{"@type":"Organization","@id":"https:\/\/difpuertovallarta.gob.mx\/cms\/#organization","name":"Sistema DIF Puerto Vallarta","url":"https:\/\/difpuertovallarta.gob.mx\/cms\/","logo":{"@type":"ImageObject","inLanguage":"es","@id":"https:\/\/difpuertovallarta.gob.mx\/cms\/#\/schema\/logo\/image\/","url":"http:\/\/difpuertovallarta.gob.mx\/cms\/wp-content\/uploads\/2018\/12\/LOGO-DIF-2021-NAVIDAD.jpg","contentUrl":"http:\/\/difpuertovallarta.gob.mx\/cms\/wp-content\/uploads\/2018\/12\/LOGO-DIF-2021-NAVIDAD.jpg","width":834,"height":834,"caption":"Sistema DIF Puerto Vallarta"},"image":{"@id":"https:\/\/difpuertovallarta.gob.mx\/cms\/#\/schema\/logo\/image\/"},"sameAs":["https:\/\/www.facebook.com\/sistemadifvallarta","https:\/\/x.com\/difvallarta"]}]}},"_links":{"self":[{"href":"https:\/\/difpuertovallarta.gob.mx\/cms\/wp-json\/wp\/v2\/pages\/11516","targetHints":{"allow":["GET"]}}],"collection":[{"href":"https:\/\/difpuertovallarta.gob.mx\/cms\/wp-json\/wp\/v2\/pages"}],"about":[{"href":"https:\/\/difpuertovallarta.gob.mx\/cms\/wp-json\/wp\/v2\/types\/page"}],"author":[{"embeddable":true,"href":"https:\/\/difpuertovallarta.gob.mx\/cms\/wp-json\/wp\/v2\/users\/1"}],"replies":[{"embeddable":true,"href":"https:\/\/difpuertovallarta.gob.mx\/cms\/wp-json\/wp\/v2\/comments?post=11516"}],"version-history":[{"count":2,"href":"https:\/\/difpuertovallarta.gob.mx\/cms\/wp-json\/wp\/v2\/pages\/11516\/revisions"}],"predecessor-version":[{"id":11519,"href":"https:\/\/difpuertovallarta.gob.mx\/cms\/wp-json\/wp\/v2\/pages\/11516\/revisions\/11519"}],"wp:attachment":[{"href":"https:\/\/difpuertovallarta.gob.mx\/cms\/wp-json\/wp\/v2\/media?parent=11516"}],"curies":[{"name":"wp","href":"https:\/\/api.w.org\/{rel}","templated":true}]}}