{"id":10690,"date":"2020-11-11T13:48:17","date_gmt":"2020-11-11T19:48:17","guid":{"rendered":"http:\/\/difpuertovallarta.gob.mx\/cms\/?page_id=10690"},"modified":"2020-11-17T13:39:55","modified_gmt":"2020-11-17T19:39:55","slug":"pre-registro-pautas-prevencion","status":"publish","type":"page","link":"https:\/\/difpuertovallarta.gob.mx\/cms\/pre-registro-pautas-prevencion\/","title":{"rendered":"Pautas para Prevenir, Detectar Y Detener La Violencia Sexual Infantil"},"content":{"rendered":"\n<figure class=\"wp-block-table\"><table><tbody><tr><td><\/td><\/tr><tr><td><img decoding=\"async\" alt=\"\" src=\"https:\/\/mcusercontent.com\/ad961aed1f0d8082ca175e99f\/images\/4e2c70b8-3695-4d19-a37a-e555f2e8d963.jpg\" width=\"564\"><\/td><\/tr><tr><td>INSTRUCCIONES PARA OBTENER<br>TU BOLETO DIGITAL<br>1. Da click en la siguiente liga para el registro al evento (hazlo con tiempo).<br><a href=\"https:\/\/www.facebook.com\/groups\/3473852995997973\/?ref=share\" target=\"_blank\" rel=\"noreferrer noopener\">https:\/\/www.facebook.com\/groups\/3473852995997973\/?ref=share<\/a><br><br>2. Te pedir\u00e1 que escribas el NOMBRE con el que te registraste en el DIF y un FOLIO (pondr\u00e1s el siguiente): <strong>0111DIF VALLARTA<\/strong><br><br>3. Este folio se activar\u00e1 solo una vez, no lo pases a nadie m\u00e1s.<br><br>4. A las 17:00 hrs del d\u00eda 17 de noviembre dar\u00e1s click en la misma liga<br><a href=\"https:\/\/www.facebook.com\/groups\/3473852995997973\/?ref=share\" target=\"_blank\" rel=\"noreferrer noopener\">https:\/\/www.facebook.com\/groups\/3473852995997973\/?ref=share&nbsp; <\/a>nuevamente para ver la \u201cConferencia\u201d (solo adultos) y el 18 de noviembre a las 17:00 hrs. Dar\u00e1s click para ver la obra \u201cCorazonada\u201d (toda la familia).<br><br>5. Si por algo, no pudiste entrar en ese horario, tendr\u00e1s posibilidad de verla en grabaci\u00f3n ya que estar\u00e1 disponible durante 24 hrs.<br><br>6. Corazonada, es una obra para ni\u00f1os y ni\u00f1as desde 3 a\u00f1os de edad. Es recomendable que los menores siempre est\u00e9n acompa\u00f1ados de un adulto.<br>&nbsp; <img decoding=\"async\" alt=\"\" src=\"https:\/\/mcusercontent.com\/ad961aed1f0d8082ca175e99f\/images\/8cd6e982-31d7-440b-9ff9-b1573cabd137.png\" width=\"293.28000000000003\"> <img decoding=\"async\" alt=\"\" src=\"https:\/\/mcusercontent.com\/ad961aed1f0d8082ca175e99f\/images\/9ff2d6bb-c172-49d0-b09b-efaf99fc8213.jpeg\" width=\"264\"><\/td><\/tr><\/tbody><\/table><\/figure>\n\n\n\n<p>. <\/p>\n","protected":false},"excerpt":{"rendered":"<p>INSTRUCCIONES PARA OBTENERTU BOLETO DIGITAL1. Da click en la siguiente liga para el registro al evento (hazlo con tiempo).https:\/\/www.facebook.com\/groups\/3473852995997973\/?ref=share 2. Te pedir\u00e1 que escribas el NOMBRE con el que te registraste en el DIF y un FOLIO (pondr\u00e1s el siguiente): 0111DIF VALLARTA 3. Este folio se activar\u00e1 solo una vez, no lo pases a nadie [&hellip;]<\/p>\n","protected":false},"author":1,"featured_media":0,"parent":0,"menu_order":0,"comment_status":"closed","ping_status":"closed","template":"","meta":{"footnotes":""},"class_list":["post-10690","page","type-page","status-publish","czr-hentry"],"yoast_head":"<!-- This site is optimized with the Yoast SEO plugin v27.2 - https:\/\/yoast.com\/product\/yoast-seo-wordpress\/ -->\n<title>Pautas para Prevenir, Detectar Y Detener La Violencia Sexual Infantil &#8226; DIF Puerto Vallarta<\/title>\n<meta name=\"description\" content=\"DIF Puerto Vallarta &#8226; INSTRUCCIONES PARA OBTENERTU BOLETO DIGITAL1. Da click en la siguiente liga para el registro al evento (hazlo con\" \/>\n<meta name=\"robots\" content=\"index, follow, max-snippet:-1, max-image-preview:large, max-video-preview:-1\" \/>\n<link rel=\"canonical\" href=\"https:\/\/difpuertovallarta.gob.mx\/cms\/pre-registro-pautas-prevencion\/\" \/>\n<meta property=\"og:locale\" content=\"es_MX\" \/>\n<meta property=\"og:type\" content=\"article\" \/>\n<meta property=\"og:title\" content=\"Pautas para Prevenir, Detectar Y Detener La Violencia Sexual Infantil &#8226; DIF Puerto Vallarta\" \/>\n<meta property=\"og:description\" content=\"DIF Puerto Vallarta &#8226; INSTRUCCIONES PARA OBTENERTU BOLETO DIGITAL1. Da click en la siguiente liga para el registro al evento (hazlo con\" \/>\n<meta property=\"og:url\" content=\"https:\/\/difpuertovallarta.gob.mx\/cms\/pre-registro-pautas-prevencion\/\" \/>\n<meta property=\"og:site_name\" content=\"DIF Puerto Vallarta\" \/>\n<meta property=\"article:publisher\" content=\"https:\/\/www.facebook.com\/sistemadifvallarta\" \/>\n<meta property=\"article:modified_time\" content=\"2020-11-17T19:39:55+00:00\" \/>\n<meta property=\"og:image\" content=\"https:\/\/mcusercontent.com\/ad961aed1f0d8082ca175e99f\/images\/4e2c70b8-3695-4d19-a37a-e555f2e8d963.jpg\" \/>\n<meta name=\"twitter:card\" content=\"summary_large_image\" \/>\n<meta name=\"twitter:site\" content=\"@difvallarta\" \/>\n<meta name=\"twitter:label1\" content=\"Tiempo de lectura\" \/>\n\t<meta name=\"twitter:data1\" content=\"1 minuto\" \/>\n<script type=\"application\/ld+json\" class=\"yoast-schema-graph\">{\"@context\":\"https:\/\/schema.org\",\"@graph\":[{\"@type\":\"WebPage\",\"@id\":\"https:\/\/difpuertovallarta.gob.mx\/cms\/pre-registro-pautas-prevencion\/\",\"url\":\"https:\/\/difpuertovallarta.gob.mx\/cms\/pre-registro-pautas-prevencion\/\",\"name\":\"Pautas para Prevenir, Detectar Y Detener La Violencia Sexual Infantil &#8226; DIF Puerto Vallarta\",\"isPartOf\":{\"@id\":\"https:\/\/difpuertovallarta.gob.mx\/cms\/#website\"},\"primaryImageOfPage\":{\"@id\":\"https:\/\/difpuertovallarta.gob.mx\/cms\/pre-registro-pautas-prevencion\/#primaryimage\"},\"image\":{\"@id\":\"https:\/\/difpuertovallarta.gob.mx\/cms\/pre-registro-pautas-prevencion\/#primaryimage\"},\"thumbnailUrl\":\"https:\/\/mcusercontent.com\/ad961aed1f0d8082ca175e99f\/images\/4e2c70b8-3695-4d19-a37a-e555f2e8d963.jpg\",\"datePublished\":\"2020-11-11T19:48:17+00:00\",\"dateModified\":\"2020-11-17T19:39:55+00:00\",\"description\":\"DIF Puerto Vallarta &#8226; INSTRUCCIONES PARA OBTENERTU BOLETO DIGITAL1. Da click en la siguiente liga para el registro al evento (hazlo con\",\"breadcrumb\":{\"@id\":\"https:\/\/difpuertovallarta.gob.mx\/cms\/pre-registro-pautas-prevencion\/#breadcrumb\"},\"inLanguage\":\"es\",\"potentialAction\":[{\"@type\":\"ReadAction\",\"target\":[\"https:\/\/difpuertovallarta.gob.mx\/cms\/pre-registro-pautas-prevencion\/\"]}]},{\"@type\":\"ImageObject\",\"inLanguage\":\"es\",\"@id\":\"https:\/\/difpuertovallarta.gob.mx\/cms\/pre-registro-pautas-prevencion\/#primaryimage\",\"url\":\"https:\/\/mcusercontent.com\/ad961aed1f0d8082ca175e99f\/images\/4e2c70b8-3695-4d19-a37a-e555f2e8d963.jpg\",\"contentUrl\":\"https:\/\/mcusercontent.com\/ad961aed1f0d8082ca175e99f\/images\/4e2c70b8-3695-4d19-a37a-e555f2e8d963.jpg\"},{\"@type\":\"BreadcrumbList\",\"@id\":\"https:\/\/difpuertovallarta.gob.mx\/cms\/pre-registro-pautas-prevencion\/#breadcrumb\",\"itemListElement\":[{\"@type\":\"ListItem\",\"position\":1,\"name\":\"Inicio\",\"item\":\"https:\/\/difpuertovallarta.gob.mx\/cms\/\"},{\"@type\":\"ListItem\",\"position\":2,\"name\":\"Pautas para Prevenir, Detectar Y Detener La Violencia Sexual Infantil\"}]},{\"@type\":\"WebSite\",\"@id\":\"https:\/\/difpuertovallarta.gob.mx\/cms\/#website\",\"url\":\"https:\/\/difpuertovallarta.gob.mx\/cms\/\",\"name\":\"DIF Puerto Vallarta\",\"description\":\"Sistema para el Desarrollo Integral de la Familia para el Municipio de Puerto Vallarta, Jalisco.\",\"publisher\":{\"@id\":\"https:\/\/difpuertovallarta.gob.mx\/cms\/#organization\"},\"potentialAction\":[{\"@type\":\"SearchAction\",\"target\":{\"@type\":\"EntryPoint\",\"urlTemplate\":\"https:\/\/difpuertovallarta.gob.mx\/cms\/?s={search_term_string}\"},\"query-input\":{\"@type\":\"PropertyValueSpecification\",\"valueRequired\":true,\"valueName\":\"search_term_string\"}}],\"inLanguage\":\"es\"},{\"@type\":\"Organization\",\"@id\":\"https:\/\/difpuertovallarta.gob.mx\/cms\/#organization\",\"name\":\"Sistema DIF Puerto Vallarta\",\"url\":\"https:\/\/difpuertovallarta.gob.mx\/cms\/\",\"logo\":{\"@type\":\"ImageObject\",\"inLanguage\":\"es\",\"@id\":\"https:\/\/difpuertovallarta.gob.mx\/cms\/#\/schema\/logo\/image\/\",\"url\":\"http:\/\/difpuertovallarta.gob.mx\/cms\/wp-content\/uploads\/2018\/12\/LOGO-DIF-2021-NAVIDAD.jpg\",\"contentUrl\":\"http:\/\/difpuertovallarta.gob.mx\/cms\/wp-content\/uploads\/2018\/12\/LOGO-DIF-2021-NAVIDAD.jpg\",\"width\":834,\"height\":834,\"caption\":\"Sistema DIF Puerto Vallarta\"},\"image\":{\"@id\":\"https:\/\/difpuertovallarta.gob.mx\/cms\/#\/schema\/logo\/image\/\"},\"sameAs\":[\"https:\/\/www.facebook.com\/sistemadifvallarta\",\"https:\/\/x.com\/difvallarta\"]}]}<\/script>\n<!-- \/ Yoast SEO plugin. -->","yoast_head_json":{"title":"Pautas para Prevenir, Detectar Y Detener La Violencia Sexual Infantil &#8226; DIF Puerto Vallarta","description":"DIF Puerto Vallarta &#8226; INSTRUCCIONES PARA OBTENERTU BOLETO DIGITAL1. Da click en la siguiente liga para el registro al evento (hazlo con","robots":{"index":"index","follow":"follow","max-snippet":"max-snippet:-1","max-image-preview":"max-image-preview:large","max-video-preview":"max-video-preview:-1"},"canonical":"https:\/\/difpuertovallarta.gob.mx\/cms\/pre-registro-pautas-prevencion\/","og_locale":"es_MX","og_type":"article","og_title":"Pautas para Prevenir, Detectar Y Detener La Violencia Sexual Infantil &#8226; DIF Puerto Vallarta","og_description":"DIF Puerto Vallarta &#8226; INSTRUCCIONES PARA OBTENERTU BOLETO DIGITAL1. Da click en la siguiente liga para el registro al evento (hazlo con","og_url":"https:\/\/difpuertovallarta.gob.mx\/cms\/pre-registro-pautas-prevencion\/","og_site_name":"DIF Puerto Vallarta","article_publisher":"https:\/\/www.facebook.com\/sistemadifvallarta","article_modified_time":"2020-11-17T19:39:55+00:00","og_image":[{"url":"https:\/\/mcusercontent.com\/ad961aed1f0d8082ca175e99f\/images\/4e2c70b8-3695-4d19-a37a-e555f2e8d963.jpg","type":"","width":"","height":""}],"twitter_card":"summary_large_image","twitter_site":"@difvallarta","twitter_misc":{"Tiempo de lectura":"1 minuto"},"schema":{"@context":"https:\/\/schema.org","@graph":[{"@type":"WebPage","@id":"https:\/\/difpuertovallarta.gob.mx\/cms\/pre-registro-pautas-prevencion\/","url":"https:\/\/difpuertovallarta.gob.mx\/cms\/pre-registro-pautas-prevencion\/","name":"Pautas para Prevenir, Detectar Y Detener La Violencia Sexual Infantil &#8226; DIF Puerto Vallarta","isPartOf":{"@id":"https:\/\/difpuertovallarta.gob.mx\/cms\/#website"},"primaryImageOfPage":{"@id":"https:\/\/difpuertovallarta.gob.mx\/cms\/pre-registro-pautas-prevencion\/#primaryimage"},"image":{"@id":"https:\/\/difpuertovallarta.gob.mx\/cms\/pre-registro-pautas-prevencion\/#primaryimage"},"thumbnailUrl":"https:\/\/mcusercontent.com\/ad961aed1f0d8082ca175e99f\/images\/4e2c70b8-3695-4d19-a37a-e555f2e8d963.jpg","datePublished":"2020-11-11T19:48:17+00:00","dateModified":"2020-11-17T19:39:55+00:00","description":"DIF Puerto Vallarta &#8226; INSTRUCCIONES PARA OBTENERTU BOLETO DIGITAL1. Da click en la siguiente liga para el registro al evento (hazlo con","breadcrumb":{"@id":"https:\/\/difpuertovallarta.gob.mx\/cms\/pre-registro-pautas-prevencion\/#breadcrumb"},"inLanguage":"es","potentialAction":[{"@type":"ReadAction","target":["https:\/\/difpuertovallarta.gob.mx\/cms\/pre-registro-pautas-prevencion\/"]}]},{"@type":"ImageObject","inLanguage":"es","@id":"https:\/\/difpuertovallarta.gob.mx\/cms\/pre-registro-pautas-prevencion\/#primaryimage","url":"https:\/\/mcusercontent.com\/ad961aed1f0d8082ca175e99f\/images\/4e2c70b8-3695-4d19-a37a-e555f2e8d963.jpg","contentUrl":"https:\/\/mcusercontent.com\/ad961aed1f0d8082ca175e99f\/images\/4e2c70b8-3695-4d19-a37a-e555f2e8d963.jpg"},{"@type":"BreadcrumbList","@id":"https:\/\/difpuertovallarta.gob.mx\/cms\/pre-registro-pautas-prevencion\/#breadcrumb","itemListElement":[{"@type":"ListItem","position":1,"name":"Inicio","item":"https:\/\/difpuertovallarta.gob.mx\/cms\/"},{"@type":"ListItem","position":2,"name":"Pautas para Prevenir, Detectar Y Detener La Violencia Sexual Infantil"}]},{"@type":"WebSite","@id":"https:\/\/difpuertovallarta.gob.mx\/cms\/#website","url":"https:\/\/difpuertovallarta.gob.mx\/cms\/","name":"DIF Puerto Vallarta","description":"Sistema para el Desarrollo Integral de la Familia para el Municipio de Puerto Vallarta, Jalisco.","publisher":{"@id":"https:\/\/difpuertovallarta.gob.mx\/cms\/#organization"},"potentialAction":[{"@type":"SearchAction","target":{"@type":"EntryPoint","urlTemplate":"https:\/\/difpuertovallarta.gob.mx\/cms\/?s={search_term_string}"},"query-input":{"@type":"PropertyValueSpecification","valueRequired":true,"valueName":"search_term_string"}}],"inLanguage":"es"},{"@type":"Organization","@id":"https:\/\/difpuertovallarta.gob.mx\/cms\/#organization","name":"Sistema DIF Puerto Vallarta","url":"https:\/\/difpuertovallarta.gob.mx\/cms\/","logo":{"@type":"ImageObject","inLanguage":"es","@id":"https:\/\/difpuertovallarta.gob.mx\/cms\/#\/schema\/logo\/image\/","url":"http:\/\/difpuertovallarta.gob.mx\/cms\/wp-content\/uploads\/2018\/12\/LOGO-DIF-2021-NAVIDAD.jpg","contentUrl":"http:\/\/difpuertovallarta.gob.mx\/cms\/wp-content\/uploads\/2018\/12\/LOGO-DIF-2021-NAVIDAD.jpg","width":834,"height":834,"caption":"Sistema DIF Puerto Vallarta"},"image":{"@id":"https:\/\/difpuertovallarta.gob.mx\/cms\/#\/schema\/logo\/image\/"},"sameAs":["https:\/\/www.facebook.com\/sistemadifvallarta","https:\/\/x.com\/difvallarta"]}]}},"_links":{"self":[{"href":"https:\/\/difpuertovallarta.gob.mx\/cms\/wp-json\/wp\/v2\/pages\/10690","targetHints":{"allow":["GET"]}}],"collection":[{"href":"https:\/\/difpuertovallarta.gob.mx\/cms\/wp-json\/wp\/v2\/pages"}],"about":[{"href":"https:\/\/difpuertovallarta.gob.mx\/cms\/wp-json\/wp\/v2\/types\/page"}],"author":[{"embeddable":true,"href":"https:\/\/difpuertovallarta.gob.mx\/cms\/wp-json\/wp\/v2\/users\/1"}],"replies":[{"embeddable":true,"href":"https:\/\/difpuertovallarta.gob.mx\/cms\/wp-json\/wp\/v2\/comments?post=10690"}],"version-history":[{"count":5,"href":"https:\/\/difpuertovallarta.gob.mx\/cms\/wp-json\/wp\/v2\/pages\/10690\/revisions"}],"predecessor-version":[{"id":11357,"href":"https:\/\/difpuertovallarta.gob.mx\/cms\/wp-json\/wp\/v2\/pages\/10690\/revisions\/11357"}],"wp:attachment":[{"href":"https:\/\/difpuertovallarta.gob.mx\/cms\/wp-json\/wp\/v2\/media?parent=10690"}],"curies":[{"name":"wp","href":"https:\/\/api.w.org\/{rel}","templated":true}]}}